{"id":17,"date":"2024-07-09T15:53:21","date_gmt":"2024-07-09T07:53:21","guid":{"rendered":"https:\/\/www.pkcell.com\/?page_id=17"},"modified":"2026-03-12T12:48:43","modified_gmt":"2026-03-12T04:48:43","slug":"kontaktieren-sie-uns","status":"publish","type":"page","link":"https:\/\/www.pkcell.com\/de\/contact-us\/","title":{"rendered":"Kontakt"},"content":{"rendered":"<div data-elementor-type=\"wp-page\" data-elementor-id=\"17\" class=\"elementor elementor-17\" data-elementor-post-type=\"page\">\n\t\t\t\t<div class=\"elementor-element elementor-element-1b18785 e-con-full e-flex e-con e-parent\" data-id=\"1b18785\" data-element_type=\"container\" data-e-type=\"container\">\n\t\t\t\t<div class=\"elementor-element elementor-element-8b7a322 elementor-widget elementor-widget-ucaddon_animated_image\" data-id=\"8b7a322\" data-element_type=\"widget\" data-e-type=\"widget\" data-widget_type=\"ucaddon_animated_image.default\">\n\t\t\t\t<div class=\"elementor-widget-container\">\n\t\t\t\t\t\n<!-- start Animated Image -->\n\n<div class=\"map_area wow fadeInUpSmall\">\n  <img decoding=\"async\" src=\"https:\/\/www.pkcell.com\/wp-content\/uploads\/img24.jpg\"\/>\n<\/div>\n<!-- end Animated Image -->\t\t\t\t<\/div>\n\t\t\t\t<\/div>\n\t\t\t\t<div class=\"elementor-element elementor-element-ed2eaf3 elementor-widget elementor-widget-ucaddon_contact_submit_form\" data-id=\"ed2eaf3\" data-element_type=\"widget\" data-e-type=\"widget\" data-widget_type=\"ucaddon_contact_submit_form.default\">\n\t\t\t\t<div class=\"elementor-widget-container\">\n\t\t\t\t\t\n<!-- start Contact Submit Form -->\n\n<div class=\"padb136 Get_in_Touch\">\n\t\t\t\t<div class=\"maincontainer\">\n\t\t\t\t\t<div class=\"box\">\n\t\t\t\t\t\t<div class=\"current_title center\">\n\t\t\t\t\t\t\t<h3 class=\"size42 wow fadeInUpSmall\">\n\t\t\t\t\t\t\t\tANGEBOT EINHOLEN\n\t\t\t\t\t\t\t<\/h3>\n\t\t\t\t\t\t\t<div class=\"size20 text wow fadeInUpSmall\">\n\t\t\t\t\t\t\t\tSie k\u00f6nnen uns telefonisch, per E-Mail oder \u00fcber das unten stehende Kontaktformular erreichen. Wir bem\u00fchen uns, alle Anfragen innerhalb von 24 Stunden zu beantworten.\t\t\t\t\t\t\t\n                          \t<\/div>\n\t\t\t\t\t\t<\/div>\n                    \n\n\t\t\t\t\t\t<div class=\"wrap\">\n\t\t\t\t\t\t\t<div class=\"infor\">\n\t\t\t\t\t\t\t\t<ul>\n\t\t\t\t\t\t\t\t\n\t\t\t\t\t\t\t\t\t<li class=\"wow fadeInUpSmall\">\n\t\t\t\t\t\t\t\t\t\t<div class=\"item\">\n\t\t\t\t\t\t\t\t\t\t\t<div class=\"icon\">\n\t\t\t\t    \t\t\t\t\t\t\t<img decoding=\"async\"  src=\"https:\/\/www.pkcell.com\/wp-content\/uploads\/icon19.png\">\n\t\t\t\t    \t\t\t\t\t\t<\/div>\n\t\t\t\t    \t\t\t\t\t\t<div class=\"size18 text\">\n\t\t\t\t    \t\t\t\t\t\t\t<div class=\"t1\">\n\t\t\t\t    \t\t\t\t\t\t\t\tE-Mail\n\t\t\t\t    \t\t\t\t\t\t\t<\/div>\n\t\t\t\t    \t\t\t\t\t\t\t<div class=\"t2\">\n\t\t\t\t\t\t\t\t\t\t\t\t\tinfo@pkcell.com\n\t\t\t\t    \t\t\t\t\t\t\t<\/div>\n\t\t\t\t    \t\t\t\t\t\t<\/div>\n\t\t\t\t\t\t\t\t\t\t<\/div>\n\t\t\t\t\t\t\t\t\t<\/li>\n\t\t\t\t\t\t\t\t\t<li class=\"wow fadeInUpSmall\">\n\t\t\t\t\t\t\t\t\t\t<div class=\"item\">\n\t\t\t\t\t\t\t\t\t\t\t<div class=\"icon\">\n\t\t\t\t    \t\t\t\t\t\t\t<img decoding=\"async\"  src=\"https:\/\/www.pkcell.com\/wp-content\/uploads\/icon20.png\">\n\t\t\t\t    \t\t\t\t\t\t<\/div>\n\t\t\t\t    \t\t\t\t\t\t<div class=\"size18 text\">\n\t\t\t\t    \t\t\t\t\t\t\t<div class=\"t1\">\n\t\t\t\t    \t\t\t\t\t\t\t\tAdresse des Unternehmens\n\t\t\t\t    \t\t\t\t\t\t\t<\/div>\n\t\t\t\t    \t\t\t\t\t\t\t<div class=\"t2\">\n\t\t\t\t\t\t\t\t\t\t\t\t\t9. Stock, Block B, Hongrongyuan North Station Center, Nr. 328, Mintang Road, Longhua District, Shenzhen, China, 518110\n\t\t\t\t    \t\t\t\t\t\t\t<\/div>\n\t\t\t\t    \t\t\t\t\t\t<\/div>\n\t\t\t\t\t\t\t\t\t\t<\/div>\n\t\t\t\t\t\t\t\t\t<\/li>\n\t\t\t\t\t\t\t\t<\/ul>\n\t\t\t\t\t\t\t<\/div>\n\t\t\t\t\t\t\t<div class=\"formBox\">\n                              \t\n<div class=\"wpcf7 no-js\" id=\"wpcf7-f345-o1\" lang=\"en-US\" dir=\"ltr\" data-wpcf7-id=\"345\">\n<div class=\"screen-reader-response\"><p role=\"status\" aria-live=\"polite\" aria-atomic=\"true\"><\/p> <ul><\/ul><\/div>\n<form action=\"\/de\/wp-json\/wp\/v2\/pages\/17#wpcf7-f345-o1\" method=\"post\" class=\"wpcf7-form init\" aria-label=\"Kontakt-Formular\" novalidate=\"novalidate\" data-status=\"init\" data-trp-original-action=\"\/de\/wp-json\/wp\/v2\/pages\/17#wpcf7-f345-o1\">\n<fieldset class=\"hidden-fields-container\"><input type=\"hidden\" name=\"_wpcf7\" value=\"345\" \/><input type=\"hidden\" name=\"_wpcf7_version\" value=\"6.1.5\" \/><input type=\"hidden\" name=\"_wpcf7_locale\" value=\"en_US\" \/><input type=\"hidden\" name=\"_wpcf7_unit_tag\" value=\"wpcf7-f345-o1\" \/><input type=\"hidden\" name=\"_wpcf7_container_post\" value=\"0\" \/><input type=\"hidden\" name=\"_wpcf7_posted_data_hash\" value=\"\" \/><input type=\"hidden\" name=\"_wpcf7_recaptcha_response\" value=\"\" \/>\n<\/fieldset>\n<div class=\"inputLi wow fadeInUpSmall\">\n\t<p><span class=\"wpcf7-form-control-wrap\" data-name=\"Name\"><input size=\"40\" maxlength=\"400\" class=\"wpcf7-form-control wpcf7-text wpcf7-validates-as-required size18\" aria-required=\"true\" aria-invalid=\"false\" placeholder=\"Name*\" value=\"\" type=\"text\" name=\"Name\" \/><\/span>\n\t<\/p>\n<\/div>\n<div class=\"inputLi wow fadeInUpSmall\">\n\t<p><span class=\"wpcf7-form-control-wrap\" data-name=\"Email\"><input size=\"40\" maxlength=\"400\" class=\"wpcf7-form-control wpcf7-email wpcf7-validates-as-required wpcf7-text wpcf7-validates-as-email size18\" aria-required=\"true\" aria-invalid=\"false\" placeholder=\"E-Mail*\" value=\"\" type=\"email\" name=\"Email\" \/><\/span>\n\t<\/p>\n<\/div>\n<div class=\"inputLi wow fadeInUpSmall\">\n\t<p><span class=\"wpcf7-form-control-wrap\" data-name=\"WhatsAppTelPhone\"><input size=\"40\" maxlength=\"400\" class=\"wpcf7-form-control wpcf7-tel wpcf7-text wpcf7-validates-as-tel size18\" aria-invalid=\"false\" placeholder=\"WhatsApp(Mit Landesvorwahl)\" value=\"\" type=\"tel\" name=\"WhatsAppTelPhone\" \/><\/span>\n\t<\/p>\n<\/div>\n<div class=\"inputLi wow fadeInUpSmall\">\n\t<p><span class=\"wpcf7-form-control-wrap\" data-name=\"Company\"><input size=\"40\" maxlength=\"400\" class=\"wpcf7-form-control wpcf7-text size18\" aria-invalid=\"false\" placeholder=\"Unternehmen\" value=\"\" type=\"text\" name=\"Company\" \/><\/span>\n\t<\/p>\n<\/div>\n<div class=\"textareaLi wow fadeInUpSmall\">\n\t<p><span class=\"wpcf7-form-control-wrap\" data-name=\"Message\"><textarea cols=\"40\" rows=\"10\" maxlength=\"2000\" class=\"wpcf7-form-control wpcf7-textarea wpcf7-validates-as-required size18\" aria-required=\"true\" aria-invalid=\"false\" placeholder=\"Nachricht*\" name=\"Message\"><\/textarea><\/span>\n\t<\/p>\n<\/div>\n<div class=\"inputBtn wow fadeInUpSmall\">\n\t<p><input class=\"wpcf7-form-control wpcf7-submit has-spinner size18\" type=\"submit\" value=\"ANGEBOT EINHOLEN\" \/>\n\t<\/p>\n<\/div><div class=\"wpcf7-response-output\" aria-hidden=\"true\"><\/div>\n<input type=\"hidden\" name=\"trp-form-language\" value=\"de\"\/><\/form>\n<\/div>\n\n\t\t\t\t\t\t\t<\/div>\n\t\t\t\t\t\t<\/div>\n\t\t\t\t\t<\/div>\n\t\t\t\t<\/div>\n\t\t\t<\/div>\n<!-- end Contact Submit Form -->\t\t\t\t<\/div>\n\t\t\t\t<\/div>\n\t\t\t\t<div class=\"elementor-element elementor-element-9da51e3 elementor-widget elementor-widget-ucaddon_download_list\" data-id=\"9da51e3\" data-element_type=\"widget\" data-e-type=\"widget\" data-widget_type=\"ucaddon_download_list.default\">\n\t\t\t\t<div class=\"elementor-widget-container\">\n\t\t\t\t\t\n<!-- start Download List -->\n\n<div class=\"padt110 downloadlist\">\n  <div class=\"maincontainer\">\n    <div class=\"current_title center\">\n      <h3 class=\"size42 wow fadeInUpSmall\">\n        Herunterladen\n      <\/h3>\n    <\/div>\n    <div class=\"box\">\n      <ul>\n        <li class=\"wow fadeInUpSmall\">\n  <div class=\"textbox\">\n    <div class=\"upper\">\n      <div class=\"icon\">\n        <img decoding=\"async\" src=\"https:\/\/www.pkcell.com\/wp-content\/uploads\/icon23.png\"\/>\n      <\/div>\n      <div class=\"size24 text\">\n        Firmenprofil\n      <\/div>\n    <\/div>\n    <div class=\"current-btn white\">\n      <a href=\"https:\/\/www.pkcell.com\/wp-content\/uploads\/PKCELL_company_profile.pdf\" class=\"size16\">\n        <i><\/i>Herunterladen\n      <\/a>\n    <\/div>\n  <\/div>\n  <div class=\"imgbox\">\n    <img decoding=\"async\" src=\"https:\/\/www.pkcell.com\/wp-content\/uploads\/icon21.png\"\/>\n  <\/div>\n<\/li>\n<li class=\"wow fadeInUpSmall\">\n  <div class=\"textbox\">\n    <div class=\"upper\">\n      <div class=\"icon\">\n        <img decoding=\"async\" src=\"https:\/\/www.pkcell.com\/wp-content\/uploads\/icon24.png\"\/>\n      <\/div>\n      <div class=\"size24 text\">\n        Produkthandbuch\n      <\/div>\n    <\/div>\n    <div class=\"current-btn white\">\n      <a href=\"https:\/\/www.pkcell.com\/wp-content\/uploads\/PKCELL-Product-Catalog.pdf\" class=\"size16\">\n        <i><\/i>Herunterladen\n      <\/a>\n    <\/div>\n  <\/div>\n  <div class=\"imgbox\">\n    <img decoding=\"async\" src=\"https:\/\/www.pkcell.com\/wp-content\/uploads\/icon22.png\"\/>\n  <\/div>\n<\/li>\n \n      <\/ul>\n    <\/div>\n  <\/div>\n<\/div>\n<!-- end Download List -->\t\t\t\t<\/div>\n\t\t\t\t<\/div>\n\t\t\t\t<\/div>\n\t\t\t\t<\/div>","protected":false},"excerpt":{"rendered":"<p>GET A QUOTE You can reach us by phone, email, or by filling out the contact form below. We aim to respond to all inquiries within 24 hours. Phone +861313400720 E-mail info@pkcell.com Company address 9th Floor , Block B, Hongrongyuan North Station Center, No. 328, Mintang Road, Longhua District, Shenzhen,China,518110 Download Company Profile Download Product [&hellip;]<\/p>\n","protected":false},"author":7,"featured_media":0,"parent":0,"menu_order":0,"comment_status":"closed","ping_status":"closed","template":"","meta":{"_acf_changed":false,"footnotes":""},"class_list":["post-17","page","type-page","status-publish","hentry"],"acf":[],"_links":{"self":[{"href":"https:\/\/www.pkcell.com\/de\/wp-json\/wp\/v2\/pages\/17","targetHints":{"allow":["GET"]}}],"collection":[{"href":"https:\/\/www.pkcell.com\/de\/wp-json\/wp\/v2\/pages"}],"about":[{"href":"https:\/\/www.pkcell.com\/de\/wp-json\/wp\/v2\/types\/page"}],"author":[{"embeddable":true,"href":"https:\/\/www.pkcell.com\/de\/wp-json\/wp\/v2\/users\/7"}],"replies":[{"embeddable":true,"href":"https:\/\/www.pkcell.com\/de\/wp-json\/wp\/v2\/comments?post=17"}],"version-history":[{"count":24,"href":"https:\/\/www.pkcell.com\/de\/wp-json\/wp\/v2\/pages\/17\/revisions"}],"predecessor-version":[{"id":61178,"href":"https:\/\/www.pkcell.com\/de\/wp-json\/wp\/v2\/pages\/17\/revisions\/61178"}],"wp:attachment":[{"href":"https:\/\/www.pkcell.com\/de\/wp-json\/wp\/v2\/media?parent=17"}],"curies":[{"name":"wp","href":"https:\/\/api.w.org\/{rel}","templated":true}]}}