{"id":29,"date":"2024-07-09T15:55:32","date_gmt":"2024-07-09T07:55:32","guid":{"rendered":"https:\/\/www.pkcell.com\/?page_id=29"},"modified":"2025-11-24T18:40:40","modified_gmt":"2025-11-24T10:40:40","slug":"qualitatskontrolle","status":"publish","type":"page","link":"https:\/\/www.pkcell.com\/de\/quality-control\/","title":{"rendered":"Qualit\u00e4tskontrolle"},"content":{"rendered":"<div data-elementor-type=\"wp-page\" data-elementor-id=\"29\" class=\"elementor elementor-29\" data-elementor-post-type=\"page\">\n\t\t\t\t<div class=\"elementor-element elementor-element-7e9ce26 e-con-full maincontent e-flex e-con e-parent\" data-id=\"7e9ce26\" data-element_type=\"container\" data-e-type=\"container\">\n\t\t\t\t<div class=\"elementor-element elementor-element-4b7c31a elementor-widget elementor-widget-ucaddon_breadcrumb\" data-id=\"4b7c31a\" data-element_type=\"widget\" data-e-type=\"widget\" data-widget_type=\"ucaddon_breadcrumb.default\">\n\t\t\t\t<div class=\"elementor-widget-container\">\n\t\t\t\t\t\n<!-- start Breadcrumb -->\n\n<div class=\"breadcrumb\">\n  <div class=\"maincontainer\">\n    <div class=\"box\">\n      <a href=\"\/de\/\">Startseite<\/a>\n      <span> - <\/span>\n\n\n<a href=\"#\" class=\"\">Entdecken Sie<\/a>\n\n\n<span> - <\/span>\n\n\n<a href=\"https:\/\/www.pkcell.com\/de\/quality-control\/\" class=\"on\">Qualit\u00e4tskontrolle<\/a>\n\n\n\n    <\/div>\n  <\/div>\n<\/div>\n<!-- end Breadcrumb -->\t\t\t\t<\/div>\n\t\t\t\t<\/div>\n\t\t\t\t<div class=\"elementor-element elementor-element-9551514 elementor-widget elementor-widget-ucaddon_page_introduce_title\" data-id=\"9551514\" data-element_type=\"widget\" data-e-type=\"widget\" data-widget_type=\"ucaddon_page_introduce_title.default\">\n\t\t\t\t<div class=\"elementor-widget-container\">\n\t\t\t\t\t\n<!-- start Page Introduce Title -->\n\n<div class=\"padt40 padb40 introduce w8\">\n  <div class=\"maincontainer\" style=\"background-image\">\n    <div class=\"current_title\">\n      <h1 class=\"size42 wow fadeInUpSmall\">\n                \tQualit\u00e4tskontrolle\n              <\/h1>\n      <div class=\"size18 text wow fadeInUpSmall\">\n        Bei PKCELL wird jede Batterie in jeder Phase der Produktion strengen Tests unterzogen, um h\u00f6chste Leistung und Sicherheit zu gew\u00e4hrleisten.\n      <\/div>\n    <\/div>\n  <\/div>\n<\/div>\n<!-- end Page Introduce Title -->\t\t\t\t<\/div>\n\t\t\t\t<\/div>\n\t\t\t\t<div class=\"elementor-element elementor-element-85b46d9 elementor-widget elementor-widget-ucaddon_text_left_banner\" data-id=\"85b46d9\" data-element_type=\"widget\" data-e-type=\"widget\" data-widget_type=\"ucaddon_text_left_banner.default\">\n\t\t\t\t<div class=\"elementor-widget-container\">\n\t\t\t\t\t\n<!-- start Text Left Banner -->\n\n<div class=\"obanner other\">\n  <img decoding=\"async\" class=\"pImg\" src=\"https:\/\/www.pkcell.com\/wp-content\/uploads\/obanner4-768x280.jpg\">\n  <img decoding=\"async\" class=\"mImg\" src=\"https:\/\/www.pkcell.com\/wp-content\/uploads\/obanner4-m-768x653.jpg\">\n  <div class=\"maincontainer obanner-title\">\n    <div class=\"box wow fadeInUpSmall\">\n            <div class=\"size18 txt\">\n        Bei der Herstellung von Batterien ist die Qualit\u00e4tskontrolle ein wichtiger Faktor, um die Sicherheit und Leistungsf\u00e4higkeit der Produkte zu gew\u00e4hrleisten. PKCELL wendet eine Reihe sorgf\u00e4ltiger Pr\u00fcfverfahren an, von der Lagerung der Rohstoffe bis zum Versand der fertigen Produkte, und jeder Schritt wird streng \u00fcberwacht. Durch fortschrittliche Produktionstechnologie und Automatisierungsanlagen in Verbindung mit einem umfassenden R\u00fcckverfolgbarkeitssystem k\u00f6nnen wir Qualit\u00e4tsprobleme schnell lokalisieren und l\u00f6sen. Wir sind bestrebt, den hohen Anspr\u00fcchen unserer weltweiten Kunden gerecht zu werden und durch kontinuierliches Qualit\u00e4tsmanagement und Innovation sichere und zuverl\u00e4ssige Batterieprodukte zu liefern.\n      <\/div>\n            <div class=\"current-btn white\">\n        <a href=\"\/de\/kontaktieren-sie-uns\/\">\n          <i><\/i>Kontakt\n        <\/a>\n      <\/div>\n          <\/div>\n  <\/div>\n<\/div>\n<!-- end Text Left Banner -->\t\t\t\t<\/div>\n\t\t\t\t<\/div>\n\t\t\t\t<div class=\"elementor-element elementor-element-66e95e5 elementor-widget elementor-widget-ucaddon_quality_control_process\" data-id=\"66e95e5\" data-element_type=\"widget\" data-e-type=\"widget\" data-widget_type=\"ucaddon_quality_control_process.default\">\n\t\t\t\t<div class=\"elementor-widget-container\">\n\t\t\t\t\t\n<!-- start Quality Control Process -->\n<style>\/* widget: Quality Control Process *\/\n\n.control-process .box .mySwiper2 .swiper-slide {\n\theight: auto;\n}\n\n<\/style>\n\n<div class=\"padt90 padb40 control-process\">\n  <div class=\"maincontainer\">\n    <div class=\"current_title center\">\n      <h3 class=\"size42 wow fadeInUpSmall\">\n        Qualit\u00e4tskontrollverfahren f\u00fcr Batterien\n      <\/h3>\n      <div class=\"size18 text wow fadeInUpSmall\">\n        Wir sind bestrebt, die Produktleistung und die Sicherheitsstandards durch pr\u00e4zise Qualit\u00e4tskontrollprozesse kontinuierlich zu optimieren, um die hohen Anforderungen unserer weltweiten Kunden zu erf\u00fcllen.\n      <\/div>\n    <\/div>\n    <div class=\"box\">\n      <div class=\"w1\">\n        <div class=\"swiper mySwiper2 wow fadeInUpSmall\">\n          <div class=\"swiper-wrapper\">\n            <div class=\"swiper-slide\">\n  <div class=\"imgbox\">\n    <img decoding=\"async\" src=\"https:\/\/www.pkcell.com\/wp-content\/uploads\/raw-material-of-AA-carbon-battery.webp\"\/>\n  <\/div>\n  <div class=\"textbox\">\n    <div class=\"subtit\" data-swiper-parallax=\"-1000\">\n      <h3 class=\"size24\">\n        Rohmaterial<br \/>Inspektion\n      <\/h3>\n      <div class=\"icon\">\n        <img decoding=\"async\" src=\"https:\/\/www.pkcell.com\/wp-content\/uploads\/icon53a.png\"\/>\n      <\/div>\n    <\/div> \n    <ul>\n      <li data-swiper-parallax=\"-1500\">\n        <div class=\"size20 t1\">\n          Zweck\n        <\/div>\n        <div class=\"size18 t2\">\n          Sicherstellen, dass alle Rohmaterialien den erforderlichen Spezifikationen entsprechen, bevor sie in den Produktionsprozess gelangen.\n\n        <\/div>\n      <\/li>\n      <li data-swiper-parallax=\"-2000\">\n        <div class=\"size20 t1\">\n          Schritt\n        <\/div>\n        <div class=\"size18 t2\">\n          1. eine Stichprobenpr\u00fcfung der positiven und negativen Batterie durchf\u00fchren <br \/>\n          Elektrodenmaterialien, Separatoren, Elektrolyte und andere Rohstoffe.<br \/>\n          2. die physikalischen und chemischen Eigenschaften, einschlie\u00dflich Reinheit und Stabilit\u00e4t, \u00fcberpr\u00fcfen.<br \/>\n          (3) Nicht konforme Materialien m\u00fcssen an den Lieferanten zur\u00fcckgeschickt werden.\n        <\/div>\n      <\/li>\n    <\/ul>\n  <\/div>\n<\/div>\n<div class=\"swiper-slide\">\n  <div class=\"imgbox\">\n    <img decoding=\"async\" src=\"https:\/\/www.pkcell.com\/wp-content\/uploads\/procedure-of-li-on-battery.webp\"\/>\n  <\/div>\n  <div class=\"textbox\">\n    <div class=\"subtit\" data-swiper-parallax=\"-1000\">\n      <h3 class=\"size24\">\n        Qualit\u00e4tskontrolle w\u00e4hrend des Prozesses\n      <\/h3>\n      <div class=\"icon\">\n        <img decoding=\"async\" src=\"https:\/\/www.pkcell.com\/wp-content\/uploads\/icon54a.png\"\/>\n      <\/div>\n    <\/div> \n    <ul>\n      <li data-swiper-parallax=\"-1500\">\n        <div class=\"size20 t1\">\n          Zweck\n        <\/div>\n        <div class=\"size18 t2\">\n          \u00dcberwachung und Kontrolle des Produktionsprozesses, um Fehler zu vermeiden und die Produktkonsistenz zu gew\u00e4hrleisten.\n\n        <\/div>\n      <\/li>\n      <li data-swiper-parallax=\"-2000\">\n        <div class=\"size20 t1\">\n          Schritt\n        <\/div>\n        <div class=\"size18 t2\">\n          1. Einf\u00fchrung von Echtzeit-\u00dcberwachung und Qualit\u00e4tskontrollen in jeder Produktionsphase (Mischen, Beschichten, Wickeln, Montieren usw.).<br>\n2. Kontrolle der Prozessparameter, der Ausr\u00fcstungsbedingungen sowie der Leistung und des Aussehens der Halbfertigprodukte.<br>\n3. Erkennen und korrigieren Sie alle Abweichungen von den Normen unverz\u00fcglich.\n        <\/div>\n      <\/li>\n    <\/ul>\n  <\/div>\n<\/div>\n<div class=\"swiper-slide\">\n  <div class=\"imgbox\">\n    <img decoding=\"async\" src=\"https:\/\/www.pkcell.com\/wp-content\/uploads\/finish-production-of-battery-in-manyfacture2.webp\"\/>\n  <\/div>\n  <div class=\"textbox\">\n    <div class=\"subtit\" data-swiper-parallax=\"-1000\">\n      <h3 class=\"size24\">\n        Beendete Batterietests\n      <\/h3>\n      <div class=\"icon\">\n        <img decoding=\"async\" src=\"https:\/\/www.pkcell.com\/wp-content\/uploads\/icon55a.png\"\/>\n      <\/div>\n    <\/div> \n    <ul>\n      <li data-swiper-parallax=\"-1500\">\n        <div class=\"size20 t1\">\n          Zweck\n        <\/div>\n        <div class=\"size18 t2\">\n          \u00dcberpr\u00fcfung, ob die fertigen Batterien den Konstruktionsanforderungen und Sicherheitsstandards entsprechen.\n        <\/div>\n      <\/li>\n      <li data-swiper-parallax=\"-2000\">\n        <div class=\"size20 t1\">\n          Schritt\n        <\/div>\n        <div class=\"size18 t2\">\n          F\u00fchren Sie umfassende Leistungstests an fertigen Batterien durch, einschlie\u00dflich Kapazit\u00e4t, Spannung, Innenwiderstand, Selbstentladungsrate, Zyklenlebensdauer, Schutz vor \u00dcberladung\/\u00dcberentladung, Kurzschlussschutz, Leistung bei hohen und niedrigen Temperaturen, Vibrations-, Sto\u00df- und Falltests.\n        <\/div>\n      <\/li>\n    <\/ul>\n  <\/div>\n<\/div>\n<div class=\"swiper-slide\">\n  <div class=\"imgbox\">\n    <img decoding=\"async\" src=\"https:\/\/www.pkcell.com\/wp-content\/uploads\/rechageacble-checking.webp\"\/>\n  <\/div>\n  <div class=\"textbox\">\n    <div class=\"subtit\" data-swiper-parallax=\"-1000\">\n      <h3 class=\"size24\">\n        Alterungspr\u00fcfung\n      <\/h3>\n      <div class=\"icon\">\n        <img decoding=\"async\" src=\"https:\/\/www.pkcell.com\/wp-content\/uploads\/icon56a.png\"\/>\n      <\/div>\n    <\/div> \n    <ul>\n      <li data-swiper-parallax=\"-1500\">\n        <div class=\"size20 t1\">\n          Zweck\n        <\/div>\n        <div class=\"size18 t2\">\n          Bewertung der langfristigen Stabilit\u00e4t und Zuverl\u00e4ssigkeit durch Simulation realer Alterungsbedingungen.\n        <\/div>\n      <\/li>\n      <li data-swiper-parallax=\"-2000\">\n        <div class=\"size20 t1\">\n          Schritt\n        <\/div>\n        <div class=\"size18 t2\">\n          1. Eine Stichprobe fertiger Batterien wird l\u00e4ngeren Alterungstests unter beschleunigten Bedingungen (hohe Temperatur, hohe Luftfeuchtigkeit usw.) unterzogen. <br>\n2. Bewertung der Batterieleistung und ihrer Verschlechterung im Laufe der Zeit.\n        <\/div>\n      <\/li>\n    <\/ul>\n  <\/div>\n<\/div>\n<div class=\"swiper-slide\">\n  <div class=\"imgbox\">\n    <img decoding=\"async\" src=\"https:\/\/www.pkcell.com\/wp-content\/uploads\/battery-packing-instore.webp\"\/>\n  <\/div>\n  <div class=\"textbox\">\n    <div class=\"subtit\" data-swiper-parallax=\"-1000\">\n      <h3 class=\"size24\">\n        Endkontrolle <br>und Versand\n      <\/h3>\n      <div class=\"icon\">\n        <img decoding=\"async\" src=\"https:\/\/www.pkcell.com\/wp-content\/uploads\/icon57a.png\"\/>\n      <\/div>\n    <\/div> \n    <ul>\n      <li data-swiper-parallax=\"-1500\">\n        <div class=\"size20 t1\">\n          Zweck\n        <\/div>\n        <div class=\"size18 t2\">\n          Sicherstellen, dass nur Produkte, die allen Qualit\u00e4ts- und Sicherheitsstandards entsprechen, an die Kunden versandt werden, und dass sie korrekt verpackt und versandt werden, um Transportsch\u00e4den zu vermeiden.\n        <\/div>\n      <\/li>\n      <li data-swiper-parallax=\"-2000\">\n        <div class=\"size20 t1\">\n          Schritt\n        <\/div>\n        <div class=\"size18 t2\">\n          1. F\u00fchren Sie eine abschlie\u00dfende Sichtpr\u00fcfung der fertigen Akkupacks durch, um sie auf kosmetische M\u00e4ngel oder Sch\u00e4den zu \u00fcberpr\u00fcfen.<br>\n2. Durchf\u00fchrung von Stichproben und Funktionstests zur \u00dcberpr\u00fcfung der Leistung und Sicherheit.<br>\n3. Vergleich von Produktspezifikationen mit Qualit\u00e4tsstandards und Kundenanforderungen.<br>\n4. Alle Akkus, die die Kriterien nicht erf\u00fcllen, werden zur\u00fcckgewiesen.\n        <\/div>\n      <\/li>\n    <\/ul>\n  <\/div>\n<\/div>\n \n          <\/div>\n        <\/div>\n      <\/div>\n      <div class=\"w2\">\n        <div class=\"swiper mySwiper1 wow fadeInUpSmall\">\n          <div class=\"swiper-wrapper\">\n            <div class=\"swiper-slide\">\n  <div class=\"item\">\n    <div class=\"icon\">\n      <img decoding=\"async\" class=\"ic1\" src=\"https:\/\/www.pkcell.com\/wp-content\/uploads\/icon53.png\">\n      <img decoding=\"async\" class=\"ic2\" src=\"https:\/\/www.pkcell.com\/wp-content\/uploads\/icon53a.png\">\n    <\/div>\n    <div class=\"size18 txt\">\n      Kontrolle des Rohmaterials\n    <\/div>\n  <\/div>\n<\/div>\n<div class=\"swiper-slide\">\n  <div class=\"item\">\n    <div class=\"icon\">\n      <img decoding=\"async\" class=\"ic1\" src=\"https:\/\/www.pkcell.com\/wp-content\/uploads\/icon54.png\">\n      <img decoding=\"async\" class=\"ic2\" src=\"https:\/\/www.pkcell.com\/wp-content\/uploads\/icon54a.png\">\n    <\/div>\n    <div class=\"size18 txt\">\n      \u00dcberwachung des Produktionsprozesses\n    <\/div>\n  <\/div>\n<\/div>\n<div class=\"swiper-slide\">\n  <div class=\"item\">\n    <div class=\"icon\">\n      <img decoding=\"async\" class=\"ic1\" src=\"https:\/\/www.pkcell.com\/wp-content\/uploads\/icon55.png\">\n      <img decoding=\"async\" class=\"ic2\" src=\"https:\/\/www.pkcell.com\/wp-content\/uploads\/icon55a.png\">\n    <\/div>\n    <div class=\"size18 txt\">\n      Beendete Batterietests\n    <\/div>\n  <\/div>\n<\/div>\n<div class=\"swiper-slide\">\n  <div class=\"item\">\n    <div class=\"icon\">\n      <img decoding=\"async\" class=\"ic1\" src=\"https:\/\/www.pkcell.com\/wp-content\/uploads\/icon56.png\">\n      <img decoding=\"async\" class=\"ic2\" src=\"https:\/\/www.pkcell.com\/wp-content\/uploads\/icon56a.png\">\n    <\/div>\n    <div class=\"size18 txt\">\n      Alterungspr\u00fcfung\n    <\/div>\n  <\/div>\n<\/div>\n<div class=\"swiper-slide\">\n  <div class=\"item\">\n    <div class=\"icon\">\n      <img decoding=\"async\" class=\"ic1\" src=\"https:\/\/www.pkcell.com\/wp-content\/uploads\/icon57.png\">\n      <img decoding=\"async\" class=\"ic2\" src=\"https:\/\/www.pkcell.com\/wp-content\/uploads\/icon57a.png\">\n    <\/div>\n    <div class=\"size18 txt\">\n      Endkontrolle und Versand\n    <\/div>\n  <\/div>\n<\/div>\n\n          <\/div>\n        <\/div>\n      <\/div>\n    <\/div>\n  <\/div>\n<\/div>\n<!-- end Quality Control Process -->\t\t\t\t<\/div>\n\t\t\t\t<\/div>\n\t\t\t\t<div class=\"elementor-element elementor-element-68ebe2f elementor-widget elementor-widget-ucaddon_contact_submit_form\" data-id=\"68ebe2f\" data-element_type=\"widget\" data-e-type=\"widget\" data-widget_type=\"ucaddon_contact_submit_form.default\">\n\t\t\t\t<div class=\"elementor-widget-container\">\n\t\t\t\t\t\n<!-- start Contact Submit Form -->\n\n<div class=\"padb136 Get_in_Touch\">\n\t\t\t\t<div class=\"maincontainer\">\n\t\t\t\t\t<div class=\"box\">\n\t\t\t\t\t\t<div class=\"current_title center\">\n\t\t\t\t\t\t\t<h3 class=\"size42 wow fadeInUpSmall\">\n\t\t\t\t\t\t\t\tKontakt aufnehmen\n\t\t\t\t\t\t\t<\/h3>\n\t\t\t\t\t\t\t<div class=\"size20 text wow fadeInUpSmall\">\n\t\t\t\t\t\t\t\tSie k\u00f6nnen uns telefonisch, per E-Mail oder \u00fcber das unten stehende Kontaktformular erreichen. Wir bem\u00fchen uns, alle Anfragen innerhalb von 24 Stunden zu beantworten.\t\t\t\t\t\t\t\n                          \t<\/div>\n\t\t\t\t\t\t<\/div>\n                    \n\n\t\t\t\t\t\t<div class=\"wrap\">\n\t\t\t\t\t\t\t<div class=\"infor\">\n\t\t\t\t\t\t\t\t<ul>\n\t\t\t\t\t\t\t\t\n\t\t\t\t\t\t\t\t\t<li class=\"wow fadeInUpSmall\">\n\t\t\t\t\t\t\t\t\t\t<div class=\"item\">\n\t\t\t\t\t\t\t\t\t\t\t<div class=\"icon\">\n\t\t\t\t    \t\t\t\t\t\t\t<img decoding=\"async\"  src=\"https:\/\/www.pkcell.com\/wp-content\/uploads\/icon19.png\">\n\t\t\t\t    \t\t\t\t\t\t<\/div>\n\t\t\t\t    \t\t\t\t\t\t<div class=\"size18 text\">\n\t\t\t\t    \t\t\t\t\t\t\t<div class=\"t1\">\n\t\t\t\t    \t\t\t\t\t\t\t\tE-Mail\n\t\t\t\t    \t\t\t\t\t\t\t<\/div>\n\t\t\t\t    \t\t\t\t\t\t\t<div class=\"t2\">\n\t\t\t\t\t\t\t\t\t\t\t\t\tinfo@pkcell.com\n\t\t\t\t    \t\t\t\t\t\t\t<\/div>\n\t\t\t\t    \t\t\t\t\t\t<\/div>\n\t\t\t\t\t\t\t\t\t\t<\/div>\n\t\t\t\t\t\t\t\t\t<\/li>\n\t\t\t\t\t\t\t\t\t<li class=\"wow fadeInUpSmall\">\n\t\t\t\t\t\t\t\t\t\t<div class=\"item\">\n\t\t\t\t\t\t\t\t\t\t\t<div class=\"icon\">\n\t\t\t\t    \t\t\t\t\t\t\t<img decoding=\"async\"  src=\"https:\/\/www.pkcell.com\/wp-content\/uploads\/icon20.png\">\n\t\t\t\t    \t\t\t\t\t\t<\/div>\n\t\t\t\t    \t\t\t\t\t\t<div class=\"size18 text\">\n\t\t\t\t    \t\t\t\t\t\t\t<div class=\"t1\">\n\t\t\t\t    \t\t\t\t\t\t\t\tAdresse des Unternehmens\n\t\t\t\t    \t\t\t\t\t\t\t<\/div>\n\t\t\t\t    \t\t\t\t\t\t\t<div class=\"t2\">\n\t\t\t\t\t\t\t\t\t\t\t\t\t9. Stock, Block B, Hongrongyuan North Station Center, Nr. 328, Mintang Road, Longhua District, Shenzhen, China, 518110\n\t\t\t\t    \t\t\t\t\t\t\t<\/div>\n\t\t\t\t    \t\t\t\t\t\t<\/div>\n\t\t\t\t\t\t\t\t\t\t<\/div>\n\t\t\t\t\t\t\t\t\t<\/li>\n\t\t\t\t\t\t\t\t<\/ul>\n\t\t\t\t\t\t\t<\/div>\n\t\t\t\t\t\t\t<div class=\"formBox\">\n                              \t\n<div class=\"wpcf7 no-js\" id=\"wpcf7-f345-o1\" lang=\"en-US\" dir=\"ltr\" data-wpcf7-id=\"345\">\n<div class=\"screen-reader-response\"><p role=\"status\" aria-live=\"polite\" aria-atomic=\"true\"><\/p> <ul><\/ul><\/div>\n<form action=\"\/de\/wp-json\/wp\/v2\/pages\/29#wpcf7-f345-o1\" method=\"post\" class=\"wpcf7-form init\" aria-label=\"Kontakt-Formular\" novalidate=\"novalidate\" data-status=\"init\" data-trp-original-action=\"\/de\/wp-json\/wp\/v2\/pages\/29#wpcf7-f345-o1\">\n<fieldset class=\"hidden-fields-container\"><input type=\"hidden\" name=\"_wpcf7\" value=\"345\" \/><input type=\"hidden\" name=\"_wpcf7_version\" value=\"6.1.5\" \/><input type=\"hidden\" name=\"_wpcf7_locale\" value=\"en_US\" \/><input type=\"hidden\" name=\"_wpcf7_unit_tag\" value=\"wpcf7-f345-o1\" \/><input type=\"hidden\" name=\"_wpcf7_container_post\" value=\"0\" \/><input type=\"hidden\" name=\"_wpcf7_posted_data_hash\" value=\"\" \/><input type=\"hidden\" name=\"_wpcf7_recaptcha_response\" value=\"\" \/>\n<\/fieldset>\n<div class=\"inputLi wow fadeInUpSmall\">\n\t<p><span class=\"wpcf7-form-control-wrap\" data-name=\"Name\"><input size=\"40\" maxlength=\"400\" class=\"wpcf7-form-control wpcf7-text wpcf7-validates-as-required size18\" aria-required=\"true\" aria-invalid=\"false\" placeholder=\"Name*\" value=\"\" type=\"text\" name=\"Name\" \/><\/span>\n\t<\/p>\n<\/div>\n<div class=\"inputLi wow fadeInUpSmall\">\n\t<p><span class=\"wpcf7-form-control-wrap\" data-name=\"Email\"><input size=\"40\" maxlength=\"400\" class=\"wpcf7-form-control wpcf7-email wpcf7-validates-as-required wpcf7-text wpcf7-validates-as-email size18\" aria-required=\"true\" aria-invalid=\"false\" placeholder=\"E-Mail*\" value=\"\" type=\"email\" name=\"Email\" \/><\/span>\n\t<\/p>\n<\/div>\n<div class=\"inputLi wow fadeInUpSmall\">\n\t<p><span class=\"wpcf7-form-control-wrap\" data-name=\"WhatsAppTelPhone\"><input size=\"40\" maxlength=\"400\" class=\"wpcf7-form-control wpcf7-tel wpcf7-text wpcf7-validates-as-tel size18\" aria-invalid=\"false\" placeholder=\"WhatsApp(Mit Landesvorwahl)\" value=\"\" type=\"tel\" name=\"WhatsAppTelPhone\" \/><\/span>\n\t<\/p>\n<\/div>\n<div class=\"inputLi wow fadeInUpSmall\">\n\t<p><span class=\"wpcf7-form-control-wrap\" data-name=\"Company\"><input size=\"40\" maxlength=\"400\" class=\"wpcf7-form-control wpcf7-text size18\" aria-invalid=\"false\" placeholder=\"Unternehmen\" value=\"\" type=\"text\" name=\"Company\" \/><\/span>\n\t<\/p>\n<\/div>\n<div class=\"textareaLi wow fadeInUpSmall\">\n\t<p><span class=\"wpcf7-form-control-wrap\" data-name=\"Message\"><textarea cols=\"40\" rows=\"10\" maxlength=\"2000\" class=\"wpcf7-form-control wpcf7-textarea wpcf7-validates-as-required size18\" aria-required=\"true\" aria-invalid=\"false\" placeholder=\"Nachricht*\" name=\"Message\"><\/textarea><\/span>\n\t<\/p>\n<\/div>\n<div class=\"inputBtn wow fadeInUpSmall\">\n\t<p><input class=\"wpcf7-form-control wpcf7-submit has-spinner size18\" type=\"submit\" value=\"ANGEBOT EINHOLEN\" \/>\n\t<\/p>\n<\/div><div class=\"wpcf7-response-output\" aria-hidden=\"true\"><\/div>\n<input type=\"hidden\" name=\"trp-form-language\" value=\"de\"\/><\/form>\n<\/div>\n\n\t\t\t\t\t\t\t<\/div>\n\t\t\t\t\t\t<\/div>\n\t\t\t\t\t<\/div>\n\t\t\t\t<\/div>\n\t\t\t<\/div>\n<!-- end Contact Submit Form -->\t\t\t\t<\/div>\n\t\t\t\t<\/div>\n\t\t\t\t<\/div>\n\t\t\t\t<\/div>","protected":false},"excerpt":{"rendered":"<p>Home &#8211; Discover &#8211; Quality Control At PKCELL, every battery undergoes rigorous testing at each stage of production, ensuring superior performance and safety. In the field of battery manufacturing, quality control is a key link in ensuring product safety and performance. PKCELL adopt a series of meticulous inspection processes, from raw material warehousing to finished [&hellip;]<\/p>\n","protected":false},"author":7,"featured_media":0,"parent":0,"menu_order":0,"comment_status":"closed","ping_status":"closed","template":"","meta":{"_acf_changed":false,"footnotes":""},"class_list":["post-29","page","type-page","status-publish","hentry"],"acf":[],"_links":{"self":[{"href":"https:\/\/www.pkcell.com\/de\/wp-json\/wp\/v2\/pages\/29","targetHints":{"allow":["GET"]}}],"collection":[{"href":"https:\/\/www.pkcell.com\/de\/wp-json\/wp\/v2\/pages"}],"about":[{"href":"https:\/\/www.pkcell.com\/de\/wp-json\/wp\/v2\/types\/page"}],"author":[{"embeddable":true,"href":"https:\/\/www.pkcell.com\/de\/wp-json\/wp\/v2\/users\/7"}],"replies":[{"embeddable":true,"href":"https:\/\/www.pkcell.com\/de\/wp-json\/wp\/v2\/comments?post=29"}],"version-history":[{"count":0,"href":"https:\/\/www.pkcell.com\/de\/wp-json\/wp\/v2\/pages\/29\/revisions"}],"wp:attachment":[{"href":"https:\/\/www.pkcell.com\/de\/wp-json\/wp\/v2\/media?parent=29"}],"curies":[{"name":"wp","href":"https:\/\/api.w.org\/{rel}","templated":true}]}}