{"id":520,"date":"2024-07-19T10:57:08","date_gmt":"2024-07-19T02:57:08","guid":{"rendered":"https:\/\/www.pkcell.com\/?page_id=520"},"modified":"2024-08-27T14:39:02","modified_gmt":"2024-08-27T06:39:02","slug":"lebenselektronik","status":"publish","type":"page","link":"https:\/\/www.pkcell.com\/de\/solutions\/life-electronics\/","title":{"rendered":"Leben Elektronik"},"content":{"rendered":"<div data-elementor-type=\"wp-page\" data-elementor-id=\"520\" class=\"elementor elementor-520\" data-elementor-post-type=\"page\">\n\t\t\t\t<div class=\"elementor-element elementor-element-4708afa maincontent e-con-full e-flex e-con e-parent\" data-id=\"4708afa\" data-element_type=\"container\" data-e-type=\"container\">\n\t\t\t\t<div class=\"elementor-element elementor-element-225c8f5 elementor-widget elementor-widget-ucaddon_breadcrumb\" data-id=\"225c8f5\" data-element_type=\"widget\" data-e-type=\"widget\" data-widget_type=\"ucaddon_breadcrumb.default\">\n\t\t\t\t<div class=\"elementor-widget-container\">\n\t\t\t\t\t\n<!-- start Breadcrumb -->\n\n<div class=\"breadcrumb\">\n  <div class=\"maincontainer\">\n    <div class=\"box\">\n      <a href=\"\/de\/\">Startseite<\/a>\n      <span> - <\/span>\n\n\n<a href=\"\/de\/losungen\/\" class=\"\">L\u00f6sungen<\/a>\n\n\n<span> - <\/span>\n\n\n<a href=\"https:\/\/www.pkcell.com\/de\/solutions\/life-electronics\/\" class=\"on\">Leben Elektronik<\/a>\n\n\n\n    <\/div>\n  <\/div>\n<\/div>\n<!-- end Breadcrumb -->\t\t\t\t<\/div>\n\t\t\t\t<\/div>\n\t\t\t\t<div class=\"elementor-element elementor-element-6ea9592 elementor-widget elementor-widget-ucaddon_solution_introduction\" data-id=\"6ea9592\" data-element_type=\"widget\" data-e-type=\"widget\" data-widget_type=\"ucaddon_solution_introduction.default\">\n\t\t\t\t<div class=\"elementor-widget-container\">\n\t\t\t\t\t\n<!-- start Solution Introduction -->\n\n<div class=\"padt40 padb100 SolutionIntroduction\">\n  <div class=\"maincontainer\">\n    <div class=\"current_title\">\n      <h3 class=\"size42 wow fadeInUpSmall\">\n        Leben Elektronik\n      <\/h3>\n    <\/div>\n    <div class=\"box\">\n      <div class=\"imgbox wow fadeInUpSmall\">\n        <img decoding=\"async\" src=\"https:\/\/www.pkcell.com\/wp-content\/uploads\/img46.jpg\"\/>\n      <\/div>\n      <div class=\"textbox\">\n        <div class=\"size30 t1 wow fadeInUpSmall\">\n          Einf\u00fchrung der L\u00f6sung\n        <\/div>\n        <div class=\"size18 t2 wow fadeInUpSmall\">\n          Das intelligente T\u00fcrschloss ist eine T\u00fcrschlossl\u00f6sung, die auf k\u00fcnstlicher Intelligenz und der Technologie des Internets der Dinge basiert. Sie nutzt Technologien wie hochpr\u00e4zise Sensoren, Passwortalgorithmen und Fernsteuerungssysteme, um eine sichere, bequeme und effiziente Verwaltung von T\u00fcrschl\u00f6ssern zu erm\u00f6glichen. Die L\u00f6sung besteht aus drei Teilen: intelligente T\u00fcrschl\u00f6sser, Verwaltungsplattform und Kundendienst.\n        <\/div>\n        <div class=\"current-btn white contactbtns wow fadeInUpSmall\">\n          <a href=\"#Quote_Form\">\n            <i><\/i>Kontakt\n          <\/a>\n        <\/div>\n      <\/div>\n    <\/div>\n  <\/div>\n<\/div>\n<!-- end Solution Introduction -->\t\t\t\t<\/div>\n\t\t\t\t<\/div>\n\t\t<div class=\"elementor-element elementor-element-183e15b e-flex e-con-boxed e-con e-child\" data-id=\"183e15b\" data-element_type=\"container\" data-e-type=\"container\">\n\t\t\t\t\t<div class=\"e-con-inner\">\n\t\t<div class=\"elementor-element elementor-element-2098811 e-con-full e-flex e-con e-child\" data-id=\"2098811\" data-element_type=\"container\" data-e-type=\"container\" data-settings=\"{&quot;background_background&quot;:&quot;classic&quot;}\">\n\t\t\t\t<div class=\"elementor-element elementor-element-3c6f2d0 elementor-widget elementor-widget-heading\" data-id=\"3c6f2d0\" data-element_type=\"widget\" data-e-type=\"widget\" data-widget_type=\"heading.default\">\n\t\t\t\t<div class=\"elementor-widget-container\">\n\t\t\t\t\t<h2 class=\"elementor-heading-title elementor-size-default\">Herausforderungen f\u00fcr die Batterien von intelligenten T\u00fcrschl\u00f6ssern<\/h2>\t\t\t\t<\/div>\n\t\t\t\t<\/div>\n\t\t\t\t<div class=\"elementor-element elementor-element-78e49a0 elementor-widget elementor-widget-text-editor\" data-id=\"78e49a0\" data-element_type=\"widget\" data-e-type=\"widget\" data-widget_type=\"text-editor.default\">\n\t\t\t\t<div class=\"elementor-widget-container\">\n\t\t\t\t\t\t\t\t\t<p><strong>Bei intelligenten T\u00fcrschl\u00f6ssern gibt es h\u00e4ufig Probleme mit der Batterie:<\/strong><\/p><p>\u00a0<\/p><p><strong>1. Langlebigkeit der Batterie:<\/strong> Viele intelligente T\u00fcrschl\u00f6sser haben eine kurze Batterielebensdauer und m\u00fcssen h\u00e4ufig ausgetauscht werden.<\/p><p>\u00a0<\/p><p><strong>2. Auslaufende Batterie:<\/strong> Die Verwendung minderwertiger Batterien f\u00fchrt h\u00e4ufig zu einem Auslaufen. Alkali- oder Karbonbatterien enthalten Elektrolytl\u00f6sungen, die hochgradig korrosiv sind und auslaufen k\u00f6nnen, was die Leiterplatte des Smart Locks besch\u00e4digen und Probleme beim Stromverbrauch verursachen kann.<\/p><p>\u00a0<\/p><p><strong>3. Falscher Einbau der Batterie:<\/strong> Die Batterien m\u00fcssen mit der richtigen Polarit\u00e4t eingebaut werden. Ein falscher Einbau kann zu einer umgekehrten Ladung f\u00fchren, was die Lebensdauer der Batterie verk\u00fcrzt und m\u00f6glicherweise ein Auslaufen verursacht.<\/p><p>\u00a0<\/p><p><strong>4. Abschaltung der Batterie durch Aufprall:<\/strong> Physische St\u00f6\u00dfe k\u00f6nnen dazu f\u00fchren, dass die Batterien den Kontakt verlieren und die Funktion des intelligenten Schlosses unterbrochen wird.<\/p><p>\u00a0<\/p><p><strong>5. Verz\u00f6gertes Ansprechen beim Entriegeln:<\/strong> Die Batterien liefern manchmal nicht schnell genug den erforderlichen Strom, was zu Verz\u00f6gerungen beim Entriegeln der T\u00fcr f\u00fchrt.<\/p>\t\t\t\t\t\t\t\t<\/div>\n\t\t\t\t<\/div>\n\t\t\t\t<\/div>\n\t\t\t\t\t<\/div>\n\t\t\t\t<\/div>\n\t\t<div class=\"elementor-element elementor-element-bb61661 e-flex e-con-boxed e-con e-child\" data-id=\"bb61661\" data-element_type=\"container\" data-e-type=\"container\">\n\t\t\t\t\t<div class=\"e-con-inner\">\n\t\t<div class=\"elementor-element elementor-element-a935c79 e-con-full e-flex e-con e-child\" data-id=\"a935c79\" data-element_type=\"container\" data-e-type=\"container\" data-settings=\"{&quot;background_background&quot;:&quot;classic&quot;}\">\n\t\t\t\t<div class=\"elementor-element elementor-element-8f7bf53 elementor-widget elementor-widget-heading\" data-id=\"8f7bf53\" data-element_type=\"widget\" data-e-type=\"widget\" data-widget_type=\"heading.default\">\n\t\t\t\t<div class=\"elementor-widget-container\">\n\t\t\t\t\t<h2 class=\"elementor-heading-title elementor-size-default\">PKCELLs L\u00f6sungen f\u00fcr diese Herausforderungen<\/h2>\t\t\t\t<\/div>\n\t\t\t\t<\/div>\n\t\t\t\t<div class=\"elementor-element elementor-element-813f194 elementor-widget elementor-widget-text-editor\" data-id=\"813f194\" data-element_type=\"widget\" data-e-type=\"widget\" data-widget_type=\"text-editor.default\">\n\t\t\t\t<div class=\"elementor-widget-container\">\n\t\t\t\t\t\t\t\t\t<p><strong>PKCELL bietet mit seinen hochwertigen AA-Alkalibatterien robuste L\u00f6sungen f\u00fcr diese Herausforderungen:<\/strong><\/p><p>\u00a0<\/p><p><b><span data-font-family=\"default\">1. Langanhaltende Leistung: <\/span><\/b><span data-font-family=\"default\">PKCELL-Batterien bieten starke, quecksilberfreie Energie, die umweltfreundlich ist. Wir liefern stabilen und lang anhaltenden Strom, der ein intelligentes Schloss \u00fcber 18.000 Mal mit Strom versorgen kann und bis zu zwei bis drei Jahre h\u00e4lt, ohne dass ein Austausch erforderlich ist. Pkcell-Batterien haben au\u00dferdem eine Haltbarkeit von 10 Jahren.<\/span><\/p><p>\u00a0<\/p><p><b><span data-font-family=\"default\">2. \u00dcberlegener Leckageschutz:<\/span><\/b><span data-font-family=\"default\"> Unsere Batterien werden auf hochmodernen Fertigungsstra\u00dfen mit 52 Prozesskontrollen, 102 Montageverfahren und 22 Tests am fertigen Produkt hergestellt, um erstklassige Qualit\u00e4t und Auslaufsicherheit zu gew\u00e4hrleisten.<\/span><\/p><p>\u00a0<\/p><p><b><span data-font-family=\"default\">3. Klares Verpackungsdesign:<\/span><\/b><span data-font-family=\"default\"> Die eindeutige Polarit\u00e4t verhindert eine falsche Installation. Selbst bei falschem Einbau leiten die Batterien keinen Strom, so dass eine umgekehrte Aufladung und ein Auslaufen vermieden wird.<\/span><\/p><p>\u00a0<\/p><p><b><span data-font-family=\"default\">4. Langlebige Konstruktion: <\/span><\/b><span data-font-family=\"default\">Unsere Batteriegeh\u00e4use sind aus hochfesten Materialien gefertigt und halten St\u00f6\u00dfen stand. Das interne Zink-Negativ-Gel-Design sorgt f\u00fcr eine elastische D\u00e4mpfung und verhindert Energieverluste durch physische St\u00f6\u00dfe.<\/span><\/p><p>\u00a0<\/p><p><b><span data-font-family=\"default\">5. Dynamische Entladungstechnologie:<\/span><\/b><span data-font-family=\"default\"> Unsere Akkus verf\u00fcgen \u00fcber eine Technologie mit geringer Selbstentladung im Standby-Modus (Ionenmembran-Verschlusstechnik) und schnellem Hochstromverhalten beim Entriegeln, was eine zuverl\u00e4ssige Leistung gew\u00e4hrleistet.<\/span><\/p><p>\u00a0<\/p><p><b><span data-font-family=\"default\">6. Temperaturbest\u00e4ndigkeit:<\/span><\/b><span data-font-family=\"default\"> PKCELL-Batterien arbeiten effizient in einem weiten Temperaturbereich von -40\u00b0C bis 60\u00b0C und gew\u00e4hrleisten eine ganzj\u00e4hrige Leistung.<\/span><\/p>\t\t\t\t\t\t\t\t<\/div>\n\t\t\t\t<\/div>\n\t\t\t\t<\/div>\n\t\t\t\t\t<\/div>\n\t\t\t\t<\/div>\n\t\t\t\t<div class=\"elementor-element elementor-element-922bec3 elementor-widget elementor-widget-ucaddon_advertisement\" data-id=\"922bec3\" data-element_type=\"widget\" data-e-type=\"widget\" data-widget_type=\"ucaddon_advertisement.default\">\n\t\t\t\t<div class=\"elementor-widget-container\">\n\t\t\t\t\t\n<!-- start Advertisement -->\n\n<div class=\"advertisement\">\n  <div class=\"bgbox\">\n    <div class=\"pImg\" style=\"background-image: url(https:\/\/www.pkcell.com\/wp-content\/uploads\/img105.jpg);\"><\/div>\n    <div class=\"mImg\" style=\"background-image: url(https:\/\/www.pkcell.com\/wp-content\/uploads\/img104.jpg);\"><\/div>\n  <\/div>\n  <div class=\"maincontainer box\">\n    <div class=\"textbox\">\n      <div class=\"current_title white\">\n        <h3 class=\"size42 wow fadeInUpSmall\">\n          PKCELL Alkalische Konstantbatterien\n        <\/h3>\n        <div class=\"size18 text wow fadeInUpSmall\">\n          Kontaktieren Sie uns noch heute, um Ihren Bedarf an Batterien f\u00fcr intelligente T\u00fcrschl\u00f6sser zu besprechen oder unsere kundenspezifischen Batteriel\u00f6sungen zu erkunden.\n        <\/div>\n      <\/div>\n      <div class=\"btns wow fadeInUpSmall\">\n        <a class=\"size20\" href=\"https:\/\/www.pkcell.com\/de\/produkte\/\">\n          EINE KOSTENLOSE PROBE ERHALTEN\n        <\/a>\n      <\/div>\n    <\/div>\n    <div class=\"imgbox wow fadeInUpSmall\">\n      <img decoding=\"async\"  src=\"https:\/\/www.pkcell.com\/wp-content\/uploads\/img107.png\"\/>\n    <\/div>\n  <\/div>\n<\/div>\n<!-- end Advertisement -->\t\t\t\t<\/div>\n\t\t\t\t<\/div>\n\t\t\t\t<div class=\"elementor-element elementor-element-84c11c4 elementor-widget elementor-widget-ucaddon_customer_reviews\" data-id=\"84c11c4\" data-element_type=\"widget\" data-e-type=\"widget\" data-widget_type=\"ucaddon_customer_reviews.default\">\n\t\t\t\t<div class=\"elementor-widget-container\">\n\t\t\t\t\t\n<!-- start Customer Reviews -->\n\n<div class=\"padt110 padb136 customer-reviews\">\n  <div class=\"maincontainer\">\n    <div class=\"current_title center\">\n      <h3 class=\"size42 wow fadeInUpSmall\">\n        Kundenrezensionen\n      <\/h3>\n      <div class=\"size18 text wow fadeInUpSmall\">\n        H\u00f6ren Sie, was unsere Kunden zu sagen haben, und erfahren Sie, wie sie die Batterien von Pkcell einsetzen, um die Effizienz zu steigern, die Laufzeit ihrer Ger\u00e4te zu verl\u00e4ngern und das Wachstum ihres Unternehmens zu f\u00f6rdern.\n      <\/div>\n    <\/div>\n  <\/div>\n  <div class=\"box wow fadeInUpSmall\">\n    <div class=\"swiper\">\n      <div class=\"swiper-wrapper\">\n        <div class=\"swiper-slide\">\n          <div class=\"item\">\n            <div class=\"info\">\n              <div class=\"icon\">\n                <img decoding=\"async\" src=\"https:\/\/www.pkcell.com\/wp-content\/uploads\/1-5-e1724417281477.png\"\/>\n              <\/div>\n              <div class=\"text\">\n                <div class=\"size20 t1\">\n                  <span class=\"size24\">\n                    Sarah Wilson\n                  <\/span>\n                  Beschaffungsspezialist\n                <\/div>\n                <div class=\"size18 t2\">\n                  Honeywell\n                <\/div>\n              <\/div>\n            <\/div>\n            <div class=\"textbox\">\n              <div class=\"size20 t1\">\n                Prim\u00e4re Lithiumbatterien f\u00fcr Sicherheitsger\u00e4te\n              <\/div>\n              <div class=\"size18 t2\">\n                Die prim\u00e4ren Lithiumbatterien von Pkcell bieten eine hohe Zuverl\u00e4ssigkeit und eine lange Haltbarkeit, was f\u00fcr unsere Sicherheitsprodukte ideal ist. Das Vertriebsteam von Pkcell ist effizient und professionell, und die Logistik und Lieferung erfolgt stets p\u00fcnktlich. Wir sind mit den Produkten und Dienstleistungen von Pkcell sehr zufrieden und werden uns auch weiterhin f\u00fcr die Batterien von Pkcell entscheiden.\n              <\/div>\n            <\/div>\n          <\/div>\n        <\/div>\n<div class=\"swiper-slide\">\n          <div class=\"item\">\n            <div class=\"info\">\n              <div class=\"icon\">\n                <img decoding=\"async\" src=\"https:\/\/www.pkcell.com\/wp-content\/uploads\/300-e1724418794359.jpg\"\/>\n              <\/div>\n              <div class=\"text\">\n                <div class=\"size20 t1\">\n                  <span class=\"size24\">\n                    Emily Johnson\n                  <\/span>\n                  F&amp;E-Direktor\n                <\/div>\n                <div class=\"size18 t2\">\n                  LG\n                <\/div>\n              <\/div>\n            <\/div>\n            <div class=\"textbox\">\n              <div class=\"size20 t1\">\n                Kundenspezifische Lithium-Batteriepacks\n              <\/div>\n              <div class=\"size18 t2\">\n                Die Lithium-Ionen-Batterien von Pkcell haben die hohe Energiedichte und lange Lebensdauer, die unser Projekt erfordert. Das technische Team von Pkcell hat uns hervorragend unterst\u00fctzt und uns geholfen, die Batterien nahtlos in unser System zu integrieren. Wir freuen uns auf eine langfristige Partnerschaft mit Pkcell.\n              <\/div>\n            <\/div>\n          <\/div>\n        <\/div>\n<div class=\"swiper-slide\">\n          <div class=\"item\">\n            <div class=\"info\">\n              <div class=\"icon\">\n                <img decoding=\"async\" src=\"https:\/\/www.pkcell.com\/wp-content\/uploads\/img47.jpg\"\/>\n              <\/div>\n              <div class=\"text\">\n                <div class=\"size20 t1\">\n                  <span class=\"size24\">\n                    John Smith\n                  <\/span>\n                  Leiter der Einkaufsabteilung\n                <\/div>\n                <div class=\"size18 t2\">\n                  Walmart\n                <\/div>\n              <\/div>\n            <\/div>\n            <div class=\"textbox\">\n              <div class=\"size20 t1\">\n                Alkalibatterien f\u00fcr verschiedene Unterhaltungselektronik\n              <\/div>\n              <div class=\"size18 t2\">\n                Die Alkalibatterien von Pkcell bieten eine gleichbleibende Leistung zu einem vern\u00fcnftigen Preis, und die Lieferung erfolgt immer p\u00fcnktlich. Das Verkaufsteam ist professionell und reaktionsschnell und geht immer sofort auf unsere Bed\u00fcrfnisse ein. Wir sind sehr zufrieden mit dieser Partnerschaft\n              <\/div>\n            <\/div>\n          <\/div>\n        <\/div>\n\n      <\/div>\n      <div class=\"swiper-button-next general-btn\"><\/div>\n      <div class=\"swiper-button-prev general-btn\"><\/div>\n    <\/div>\n  <\/div>\n<\/div>\n<!-- end Customer Reviews -->\t\t\t\t<\/div>\n\t\t\t\t<\/div>\n\t\t\t\t<div class=\"elementor-element elementor-element-06c4bd1 elementor-widget elementor-widget-ucaddon_text_left_banner_2\" data-id=\"06c4bd1\" data-element_type=\"widget\" data-e-type=\"widget\" data-widget_type=\"ucaddon_text_left_banner_2.default\">\n\t\t\t\t<div class=\"elementor-widget-container\">\n\t\t\t\t\t\n<!-- start Text Left Banner 2 -->\n\n<div class=\"odmoem-section\">\n  <div class=\"imgbox\">\n    <img decoding=\"async\" src=\"https:\/\/www.pkcell.com\/wp-content\/uploads\/img10.jpg\">\n  <\/div>\n  <div class=\"box\">\n    <div class=\"textbox\">\n      <div class=\"size42 t1 wow fadeInUpSmall\">\n        ODM\/OEM\n      <\/div>\n      <div class=\"size18 t2 wow fadeInUpSmall\">\n        Wir bieten umfassende OEM-Dienstleistungen, einschlie\u00dflich Design, Produktion und Markenanpassung von Batterien und Akkupacks. Gehen Sie eine Partnerschaft mit Pkcell ein, um Ihre Marke mit der zuverl\u00e4ssigsten Batterietechnologie auf dem Markt zu kombinieren.\n      <\/div>\n      <div class=\"current-btn blue wow fadeInUpSmall\">\n        <a href=\"https:\/\/www.pkcell.com\/de\/erstausruster\/\" class=\"size16\">\n          <i><\/i>Mehr erfahren\n        <\/a>\n      <\/div>\n    <\/div>\n  <\/div>\n<\/div>\n<!-- end Text Left Banner 2 -->\t\t\t\t<\/div>\n\t\t\t\t<\/div>\n\t\t\t\t<div class=\"elementor-element elementor-element-cb931bd elementor-widget elementor-widget-ucaddon_column_blocks_2\" data-id=\"cb931bd\" data-element_type=\"widget\" data-e-type=\"widget\" data-widget_type=\"ucaddon_column_blocks_2.default\">\n\t\t\t\t<div class=\"elementor-widget-container\">\n\t\t\t\t\t\n<!-- start Column Blocks 2 -->\n\n<div class=\"padt110 general_section\">\n  <div class=\"maincontainer\">\n    <ul>\n      <li class=\"wow fadeInUpSmall\">\n  <a href=\"https:\/\/www.pkcell.com\/de\/erstausruster\/\">\n    <div class=\"imgbox\">\n      <img decoding=\"async\" src=\"https:\/\/www.pkcell.com\/wp-content\/uploads\/img48.jpg\">\n    <\/div>\n    <div class=\"textbox\">\n      <div class=\"size30 t1\">\n        Dienst\n      <\/div>\n      <div class=\"size18 t2\">\n        Der Kunde steht f\u00fcr uns an erster Stelle. Wir bieten umfassende technische Unterst\u00fctzung und...\n      <\/div>\n      <div class=\"icon\"><\/div>\n    <\/div>\n  <\/a>\n<\/li>\n<li class=\"wow fadeInUpSmall\">\n  <a href=\"\/de\/uber\/\">\n    <div class=\"imgbox\">\n      <img decoding=\"async\" src=\"https:\/\/www.pkcell.com\/wp-content\/uploads\/img49.jpg\">\n    <\/div>\n    <div class=\"textbox\">\n      <div class=\"size30 t1\">\n        \u00dcber uns\n      <\/div>\n      <div class=\"size18 t2\">\n        Shenzhen Pkcell Battery Co, Ltd. wurde 1998 gegr\u00fcndet und ist seit \u00fcber 20 Jahren ein professioneller Batteriehersteller. \n      <\/div>\n      <div class=\"icon\"><\/div>\n    <\/div>\n  <\/a>\n<\/li>\n \n    <\/ul>\n  <\/div>\n<\/div>\n<!-- end Column Blocks 2 -->\t\t\t\t<\/div>\n\t\t\t\t<\/div>\n\t\t\t\t<div class=\"elementor-element elementor-element-a428c3d elementor-widget elementor-widget-menu-anchor\" data-id=\"a428c3d\" data-element_type=\"widget\" data-e-type=\"widget\" data-widget_type=\"menu-anchor.default\">\n\t\t\t\t<div class=\"elementor-widget-container\">\n\t\t\t\t\t\t\t<div class=\"elementor-menu-anchor\" id=\"Quote_Form\"><\/div>\n\t\t\t\t\t\t<\/div>\n\t\t\t\t<\/div>\n\t\t\t\t<div class=\"elementor-element elementor-element-22e8a3d elementor-widget elementor-widget-ucaddon_contact_submit_form\" data-id=\"22e8a3d\" data-element_type=\"widget\" data-e-type=\"widget\" data-widget_type=\"ucaddon_contact_submit_form.default\">\n\t\t\t\t<div class=\"elementor-widget-container\">\n\t\t\t\t\t\n<!-- start Contact Submit Form -->\n\n<div class=\"padb136 Get_in_Touch\">\n\t\t\t\t<div class=\"maincontainer\">\n\t\t\t\t\t<div class=\"box\">\n\t\t\t\t\t\t<div class=\"current_title center\">\n\t\t\t\t\t\t\t<h3 class=\"size42 wow fadeInUpSmall\">\n\t\t\t\t\t\t\t\tKostenvoranschlag einholen\n\t\t\t\t\t\t\t<\/h3>\n\t\t\t\t\t\t\t<div class=\"size20 text wow fadeInUpSmall\">\n\t\t\t\t\t\t\t\tSie k\u00f6nnen uns telefonisch, per E-Mail oder \u00fcber das unten stehende Kontaktformular erreichen. Wir bem\u00fchen uns, alle Anfragen innerhalb von 24 Stunden zu beantworten.\t\t\t\t\t\t\t\n                          \t<\/div>\n\t\t\t\t\t\t<\/div>\n                    \n\n\t\t\t\t\t\t<div class=\"wrap\">\n\t\t\t\t\t\t\t<div class=\"infor\">\n\t\t\t\t\t\t\t\t<ul>\n\t\t\t\t\t\t\t\t\n\t\t\t\t\t\t\t\t\t<li class=\"wow fadeInUpSmall\">\n\t\t\t\t\t\t\t\t\t\t<div class=\"item\">\n\t\t\t\t\t\t\t\t\t\t\t<div class=\"icon\">\n\t\t\t\t    \t\t\t\t\t\t\t<img decoding=\"async\"  src=\"https:\/\/www.pkcell.com\/wp-content\/uploads\/icon19.png\">\n\t\t\t\t    \t\t\t\t\t\t<\/div>\n\t\t\t\t    \t\t\t\t\t\t<div class=\"size18 text\">\n\t\t\t\t    \t\t\t\t\t\t\t<div class=\"t1\">\n\t\t\t\t    \t\t\t\t\t\t\t\tE-Mail\n\t\t\t\t    \t\t\t\t\t\t\t<\/div>\n\t\t\t\t    \t\t\t\t\t\t\t<div class=\"t2\">\n\t\t\t\t\t\t\t\t\t\t\t\t\tinfo@pkcell.com\n\t\t\t\t    \t\t\t\t\t\t\t<\/div>\n\t\t\t\t    \t\t\t\t\t\t<\/div>\n\t\t\t\t\t\t\t\t\t\t<\/div>\n\t\t\t\t\t\t\t\t\t<\/li>\n\t\t\t\t\t\t\t\t\t<li class=\"wow fadeInUpSmall\">\n\t\t\t\t\t\t\t\t\t\t<div class=\"item\">\n\t\t\t\t\t\t\t\t\t\t\t<div class=\"icon\">\n\t\t\t\t    \t\t\t\t\t\t\t<img decoding=\"async\"  src=\"https:\/\/www.pkcell.com\/wp-content\/uploads\/icon20.png\">\n\t\t\t\t    \t\t\t\t\t\t<\/div>\n\t\t\t\t    \t\t\t\t\t\t<div class=\"size18 text\">\n\t\t\t\t    \t\t\t\t\t\t\t<div class=\"t1\">\n\t\t\t\t    \t\t\t\t\t\t\t\tAdresse des Unternehmens\n\t\t\t\t    \t\t\t\t\t\t\t<\/div>\n\t\t\t\t    \t\t\t\t\t\t\t<div class=\"t2\">\n\t\t\t\t\t\t\t\t\t\t\t\t\t9. Stock, Block B, Hongrongyuan North Station Center, Nr. 328, Mintang Road, Longhua District, Shenzhen, China, 518110\n\t\t\t\t    \t\t\t\t\t\t\t<\/div>\n\t\t\t\t    \t\t\t\t\t\t<\/div>\n\t\t\t\t\t\t\t\t\t\t<\/div>\n\t\t\t\t\t\t\t\t\t<\/li>\n\t\t\t\t\t\t\t\t<\/ul>\n\t\t\t\t\t\t\t<\/div>\n\t\t\t\t\t\t\t<div class=\"formBox\">\n                              \t\n<div class=\"wpcf7 no-js\" id=\"wpcf7-f345-o1\" lang=\"en-US\" dir=\"ltr\" data-wpcf7-id=\"345\">\n<div class=\"screen-reader-response\"><p role=\"status\" aria-live=\"polite\" aria-atomic=\"true\"><\/p> <ul><\/ul><\/div>\n<form action=\"\/de\/wp-json\/wp\/v2\/pages\/520#wpcf7-f345-o1\" method=\"post\" class=\"wpcf7-form init\" aria-label=\"Kontakt-Formular\" novalidate=\"novalidate\" data-status=\"init\" data-trp-original-action=\"\/de\/wp-json\/wp\/v2\/pages\/520#wpcf7-f345-o1\">\n<fieldset class=\"hidden-fields-container\"><input type=\"hidden\" name=\"_wpcf7\" value=\"345\" \/><input type=\"hidden\" name=\"_wpcf7_version\" value=\"6.1.5\" \/><input type=\"hidden\" name=\"_wpcf7_locale\" value=\"en_US\" \/><input type=\"hidden\" name=\"_wpcf7_unit_tag\" value=\"wpcf7-f345-o1\" \/><input type=\"hidden\" name=\"_wpcf7_container_post\" value=\"0\" \/><input type=\"hidden\" name=\"_wpcf7_posted_data_hash\" value=\"\" \/><input type=\"hidden\" name=\"_wpcf7_recaptcha_response\" value=\"\" \/>\n<\/fieldset>\n<div class=\"inputLi wow fadeInUpSmall\">\n\t<p><span class=\"wpcf7-form-control-wrap\" data-name=\"Name\"><input size=\"40\" maxlength=\"400\" class=\"wpcf7-form-control wpcf7-text wpcf7-validates-as-required size18\" aria-required=\"true\" aria-invalid=\"false\" placeholder=\"Name*\" value=\"\" type=\"text\" name=\"Name\" \/><\/span>\n\t<\/p>\n<\/div>\n<div class=\"inputLi wow fadeInUpSmall\">\n\t<p><span class=\"wpcf7-form-control-wrap\" data-name=\"Email\"><input size=\"40\" maxlength=\"400\" class=\"wpcf7-form-control wpcf7-email wpcf7-validates-as-required wpcf7-text wpcf7-validates-as-email size18\" aria-required=\"true\" aria-invalid=\"false\" placeholder=\"E-Mail*\" value=\"\" type=\"email\" name=\"Email\" \/><\/span>\n\t<\/p>\n<\/div>\n<div class=\"inputLi wow fadeInUpSmall\">\n\t<p><span class=\"wpcf7-form-control-wrap\" data-name=\"WhatsAppTelPhone\"><input size=\"40\" maxlength=\"400\" class=\"wpcf7-form-control wpcf7-tel wpcf7-text wpcf7-validates-as-tel size18\" aria-invalid=\"false\" placeholder=\"WhatsApp(Mit Landesvorwahl)\" value=\"\" type=\"tel\" name=\"WhatsAppTelPhone\" \/><\/span>\n\t<\/p>\n<\/div>\n<div class=\"inputLi wow fadeInUpSmall\">\n\t<p><span class=\"wpcf7-form-control-wrap\" data-name=\"Company\"><input size=\"40\" maxlength=\"400\" class=\"wpcf7-form-control wpcf7-text size18\" aria-invalid=\"false\" placeholder=\"Unternehmen\" value=\"\" type=\"text\" name=\"Company\" \/><\/span>\n\t<\/p>\n<\/div>\n<div class=\"textareaLi wow fadeInUpSmall\">\n\t<p><span class=\"wpcf7-form-control-wrap\" data-name=\"Message\"><textarea cols=\"40\" rows=\"10\" maxlength=\"2000\" class=\"wpcf7-form-control wpcf7-textarea wpcf7-validates-as-required size18\" aria-required=\"true\" aria-invalid=\"false\" placeholder=\"Nachricht*\" name=\"Message\"><\/textarea><\/span>\n\t<\/p>\n<\/div>\n<div class=\"inputBtn wow fadeInUpSmall\">\n\t<p><input class=\"wpcf7-form-control wpcf7-submit has-spinner size18\" type=\"submit\" value=\"ANGEBOT EINHOLEN\" \/>\n\t<\/p>\n<\/div><div class=\"wpcf7-response-output\" aria-hidden=\"true\"><\/div>\n<input type=\"hidden\" name=\"trp-form-language\" value=\"de\"\/><\/form>\n<\/div>\n\n\t\t\t\t\t\t\t<\/div>\n\t\t\t\t\t\t<\/div>\n\t\t\t\t\t<\/div>\n\t\t\t\t<\/div>\n\t\t\t<\/div>\n<!-- end Contact Submit Form -->\t\t\t\t<\/div>\n\t\t\t\t<\/div>\n\t\t\t\t<\/div>\n\t\t\t\t<\/div>","protected":false},"excerpt":{"rendered":"<p>Home &#8211; Solutions &#8211; Life Electronics Solution introduction The smart door lock solution is a door lock solution based on artificial intelligence and Internet of Things technology. It uses technologies such as high-precision sensors, password algorithms, and remote control systems to achieve safe, convenient and efficient management of door locks. The solution includes three parts: [&hellip;]<\/p>\n","protected":false},"author":7,"featured_media":0,"parent":7,"menu_order":0,"comment_status":"closed","ping_status":"closed","template":"","meta":{"_acf_changed":false,"footnotes":""},"class_list":["post-520","page","type-page","status-publish","hentry"],"acf":[],"_links":{"self":[{"href":"https:\/\/www.pkcell.com\/de\/wp-json\/wp\/v2\/pages\/520","targetHints":{"allow":["GET"]}}],"collection":[{"href":"https:\/\/www.pkcell.com\/de\/wp-json\/wp\/v2\/pages"}],"about":[{"href":"https:\/\/www.pkcell.com\/de\/wp-json\/wp\/v2\/types\/page"}],"author":[{"embeddable":true,"href":"https:\/\/www.pkcell.com\/de\/wp-json\/wp\/v2\/users\/7"}],"replies":[{"embeddable":true,"href":"https:\/\/www.pkcell.com\/de\/wp-json\/wp\/v2\/comments?post=520"}],"version-history":[{"count":0,"href":"https:\/\/www.pkcell.com\/de\/wp-json\/wp\/v2\/pages\/520\/revisions"}],"up":[{"embeddable":true,"href":"https:\/\/www.pkcell.com\/de\/wp-json\/wp\/v2\/pages\/7"}],"wp:attachment":[{"href":"https:\/\/www.pkcell.com\/de\/wp-json\/wp\/v2\/media?parent=520"}],"curies":[{"name":"wp","href":"https:\/\/api.w.org\/{rel}","templated":true}]}}