{"id":1274,"date":"2024-07-31T14:28:10","date_gmt":"2024-07-31T06:28:10","guid":{"rendered":"https:\/\/www.pkcell.com\/?post_type=product&#038;p=1274"},"modified":"2025-03-19T11:22:54","modified_gmt":"2025-03-19T03:22:54","slug":"aa-r6p-batterie-1-5v","status":"publish","type":"product","link":"https:\/\/www.pkcell.com\/de\/product\/aa-r6p-battery-1-5v\/","title":{"rendered":"AA \/ R6P Batterie"},"content":{"rendered":"<ul>\n<li><strong>Haltbarkeitsdauer: 3 Jahre<\/strong><\/li>\n<li><strong>Auslaufsicher, Anti-Korrosion<\/strong><\/li>\n<li><strong>Hg\/Pb\/Cd Frei<\/strong><\/li>\n<li><strong>Geeignet f\u00fcr Spielzeug, T\u00fcrschl\u00f6sser, etc.<\/strong><\/li>\n<li><strong>Niedriges MOQ, Unterst\u00fctzung von OEM<\/strong><\/li>\n<\/ul>","protected":false},"featured_media":2077,"parent":0,"menu_order":0,"template":"","meta":{"_acf_changed":false},"product-category":[16],"product-size":[73],"retail-country":[33,30,36,79,78,80,31,34,35,32,29],"class_list":["post-1274","product","type-product","status-publish","has-post-thumbnail","hentry","product-category-carbon-zinc-battery","product-size-aa","retail-country-ae","retail-country-ca","retail-country-de","retail-country-es","retail-country-fr","retail-country-it","retail-country-jp","retail-country-sa","retail-country-sg","retail-country-uk","retail-country-us"],"acf":[],"_links":{"self":[{"href":"https:\/\/www.pkcell.com\/de\/wp-json\/wp\/v2\/product\/1274","targetHints":{"allow":["GET"]}}],"collection":[{"href":"https:\/\/www.pkcell.com\/de\/wp-json\/wp\/v2\/product"}],"about":[{"href":"https:\/\/www.pkcell.com\/de\/wp-json\/wp\/v2\/types\/product"}],"wp:featuredmedia":[{"embeddable":true,"href":"https:\/\/www.pkcell.com\/de\/wp-json\/wp\/v2\/media\/2077"}],"wp:attachment":[{"href":"https:\/\/www.pkcell.com\/de\/wp-json\/wp\/v2\/media?parent=1274"}],"wp:term":[{"taxonomy":"product-category","embeddable":true,"href":"https:\/\/www.pkcell.com\/de\/wp-json\/wp\/v2\/product-category?post=1274"},{"taxonomy":"product-size","embeddable":true,"href":"https:\/\/www.pkcell.com\/de\/wp-json\/wp\/v2\/product-size?post=1274"},{"taxonomy":"retail-country","embeddable":true,"href":"https:\/\/www.pkcell.com\/de\/wp-json\/wp\/v2\/retail-country?post=1274"}],"curies":[{"name":"wp","href":"https:\/\/api.w.org\/{rel}","templated":true}]}}