{"id":1349,"date":"2024-08-01T09:34:04","date_gmt":"2024-08-01T01:34:04","guid":{"rendered":"https:\/\/www.pkcell.com\/?post_type=product&#038;p=1349"},"modified":"2025-03-17T17:25:17","modified_gmt":"2025-03-17T09:25:17","slug":"er17335-li-socl2-batterie","status":"publish","type":"product","link":"https:\/\/www.pkcell.com\/de\/product\/er17335-li-socl2-battery\/","title":{"rendered":"ER17335 Batterie"},"content":{"rendered":"<ul>\n<li>Spannung: 3,6V<\/li>\n<li>Kapazit\u00e4t: 2100mAh<\/li>\n<li>Gr\u00f6\u00dfe: 17\u00d733,5mm<\/li>\n<\/ul>","protected":false},"featured_media":1940,"parent":0,"menu_order":0,"template":"","meta":{"_acf_changed":true},"product-category":[48],"product-size":[],"retail-country":[],"class_list":["post-1349","product","type-product","status-publish","has-post-thumbnail","hentry","product-category-li-socl2-bobbin-energy-type-battery"],"acf":[],"_links":{"self":[{"href":"https:\/\/www.pkcell.com\/de\/wp-json\/wp\/v2\/product\/1349","targetHints":{"allow":["GET"]}}],"collection":[{"href":"https:\/\/www.pkcell.com\/de\/wp-json\/wp\/v2\/product"}],"about":[{"href":"https:\/\/www.pkcell.com\/de\/wp-json\/wp\/v2\/types\/product"}],"wp:featuredmedia":[{"embeddable":true,"href":"https:\/\/www.pkcell.com\/de\/wp-json\/wp\/v2\/media\/1940"}],"wp:attachment":[{"href":"https:\/\/www.pkcell.com\/de\/wp-json\/wp\/v2\/media?parent=1349"}],"wp:term":[{"taxonomy":"product-category","embeddable":true,"href":"https:\/\/www.pkcell.com\/de\/wp-json\/wp\/v2\/product-category?post=1349"},{"taxonomy":"product-size","embeddable":true,"href":"https:\/\/www.pkcell.com\/de\/wp-json\/wp\/v2\/product-size?post=1349"},{"taxonomy":"retail-country","embeddable":true,"href":"https:\/\/www.pkcell.com\/de\/wp-json\/wp\/v2\/retail-country?post=1349"}],"curies":[{"name":"wp","href":"https:\/\/api.w.org\/{rel}","templated":true}]}}