{"id":1356,"date":"2024-08-01T09:41:17","date_gmt":"2024-08-01T01:41:17","guid":{"rendered":"https:\/\/www.pkcell.com\/?post_type=product&#038;p=1356"},"modified":"2025-03-17T18:26:12","modified_gmt":"2025-03-17T10:26:12","slug":"er17505m-li-socl2-batterie","status":"publish","type":"product","link":"https:\/\/www.pkcell.com\/de\/product\/er17505m-li-socl2-battery\/","title":{"rendered":"ER17505M Batterie"},"content":{"rendered":"<ul>\n<li>Spannung: 3,6V<\/li>\n<li>Kapazit\u00e4t: 2800 mAh<\/li>\n<li>Gr\u00f6\u00dfe: 17\u00d750,5mm<\/li>\n<\/ul>","protected":false},"featured_media":1954,"parent":0,"menu_order":0,"template":"","meta":{"_acf_changed":true},"product-category":[49],"product-size":[],"retail-country":[],"class_list":["post-1356","product","type-product","status-publish","has-post-thumbnail","hentry","product-category-li-socl2-spiral-high-power-type-battery"],"acf":[],"_links":{"self":[{"href":"https:\/\/www.pkcell.com\/de\/wp-json\/wp\/v2\/product\/1356","targetHints":{"allow":["GET"]}}],"collection":[{"href":"https:\/\/www.pkcell.com\/de\/wp-json\/wp\/v2\/product"}],"about":[{"href":"https:\/\/www.pkcell.com\/de\/wp-json\/wp\/v2\/types\/product"}],"wp:featuredmedia":[{"embeddable":true,"href":"https:\/\/www.pkcell.com\/de\/wp-json\/wp\/v2\/media\/1954"}],"wp:attachment":[{"href":"https:\/\/www.pkcell.com\/de\/wp-json\/wp\/v2\/media?parent=1356"}],"wp:term":[{"taxonomy":"product-category","embeddable":true,"href":"https:\/\/www.pkcell.com\/de\/wp-json\/wp\/v2\/product-category?post=1356"},{"taxonomy":"product-size","embeddable":true,"href":"https:\/\/www.pkcell.com\/de\/wp-json\/wp\/v2\/product-size?post=1356"},{"taxonomy":"retail-country","embeddable":true,"href":"https:\/\/www.pkcell.com\/de\/wp-json\/wp\/v2\/retail-country?post=1356"}],"curies":[{"name":"wp","href":"https:\/\/api.w.org\/{rel}","templated":true}]}}