{"id":1362,"date":"2024-08-01T09:45:43","date_gmt":"2024-08-01T01:45:43","guid":{"rendered":"https:\/\/www.pkcell.com\/?post_type=product&#038;p=1362"},"modified":"2025-03-28T09:50:52","modified_gmt":"2025-03-28T01:50:52","slug":"er26500m-li-socl2-akku","status":"publish","type":"product","link":"https:\/\/www.pkcell.com\/de\/product\/er26500m-li-socl2-battery\/","title":{"rendered":"ER26500M Batterie"},"content":{"rendered":"<ul class=\"wp-block-list\">\n<li>Spannung: 3,6V<\/li>\n\n\n\n<li>Kapazit\u00e4t: 6500mAh<\/li>\n\n\n\n<li>Gr\u00f6\u00dfe: 26,2\u00d745,0mm<\/li>\n<\/ul>","protected":false},"featured_media":22157,"parent":0,"menu_order":0,"template":"","meta":{"_acf_changed":true},"product-category":[49],"product-size":[],"retail-country":[],"class_list":["post-1362","product","type-product","status-publish","has-post-thumbnail","hentry","product-category-li-socl2-spiral-high-power-type-battery"],"acf":[],"_links":{"self":[{"href":"https:\/\/www.pkcell.com\/de\/wp-json\/wp\/v2\/product\/1362","targetHints":{"allow":["GET"]}}],"collection":[{"href":"https:\/\/www.pkcell.com\/de\/wp-json\/wp\/v2\/product"}],"about":[{"href":"https:\/\/www.pkcell.com\/de\/wp-json\/wp\/v2\/types\/product"}],"wp:featuredmedia":[{"embeddable":true,"href":"https:\/\/www.pkcell.com\/de\/wp-json\/wp\/v2\/media\/22157"}],"wp:attachment":[{"href":"https:\/\/www.pkcell.com\/de\/wp-json\/wp\/v2\/media?parent=1362"}],"wp:term":[{"taxonomy":"product-category","embeddable":true,"href":"https:\/\/www.pkcell.com\/de\/wp-json\/wp\/v2\/product-category?post=1362"},{"taxonomy":"product-size","embeddable":true,"href":"https:\/\/www.pkcell.com\/de\/wp-json\/wp\/v2\/product-size?post=1362"},{"taxonomy":"retail-country","embeddable":true,"href":"https:\/\/www.pkcell.com\/de\/wp-json\/wp\/v2\/retail-country?post=1362"}],"curies":[{"name":"wp","href":"https:\/\/api.w.org\/{rel}","templated":true}]}}