{"id":1369,"date":"2024-08-01T10:27:00","date_gmt":"2024-08-01T02:27:00","guid":{"rendered":"https:\/\/www.pkcell.com\/?post_type=product&#038;p=1369"},"modified":"2025-03-28T09:54:40","modified_gmt":"2025-03-28T01:54:40","slug":"cr2-li-mno2-batterie","status":"publish","type":"product","link":"https:\/\/www.pkcell.com\/de\/product\/cr2-li-mno2-battery\/","title":{"rendered":"CR2-Batterie"},"content":{"rendered":"<ul>\n<li>Spannung: 3V<\/li>\n<li>Kapazit\u00e4t: 850, 1000mAh<\/li>\n<li>Gr\u00f6\u00dfe: 15,6\u00d727,0mm<\/li>\n<\/ul>\n<p>&nbsp;<\/p>","protected":false},"featured_media":1899,"parent":0,"menu_order":0,"template":"","meta":{"_acf_changed":true},"product-category":[51,22],"product-size":[],"retail-country":[],"class_list":["post-1369","product","type-product","status-publish","has-post-thumbnail","hentry","product-category-li-mno2-cylindrical-bobbin-battery","product-category-primary-lithium-batteries"],"acf":[],"_links":{"self":[{"href":"https:\/\/www.pkcell.com\/de\/wp-json\/wp\/v2\/product\/1369","targetHints":{"allow":["GET"]}}],"collection":[{"href":"https:\/\/www.pkcell.com\/de\/wp-json\/wp\/v2\/product"}],"about":[{"href":"https:\/\/www.pkcell.com\/de\/wp-json\/wp\/v2\/types\/product"}],"wp:featuredmedia":[{"embeddable":true,"href":"https:\/\/www.pkcell.com\/de\/wp-json\/wp\/v2\/media\/1899"}],"wp:attachment":[{"href":"https:\/\/www.pkcell.com\/de\/wp-json\/wp\/v2\/media?parent=1369"}],"wp:term":[{"taxonomy":"product-category","embeddable":true,"href":"https:\/\/www.pkcell.com\/de\/wp-json\/wp\/v2\/product-category?post=1369"},{"taxonomy":"product-size","embeddable":true,"href":"https:\/\/www.pkcell.com\/de\/wp-json\/wp\/v2\/product-size?post=1369"},{"taxonomy":"retail-country","embeddable":true,"href":"https:\/\/www.pkcell.com\/de\/wp-json\/wp\/v2\/retail-country?post=1369"}],"curies":[{"name":"wp","href":"https:\/\/api.w.org\/{rel}","templated":true}]}}