{"id":1400,"date":"2024-08-01T14:36:09","date_gmt":"2024-08-01T06:36:09","guid":{"rendered":"https:\/\/www.pkcell.com\/?post_type=product&#038;p=1400"},"modified":"2025-03-18T15:55:44","modified_gmt":"2025-03-18T07:55:44","slug":"icr18500-li-ionen-akku","status":"publish","type":"product","link":"https:\/\/www.pkcell.com\/de\/product\/icr18500-li-ion-battery\/","title":{"rendered":"ICR18500 Li-Ionen-Akku"},"content":{"rendered":"<ul>\n<li>Gr\u00f6\u00dfe: 18,3\u00d750,2mm<\/li>\n<li>Kapazit\u00e4t: 1200-2200mAh<\/li>\n<li>Betriebstemperatur: -20-60\u2103<\/li>\n<\/ul>\n\n\n<p><\/p>","protected":false},"featured_media":2198,"parent":0,"menu_order":0,"template":"","meta":{"_acf_changed":true},"product-category":[55,23],"product-size":[],"retail-country":[],"class_list":["post-1400","product","type-product","status-publish","has-post-thumbnail","hentry","product-category-lithium-ion-battery","product-category-rechargeable-batteries"],"acf":[],"_links":{"self":[{"href":"https:\/\/www.pkcell.com\/de\/wp-json\/wp\/v2\/product\/1400","targetHints":{"allow":["GET"]}}],"collection":[{"href":"https:\/\/www.pkcell.com\/de\/wp-json\/wp\/v2\/product"}],"about":[{"href":"https:\/\/www.pkcell.com\/de\/wp-json\/wp\/v2\/types\/product"}],"wp:featuredmedia":[{"embeddable":true,"href":"https:\/\/www.pkcell.com\/de\/wp-json\/wp\/v2\/media\/2198"}],"wp:attachment":[{"href":"https:\/\/www.pkcell.com\/de\/wp-json\/wp\/v2\/media?parent=1400"}],"wp:term":[{"taxonomy":"product-category","embeddable":true,"href":"https:\/\/www.pkcell.com\/de\/wp-json\/wp\/v2\/product-category?post=1400"},{"taxonomy":"product-size","embeddable":true,"href":"https:\/\/www.pkcell.com\/de\/wp-json\/wp\/v2\/product-size?post=1400"},{"taxonomy":"retail-country","embeddable":true,"href":"https:\/\/www.pkcell.com\/de\/wp-json\/wp\/v2\/retail-country?post=1400"}],"curies":[{"name":"wp","href":"https:\/\/api.w.org\/{rel}","templated":true}]}}