{"id":1412,"date":"2024-08-01T15:55:51","date_gmt":"2024-08-01T07:55:51","guid":{"rendered":"https:\/\/www.pkcell.com\/?post_type=product&#038;p=1412"},"modified":"2025-04-02T17:11:59","modified_gmt":"2025-04-02T09:11:59","slug":"2000mah%ef%bd%9e5000mah-lithium-polymer-akku","status":"publish","type":"product","link":"https:\/\/www.pkcell.com\/de\/product\/2000mah%ef%bd%9e5000mah-lithium-polymer-battery\/","title":{"rendered":"LP402025 150mAh 3.7V"},"content":{"rendered":"<ul>\n<li>Gr\u00f6\u00dfe:4,0\u00d720x25mm<\/li>\n<li>Kapazit\u00e4t:2500mAh<\/li>\n<li>Betriebstemperatur: -20-60\u2103<\/li>\n<li>IEC62133, CE, UN38.3, RoHS, REAC<\/li>\n<\/ul>","protected":false},"featured_media":2253,"parent":0,"menu_order":0,"template":"","meta":{"_acf_changed":true},"product-category":[56,23],"product-size":[],"retail-country":[],"class_list":["post-1412","product","type-product","status-publish","has-post-thumbnail","hentry","product-category-lithium-polymer-battery","product-category-rechargeable-batteries"],"acf":[],"_links":{"self":[{"href":"https:\/\/www.pkcell.com\/de\/wp-json\/wp\/v2\/product\/1412","targetHints":{"allow":["GET"]}}],"collection":[{"href":"https:\/\/www.pkcell.com\/de\/wp-json\/wp\/v2\/product"}],"about":[{"href":"https:\/\/www.pkcell.com\/de\/wp-json\/wp\/v2\/types\/product"}],"wp:featuredmedia":[{"embeddable":true,"href":"https:\/\/www.pkcell.com\/de\/wp-json\/wp\/v2\/media\/2253"}],"wp:attachment":[{"href":"https:\/\/www.pkcell.com\/de\/wp-json\/wp\/v2\/media?parent=1412"}],"wp:term":[{"taxonomy":"product-category","embeddable":true,"href":"https:\/\/www.pkcell.com\/de\/wp-json\/wp\/v2\/product-category?post=1412"},{"taxonomy":"product-size","embeddable":true,"href":"https:\/\/www.pkcell.com\/de\/wp-json\/wp\/v2\/product-size?post=1412"},{"taxonomy":"retail-country","embeddable":true,"href":"https:\/\/www.pkcell.com\/de\/wp-json\/wp\/v2\/retail-country?post=1412"}],"curies":[{"name":"wp","href":"https:\/\/api.w.org\/{rel}","templated":true}]}}