{"id":16042,"date":"2024-11-06T09:20:49","date_gmt":"2024-11-06T01:20:49","guid":{"rendered":"https:\/\/www.pkcell.com\/?post_type=product&#038;p=16042"},"modified":"2025-03-18T15:50:11","modified_gmt":"2025-03-18T07:50:11","slug":"icr14650-li-ionen-akku","status":"publish","type":"product","link":"https:\/\/www.pkcell.com\/de\/product\/icr14650-li-ion-battery\/","title":{"rendered":"ICR14650 Li-Ionen-Akku"},"content":{"rendered":"<ul>\n<li>Gr\u00f6\u00dfe: 14,2\u00d765 mm<\/li>\n<li>Kapazit\u00e4t: 1000, 1200 mAh<\/li>\n<li>Betriebstemperatur: -20-60\u2103<\/li>\n<\/ul>","protected":false},"featured_media":16044,"parent":0,"menu_order":0,"template":"","meta":{"_acf_changed":true},"product-category":[55,23],"product-size":[],"retail-country":[],"class_list":["post-16042","product","type-product","status-publish","has-post-thumbnail","hentry","product-category-lithium-ion-battery","product-category-rechargeable-batteries"],"acf":[],"_links":{"self":[{"href":"https:\/\/www.pkcell.com\/de\/wp-json\/wp\/v2\/product\/16042","targetHints":{"allow":["GET"]}}],"collection":[{"href":"https:\/\/www.pkcell.com\/de\/wp-json\/wp\/v2\/product"}],"about":[{"href":"https:\/\/www.pkcell.com\/de\/wp-json\/wp\/v2\/types\/product"}],"wp:featuredmedia":[{"embeddable":true,"href":"https:\/\/www.pkcell.com\/de\/wp-json\/wp\/v2\/media\/16044"}],"wp:attachment":[{"href":"https:\/\/www.pkcell.com\/de\/wp-json\/wp\/v2\/media?parent=16042"}],"wp:term":[{"taxonomy":"product-category","embeddable":true,"href":"https:\/\/www.pkcell.com\/de\/wp-json\/wp\/v2\/product-category?post=16042"},{"taxonomy":"product-size","embeddable":true,"href":"https:\/\/www.pkcell.com\/de\/wp-json\/wp\/v2\/product-size?post=16042"},{"taxonomy":"retail-country","embeddable":true,"href":"https:\/\/www.pkcell.com\/de\/wp-json\/wp\/v2\/retail-country?post=16042"}],"curies":[{"name":"wp","href":"https:\/\/api.w.org\/{rel}","templated":true}]}}