{"id":13,"date":"2024-07-09T15:51:33","date_gmt":"2024-07-09T07:51:33","guid":{"rendered":"https:\/\/www.pkcell.com\/?page_id=13"},"modified":"2025-02-05T09:47:57","modified_gmt":"2025-02-05T01:47:57","slug":"oem","status":"publish","type":"page","link":"https:\/\/www.pkcell.com\/es\/oem\/","title":{"rendered":"OEM"},"content":{"rendered":"<div data-elementor-type=\"wp-page\" data-elementor-id=\"13\" class=\"elementor elementor-13\" data-elementor-post-type=\"page\">\n\t\t\t\t<div class=\"elementor-element elementor-element-0f2930f maincontent e-con-full e-flex e-con e-parent\" data-id=\"0f2930f\" data-element_type=\"container\" data-e-type=\"container\">\n\t\t\t\t<div class=\"elementor-element elementor-element-5f3c2b3 elementor-widget elementor-widget-ucaddon_breadcrumb\" data-id=\"5f3c2b3\" data-element_type=\"widget\" data-e-type=\"widget\" data-widget_type=\"ucaddon_breadcrumb.default\">\n\t\t\t\t<div class=\"elementor-widget-container\">\n\t\t\t\t\t\n<!-- start Breadcrumb -->\n\n<div class=\"breadcrumb\">\n  <div class=\"maincontainer\">\n    <div class=\"box\">\n      <a href=\"\/es\/\">Inicio<\/a>\n      <span> - <\/span>\n\n\n<a href=\"https:\/\/www.pkcell.com\/es\/oem\/\" class=\"on\">OEM<\/a>\n\n\n\n    <\/div>\n  <\/div>\n<\/div>\n<!-- end Breadcrumb -->\t\t\t\t<\/div>\n\t\t\t\t<\/div>\n\t\t\t\t<div class=\"elementor-element elementor-element-a69ac7e elementor-widget elementor-widget-ucaddon_page_introduce_title\" data-id=\"a69ac7e\" data-element_type=\"widget\" data-e-type=\"widget\" data-widget_type=\"ucaddon_page_introduce_title.default\">\n\t\t\t\t<div class=\"elementor-widget-container\">\n\t\t\t\t\t\n<!-- start Page Introduce Title -->\n\n<div class=\"padt40 padb40 introduce w8\">\n  <div class=\"maincontainer\" style=\"background-image\">\n    <div class=\"current_title\">\n      <h1 class=\"size42 wow fadeInUpSmall\">\n                \tOEM\/ODM\n              <\/h1>\n      <div class=\"size18 text wow fadeInUpSmall\">\n        Con un servicio personalizado y de valor a\u00f1adido, Pkcell ofrece una experiencia \u00fanica.\n      <\/div>\n    <\/div>\n  <\/div>\n<\/div>\n<!-- end Page Introduce Title -->\t\t\t\t<\/div>\n\t\t\t\t<\/div>\n\t\t\t\t<div class=\"elementor-element elementor-element-1062f59 elementor-widget elementor-widget-ucaddon_text_left_banner\" data-id=\"1062f59\" data-element_type=\"widget\" data-e-type=\"widget\" data-widget_type=\"ucaddon_text_left_banner.default\">\n\t\t\t\t<div class=\"elementor-widget-container\">\n\t\t\t\t\t\n<!-- start Text Left Banner -->\n\n<div class=\"obanner other\">\n  <img decoding=\"async\" class=\"pImg\" src=\"https:\/\/www.pkcell.com\/wp-content\/uploads\/obanner3-768x280.jpg\">\n  <img decoding=\"async\" class=\"mImg\" src=\"https:\/\/www.pkcell.com\/wp-content\/uploads\/obanner3-m-768x653.jpg\">\n  <div class=\"maincontainer obanner-title\">\n    <div class=\"box wow fadeInUpSmall\">\n            <div class=\"size18 txt\">\n        Podemos ayudarle con el dise\u00f1o, el montaje y la entrega. \n<br><br>\n<srong>Proceso OEM\/ODM:<\/stong><br><br>\n1. An\u00e1lisis de la demanda <br>\n2. Evaluaci\u00f3n de viabilidad y presupuesto <br>\n3. 3. Dise\u00f1o y desarrollo <br>\n4. Producci\u00f3n de muestras y pruebas <br>\n5. 5. Producci\u00f3n en masa <br>\n6. Entrega y servicio posventa\n      <\/div>\n            <div class=\"current-btn white\">\n        <a href=\"#Quote_Form\">\n          <i><\/i>SOLICITAR PRESUPUESTO\n        <\/a>\n      <\/div>\n          <\/div>\n  <\/div>\n<\/div>\n<!-- end Text Left Banner -->\t\t\t\t<\/div>\n\t\t\t\t<\/div>\n\t\t\t\t<div class=\"elementor-element elementor-element-7f0aaff elementor-widget elementor-widget-ucaddon_customization_process\" data-id=\"7f0aaff\" data-element_type=\"widget\" data-e-type=\"widget\" data-widget_type=\"ucaddon_customization_process.default\">\n\t\t\t\t<div class=\"elementor-widget-container\">\n\t\t\t\t\t\n<!-- start Customization Process -->\n\n<div class=\"padt90 padb136 process\">\n  <div class=\"maincontainer\">\n    <div class=\"current_title center wow fadeInUpSmall\">\n      <h3 class=\"size42\">\n        Proceso de personalizaci\u00f3n de Pkcell\n      <\/h3>\n    <\/div>\n  <\/div>\n  <div class=\"box wow fadeInUpSmall\">\n    <div class=\"swiper\">\n      <div class=\"swiper-wrapper\">\n        <div class=\"swiper-slide\">\n  <div class=\"order\">\n    01\n  <\/div>\n  <div class=\"icon\">\n    <img decoding=\"async\" src=\"https:\/\/www.pkcell.com\/wp-content\/uploads\/icon49.png\"\/>\n  <\/div>\n  <div class=\"t1\">\n    An\u00e1lisis de la demanda\n  <\/div>\n  <div class=\"size18 t2\">\n    <p>H\u00e1blenos de sus requisitos espec\u00edficos para el producto de la bater\u00eda.<\/p><p>\u00a0<\/p><ol><li><strong>Tipo de bater\u00eda<\/strong><\/li><li><strong>T\u00e9cnico <\/strong><strong>especificaciones<\/strong><\/li><li><strong>Aplicaci\u00f3n <\/strong><strong>escenarios<\/strong><\/li><li><strong>Requisitos de rendimiento<\/strong><\/li><li><strong>Presupuesto y cantidad<\/strong><\/li><li><strong>Otros requisitos especiales (por ejemplo, materiales respetuosos con el medio ambiente, certificaciones, etc.)<\/strong><\/li><\/ol>\n  <\/div>\n<\/div>\n<div class=\"swiper-slide\">\n  <div class=\"order\">\n    02\n  <\/div>\n  <div class=\"icon\">\n    <img decoding=\"async\" src=\"https:\/\/www.pkcell.com\/wp-content\/uploads\/icon50.png\"\/>\n  <\/div>\n  <div class=\"t1\">\n    Evaluar la viabilidad \n  <\/div>\n  <div class=\"size18 t2\">\n    <p>Evaluaremos la viabilidad de sus necesidades:<\/p><p>\u00a0<\/p><ol><li><strong>Capacidades t\u00e9cnicas<\/strong><\/li><li><strong>Capacidad de producci\u00f3n<\/strong><\/li><li><strong>Coste<\/strong><\/li><\/ol>\n  <\/div>\n<\/div>\n<div class=\"swiper-slide\">\n  <div class=\"order\">\n    03\n  <\/div>\n  <div class=\"icon\">\n    <img decoding=\"async\" src=\"https:\/\/www.pkcell.com\/wp-content\/uploads\/icon49.png\"\/>\n  <\/div>\n  <div class=\"t1\">\n    Presupuesto\n  <\/div>\n  <div class=\"size18 t2\">\n    <p>Le facilitaremos un presupuesto detallado que incluye:<\/p><p>\u00a0<\/p><ol><li><strong>Precio unitario<\/strong><\/li><li><strong>Plazo de entrega<\/strong><\/li><li><strong>Condiciones de pago<\/strong><\/li><li><strong>Otras condiciones<\/strong><\/li><\/ol>\n  <\/div>\n<\/div>\n<div class=\"swiper-slide\">\n  <div class=\"order\">\n    04\n  <\/div>\n  <div class=\"icon\">\n    <img decoding=\"async\" src=\"https:\/\/www.pkcell.com\/wp-content\/uploads\/icon51.png\"\/>\n  <\/div>\n  <div class=\"t1\">\n    Dise\u00f1o y desarrollo \n  <\/div>\n  <div class=\"size18 t2\">\n    <p>Dise\u00f1aremos y desarrollaremos la bater\u00eda en funci\u00f3n de sus requisitos:<\/p><p>\u00a0<\/p><ol><li><strong>Dise\u00f1o de la estructura de la bater\u00eda<\/strong><\/li><li><strong>Selecci\u00f3n del material de la bater\u00eda<\/strong><\/li><li><strong>Dise\u00f1o del SGE<\/strong><\/li><li><strong>Producci\u00f3n de muestras<\/strong><\/li><\/ol>\n  <\/div>\n<\/div>\n<div class=\"swiper-slide\">\n  <div class=\"order\">\n    05\n  <\/div>\n  <div class=\"icon\">\n    <img decoding=\"async\" src=\"https:\/\/www.pkcell.com\/wp-content\/uploads\/icon52.png\"\/>\n  <\/div>\n  <div class=\"t1\">\n    Producci\u00f3n de muestras y pruebas\n  <\/div>\n  <div class=\"size18 t2\">\n    Le enviaremos muestras para que las pruebe y valide y se asegure de que cumplen sus requisitos.\n  <\/div>\n<\/div>\n<div class=\"swiper-slide\">\n  <div class=\"order\">\n    06\n  <\/div>\n  <div class=\"icon\">\n    <img decoding=\"async\" src=\"https:\/\/www.pkcell.com\/wp-content\/uploads\/icon49.png\"\/>\n  <\/div>\n  <div class=\"t1\">\n    Producci\u00f3n en serie\n  <\/div>\n  <div class=\"size18 t2\">\n    Si est\u00e1 satisfecho con las muestras, comenzamos la producci\u00f3n en serie.<br>\nEstableceremos un estricto sistema de control de calidad para garantizar la consistencia y fiabilidad del producto.\n  <\/div>\n<\/div>\n<div class=\"swiper-slide\">\n  <div class=\"order\">\n    07\n  <\/div>\n  <div class=\"icon\">\n    <img decoding=\"async\" src=\"https:\/\/www.pkcell.com\/wp-content\/uploads\/icon50.png\"\/>\n  <\/div>\n  <div class=\"t1\">\n    Entrega \n  <\/div>\n  <div class=\"size18 t2\">\n    Entregaremos la bater\u00eda en el puerto seg\u00fan el plazo y el m\u00e9todo especificados en el contrato.\n  <\/div>\n<\/div>\n \n      <\/div>\n      <div class=\"swiper-pagination\"><\/div>\n    <\/div>\n  <\/div>\n<\/div>\n<!-- end Customization Process -->\t\t\t\t<\/div>\n\t\t\t\t<\/div>\n\t\t\t\t<div class=\"elementor-element elementor-element-6617d46 elementor-widget elementor-widget-image\" data-id=\"6617d46\" data-element_type=\"widget\" data-e-type=\"widget\" data-widget_type=\"image.default\">\n\t\t\t\t<div class=\"elementor-widget-container\">\n\t\t\t\t\t\t\t\t\t\t\t\t\t\t\t<img decoding=\"async\" width=\"1920\" height=\"800\" src=\"https:\/\/www.pkcell.com\/wp-content\/uploads\/report.jpg\" class=\"attachment-full size-full wp-image-3147\" alt=\"\" srcset=\"https:\/\/www.pkcell.com\/wp-content\/uploads\/report.jpg 1920w, https:\/\/www.pkcell.com\/wp-content\/uploads\/report-300x125.jpg 300w, https:\/\/www.pkcell.com\/wp-content\/uploads\/report-1024x427.jpg 1024w, https:\/\/www.pkcell.com\/wp-content\/uploads\/report-768x320.jpg 768w, https:\/\/www.pkcell.com\/wp-content\/uploads\/report-1536x640.jpg 1536w, https:\/\/www.pkcell.com\/wp-content\/uploads\/report-18x8.jpg 18w\" sizes=\"(max-width: 1920px) 100vw, 1920px\" \/>\t\t\t\t\t\t\t\t\t\t\t\t\t\t\t<\/div>\n\t\t\t\t<\/div>\n\t\t\t\t<div class=\"elementor-element elementor-element-5b6625a elementor-widget elementor-widget-ucaddon_case_display_carousel\" data-id=\"5b6625a\" data-element_type=\"widget\" data-e-type=\"widget\" data-widget_type=\"ucaddon_case_display_carousel.default\">\n\t\t\t\t<div class=\"elementor-widget-container\">\n\t\t\t\t\t\n<!-- start Case Display Carousel -->\n\n<div class=\"padt110 padb100 case-display\" style=\"background-image: url(https:\/\/www.pkcell.com\/wp-content\/uploads\/img41.jpg);\">\n  <div class=\"maincontainer\">\n    <div class=\"current_title center wow fadeInUpSmall\">\n      <h3 class=\"size42\">\n        L\u00ednea de producci\u00f3n\n      <\/h3>\n    <\/div>\n  <\/div>\n  <div class=\"box wow fadeInUpSmall\">\n    <div class=\"swiper\">\n      <div class=\"swiper-wrapper\">\n        <div class=\"swiper-slide\">\n  <a href=\"\">\n    <div class=\"imgbox\">\n      <img decoding=\"async\" src=\"https:\/\/www.pkcell.com\/wp-content\/uploads\/IMG_4908-scaled.jpg\"\/>\n    <\/div>\n    <div class=\"textbox\">\n      <span class=\"size24\">\n        \n      <\/span>\n    <\/div>\n  <\/a>\n<\/div>\n<div class=\"swiper-slide\">\n  <a href=\"\">\n    <div class=\"imgbox\">\n      <img decoding=\"async\" src=\"https:\/\/www.pkcell.com\/wp-content\/uploads\/2-6.png\"\/>\n    <\/div>\n    <div class=\"textbox\">\n      <span class=\"size24\">\n        \n      <\/span>\n    <\/div>\n  <\/a>\n<\/div>\n<div class=\"swiper-slide\">\n  <a href=\"\">\n    <div class=\"imgbox\">\n      <img decoding=\"async\" src=\"https:\/\/www.pkcell.com\/wp-content\/uploads\/1-7.png\"\/>\n    <\/div>\n    <div class=\"textbox\">\n      <span class=\"size24\">\n        \n      <\/span>\n    <\/div>\n  <\/a>\n<\/div>\n<div class=\"swiper-slide\">\n  <a href=\"\">\n    <div class=\"imgbox\">\n      <img decoding=\"async\" src=\"https:\/\/www.pkcell.com\/wp-content\/uploads\/IMG_4962-scaled.jpg\"\/>\n    <\/div>\n    <div class=\"textbox\">\n      <span class=\"size24\">\n        \n      <\/span>\n    <\/div>\n  <\/a>\n<\/div>\n<div class=\"swiper-slide\">\n  <a href=\"\">\n    <div class=\"imgbox\">\n      <img decoding=\"async\" src=\"https:\/\/www.pkcell.com\/wp-content\/uploads\/IMG_4909-scaled.jpg\"\/>\n    <\/div>\n    <div class=\"textbox\">\n      <span class=\"size24\">\n        \n      <\/span>\n    <\/div>\n  <\/a>\n<\/div>\n<div class=\"swiper-slide\">\n  <a href=\"\">\n    <div class=\"imgbox\">\n      <img decoding=\"async\" src=\"https:\/\/www.pkcell.com\/wp-content\/uploads\/IMG_4886-scaled.jpg\"\/>\n    <\/div>\n    <div class=\"textbox\">\n      <span class=\"size24\">\n        \n      <\/span>\n    <\/div>\n  <\/a>\n<\/div>\n<div class=\"swiper-slide\">\n  <a href=\"\">\n    <div class=\"imgbox\">\n      <img decoding=\"async\" src=\"https:\/\/www.pkcell.com\/wp-content\/uploads\/IMG_5128-scaled.jpg\"\/>\n    <\/div>\n    <div class=\"textbox\">\n      <span class=\"size24\">\n        \n      <\/span>\n    <\/div>\n  <\/a>\n<\/div>\n\n      <\/div>\n      <div class=\"swiper-button-next general-btn\"><\/div>\n      <div class=\"swiper-button-prev general-btn\"><\/div>\n    <\/div>\n  <\/div>\n<\/div>\n<!-- end Case Display Carousel -->\t\t\t\t<\/div>\n\t\t\t\t<\/div>\n\t\t\t\t<div class=\"elementor-element elementor-element-0246cd3 elementor-widget elementor-widget-menu-anchor\" data-id=\"0246cd3\" data-element_type=\"widget\" data-e-type=\"widget\" data-widget_type=\"menu-anchor.default\">\n\t\t\t\t<div class=\"elementor-widget-container\">\n\t\t\t\t\t\t\t<div class=\"elementor-menu-anchor\" id=\"Quote_Form\"><\/div>\n\t\t\t\t\t\t<\/div>\n\t\t\t\t<\/div>\n\t\t\t\t<div class=\"elementor-element elementor-element-5ea58c4 elementor-widget elementor-widget-ucaddon_contact_submit_form\" data-id=\"5ea58c4\" data-element_type=\"widget\" data-e-type=\"widget\" data-widget_type=\"ucaddon_contact_submit_form.default\">\n\t\t\t\t<div class=\"elementor-widget-container\">\n\t\t\t\t\t\n<!-- start Contact Submit Form -->\n\n<div class=\"padb136 Get_in_Touch\">\n\t\t\t\t<div class=\"maincontainer\">\n\t\t\t\t\t<div class=\"box\">\n\t\t\t\t\t\t<div class=\"current_title center\">\n\t\t\t\t\t\t\t<h3 class=\"size42 wow fadeInUpSmall\">\n\t\t\t\t\t\t\t\tSOLICITAR PRESUPUESTO\n\t\t\t\t\t\t\t<\/h3>\n\t\t\t\t\t\t\t<div class=\"size20 text wow fadeInUpSmall\">\n\t\t\t\t\t\t\t\tPuede ponerse en contacto con nosotros por tel\u00e9fono, correo electr\u00f3nico o rellenando el siguiente formulario. Nuestro objetivo es responder a todas las consultas en 24 horas.\t\t\t\t\t\t\t\n                          \t<\/div>\n\t\t\t\t\t\t<\/div>\n                    \n\n\t\t\t\t\t\t<div class=\"wrap\">\n\t\t\t\t\t\t\t<div class=\"infor\">\n\t\t\t\t\t\t\t\t<ul>\n\t\t\t\t\t\t\t\t\n\t\t\t\t\t\t\t\t\t<li class=\"wow fadeInUpSmall\">\n\t\t\t\t\t\t\t\t\t\t<div class=\"item\">\n\t\t\t\t\t\t\t\t\t\t\t<div class=\"icon\">\n\t\t\t\t    \t\t\t\t\t\t\t<img decoding=\"async\"  src=\"https:\/\/www.pkcell.com\/wp-content\/uploads\/icon19.png\">\n\t\t\t\t    \t\t\t\t\t\t<\/div>\n\t\t\t\t    \t\t\t\t\t\t<div class=\"size18 text\">\n\t\t\t\t    \t\t\t\t\t\t\t<div class=\"t1\">\n\t\t\t\t    \t\t\t\t\t\t\t\tCorreo electr\u00f3nico\n\t\t\t\t    \t\t\t\t\t\t\t<\/div>\n\t\t\t\t    \t\t\t\t\t\t\t<div class=\"t2\">\n\t\t\t\t\t\t\t\t\t\t\t\t\tinfo@pkcell.com\n\t\t\t\t    \t\t\t\t\t\t\t<\/div>\n\t\t\t\t    \t\t\t\t\t\t<\/div>\n\t\t\t\t\t\t\t\t\t\t<\/div>\n\t\t\t\t\t\t\t\t\t<\/li>\n\t\t\t\t\t\t\t\t\t<li class=\"wow fadeInUpSmall\">\n\t\t\t\t\t\t\t\t\t\t<div class=\"item\">\n\t\t\t\t\t\t\t\t\t\t\t<div class=\"icon\">\n\t\t\t\t    \t\t\t\t\t\t\t<img decoding=\"async\"  src=\"https:\/\/www.pkcell.com\/wp-content\/uploads\/icon20.png\">\n\t\t\t\t    \t\t\t\t\t\t<\/div>\n\t\t\t\t    \t\t\t\t\t\t<div class=\"size18 text\">\n\t\t\t\t    \t\t\t\t\t\t\t<div class=\"t1\">\n\t\t\t\t    \t\t\t\t\t\t\t\tDirecci\u00f3n de la empresa\n\t\t\t\t    \t\t\t\t\t\t\t<\/div>\n\t\t\t\t    \t\t\t\t\t\t\t<div class=\"t2\">\n\t\t\t\t\t\t\t\t\t\t\t\t\t9th Floor , Block B, Hongrongyuan North Station Center, No. 328, Mintang Road, Longhua District, Shenzhen,China,518110\n\t\t\t\t    \t\t\t\t\t\t\t<\/div>\n\t\t\t\t    \t\t\t\t\t\t<\/div>\n\t\t\t\t\t\t\t\t\t\t<\/div>\n\t\t\t\t\t\t\t\t\t<\/li>\n\t\t\t\t\t\t\t\t<\/ul>\n\t\t\t\t\t\t\t<\/div>\n\t\t\t\t\t\t\t<div class=\"formBox\">\n                              \t\n<div class=\"wpcf7 no-js\" id=\"wpcf7-f345-o1\" lang=\"en-US\" dir=\"ltr\" data-wpcf7-id=\"345\">\n<div class=\"screen-reader-response\"><p role=\"status\" aria-live=\"polite\" aria-atomic=\"true\"><\/p> <ul><\/ul><\/div>\n<form action=\"\/es\/wp-json\/wp\/v2\/pages\/13#wpcf7-f345-o1\" method=\"post\" class=\"wpcf7-form init\" aria-label=\"Formulario de contacto\" novalidate=\"novalidate\" data-status=\"init\" data-trp-original-action=\"\/es\/wp-json\/wp\/v2\/pages\/13#wpcf7-f345-o1\">\n<fieldset class=\"hidden-fields-container\"><input type=\"hidden\" name=\"_wpcf7\" value=\"345\" \/><input type=\"hidden\" name=\"_wpcf7_version\" value=\"6.1.5\" \/><input type=\"hidden\" name=\"_wpcf7_locale\" value=\"en_US\" \/><input type=\"hidden\" name=\"_wpcf7_unit_tag\" value=\"wpcf7-f345-o1\" \/><input type=\"hidden\" name=\"_wpcf7_container_post\" value=\"0\" \/><input type=\"hidden\" name=\"_wpcf7_posted_data_hash\" value=\"\" \/><input type=\"hidden\" name=\"_wpcf7_recaptcha_response\" value=\"\" \/>\n<\/fieldset>\n<div class=\"inputLi wow fadeInUpSmall\">\n\t<p><span class=\"wpcf7-form-control-wrap\" data-name=\"Name\"><input size=\"40\" maxlength=\"400\" class=\"wpcf7-form-control wpcf7-text wpcf7-validates-as-required size18\" aria-required=\"true\" aria-invalid=\"false\" placeholder=\"Nombre\" value=\"\" type=\"text\" name=\"Name\" \/><\/span>\n\t<\/p>\n<\/div>\n<div class=\"inputLi wow fadeInUpSmall\">\n\t<p><span class=\"wpcf7-form-control-wrap\" data-name=\"Email\"><input size=\"40\" maxlength=\"400\" class=\"wpcf7-form-control wpcf7-email wpcf7-validates-as-required wpcf7-text wpcf7-validates-as-email size18\" aria-required=\"true\" aria-invalid=\"false\" placeholder=\"Correo electr\u00f3nico\" value=\"\" type=\"email\" name=\"Email\" \/><\/span>\n\t<\/p>\n<\/div>\n<div class=\"inputLi wow fadeInUpSmall\">\n\t<p><span class=\"wpcf7-form-control-wrap\" data-name=\"WhatsAppTelPhone\"><input size=\"40\" maxlength=\"400\" class=\"wpcf7-form-control wpcf7-tel wpcf7-text wpcf7-validates-as-tel size18\" aria-invalid=\"false\" placeholder=\"WhatsApp(Con c\u00f3digo de pa\u00eds)\" value=\"\" type=\"tel\" name=\"WhatsAppTelPhone\" \/><\/span>\n\t<\/p>\n<\/div>\n<div class=\"inputLi wow fadeInUpSmall\">\n\t<p><span class=\"wpcf7-form-control-wrap\" data-name=\"Company\"><input size=\"40\" maxlength=\"400\" class=\"wpcf7-form-control wpcf7-text size18\" aria-invalid=\"false\" placeholder=\"Empresa\" value=\"\" type=\"text\" name=\"Company\" \/><\/span>\n\t<\/p>\n<\/div>\n<div class=\"textareaLi wow fadeInUpSmall\">\n\t<p><span class=\"wpcf7-form-control-wrap\" data-name=\"Message\"><textarea cols=\"40\" rows=\"10\" maxlength=\"2000\" class=\"wpcf7-form-control wpcf7-textarea wpcf7-validates-as-required size18\" aria-required=\"true\" aria-invalid=\"false\" placeholder=\"Mensaje\" name=\"Message\"><\/textarea><\/span>\n\t<\/p>\n<\/div>\n<div class=\"inputBtn wow fadeInUpSmall\">\n\t<p><input class=\"wpcf7-form-control wpcf7-submit has-spinner size18\" type=\"submit\" value=\"SOLICITAR PRESUPUESTO\" \/>\n\t<\/p>\n<\/div><div class=\"wpcf7-response-output\" aria-hidden=\"true\"><\/div>\n<input type=\"hidden\" name=\"trp-form-language\" value=\"es\"\/><\/form>\n<\/div>\n\n\t\t\t\t\t\t\t<\/div>\n\t\t\t\t\t\t<\/div>\n\t\t\t\t\t<\/div>\n\t\t\t\t<\/div>\n\t\t\t<\/div>\n<!-- end Contact Submit Form -->\t\t\t\t<\/div>\n\t\t\t\t<\/div>\n\t\t\t\t<\/div>\n\t\t\t\t<\/div>","protected":false},"excerpt":{"rendered":"<p>Home &#8211; OEM\/ODM With a customized and value-added service, Pkcell offer a one-of-a-kind experience. We can help you with design, assembly, and delivery. OEM\/ODM Process: 1. Demand Analysis 2. Feasibility Assessment and Quotation 3. Design and Development 4. Sample Production and Testing 5. Mass Production 6. Delivery and After-Sales Service GET A QUOTE Pkcell Customization [&hellip;]<\/p>\n","protected":false},"author":7,"featured_media":0,"parent":0,"menu_order":0,"comment_status":"closed","ping_status":"closed","template":"","meta":{"_acf_changed":false,"footnotes":""},"class_list":["post-13","page","type-page","status-publish","hentry"],"acf":[],"_links":{"self":[{"href":"https:\/\/www.pkcell.com\/es\/wp-json\/wp\/v2\/pages\/13","targetHints":{"allow":["GET"]}}],"collection":[{"href":"https:\/\/www.pkcell.com\/es\/wp-json\/wp\/v2\/pages"}],"about":[{"href":"https:\/\/www.pkcell.com\/es\/wp-json\/wp\/v2\/types\/page"}],"author":[{"embeddable":true,"href":"https:\/\/www.pkcell.com\/es\/wp-json\/wp\/v2\/users\/7"}],"replies":[{"embeddable":true,"href":"https:\/\/www.pkcell.com\/es\/wp-json\/wp\/v2\/comments?post=13"}],"version-history":[{"count":0,"href":"https:\/\/www.pkcell.com\/es\/wp-json\/wp\/v2\/pages\/13\/revisions"}],"wp:attachment":[{"href":"https:\/\/www.pkcell.com\/es\/wp-json\/wp\/v2\/media?parent=13"}],"curies":[{"name":"wp","href":"https:\/\/api.w.org\/{rel}","templated":true}]}}