{"id":19,"date":"2024-07-09T15:54:03","date_gmt":"2024-07-09T07:54:03","guid":{"rendered":"https:\/\/www.pkcell.com\/?page_id=19"},"modified":"2025-04-02T08:58:17","modified_gmt":"2025-04-02T00:58:17","slug":"distribuidor","status":"publish","type":"page","link":"https:\/\/www.pkcell.com\/es\/distributor\/","title":{"rendered":"Distribuidor"},"content":{"rendered":"<div data-elementor-type=\"wp-page\" data-elementor-id=\"19\" class=\"elementor elementor-19\" data-elementor-post-type=\"page\">\n\t\t\t\t<div class=\"elementor-element elementor-element-231b1d5 maincontent e-con-full e-flex e-con e-parent\" data-id=\"231b1d5\" data-element_type=\"container\" data-e-type=\"container\">\n\t\t\t\t<div class=\"elementor-element elementor-element-083a401 elementor-widget elementor-widget-ucaddon_breadcrumb\" data-id=\"083a401\" data-element_type=\"widget\" data-e-type=\"widget\" data-widget_type=\"ucaddon_breadcrumb.default\">\n\t\t\t\t<div class=\"elementor-widget-container\">\n\t\t\t\t\t\n<!-- start Breadcrumb -->\n\n<div class=\"breadcrumb\">\n  <div class=\"maincontainer\">\n    <div class=\"box\">\n      <a href=\"\/es\/\">Inicio<\/a>\n      <span> - <\/span>\n\n\n<a href=\"\" class=\"\">Venta al por mayor<\/a>\n\n\n<span> - <\/span>\n\n\n<a href=\"https:\/\/www.pkcell.com\/es\/distributor\/\" class=\"on\">Distribuidor<\/a>\n\n\n\n    <\/div>\n  <\/div>\n<\/div>\n<!-- end Breadcrumb -->\t\t\t\t<\/div>\n\t\t\t\t<\/div>\n\t\t\t\t<div class=\"elementor-element elementor-element-f4c4dfb elementor-widget elementor-widget-ucaddon_page_introduce_title\" data-id=\"f4c4dfb\" data-element_type=\"widget\" data-e-type=\"widget\" data-widget_type=\"ucaddon_page_introduce_title.default\">\n\t\t\t\t<div class=\"elementor-widget-container\">\n\t\t\t\t\t\n<!-- start Page Introduce Title -->\n\n<div class=\"padt40 padb40 introduce w8\">\n  <div class=\"maincontainer\" style=\"background-image\">\n    <div class=\"current_title\">\n      <h1 class=\"size42 wow fadeInUpSmall\">\n                \tAmpl\u00ede su negocio con la red mundial de Pkcell\n              <\/h1>\n      <div class=\"size18 text wow fadeInUpSmall\">\n        \u00danase a nuestra red mundial de distribuidores y desbloquee nuevas oportunidades para el crecimiento y el \u00e9xito de su negocio.\n\n<br>Con una s\u00f3lida reputaci\u00f3n y una presencia consolidada en el mercado mundial, las bater\u00edas Pkcell son reconocidas por su valor y rendimiento, lo que facilita su penetraci\u00f3n en nuevos mercados.\n      <\/div>\n    <\/div>\n  <\/div>\n<\/div>\n<!-- end Page Introduce Title -->\t\t\t\t<\/div>\n\t\t\t\t<\/div>\n\t\t\t\t<div class=\"elementor-element elementor-element-0e855fe elementor-widget elementor-widget-ucaddon_text_left_banner\" data-id=\"0e855fe\" data-element_type=\"widget\" data-e-type=\"widget\" data-widget_type=\"ucaddon_text_left_banner.default\">\n\t\t\t\t<div class=\"elementor-widget-container\">\n\t\t\t\t\t\n<!-- start Text Left Banner -->\n\n<div class=\"obanner\">\n  <img decoding=\"async\" class=\"pImg\" src=\"https:\/\/www.pkcell.com\/wp-content\/uploads\/\u63e1\u624b-cover-768x280.jpg\">\n  <img decoding=\"async\" class=\"mImg\" src=\"https:\/\/www.pkcell.com\/wp-content\/uploads\/2-4-768x653.jpg\">\n  <div class=\"maincontainer obanner-title\">\n    <div class=\"box wow fadeInUpSmall\">\n              <h2 class=\"size42\">\n          M\u00e1s informaci\u00f3n sobre nuestros productos y servicios\uff01.\n        <\/h2>\n            <div class=\"size18 txt\">\n        El cliente primero es nuestro compromiso. Ofrecemos un completo servicio de asistencia t\u00e9cnica y atenci\u00f3n al cliente para asegurarnos de que recibe la mejor orientaci\u00f3n en cada paso de su elecci\u00f3n. Nos comprometemos a ofrecerle soluciones las 24 horas del d\u00eda y a proporcionarle muestras en un plazo de 7 d\u00edas.\n      <\/div>\n            <div class=\"current-btn white\">\n        <a href=\"#Quote_Form\">\n          <i><\/i>SOLICITAR PRESUPUESTO\n        <\/a>\n      <\/div>\n          <\/div>\n  <\/div>\n<\/div>\n<!-- end Text Left Banner -->\t\t\t\t<\/div>\n\t\t\t\t<\/div>\n\t\t\t\t<div class=\"elementor-element elementor-element-217066f elementor-widget elementor-widget-ucaddon_distributor_benefits_carousel\" data-id=\"217066f\" data-element_type=\"widget\" data-e-type=\"widget\" data-widget_type=\"ucaddon_distributor_benefits_carousel.default\">\n\t\t\t\t<div class=\"elementor-widget-container\">\n\t\t\t\t\t\n<!-- start Distributor Benefits Carousel -->\n\n<div class=\"padt80 padb100 distributor_benefits\">\n  <div class=\"maincontainer\">\n    <div class=\"current_title center\">\n      <h2 class=\"size42 wow fadeInUpSmall\">\n        \u00bfPor qu\u00e9 asociarse con Pkcell?\n      <\/h2>\n    <\/div>\n    <div class=\"box\">\n      <div class=\"swiper mySwiper1 wow fadeInUpSmall\">\n        <div class=\"swiper-wrapper\">\n          <div class=\"swiper-slide\">\n  <div class=\"item\">\n    <div class=\"icon\">\n      <img decoding=\"async\" class=\"ic1\" src=\"https:\/\/www.pkcell.com\/wp-content\/uploads\/icon30.png\"\/>\n      <img decoding=\"async\" class=\"ic2\" src=\"https:\/\/www.pkcell.com\/wp-content\/uploads\/icon30a.png\"\/>\n    <\/div>\n    <div class=\"txt\">\n      Alta calidad y fiabilidad\n    <\/div>\n  <\/div>\n<\/div>\n<div class=\"swiper-slide\">\n  <div class=\"item\">\n    <div class=\"icon\">\n      <img decoding=\"async\" class=\"ic1\" src=\"https:\/\/www.pkcell.com\/wp-content\/uploads\/icon31.png\"\/>\n      <img decoding=\"async\" class=\"ic2\" src=\"https:\/\/www.pkcell.com\/wp-content\/uploads\/icon31a.png\"\/>\n    <\/div>\n    <div class=\"txt\">\n      Amplio conocimiento de la marca\n    <\/div>\n  <\/div>\n<\/div>\n<div class=\"swiper-slide\">\n  <div class=\"item\">\n    <div class=\"icon\">\n      <img decoding=\"async\" class=\"ic1\" src=\"https:\/\/www.pkcell.com\/wp-content\/uploads\/icon32.png\"\/>\n      <img decoding=\"async\" class=\"ic2\" src=\"https:\/\/www.pkcell.com\/wp-content\/uploads\/icon32a.png\"\/>\n    <\/div>\n    <div class=\"txt\">\n      Alta rentabilidad\n    <\/div>\n  <\/div>\n<\/div>\n<div class=\"swiper-slide\">\n  <div class=\"item\">\n    <div class=\"icon\">\n      <img decoding=\"async\" class=\"ic1\" src=\"https:\/\/www.pkcell.com\/wp-content\/uploads\/icon33.png\"\/>\n      <img decoding=\"async\" class=\"ic2\" src=\"https:\/\/www.pkcell.com\/wp-content\/uploads\/icon33a.png\"\/>\n    <\/div>\n    <div class=\"txt\">\n      Beneficio protegido\n    <\/div>\n  <\/div>\n<\/div>\n<div class=\"swiper-slide\">\n  <div class=\"item\">\n    <div class=\"icon\">\n      <img decoding=\"async\" class=\"ic1\" src=\"https:\/\/www.pkcell.com\/wp-content\/uploads\/icon34.png\"\/>\n      <img decoding=\"async\" class=\"ic2\" src=\"https:\/\/www.pkcell.com\/wp-content\/uploads\/icon34a.png\"\/>\n    <\/div>\n    <div class=\"txt\">\n      Apoyo integral\n    <\/div>\n  <\/div>\n<\/div>\n \n        <\/div>\n      <\/div>\n      <div class=\"swiper mySwiper2 wow fadeInUpSmall\">\n        <div class=\"swiper-wrapper\">\n          <div class=\"swiper-slide\">\n   <div class=\"item\">\n     <div class=\"textbox\">\n       <div class=\"text\">\n         <div class=\"icon\">\n           <img decoding=\"async\" src=\"https:\/\/www.pkcell.com\/wp-content\/uploads\/icon30.png\"\/>\n         <\/div>\n         <div class=\"size30 t1\">\n           Estricto proceso de control de calidad\n         <\/div>\n         <div class=\"size18 t2\">\n           Todas las pilas pkcell han pasado <strong>KC, UL, MSDS, CB, UN38.3, certificado PSE<\/strong>. Adem\u00e1s, las bater\u00edas Pkcell se someten a 52 controles de proceso, 102 procedimientos de montaje y 22 pruebas de producto acabado, lo que garantiza una calidad y fiabilidad de primera.\n         <\/div>\n       <\/div>\n     <\/div>\n     <div class=\"imgbox\">\n       <img decoding=\"async\" src=\"https:\/\/www.pkcell.com\/wp-content\/uploads\/\u8d28\u91cf\u68c0\u6d4b-1.jpg\"\/>\n     <\/div>\n   <\/div>\n<\/div>\n<div class=\"swiper-slide\">\n   <div class=\"item\">\n     <div class=\"textbox\">\n       <div class=\"text\">\n         <div class=\"icon\">\n           <img decoding=\"async\" src=\"https:\/\/www.pkcell.com\/wp-content\/uploads\/icon31.png\"\/>\n         <\/div>\n         <div class=\"size30 t1\">\n           Amplio conocimiento de la marca\n         <\/div>\n         <div class=\"size18 t2\">\n           Con m\u00e1s de 20 a\u00f1os de experiencia, pkcell bateery se ha exportado a m\u00e1s de 100 pa\u00edses y se ha forjado una s\u00f3lida presencia mundial y una reputaci\u00f3n de excelencia. Nuestras bater\u00edas gozan de la confianza de clientes de todo el mundo, incluidos grandes minoristas como Walmart. \n         <\/div>\n       <\/div>\n     <\/div>\n     <div class=\"imgbox\">\n       <img decoding=\"async\" src=\"https:\/\/www.pkcell.com\/wp-content\/uploads\/walmart-1.jpg\"\/>\n     <\/div>\n   <\/div>\n<\/div>\n<div class=\"swiper-slide\">\n   <div class=\"item\">\n     <div class=\"textbox\">\n       <div class=\"text\">\n         <div class=\"icon\">\n           <img decoding=\"async\" src=\"https:\/\/www.pkcell.com\/wp-content\/uploads\/icon32.png\"\/>\n         <\/div>\n         <div class=\"size30 t1\">\n           Alta rentabilidad\n         <\/div>\n         <div class=\"size18 t2\">\n           Ofrecemos precios competitivos y estructuras de descuento exclusivas, que garantizan m\u00e1rgenes de beneficio saludables para su negocio. Nuestra baja inversi\u00f3n inicial y nuestro modelo de negocio de gran volumen y bajos m\u00e1rgenes hacen de las bater\u00edas Pkcell una opci\u00f3n atractiva para las empresas.\n         <\/div>\n       <\/div>\n     <\/div>\n     <div class=\"imgbox\">\n       <img decoding=\"async\" src=\"https:\/\/www.pkcell.com\/wp-content\/uploads\/Profit.jpg\"\/>\n     <\/div>\n   <\/div>\n<\/div>\n<div class=\"swiper-slide\">\n   <div class=\"item\">\n     <div class=\"textbox\">\n       <div class=\"text\">\n         <div class=\"icon\">\n           <img decoding=\"async\" src=\"https:\/\/www.pkcell.com\/wp-content\/uploads\/icon33.png\"\/>\n         <\/div>\n         <div class=\"size30 t1\">\n           Beneficio protegido\n         <\/div>\n         <div class=\"size18 t2\">\n           Pkcell se compromete a proteger los beneficios de nuestros distribuidores. Nuestra pol\u00edtica de protecci\u00f3n del cliente final garantiza que no vendemos directamente a los usuarios finales, salvaguardando su cuota de mercado. \n         <\/div>\n       <\/div>\n     <\/div>\n     <div class=\"imgbox\">\n       <img decoding=\"async\" src=\"https:\/\/www.pkcell.com\/wp-content\/uploads\/protect-interest.jpg\"\/>\n     <\/div>\n   <\/div>\n<\/div>\n<div class=\"swiper-slide\">\n   <div class=\"item\">\n     <div class=\"textbox\">\n       <div class=\"text\">\n         <div class=\"icon\">\n           <img decoding=\"async\" src=\"https:\/\/www.pkcell.com\/wp-content\/uploads\/icon34.png\"\/>\n         <\/div>\n         <div class=\"size30 t1\">\n           Apoyo integral\n         <\/div>\n         <div class=\"size18 t2\">\n           Proporcionamos servicios integrales de apoyo al mercado, que incluyen estrategia y materiales de marketing. Tambi\u00e9n ofrecemos formaci\u00f3n exhaustiva sobre productos y asistencia t\u00e9cnica continua para garantizar que usted y su equipo dispongan de los conocimientos necesarios para atender a sus clientes con eficacia.\n         <\/div>\n       <\/div>\n     <\/div>\n     <div class=\"imgbox\">\n       <img decoding=\"async\" src=\"https:\/\/www.pkcell.com\/wp-content\/uploads\/support.jpg\"\/>\n     <\/div>\n   <\/div>\n<\/div>\n\n        <\/div>\n      <\/div>\n    <\/div>\n  <\/div>\n<\/div>\n<!-- end Distributor Benefits Carousel -->\t\t\t\t<\/div>\n\t\t\t\t<\/div>\n\t\t\t\t<div class=\"elementor-element elementor-element-95af915 elementor-widget elementor-widget-ucaddon_distributor_network\" data-id=\"95af915\" data-element_type=\"widget\" data-e-type=\"widget\" data-widget_type=\"ucaddon_distributor_network.default\">\n\t\t\t\t<div class=\"elementor-widget-container\">\n\t\t\t\t\t\n<!-- start Distributor Network -->\n\n<div class=\"padt90 distributor_network\" style=\"background-image: url(https:\/\/www.pkcell.com\/wp-content\/uploads\/img26.png);\">\n  <div class=\"maincontainer\">\n    <div class=\"current_title center\">\n      <h2 class=\"size42 wow fadeInUpSmall\">\n        Red mundial de distribuidores\n      <\/h2>\n      <div class=\"size18 text wow fadeInUpSmall\">\n        Nuestra colaboraci\u00f3n con los clientes concesionarios tiene una historia de m\u00e1s de diez a\u00f1os, y actualmente contamos con una red de concesionarios y agentes en m\u00e1s de 60 pa\u00edses de todo el mundo, y este n\u00famero sigue creciendo de forma constante. \n      <\/div>\n    <\/div>\n    <div class=\"box wow fadeInUpSmall\">\n      <img decoding=\"async\" src=\"https:\/\/www.pkcell.com\/wp-content\/uploads\/img27.png\"\/>\n    <\/div>\n  <\/div>\n<\/div>\n<!-- end Distributor Network -->\t\t\t\t<\/div>\n\t\t\t\t<\/div>\n\t\t\t\t<div class=\"elementor-element elementor-element-7686061 elementor-widget elementor-widget-menu-anchor\" data-id=\"7686061\" data-element_type=\"widget\" data-e-type=\"widget\" data-widget_type=\"menu-anchor.default\">\n\t\t\t\t<div class=\"elementor-widget-container\">\n\t\t\t\t\t\t\t<div class=\"elementor-menu-anchor\" id=\"Quote_Form\"><\/div>\n\t\t\t\t\t\t<\/div>\n\t\t\t\t<\/div>\n\t\t\t\t<div class=\"elementor-element elementor-element-ea8ec1a elementor-widget elementor-widget-ucaddon_contact_submit_form\" data-id=\"ea8ec1a\" data-element_type=\"widget\" data-e-type=\"widget\" data-widget_type=\"ucaddon_contact_submit_form.default\">\n\t\t\t\t<div class=\"elementor-widget-container\">\n\t\t\t\t\t\n<!-- start Contact Submit Form -->\n\n<div class=\"padb136 Get_in_Touch\">\n\t\t\t\t<div class=\"maincontainer\">\n\t\t\t\t\t<div class=\"box\">\n\t\t\t\t\t\t<div class=\"current_title center\">\n\t\t\t\t\t\t\t<h3 class=\"size42 wow fadeInUpSmall\">\n\t\t\t\t\t\t\t\tSOLICITAR PRESUPUESTO\n\t\t\t\t\t\t\t<\/h3>\n\t\t\t\t\t\t\t<div class=\"size20 text wow fadeInUpSmall\">\n\t\t\t\t\t\t\t\tPuede ponerse en contacto con nosotros por tel\u00e9fono, correo electr\u00f3nico o rellenando el siguiente formulario. Nuestro objetivo es responder a todas las consultas en 24 horas.\t\t\t\t\t\t\t\n                          \t<\/div>\n\t\t\t\t\t\t<\/div>\n                    \n\n\t\t\t\t\t\t<div class=\"wrap\">\n\t\t\t\t\t\t\t<div class=\"infor\">\n\t\t\t\t\t\t\t\t<ul>\n\t\t\t\t\t\t\t\t\n\t\t\t\t\t\t\t\t\t<li class=\"wow fadeInUpSmall\">\n\t\t\t\t\t\t\t\t\t\t<div class=\"item\">\n\t\t\t\t\t\t\t\t\t\t\t<div class=\"icon\">\n\t\t\t\t    \t\t\t\t\t\t\t<img decoding=\"async\"  src=\"https:\/\/www.pkcell.com\/wp-content\/uploads\/icon19.png\">\n\t\t\t\t    \t\t\t\t\t\t<\/div>\n\t\t\t\t    \t\t\t\t\t\t<div class=\"size18 text\">\n\t\t\t\t    \t\t\t\t\t\t\t<div class=\"t1\">\n\t\t\t\t    \t\t\t\t\t\t\t\tCorreo electr\u00f3nico\n\t\t\t\t    \t\t\t\t\t\t\t<\/div>\n\t\t\t\t    \t\t\t\t\t\t\t<div class=\"t2\">\n\t\t\t\t\t\t\t\t\t\t\t\t\tinfo@pkcell.com\n\t\t\t\t    \t\t\t\t\t\t\t<\/div>\n\t\t\t\t    \t\t\t\t\t\t<\/div>\n\t\t\t\t\t\t\t\t\t\t<\/div>\n\t\t\t\t\t\t\t\t\t<\/li>\n\t\t\t\t\t\t\t\t\t<li class=\"wow fadeInUpSmall\">\n\t\t\t\t\t\t\t\t\t\t<div class=\"item\">\n\t\t\t\t\t\t\t\t\t\t\t<div class=\"icon\">\n\t\t\t\t    \t\t\t\t\t\t\t<img decoding=\"async\"  src=\"https:\/\/www.pkcell.com\/wp-content\/uploads\/icon20.png\">\n\t\t\t\t    \t\t\t\t\t\t<\/div>\n\t\t\t\t    \t\t\t\t\t\t<div class=\"size18 text\">\n\t\t\t\t    \t\t\t\t\t\t\t<div class=\"t1\">\n\t\t\t\t    \t\t\t\t\t\t\t\tDirecci\u00f3n de la empresa\n\t\t\t\t    \t\t\t\t\t\t\t<\/div>\n\t\t\t\t    \t\t\t\t\t\t\t<div class=\"t2\">\n\t\t\t\t\t\t\t\t\t\t\t\t\t9th Floor , Block B, Hongrongyuan North Station Center, No. 328, Mintang Road, Longhua District, Shenzhen,China,518110\n\t\t\t\t    \t\t\t\t\t\t\t<\/div>\n\t\t\t\t    \t\t\t\t\t\t<\/div>\n\t\t\t\t\t\t\t\t\t\t<\/div>\n\t\t\t\t\t\t\t\t\t<\/li>\n\t\t\t\t\t\t\t\t<\/ul>\n\t\t\t\t\t\t\t<\/div>\n\t\t\t\t\t\t\t<div class=\"formBox\">\n                              \t\n<div class=\"wpcf7 no-js\" id=\"wpcf7-f345-o1\" lang=\"en-US\" dir=\"ltr\" data-wpcf7-id=\"345\">\n<div class=\"screen-reader-response\"><p role=\"status\" aria-live=\"polite\" aria-atomic=\"true\"><\/p> <ul><\/ul><\/div>\n<form action=\"\/es\/wp-json\/wp\/v2\/pages\/19#wpcf7-f345-o1\" method=\"post\" class=\"wpcf7-form init\" aria-label=\"Formulario de contacto\" novalidate=\"novalidate\" data-status=\"init\" data-trp-original-action=\"\/es\/wp-json\/wp\/v2\/pages\/19#wpcf7-f345-o1\">\n<fieldset class=\"hidden-fields-container\"><input type=\"hidden\" name=\"_wpcf7\" value=\"345\" \/><input type=\"hidden\" name=\"_wpcf7_version\" value=\"6.1.5\" \/><input type=\"hidden\" name=\"_wpcf7_locale\" value=\"en_US\" \/><input type=\"hidden\" name=\"_wpcf7_unit_tag\" value=\"wpcf7-f345-o1\" \/><input type=\"hidden\" name=\"_wpcf7_container_post\" value=\"0\" \/><input type=\"hidden\" name=\"_wpcf7_posted_data_hash\" value=\"\" \/><input type=\"hidden\" name=\"_wpcf7_recaptcha_response\" value=\"\" \/>\n<\/fieldset>\n<div class=\"inputLi wow fadeInUpSmall\">\n\t<p><span class=\"wpcf7-form-control-wrap\" data-name=\"Name\"><input size=\"40\" maxlength=\"400\" class=\"wpcf7-form-control wpcf7-text wpcf7-validates-as-required size18\" aria-required=\"true\" aria-invalid=\"false\" placeholder=\"Nombre\" value=\"\" type=\"text\" name=\"Name\" \/><\/span>\n\t<\/p>\n<\/div>\n<div class=\"inputLi wow fadeInUpSmall\">\n\t<p><span class=\"wpcf7-form-control-wrap\" data-name=\"Email\"><input size=\"40\" maxlength=\"400\" class=\"wpcf7-form-control wpcf7-email wpcf7-validates-as-required wpcf7-text wpcf7-validates-as-email size18\" aria-required=\"true\" aria-invalid=\"false\" placeholder=\"Correo electr\u00f3nico\" value=\"\" type=\"email\" name=\"Email\" \/><\/span>\n\t<\/p>\n<\/div>\n<div class=\"inputLi wow fadeInUpSmall\">\n\t<p><span class=\"wpcf7-form-control-wrap\" data-name=\"WhatsAppTelPhone\"><input size=\"40\" maxlength=\"400\" class=\"wpcf7-form-control wpcf7-tel wpcf7-text wpcf7-validates-as-tel size18\" aria-invalid=\"false\" placeholder=\"WhatsApp(Con c\u00f3digo de pa\u00eds)\" value=\"\" type=\"tel\" name=\"WhatsAppTelPhone\" \/><\/span>\n\t<\/p>\n<\/div>\n<div class=\"inputLi wow fadeInUpSmall\">\n\t<p><span class=\"wpcf7-form-control-wrap\" data-name=\"Company\"><input size=\"40\" maxlength=\"400\" class=\"wpcf7-form-control wpcf7-text size18\" aria-invalid=\"false\" placeholder=\"Empresa\" value=\"\" type=\"text\" name=\"Company\" \/><\/span>\n\t<\/p>\n<\/div>\n<div class=\"textareaLi wow fadeInUpSmall\">\n\t<p><span class=\"wpcf7-form-control-wrap\" data-name=\"Message\"><textarea cols=\"40\" rows=\"10\" maxlength=\"2000\" class=\"wpcf7-form-control wpcf7-textarea wpcf7-validates-as-required size18\" aria-required=\"true\" aria-invalid=\"false\" placeholder=\"Mensaje\" name=\"Message\"><\/textarea><\/span>\n\t<\/p>\n<\/div>\n<div class=\"inputBtn wow fadeInUpSmall\">\n\t<p><input class=\"wpcf7-form-control wpcf7-submit has-spinner size18\" type=\"submit\" value=\"SOLICITAR PRESUPUESTO\" \/>\n\t<\/p>\n<\/div><div class=\"wpcf7-response-output\" aria-hidden=\"true\"><\/div>\n<input type=\"hidden\" name=\"trp-form-language\" value=\"es\"\/><\/form>\n<\/div>\n\n\t\t\t\t\t\t\t<\/div>\n\t\t\t\t\t\t<\/div>\n\t\t\t\t\t<\/div>\n\t\t\t\t<\/div>\n\t\t\t<\/div>\n<!-- end Contact Submit Form -->\t\t\t\t<\/div>\n\t\t\t\t<\/div>\n\t\t\t\t<\/div>\n\t\t\t\t<\/div>","protected":false},"excerpt":{"rendered":"<p>Home &#8211; Wholesale &#8211; Expand Your Business with Pkcell&#8217;s Global Network Join our global network of distributors and unlock new opportunities for your business growth and success. With a strong reputation and established presence in the global market, Pkcell batteries are recognized for our value and performance, making it easier for you to penetrate new [&hellip;]<\/p>\n","protected":false},"author":7,"featured_media":0,"parent":0,"menu_order":0,"comment_status":"closed","ping_status":"closed","template":"","meta":{"_acf_changed":false,"footnotes":""},"class_list":["post-19","page","type-page","status-publish","hentry"],"acf":[],"_links":{"self":[{"href":"https:\/\/www.pkcell.com\/es\/wp-json\/wp\/v2\/pages\/19","targetHints":{"allow":["GET"]}}],"collection":[{"href":"https:\/\/www.pkcell.com\/es\/wp-json\/wp\/v2\/pages"}],"about":[{"href":"https:\/\/www.pkcell.com\/es\/wp-json\/wp\/v2\/types\/page"}],"author":[{"embeddable":true,"href":"https:\/\/www.pkcell.com\/es\/wp-json\/wp\/v2\/users\/7"}],"replies":[{"embeddable":true,"href":"https:\/\/www.pkcell.com\/es\/wp-json\/wp\/v2\/comments?post=19"}],"version-history":[{"count":0,"href":"https:\/\/www.pkcell.com\/es\/wp-json\/wp\/v2\/pages\/19\/revisions"}],"wp:attachment":[{"href":"https:\/\/www.pkcell.com\/es\/wp-json\/wp\/v2\/media?parent=19"}],"curies":[{"name":"wp","href":"https:\/\/api.w.org\/{rel}","templated":true}]}}