{"id":21,"date":"2024-07-09T15:54:44","date_gmt":"2024-07-09T07:54:44","guid":{"rendered":"https:\/\/www.pkcell.com\/?page_id=21"},"modified":"2024-09-05T11:33:54","modified_gmt":"2024-09-05T03:33:54","slug":"acerca-de","status":"publish","type":"page","link":"https:\/\/www.pkcell.com\/es\/about\/","title":{"rendered":"Acerca de"},"content":{"rendered":"<div data-elementor-type=\"wp-page\" data-elementor-id=\"21\" class=\"elementor elementor-21\" data-elementor-post-type=\"page\">\n\t\t\t\t<div class=\"elementor-element elementor-element-efe7fca maincontent e-con-full e-flex e-con e-parent\" data-id=\"efe7fca\" data-element_type=\"container\" data-e-type=\"container\">\n\t\t\t\t<div class=\"elementor-element elementor-element-cb41b18 elementor-widget elementor-widget-ucaddon_breadcrumb\" data-id=\"cb41b18\" data-element_type=\"widget\" data-e-type=\"widget\" data-widget_type=\"ucaddon_breadcrumb.default\">\n\t\t\t\t<div class=\"elementor-widget-container\">\n\t\t\t\t\t\n<!-- start Breadcrumb -->\n\n<div class=\"breadcrumb\">\n  <div class=\"maincontainer\">\n    <div class=\"box\">\n      <a href=\"\/es\/\">Inicio<\/a>\n      <span> - <\/span>\n\n\n<a href=\"#\" class=\"\">Descubra<\/a>\n\n\n<span> - <\/span>\n\n\n<a href=\"https:\/\/www.pkcell.com\/es\/about\/\" class=\"on\">Acerca de<\/a>\n\n\n\n    <\/div>\n  <\/div>\n<\/div>\n<!-- end Breadcrumb -->\t\t\t\t<\/div>\n\t\t\t\t<\/div>\n\t\t\t\t<div class=\"elementor-element elementor-element-5407211 elementor-widget elementor-widget-ucaddon_about_introduction\" data-id=\"5407211\" data-element_type=\"widget\" data-e-type=\"widget\" data-widget_type=\"ucaddon_about_introduction.default\">\n\t\t\t\t<div class=\"elementor-widget-container\">\n\t\t\t\t\t\n<!-- start About Introduction -->\n\n<div class=\"padt40 padb40 about\">\n  <div class=\"pkcell wow fadeInRight\">\n    <img decoding=\"async\" src=\"https:\/\/www.pkcell.com\/wp-content\/uploads\/img15.png\"\/>\n  <\/div>\n  <div class=\"maincontainer\">\n    <div class=\"current_title\">\n      <h3 class=\"size42 wow fadeInUpSmall\">\n        Pkcell: Su socio global de confianza en bater\u00edas\n      <\/h3>\n      <div class=\"size18 text wow fadeInUpSmall\">\n        Pkcell, fundada en 1998, es uno de los principales fabricantes chinos de bater\u00edas, especializado en soluciones energ\u00e9ticas fiables e innovadoras. <br>Con un avanzado <span style=\"color:#043d82; font-weight:bold;\">28,000 \u33a1<\/span> instalaciones y un equipo de <span style=\"color:#043d82; font-weight:bold;\">50+<\/span> expertos dedicados a I+D, <br>Hemos exportado bater\u00edas de alta calidad a clientes de m\u00e1s de <span style=\"color:#043d82; font-weight:bold;\">100+<\/span> pa\u00edses.\n\n      <\/div>\n    <\/div>\n    <div class=\"box\">\n      <div class=\"imgbox wow fadeInUpSmall\">\n        <img decoding=\"async\" src=\"https:\/\/www.pkcell.com\/wp-content\/uploads\/factory-scaled.jpg\"\/>\n      <\/div>\n      <div class=\"size18 textbox wow fadeInUpSmall\">\n        <h3><strong>Nuestra experiencia:<\/strong><\/h3>\n<br>\n<p>Ofrecemos una amplia gama de bater\u00edas, entre las que se incluyen <strong>pilas alcalinas, de carbono-zinc, de bot\u00f3n, de Li-SOCl2, de Li-MnO2, recargables de NiMH\/NiCd, de iones de litio y bater\u00edas. <\/strong>Nuestras soluciones impulsan diversos sectores, desde la seguridad y los dispositivos m\u00e9dicos hasta los hogares inteligentes y la electr\u00f3nica de consumo.<\/p>\n<br>\n<h3><strong>Por qu\u00e9 elegir Pkcell:<\/strong><\/h3>\n<br>\n<ul>\n    <li>\n        <b>1. Historial probado:<\/b> M\u00e1s de 20 a\u00f1os de experiencia y una clientela fiel, que incluye <b>Walmart<\/b> y otras marcas mundiales.\n    <\/li>\n<br>\n    <li>\n        <b>2. Garant\u00eda de calidad:<\/b> IEC, CE, <b>RoHS<\/b>y 98\/101\/CE, lo que garantiza la m\u00e1xima seguridad y rendimiento.\n    <\/li><br>\n    <li>\n        <b>3. Innovaci\u00f3n y personalizaci\u00f3n:<\/b> Un equipo especializado de I+D formado por m\u00e1s de 30 ingenieros que ofrece soluciones a medida y <b>OEM\/ODM<\/b> servicios para satisfacer sus necesidades espec\u00edficas.\n    <\/li><br>\n    <li>\n        <b>4. Enfoque centrado en el cliente:<\/b> Comprometidos con el suministro de nuevos productos energ\u00e9ticos \"ecol\u00f3gicos, respetuosos con el medio ambiente y rentables\" y con un excepcional servicio de atenci\u00f3n al cliente.\n    <\/li>\n<\/ul>\n      <\/div>\n    <\/div>\n    <div class=\"wrap\">\n      <ul>\n        <li class=\"wow fadeInUpSmall\">\n  <div class=\"size60\">\n    <span class=\"timer\">28000<\/span>\u33a1  <\/div>\n  <div class=\"size24\">\n    Almac\u00e9n\n  <\/div>\n<\/li>\n<li class=\"wow fadeInUpSmall\">\n  <div class=\"size60\">\n    <span class=\"timer\">50<\/span>+  <\/div>\n  <div class=\"size24\">\n    Certificaciones\n  <\/div>\n<\/li>\n<li class=\"wow fadeInUpSmall\">\n  <div class=\"size60\">\n    <span class=\"timer\">100<\/span>+  <\/div>\n  <div class=\"size24\">\n    Pa\u00edses exportados\n  <\/div>\n<\/li>\n<li class=\"wow fadeInUpSmall\">\n  <div class=\"size60\">\n    <span class=\"timer\">50<\/span>+  <\/div>\n  <div class=\"size24\">\n    Expertos en I+D\n  <\/div>\n<\/li>\n\n      <\/ul>\n    <\/div>\n  <\/div>\n<\/div>\n<!-- end About Introduction -->\t\t\t\t<\/div>\n\t\t\t\t<\/div>\n\t\t\t\t<\/div>\n\t\t<div class=\"elementor-element elementor-element-c19241a e-con-full padt80 about_factory e-flex e-con e-child\" data-id=\"c19241a\" data-element_type=\"container\" data-e-type=\"container\">\n\t\t<div class=\"elementor-element elementor-element-e1fb547 e-con-full maincontainer e-flex e-con e-child\" data-id=\"e1fb547\" data-element_type=\"container\" data-e-type=\"container\">\n\t\t\t\t<div class=\"elementor-element elementor-element-ddf607f elementor-widget elementor-widget-ucaddon_dual_heading\" data-id=\"ddf607f\" data-element_type=\"widget\" data-e-type=\"widget\" data-widget_type=\"ucaddon_dual_heading.default\">\n\t\t\t\t<div class=\"elementor-widget-container\">\n\t\t\t\t\t\n<!-- start Dual Heading -->\n\n<div class=\"current_title center\">\n  <h3 class=\"size42 wow fadeInUpSmall\">\n    Nuestra f\u00e1brica\n  <\/h3>\n  <div class=\"size18 text wow fadeInUpSmall\">\n    Descubra nuestras eficaces l\u00edneas de producci\u00f3n y sea testigo de la perfecta combinaci\u00f3n de calidad e innovaci\u00f3n\n  <\/div>\n<\/div>\n<!-- end Dual Heading -->\t\t\t\t<\/div>\n\t\t\t\t<\/div>\n\t\t\t\t<div class=\"elementor-element elementor-element-df36b3c box wow fadeInUpSmall elementor-widget elementor-widget-video\" data-id=\"df36b3c\" data-element_type=\"widget\" data-e-type=\"widget\" data-settings=\"{&quot;youtube_url&quot;:&quot;https:\\\/\\\/www.youtube.com\\\/watch?v=RfZKjyJVpvQ&quot;,&quot;image_overlay&quot;:{&quot;url&quot;:&quot;https:\\\/\\\/www.pkcell.com\\\/wp-content\\\/uploads\\\/\\u751f\\u4ea7\\u673a\\u5668-1-scaled.jpg&quot;,&quot;id&quot;:3142,&quot;size&quot;:&quot;&quot;,&quot;alt&quot;:&quot;&quot;,&quot;source&quot;:&quot;library&quot;},&quot;lightbox&quot;:&quot;yes&quot;,&quot;show_image_overlay&quot;:&quot;yes&quot;,&quot;video_type&quot;:&quot;youtube&quot;,&quot;controls&quot;:&quot;yes&quot;}\" data-widget_type=\"video.default\">\n\t\t\t\t<div class=\"elementor-widget-container\">\n\t\t\t\t\t\t\t<div class=\"elementor-wrapper elementor-open-lightbox\">\n\t\t\t\t\t\t\t<div class=\"elementor-custom-embed-image-overlay\" data-elementor-open-lightbox=\"yes\" data-elementor-lightbox=\"{&quot;type&quot;:&quot;video&quot;,&quot;videoType&quot;:&quot;youtube&quot;,&quot;url&quot;:&quot;https:\\\/\\\/www.youtube.com\\\/embed\\\/RfZKjyJVpvQ?feature=oembed&amp;start&amp;end&amp;wmode=opaque&amp;loop=0&amp;controls=1&amp;mute=0&amp;rel=0&amp;cc_load_policy=0&quot;,&quot;autoplay&quot;:&quot;&quot;,&quot;modalOptions&quot;:{&quot;id&quot;:&quot;elementor-lightbox-df36b3c&quot;,&quot;entranceAnimation&quot;:&quot;&quot;,&quot;entranceAnimation_tablet&quot;:&quot;&quot;,&quot;entranceAnimation_mobile&quot;:&quot;&quot;,&quot;videoAspectRatio&quot;:&quot;219&quot;}}\" data-e-action-hash=\"#elementor-action%3Aaction%3Dlightbox%26settings%3DeyJ0eXBlIjoidmlkZW8iLCJ2aWRlb1R5cGUiOiJ5b3V0dWJlIiwidXJsIjoiaHR0cHM6XC9cL3d3dy55b3V0dWJlLmNvbVwvZW1iZWRcL1JmWktqeUpWcHZRP2ZlYXR1cmU9b2VtYmVkJnN0YXJ0JmVuZCZ3bW9kZT1vcGFxdWUmbG9vcD0wJmNvbnRyb2xzPTEmbXV0ZT0wJnJlbD0wJmNjX2xvYWRfcG9saWN5PTAiLCJhdXRvcGxheSI6IiIsIm1vZGFsT3B0aW9ucyI6eyJpZCI6ImVsZW1lbnRvci1saWdodGJveC1kZjM2YjNjIiwiZW50cmFuY2VBbmltYXRpb24iOiIiLCJlbnRyYW5jZUFuaW1hdGlvbl90YWJsZXQiOiIiLCJlbnRyYW5jZUFuaW1hdGlvbl9tb2JpbGUiOiIiLCJ2aWRlb0FzcGVjdFJhdGlvIjoiMjE5In19\">\n\t\t\t\t\t\t\t\t\t\t\t<img fetchpriority=\"high\" decoding=\"async\" width=\"2560\" height=\"1696\" src=\"https:\/\/www.pkcell.com\/wp-content\/uploads\/\u751f\u4ea7\u673a\u5668-1-scaled.jpg\" class=\"attachment-full size-full wp-image-3142\" alt=\"battery manufacture\" srcset=\"https:\/\/www.pkcell.com\/wp-content\/uploads\/\u751f\u4ea7\u673a\u5668-1-scaled.jpg 2560w, https:\/\/www.pkcell.com\/wp-content\/uploads\/\u751f\u4ea7\u673a\u5668-1-300x199.jpg 300w, https:\/\/www.pkcell.com\/wp-content\/uploads\/\u751f\u4ea7\u673a\u5668-1-1024x678.jpg 1024w, https:\/\/www.pkcell.com\/wp-content\/uploads\/\u751f\u4ea7\u673a\u5668-1-768x509.jpg 768w, https:\/\/www.pkcell.com\/wp-content\/uploads\/\u751f\u4ea7\u673a\u5668-1-1536x1017.jpg 1536w, https:\/\/www.pkcell.com\/wp-content\/uploads\/\u751f\u4ea7\u673a\u5668-1-2048x1357.jpg 2048w, https:\/\/www.pkcell.com\/wp-content\/uploads\/\u751f\u4ea7\u673a\u5668-1-18x12.jpg 18w\" sizes=\"(max-width: 2560px) 100vw, 2560px\" \/>\t\t\t\t\t\t\t\t\t\t\t\t\t\t\t\t<div class=\"elementor-custom-embed-play\" role=\"button\" aria-label=\"Reproducir v\u00eddeo\" tabindex=\"0\">\n\t\t\t\t\t\t\t<svg aria-hidden=\"true\" class=\"e-font-icon-svg e-eicon-play\" viewbox=\"0 0 1000 1000\" xmlns=\"http:\/\/www.w3.org\/2000\/svg\"><path d=\"M838 162C746 71 633 25 500 25 371 25 258 71 163 162 71 254 25 367 25 500 25 633 71 746 163 837 254 929 367 979 500 979 633 979 746 933 838 837 929 746 975 633 975 500 975 367 929 254 838 162M808 192C892 279 933 379 933 500 933 621 892 725 808 808 725 892 621 938 500 938 379 938 279 896 196 808 113 725 67 621 67 500 67 379 108 279 196 192 279 108 383 62 500 62 621 62 721 108 808 192M438 392V642L642 517 438 392Z\"><\/path><\/svg>\t\t\t\t\t\t<\/div>\n\t\t\t\t\t\t\t\t\t<\/div>\n\t\t\t\t\t<\/div>\n\t\t\t\t\t\t<\/div>\n\t\t\t\t<\/div>\n\t\t\t\t<\/div>\n\t\t\t\t<\/div>\n\t\t<div class=\"elementor-element elementor-element-3c08e94 e-flex e-con-boxed e-con e-parent\" data-id=\"3c08e94\" data-element_type=\"container\" data-e-type=\"container\">\n\t\t\t\t\t<div class=\"e-con-inner\">\n\t\t\t\t<div class=\"elementor-element elementor-element-1c395ba elementor-widget elementor-widget-image\" data-id=\"1c395ba\" data-element_type=\"widget\" data-e-type=\"widget\" data-widget_type=\"image.default\">\n\t\t\t\t<div class=\"elementor-widget-container\">\n\t\t\t\t\t\t\t\t\t\t\t\t\t\t\t<img decoding=\"async\" width=\"1920\" height=\"800\" src=\"https:\/\/www.pkcell.com\/wp-content\/uploads\/report.jpg\" class=\"attachment-full size-full wp-image-3147\" alt=\"\" srcset=\"https:\/\/www.pkcell.com\/wp-content\/uploads\/report.jpg 1920w, https:\/\/www.pkcell.com\/wp-content\/uploads\/report-300x125.jpg 300w, https:\/\/www.pkcell.com\/wp-content\/uploads\/report-1024x427.jpg 1024w, https:\/\/www.pkcell.com\/wp-content\/uploads\/report-768x320.jpg 768w, https:\/\/www.pkcell.com\/wp-content\/uploads\/report-1536x640.jpg 1536w, https:\/\/www.pkcell.com\/wp-content\/uploads\/report-18x8.jpg 18w\" sizes=\"(max-width: 1920px) 100vw, 1920px\" \/>\t\t\t\t\t\t\t\t\t\t\t\t\t\t\t<\/div>\n\t\t\t\t<\/div>\n\t\t\t\t\t<\/div>\n\t\t\t\t<\/div>\n\t\t<div class=\"elementor-element elementor-element-b144cf4 e-con-full e-flex e-con e-parent\" data-id=\"b144cf4\" data-element_type=\"container\" data-e-type=\"container\">\n\t\t\t\t<div class=\"elementor-element elementor-element-b8a4e7b elementor-widget elementor-widget-ucaddon_history_timeline\" data-id=\"b8a4e7b\" data-element_type=\"widget\" data-e-type=\"widget\" data-widget_type=\"ucaddon_history_timeline.default\">\n\t\t\t\t<div class=\"elementor-widget-container\">\n\t\t\t\t\t\n<!-- start History Timeline -->\n\n<div class=\"padt136 padb90 about_history\">\n  <div class=\"current_title\">\n    <div class=\"maincontainer\">\n      <h3 class=\"size42 wow fadeInUpSmall\">Historia de la empresa<\/h3>\n    <\/div>\n  <\/div>\n  <div class=\"box\">\n    <div class=\"maincontainer wow fadeInUpSmall\">\n      <div class=\"mySwiper2 slider\">\n        <div class=\"slide\">\n  <div class=\"size24 year\">\n    1998\n  <\/div>\n  <div class=\"size30 text\">\n    Empresa fundada en Shenzhen\n  <\/div>\n<\/div>\n<div class=\"slide\">\n  <div class=\"size24 year\">\n    2003\n  <\/div>\n  <div class=\"size30 text\">\n    Creaci\u00f3n de la marca PKCELL\n  <\/div>\n<\/div>\n<div class=\"slide\">\n  <div class=\"size24 year\">\n    2006\n  <\/div>\n  <div class=\"size30 text\">\n    Reconocido por ISO9001\n  <\/div>\n<\/div>\n<div class=\"slide\">\n  <div class=\"size24 year\">\n    2012\n  <\/div>\n  <div class=\"size30 text\">\n    Renovaci\u00f3n de la marca y contrataci\u00f3n de un distribuidor mundial\n  <\/div>\n<\/div>\n<div class=\"slide\">\n  <div class=\"size24 year\">\n    2016\n  <\/div>\n  <div class=\"size30 text\">\n    Creaci\u00f3n de una sucursal en el extranjero <br>Estados Unidos y Canad\u00e1\n  <\/div>\n<\/div>\n<div class=\"slide\">\n  <div class=\"size24 year\">\n    2020\n  <\/div>\n  <div class=\"size30 text\">\n    Mejora de la tecnolog\u00eda antifugas\n  <\/div>\n<\/div>\n<div class=\"slide\">\n  <div class=\"size24 year\">\n    2021\n  <\/div>\n  <div class=\"size30 text\">\n    Las ventas anuales alcanzan los 30 millones de d\u00f3lares\n  <\/div>\n<\/div>\n<div class=\"slide\">\n  <div class=\"size24 year\">\n    2023\n  <\/div>\n  <div class=\"size30 text\">\n    Desarrollo del mercado de almacenamiento de energ\u00eda\n  <\/div>\n<\/div>\n\n      <\/div>\n    <\/div>\n    <div class=\"imgbox wow fadeInUpSmall\">\n      <div class=\"mySwiper1\">\n        <ul>\n          <li>\n  <img decoding=\"async\" src=\"https:\/\/www.pkcell.com\/wp-content\/uploads\/\u516c\u53f8\u80cc\u666f.jpg\" alt=\"\"\/>\n<\/li>\n<li>\n  <img decoding=\"async\" src=\"https:\/\/www.pkcell.com\/wp-content\/uploads\/\u516c\u53f8\u80cc\u666f.jpg\" alt=\"\"\/>\n<\/li>\n<li>\n  <img decoding=\"async\" src=\"https:\/\/www.pkcell.com\/wp-content\/uploads\/\u516c\u53f8\u80cc\u666f.jpg\" alt=\"\"\/>\n<\/li>\n<li>\n  <img decoding=\"async\" src=\"https:\/\/www.pkcell.com\/wp-content\/uploads\/\u516c\u53f8\u80cc\u666f.jpg\" alt=\"\"\/>\n<\/li>\n<li>\n  <img decoding=\"async\" src=\"https:\/\/www.pkcell.com\/wp-content\/uploads\/\u516c\u53f8\u80cc\u666f.jpg\" alt=\"\"\/>\n<\/li>\n<li>\n  <img decoding=\"async\" src=\"https:\/\/www.pkcell.com\/wp-content\/uploads\/\u516c\u53f8\u80cc\u666f.jpg\" alt=\"\"\/>\n<\/li>\n<li>\n  <img decoding=\"async\" src=\"https:\/\/www.pkcell.com\/wp-content\/uploads\/\u516c\u53f8\u80cc\u666f.jpg\" alt=\"\"\/>\n<\/li>\n<li>\n  <img decoding=\"async\" src=\"https:\/\/www.pkcell.com\/wp-content\/uploads\/\u516c\u53f8\u80cc\u666f.jpg\" alt=\"\"\/>\n<\/li>\n\n        <\/ul>\n      <\/div>\n    <\/div>\n  <\/div>\n<\/div>\n<!-- end History Timeline -->\t\t\t\t<\/div>\n\t\t\t\t<\/div>\n\t\t\t\t<\/div>\n\t\t<div class=\"elementor-element elementor-element-a7a71e4 e-con-full e-flex e-con e-parent\" data-id=\"a7a71e4\" data-element_type=\"container\" data-e-type=\"container\">\n\t\t\t\t<div class=\"elementor-element elementor-element-da88fd1 elementor-widget elementor-widget-ucaddon_about_vision\" data-id=\"da88fd1\" data-element_type=\"widget\" data-e-type=\"widget\" data-widget_type=\"ucaddon_about_vision.default\">\n\t\t\t\t<div class=\"elementor-widget-container\">\n\t\t\t\t\t\n<!-- start About Vision -->\n\n<div class=\"padt90 about_vision\">\n  <div class=\"maincontainer\">\n    <div class=\"box\">\n      <div class=\"textbox\">\n        <div class=\"size42 t1 wow fadeInUpSmall\">Visi\u00f3n de la empresa<\/div>\n        <div class=\"size30 t2 wow fadeInUpSmall\">\n          Convertirse en la empresa l\u00edder mundial en marcas de bater\u00edas a gran escala.<br>\nNos esforzamos por ser un socio de confianza para nuestros clientes, ofreci\u00e9ndoles soluciones energ\u00e9ticas fiables que satisfagan sus necesidades cambiantes.\n\n        <\/div>\n      <\/div>\n      <div class=\"imgbox wow fadeInUpSmall\">\n        <img decoding=\"async\" src=\"https:\/\/www.pkcell.com\/wp-content\/uploads\/product-banner.png\" alt=\"\" \/>\n      <\/div>\n    <\/div>\n  <\/div>\n<\/div>\n<!-- end About Vision -->\t\t\t\t<\/div>\n\t\t\t\t<\/div>\n\t\t\t\t<\/div>\n\t\t<div class=\"elementor-element elementor-element-fd2b05f e-con-full e-flex e-con e-parent\" data-id=\"fd2b05f\" data-element_type=\"container\" data-e-type=\"container\">\n\t\t\t\t<div class=\"elementor-element elementor-element-aec41a0 elementor-widget elementor-widget-ucaddon_column_blocks_2\" data-id=\"aec41a0\" data-element_type=\"widget\" data-e-type=\"widget\" data-widget_type=\"ucaddon_column_blocks_2.default\">\n\t\t\t\t<div class=\"elementor-widget-container\">\n\t\t\t\t\t\n<!-- start Column Blocks 2 -->\n\n<div class=\"padt110 general_section\">\n  <div class=\"maincontainer\">\n    <ul>\n      <li class=\"wow fadeInUpSmall\">\n  <a href=\"https:\/\/www.pkcell.com\/es\/distribuidor\/\">\n    <div class=\"imgbox\">\n      <img decoding=\"async\" src=\"https:\/\/www.pkcell.com\/wp-content\/uploads\/img20.jpg\">\n    <\/div>\n    <div class=\"textbox\">\n      <div class=\"size30 t1\">\n        Convi\u00e9rtase en Distribuidor\n      <\/div>\n      <div class=\"size18 t2\">\n        \u00danase a Pkcell, crezca con nuestra red mundial de distribuidores y ampl\u00ede su negocio.\n      <\/div>\n      <div class=\"icon\"><\/div>\n    <\/div>\n  <\/a>\n<\/li>\n<li class=\"wow fadeInUpSmall\">\n  <a href=\"https:\/\/www.pkcell.com\/es\/oem\/\">\n    <div class=\"imgbox\">\n      <img decoding=\"async\" src=\"https:\/\/www.pkcell.com\/wp-content\/uploads\/img21.jpg\">\n    <\/div>\n    <div class=\"textbox\">\n      <div class=\"size30 t1\">\n        OEM\/ODM\n      <\/div>\n      <div class=\"size18 t2\">\n        Mediante la personalizaci\u00f3n y los servicios de valor a\u00f1adido, Pkcell ofrece una experiencia \u00fanica.\n      <\/div>\n      <div class=\"icon\"><\/div>\n    <\/div>\n  <\/a>\n<\/li>\n \n    <\/ul>\n  <\/div>\n<\/div>\n<!-- end Column Blocks 2 -->\t\t\t\t<\/div>\n\t\t\t\t<\/div>\n\t\t\t\t<div class=\"elementor-element elementor-element-2400077 elementor-widget elementor-widget-ucaddon_contact_submit_form\" data-id=\"2400077\" data-element_type=\"widget\" data-e-type=\"widget\" data-widget_type=\"ucaddon_contact_submit_form.default\">\n\t\t\t\t<div class=\"elementor-widget-container\">\n\t\t\t\t\t\n<!-- start Contact Submit Form -->\n\n<div class=\"padb136 Get_in_Touch\">\n\t\t\t\t<div class=\"maincontainer\">\n\t\t\t\t\t<div class=\"box\">\n\t\t\t\t\t\t<div class=\"current_title center\">\n\t\t\t\t\t\t\t<h3 class=\"size42 wow fadeInUpSmall\">\n\t\t\t\t\t\t\t\tSOLICITAR PRESUPUESTO\n\t\t\t\t\t\t\t<\/h3>\n\t\t\t\t\t\t\t<div class=\"size20 text wow fadeInUpSmall\">\n\t\t\t\t\t\t\t\tPuede ponerse en contacto con nosotros por tel\u00e9fono, correo electr\u00f3nico o rellenando el siguiente formulario. Nuestro objetivo es responder a todas las consultas en 24 horas.\t\t\t\t\t\t\t\n                          \t<\/div>\n\t\t\t\t\t\t<\/div>\n                    \n\n\t\t\t\t\t\t<div class=\"wrap\">\n\t\t\t\t\t\t\t<div class=\"infor\">\n\t\t\t\t\t\t\t\t<ul>\n\t\t\t\t\t\t\t\t\n\t\t\t\t\t\t\t\t\t<li class=\"wow fadeInUpSmall\">\n\t\t\t\t\t\t\t\t\t\t<div class=\"item\">\n\t\t\t\t\t\t\t\t\t\t\t<div class=\"icon\">\n\t\t\t\t    \t\t\t\t\t\t\t<img decoding=\"async\"  src=\"https:\/\/www.pkcell.com\/wp-content\/uploads\/icon19.png\">\n\t\t\t\t    \t\t\t\t\t\t<\/div>\n\t\t\t\t    \t\t\t\t\t\t<div class=\"size18 text\">\n\t\t\t\t    \t\t\t\t\t\t\t<div class=\"t1\">\n\t\t\t\t    \t\t\t\t\t\t\t\tCorreo electr\u00f3nico\n\t\t\t\t    \t\t\t\t\t\t\t<\/div>\n\t\t\t\t    \t\t\t\t\t\t\t<div class=\"t2\">\n\t\t\t\t\t\t\t\t\t\t\t\t\tinfo@pkcell.com\n\t\t\t\t    \t\t\t\t\t\t\t<\/div>\n\t\t\t\t    \t\t\t\t\t\t<\/div>\n\t\t\t\t\t\t\t\t\t\t<\/div>\n\t\t\t\t\t\t\t\t\t<\/li>\n\t\t\t\t\t\t\t\t\t<li class=\"wow fadeInUpSmall\">\n\t\t\t\t\t\t\t\t\t\t<div class=\"item\">\n\t\t\t\t\t\t\t\t\t\t\t<div class=\"icon\">\n\t\t\t\t    \t\t\t\t\t\t\t<img decoding=\"async\"  src=\"https:\/\/www.pkcell.com\/wp-content\/uploads\/icon20.png\">\n\t\t\t\t    \t\t\t\t\t\t<\/div>\n\t\t\t\t    \t\t\t\t\t\t<div class=\"size18 text\">\n\t\t\t\t    \t\t\t\t\t\t\t<div class=\"t1\">\n\t\t\t\t    \t\t\t\t\t\t\t\tDirecci\u00f3n de la empresa\n\t\t\t\t    \t\t\t\t\t\t\t<\/div>\n\t\t\t\t    \t\t\t\t\t\t\t<div class=\"t2\">\n\t\t\t\t\t\t\t\t\t\t\t\t\t9th Floor , Block B, Hongrongyuan North Station Center, No. 328, Mintang Road, Longhua District, Shenzhen,China,518110\n\t\t\t\t    \t\t\t\t\t\t\t<\/div>\n\t\t\t\t    \t\t\t\t\t\t<\/div>\n\t\t\t\t\t\t\t\t\t\t<\/div>\n\t\t\t\t\t\t\t\t\t<\/li>\n\t\t\t\t\t\t\t\t<\/ul>\n\t\t\t\t\t\t\t<\/div>\n\t\t\t\t\t\t\t<div class=\"formBox\">\n                              \t\n<div class=\"wpcf7 no-js\" id=\"wpcf7-f345-o1\" lang=\"en-US\" dir=\"ltr\" data-wpcf7-id=\"345\">\n<div class=\"screen-reader-response\"><p role=\"status\" aria-live=\"polite\" aria-atomic=\"true\"><\/p> <ul><\/ul><\/div>\n<form action=\"\/es\/wp-json\/wp\/v2\/pages\/21#wpcf7-f345-o1\" method=\"post\" class=\"wpcf7-form init\" aria-label=\"Formulario de contacto\" novalidate=\"novalidate\" data-status=\"init\" data-trp-original-action=\"\/es\/wp-json\/wp\/v2\/pages\/21#wpcf7-f345-o1\">\n<fieldset class=\"hidden-fields-container\"><input type=\"hidden\" name=\"_wpcf7\" value=\"345\" \/><input type=\"hidden\" name=\"_wpcf7_version\" value=\"6.1.5\" \/><input type=\"hidden\" name=\"_wpcf7_locale\" value=\"en_US\" \/><input type=\"hidden\" name=\"_wpcf7_unit_tag\" value=\"wpcf7-f345-o1\" \/><input type=\"hidden\" name=\"_wpcf7_container_post\" value=\"0\" \/><input type=\"hidden\" name=\"_wpcf7_posted_data_hash\" value=\"\" \/><input type=\"hidden\" name=\"_wpcf7_recaptcha_response\" value=\"\" \/>\n<\/fieldset>\n<div class=\"inputLi wow fadeInUpSmall\">\n\t<p><span class=\"wpcf7-form-control-wrap\" data-name=\"Name\"><input size=\"40\" maxlength=\"400\" class=\"wpcf7-form-control wpcf7-text wpcf7-validates-as-required size18\" aria-required=\"true\" aria-invalid=\"false\" placeholder=\"Nombre\" value=\"\" type=\"text\" name=\"Name\" \/><\/span>\n\t<\/p>\n<\/div>\n<div class=\"inputLi wow fadeInUpSmall\">\n\t<p><span class=\"wpcf7-form-control-wrap\" data-name=\"Email\"><input size=\"40\" maxlength=\"400\" class=\"wpcf7-form-control wpcf7-email wpcf7-validates-as-required wpcf7-text wpcf7-validates-as-email size18\" aria-required=\"true\" aria-invalid=\"false\" placeholder=\"Correo electr\u00f3nico\" value=\"\" type=\"email\" name=\"Email\" \/><\/span>\n\t<\/p>\n<\/div>\n<div class=\"inputLi wow fadeInUpSmall\">\n\t<p><span class=\"wpcf7-form-control-wrap\" data-name=\"WhatsAppTelPhone\"><input size=\"40\" maxlength=\"400\" class=\"wpcf7-form-control wpcf7-tel wpcf7-text wpcf7-validates-as-tel size18\" aria-invalid=\"false\" placeholder=\"WhatsApp(Con c\u00f3digo de pa\u00eds)\" value=\"\" type=\"tel\" name=\"WhatsAppTelPhone\" \/><\/span>\n\t<\/p>\n<\/div>\n<div class=\"inputLi wow fadeInUpSmall\">\n\t<p><span class=\"wpcf7-form-control-wrap\" data-name=\"Company\"><input size=\"40\" maxlength=\"400\" class=\"wpcf7-form-control wpcf7-text size18\" aria-invalid=\"false\" placeholder=\"Empresa\" value=\"\" type=\"text\" name=\"Company\" \/><\/span>\n\t<\/p>\n<\/div>\n<div class=\"textareaLi wow fadeInUpSmall\">\n\t<p><span class=\"wpcf7-form-control-wrap\" data-name=\"Message\"><textarea cols=\"40\" rows=\"10\" maxlength=\"2000\" class=\"wpcf7-form-control wpcf7-textarea wpcf7-validates-as-required size18\" aria-required=\"true\" aria-invalid=\"false\" placeholder=\"Mensaje\" name=\"Message\"><\/textarea><\/span>\n\t<\/p>\n<\/div>\n<div class=\"inputBtn wow fadeInUpSmall\">\n\t<p><input class=\"wpcf7-form-control wpcf7-submit has-spinner size18\" type=\"submit\" value=\"SOLICITAR PRESUPUESTO\" \/>\n\t<\/p>\n<\/div><div class=\"wpcf7-response-output\" aria-hidden=\"true\"><\/div>\n<input type=\"hidden\" name=\"trp-form-language\" value=\"es\"\/><\/form>\n<\/div>\n\n\t\t\t\t\t\t\t<\/div>\n\t\t\t\t\t\t<\/div>\n\t\t\t\t\t<\/div>\n\t\t\t\t<\/div>\n\t\t\t<\/div>\n<!-- end Contact Submit Form -->\t\t\t\t<\/div>\n\t\t\t\t<\/div>\n\t\t\t\t<\/div>\n\t\t\t\t<\/div>","protected":false},"excerpt":{"rendered":"<p>Home &#8211; Discover &#8211; Pkcell: Your Trusted Global Battery Partner Pkcell, established in 1998, is a leading Chinese battery manufacturer specializing in reliable and innovative power solutions. With an advanced 28,000 \u33a1 facility and a team of 50+ dedicated R&amp;D experts, We have exported high-quality batteries to customers in over 100+ countries. Our Expertise: &nbsp; [&hellip;]<\/p>\n","protected":false},"author":7,"featured_media":0,"parent":0,"menu_order":0,"comment_status":"closed","ping_status":"closed","template":"","meta":{"_acf_changed":false,"footnotes":""},"class_list":["post-21","page","type-page","status-publish","hentry"],"acf":[],"_links":{"self":[{"href":"https:\/\/www.pkcell.com\/es\/wp-json\/wp\/v2\/pages\/21","targetHints":{"allow":["GET"]}}],"collection":[{"href":"https:\/\/www.pkcell.com\/es\/wp-json\/wp\/v2\/pages"}],"about":[{"href":"https:\/\/www.pkcell.com\/es\/wp-json\/wp\/v2\/types\/page"}],"author":[{"embeddable":true,"href":"https:\/\/www.pkcell.com\/es\/wp-json\/wp\/v2\/users\/7"}],"replies":[{"embeddable":true,"href":"https:\/\/www.pkcell.com\/es\/wp-json\/wp\/v2\/comments?post=21"}],"version-history":[{"count":0,"href":"https:\/\/www.pkcell.com\/es\/wp-json\/wp\/v2\/pages\/21\/revisions"}],"wp:attachment":[{"href":"https:\/\/www.pkcell.com\/es\/wp-json\/wp\/v2\/media?parent=21"}],"curies":[{"name":"wp","href":"https:\/\/api.w.org\/{rel}","templated":true}]}}