{"id":29,"date":"2024-07-09T15:55:32","date_gmt":"2024-07-09T07:55:32","guid":{"rendered":"https:\/\/www.pkcell.com\/?page_id=29"},"modified":"2025-11-24T18:40:40","modified_gmt":"2025-11-24T10:40:40","slug":"control-de-calidad","status":"publish","type":"page","link":"https:\/\/www.pkcell.com\/es\/quality-control\/","title":{"rendered":"Control de calidad"},"content":{"rendered":"<div data-elementor-type=\"wp-page\" data-elementor-id=\"29\" class=\"elementor elementor-29\" data-elementor-post-type=\"page\">\n\t\t\t\t<div class=\"elementor-element elementor-element-7e9ce26 e-con-full maincontent e-flex e-con e-parent\" data-id=\"7e9ce26\" data-element_type=\"container\" data-e-type=\"container\">\n\t\t\t\t<div class=\"elementor-element elementor-element-4b7c31a elementor-widget elementor-widget-ucaddon_breadcrumb\" data-id=\"4b7c31a\" data-element_type=\"widget\" data-e-type=\"widget\" data-widget_type=\"ucaddon_breadcrumb.default\">\n\t\t\t\t<div class=\"elementor-widget-container\">\n\t\t\t\t\t\n<!-- start Breadcrumb -->\n\n<div class=\"breadcrumb\">\n  <div class=\"maincontainer\">\n    <div class=\"box\">\n      <a href=\"\/es\/\">Inicio<\/a>\n      <span> - <\/span>\n\n\n<a href=\"#\" class=\"\">Descubra<\/a>\n\n\n<span> - <\/span>\n\n\n<a href=\"https:\/\/www.pkcell.com\/es\/quality-control\/\" class=\"on\">Control de calidad<\/a>\n\n\n\n    <\/div>\n  <\/div>\n<\/div>\n<!-- end Breadcrumb -->\t\t\t\t<\/div>\n\t\t\t\t<\/div>\n\t\t\t\t<div class=\"elementor-element elementor-element-9551514 elementor-widget elementor-widget-ucaddon_page_introduce_title\" data-id=\"9551514\" data-element_type=\"widget\" data-e-type=\"widget\" data-widget_type=\"ucaddon_page_introduce_title.default\">\n\t\t\t\t<div class=\"elementor-widget-container\">\n\t\t\t\t\t\n<!-- start Page Introduce Title -->\n\n<div class=\"padt40 padb40 introduce w8\">\n  <div class=\"maincontainer\" style=\"background-image\">\n    <div class=\"current_title\">\n      <h1 class=\"size42 wow fadeInUpSmall\">\n                \tControl de calidad\n              <\/h1>\n      <div class=\"size18 text wow fadeInUpSmall\">\n        En PKCELL, cada bater\u00eda se somete a rigurosas pruebas en cada fase de producci\u00f3n, lo que garantiza un rendimiento y una seguridad superiores.\n      <\/div>\n    <\/div>\n  <\/div>\n<\/div>\n<!-- end Page Introduce Title -->\t\t\t\t<\/div>\n\t\t\t\t<\/div>\n\t\t\t\t<div class=\"elementor-element elementor-element-85b46d9 elementor-widget elementor-widget-ucaddon_text_left_banner\" data-id=\"85b46d9\" data-element_type=\"widget\" data-e-type=\"widget\" data-widget_type=\"ucaddon_text_left_banner.default\">\n\t\t\t\t<div class=\"elementor-widget-container\">\n\t\t\t\t\t\n<!-- start Text Left Banner -->\n\n<div class=\"obanner other\">\n  <img decoding=\"async\" class=\"pImg\" src=\"https:\/\/www.pkcell.com\/wp-content\/uploads\/obanner4-768x280.jpg\">\n  <img decoding=\"async\" class=\"mImg\" src=\"https:\/\/www.pkcell.com\/wp-content\/uploads\/obanner4-m-768x653.jpg\">\n  <div class=\"maincontainer obanner-title\">\n    <div class=\"box wow fadeInUpSmall\">\n            <div class=\"size18 txt\">\n        En el campo de la fabricaci\u00f3n de bater\u00edas, el control de calidad es un eslab\u00f3n clave para garantizar la seguridad y el rendimiento del producto. PKCELL adopta una serie de meticulosos procesos de inspecci\u00f3n, desde el almacenamiento de la materia prima hasta el env\u00edo del producto acabado, y cada paso se supervisa estrictamente. Gracias a la avanzada tecnolog\u00eda de producci\u00f3n y a los equipos de automatizaci\u00f3n, combinados con un completo sistema de trazabilidad, podemos localizar y resolver r\u00e1pidamente cualquier problema de calidad. Nos comprometemos a satisfacer las necesidades de alto nivel de los clientes de todo el mundo y a proporcionar productos de bater\u00edas seguros y fiables mediante la gesti\u00f3n continua de la calidad y la innovaci\u00f3n.\n      <\/div>\n            <div class=\"current-btn white\">\n        <a href=\"\/es\/contacto\/\">\n          <i><\/i>P\u00f3ngase en contacto con nosotros\n        <\/a>\n      <\/div>\n          <\/div>\n  <\/div>\n<\/div>\n<!-- end Text Left Banner -->\t\t\t\t<\/div>\n\t\t\t\t<\/div>\n\t\t\t\t<div class=\"elementor-element elementor-element-66e95e5 elementor-widget elementor-widget-ucaddon_quality_control_process\" data-id=\"66e95e5\" data-element_type=\"widget\" data-e-type=\"widget\" data-widget_type=\"ucaddon_quality_control_process.default\">\n\t\t\t\t<div class=\"elementor-widget-container\">\n\t\t\t\t\t\n<!-- start Quality Control Process -->\n<style>\/* widget: Quality Control Process *\/\n\n.control-process .box .mySwiper2 .swiper-slide {\n\theight: auto;\n}\n\n<\/style>\n\n<div class=\"padt90 padb40 control-process\">\n  <div class=\"maincontainer\">\n    <div class=\"current_title center\">\n      <h3 class=\"size42 wow fadeInUpSmall\">\n        Proceso de control de calidad de las bater\u00edas\n      <\/h3>\n      <div class=\"size18 text wow fadeInUpSmall\">\n        Nos comprometemos a optimizar continuamente el rendimiento de los productos y las normas de seguridad mediante procesos precisos de control de calidad para satisfacer los elevados niveles de exigencia de los clientes de todo el mundo.\n      <\/div>\n    <\/div>\n    <div class=\"box\">\n      <div class=\"w1\">\n        <div class=\"swiper mySwiper2 wow fadeInUpSmall\">\n          <div class=\"swiper-wrapper\">\n            <div class=\"swiper-slide\">\n  <div class=\"imgbox\">\n    <img decoding=\"async\" src=\"https:\/\/www.pkcell.com\/wp-content\/uploads\/raw-material-of-AA-carbon-battery.webp\"\/>\n  <\/div>\n  <div class=\"textbox\">\n    <div class=\"subtit\" data-swiper-parallax=\"-1000\">\n      <h3 class=\"size24\">\n        Materia prima<br \/>inspecci\u00f3n\n      <\/h3>\n      <div class=\"icon\">\n        <img decoding=\"async\" src=\"https:\/\/www.pkcell.com\/wp-content\/uploads\/icon53a.png\"\/>\n      <\/div>\n    <\/div> \n    <ul>\n      <li data-swiper-parallax=\"-1500\">\n        <div class=\"size20 t1\">\n          Prop\u00f3sito\n        <\/div>\n        <div class=\"size18 t2\">\n          Garantizar que todas las materias primas cumplen las especificaciones requeridas antes de entrar en el proceso de producci\u00f3n.\n\n        <\/div>\n      <\/li>\n      <li data-swiper-parallax=\"-2000\">\n        <div class=\"size20 t1\">\n          Paso\n        <\/div>\n        <div class=\"size18 t2\">\n          1.Realizar pruebas de muestreo en positivo y negativo de la bater\u00eda. <br \/>\n          materiales para electrodos, separadores, electrolitos y otras materias primas.<br \/>\n          2.Comprobar las propiedades f\u00edsicas y qu\u00edmicas, incluidas la pureza y la estabilidad.<br \/>\n          3.Los materiales no conformes deben devolverse al proveedor.\n        <\/div>\n      <\/li>\n    <\/ul>\n  <\/div>\n<\/div>\n<div class=\"swiper-slide\">\n  <div class=\"imgbox\">\n    <img decoding=\"async\" src=\"https:\/\/www.pkcell.com\/wp-content\/uploads\/procedure-of-li-on-battery.webp\"\/>\n  <\/div>\n  <div class=\"textbox\">\n    <div class=\"subtit\" data-swiper-parallax=\"-1000\">\n      <h3 class=\"size24\">\n        Control de calidad durante el proceso\n      <\/h3>\n      <div class=\"icon\">\n        <img decoding=\"async\" src=\"https:\/\/www.pkcell.com\/wp-content\/uploads\/icon54a.png\"\/>\n      <\/div>\n    <\/div> \n    <ul>\n      <li data-swiper-parallax=\"-1500\">\n        <div class=\"size20 t1\">\n          Prop\u00f3sito\n        <\/div>\n        <div class=\"size18 t2\">\n          Supervisar y controlar el proceso de producci\u00f3n para evitar defectos y garantizar la consistencia del producto.\n\n        <\/div>\n      <\/li>\n      <li data-swiper-parallax=\"-2000\">\n        <div class=\"size20 t1\">\n          Paso\n        <\/div>\n        <div class=\"size18 t2\">\n          1. Implantar controles en tiempo real y controles de calidad en cada fase de producci\u00f3n (mezcla, recubrimiento, bobinado, montaje, etc.).<br>\n2. Controlar los par\u00e1metros del proceso, las condiciones del equipo y el rendimiento y el aspecto de los productos semiacabados.<br>\n3. Identificar y corregir r\u00e1pidamente cualquier desviaci\u00f3n de las normas.\n        <\/div>\n      <\/li>\n    <\/ul>\n  <\/div>\n<\/div>\n<div class=\"swiper-slide\">\n  <div class=\"imgbox\">\n    <img decoding=\"async\" src=\"https:\/\/www.pkcell.com\/wp-content\/uploads\/finish-production-of-battery-in-manyfacture2.webp\"\/>\n  <\/div>\n  <div class=\"textbox\">\n    <div class=\"subtit\" data-swiper-parallax=\"-1000\">\n      <h3 class=\"size24\">\n        Pruebas de bater\u00eda finalizadas\n      <\/h3>\n      <div class=\"icon\">\n        <img decoding=\"async\" src=\"https:\/\/www.pkcell.com\/wp-content\/uploads\/icon55a.png\"\/>\n      <\/div>\n    <\/div> \n    <ul>\n      <li data-swiper-parallax=\"-1500\">\n        <div class=\"size20 t1\">\n          Prop\u00f3sito\n        <\/div>\n        <div class=\"size18 t2\">\n          Verificar que las bater\u00edas terminadas cumplen los requisitos de dise\u00f1o y las normas de seguridad.\n        <\/div>\n      <\/li>\n      <li data-swiper-parallax=\"-2000\">\n        <div class=\"size20 t1\">\n          Paso\n        <\/div>\n        <div class=\"size18 t2\">\n          Realice pruebas exhaustivas de rendimiento de las bater\u00edas terminadas, como capacidad, tensi\u00f3n, resistencia interna, tasa de autodescarga, vida \u00fatil, protecci\u00f3n contra sobrecarga\/sobredescarga, protecci\u00f3n contra cortocircuitos, rendimiento a altas y bajas temperaturas, pruebas de vibraci\u00f3n, choque y ca\u00edda.\n        <\/div>\n      <\/li>\n    <\/ul>\n  <\/div>\n<\/div>\n<div class=\"swiper-slide\">\n  <div class=\"imgbox\">\n    <img decoding=\"async\" src=\"https:\/\/www.pkcell.com\/wp-content\/uploads\/rechageacble-checking.webp\"\/>\n  <\/div>\n  <div class=\"textbox\">\n    <div class=\"subtit\" data-swiper-parallax=\"-1000\">\n      <h3 class=\"size24\">\n        Pruebas de envejecimiento\n      <\/h3>\n      <div class=\"icon\">\n        <img decoding=\"async\" src=\"https:\/\/www.pkcell.com\/wp-content\/uploads\/icon56a.png\"\/>\n      <\/div>\n    <\/div> \n    <ul>\n      <li data-swiper-parallax=\"-1500\">\n        <div class=\"size20 t1\">\n          Prop\u00f3sito\n        <\/div>\n        <div class=\"size18 t2\">\n          Evaluar la estabilidad y fiabilidad a largo plazo simulando las condiciones de envejecimiento del mundo real.\n        <\/div>\n      <\/li>\n      <li data-swiper-parallax=\"-2000\">\n        <div class=\"size20 t1\">\n          Paso\n        <\/div>\n        <div class=\"size18 t2\">\n          1. Someter una muestra de bater\u00edas terminadas a pruebas de envejecimiento prolongado en condiciones aceleradas (alta temperatura, alta humedad, etc.). <br>\n2. Evaluar el rendimiento de la bater\u00eda y su degradaci\u00f3n a lo largo del tiempo.\n        <\/div>\n      <\/li>\n    <\/ul>\n  <\/div>\n<\/div>\n<div class=\"swiper-slide\">\n  <div class=\"imgbox\">\n    <img decoding=\"async\" src=\"https:\/\/www.pkcell.com\/wp-content\/uploads\/battery-packing-instore.webp\"\/>\n  <\/div>\n  <div class=\"textbox\">\n    <div class=\"subtit\" data-swiper-parallax=\"-1000\">\n      <h3 class=\"size24\">\n        Inspecci\u00f3n final <br>y env\u00edo\n      <\/h3>\n      <div class=\"icon\">\n        <img decoding=\"async\" src=\"https:\/\/www.pkcell.com\/wp-content\/uploads\/icon57a.png\"\/>\n      <\/div>\n    <\/div> \n    <ul>\n      <li data-swiper-parallax=\"-1500\">\n        <div class=\"size20 t1\">\n          Prop\u00f3sito\n        <\/div>\n        <div class=\"size18 t2\">\n          Garantizar que s\u00f3lo se env\u00edan a los clientes productos que cumplen todas las normas de calidad y seguridad, y que se embalan y env\u00edan correctamente para evitar da\u00f1os durante el transporte.\n        <\/div>\n      <\/li>\n      <li data-swiper-parallax=\"-2000\">\n        <div class=\"size20 t1\">\n          Paso\n        <\/div>\n        <div class=\"size18 t2\">\n          1. Realice una inspecci\u00f3n visual final de las bater\u00edas terminadas para comprobar si presentan defectos est\u00e9ticos o da\u00f1os.<br>\n2. Realizar un muestreo aleatorio y llevar a cabo pruebas funcionales para verificar el rendimiento y el cumplimiento de las normas de seguridad.<br>\n3. Comparar las especificaciones del producto con las normas de calidad y los requisitos del cliente.<br>\n4. Rechazar las bater\u00edas que no cumplan los criterios.\n        <\/div>\n      <\/li>\n    <\/ul>\n  <\/div>\n<\/div>\n \n          <\/div>\n        <\/div>\n      <\/div>\n      <div class=\"w2\">\n        <div class=\"swiper mySwiper1 wow fadeInUpSmall\">\n          <div class=\"swiper-wrapper\">\n            <div class=\"swiper-slide\">\n  <div class=\"item\">\n    <div class=\"icon\">\n      <img decoding=\"async\" class=\"ic1\" src=\"https:\/\/www.pkcell.com\/wp-content\/uploads\/icon53.png\">\n      <img decoding=\"async\" class=\"ic2\" src=\"https:\/\/www.pkcell.com\/wp-content\/uploads\/icon53a.png\">\n    <\/div>\n    <div class=\"size18 txt\">\n      Inspecci\u00f3n de materias primas\n    <\/div>\n  <\/div>\n<\/div>\n<div class=\"swiper-slide\">\n  <div class=\"item\">\n    <div class=\"icon\">\n      <img decoding=\"async\" class=\"ic1\" src=\"https:\/\/www.pkcell.com\/wp-content\/uploads\/icon54.png\">\n      <img decoding=\"async\" class=\"ic2\" src=\"https:\/\/www.pkcell.com\/wp-content\/uploads\/icon54a.png\">\n    <\/div>\n    <div class=\"size18 txt\">\n      Supervisi\u00f3n del proceso de producci\u00f3n\n    <\/div>\n  <\/div>\n<\/div>\n<div class=\"swiper-slide\">\n  <div class=\"item\">\n    <div class=\"icon\">\n      <img decoding=\"async\" class=\"ic1\" src=\"https:\/\/www.pkcell.com\/wp-content\/uploads\/icon55.png\">\n      <img decoding=\"async\" class=\"ic2\" src=\"https:\/\/www.pkcell.com\/wp-content\/uploads\/icon55a.png\">\n    <\/div>\n    <div class=\"size18 txt\">\n      Pruebas de bater\u00eda finalizadas\n    <\/div>\n  <\/div>\n<\/div>\n<div class=\"swiper-slide\">\n  <div class=\"item\">\n    <div class=\"icon\">\n      <img decoding=\"async\" class=\"ic1\" src=\"https:\/\/www.pkcell.com\/wp-content\/uploads\/icon56.png\">\n      <img decoding=\"async\" class=\"ic2\" src=\"https:\/\/www.pkcell.com\/wp-content\/uploads\/icon56a.png\">\n    <\/div>\n    <div class=\"size18 txt\">\n      Pruebas de envejecimiento\n    <\/div>\n  <\/div>\n<\/div>\n<div class=\"swiper-slide\">\n  <div class=\"item\">\n    <div class=\"icon\">\n      <img decoding=\"async\" class=\"ic1\" src=\"https:\/\/www.pkcell.com\/wp-content\/uploads\/icon57.png\">\n      <img decoding=\"async\" class=\"ic2\" src=\"https:\/\/www.pkcell.com\/wp-content\/uploads\/icon57a.png\">\n    <\/div>\n    <div class=\"size18 txt\">\n      Inspecci\u00f3n final y env\u00edo\n    <\/div>\n  <\/div>\n<\/div>\n\n          <\/div>\n        <\/div>\n      <\/div>\n    <\/div>\n  <\/div>\n<\/div>\n<!-- end Quality Control Process -->\t\t\t\t<\/div>\n\t\t\t\t<\/div>\n\t\t\t\t<div class=\"elementor-element elementor-element-68ebe2f elementor-widget elementor-widget-ucaddon_contact_submit_form\" data-id=\"68ebe2f\" data-element_type=\"widget\" data-e-type=\"widget\" data-widget_type=\"ucaddon_contact_submit_form.default\">\n\t\t\t\t<div class=\"elementor-widget-container\">\n\t\t\t\t\t\n<!-- start Contact Submit Form -->\n\n<div class=\"padb136 Get_in_Touch\">\n\t\t\t\t<div class=\"maincontainer\">\n\t\t\t\t\t<div class=\"box\">\n\t\t\t\t\t\t<div class=\"current_title center\">\n\t\t\t\t\t\t\t<h3 class=\"size42 wow fadeInUpSmall\">\n\t\t\t\t\t\t\t\tPonte en contacto\n\t\t\t\t\t\t\t<\/h3>\n\t\t\t\t\t\t\t<div class=\"size20 text wow fadeInUpSmall\">\n\t\t\t\t\t\t\t\tPuede ponerse en contacto con nosotros por tel\u00e9fono, correo electr\u00f3nico o rellenando el siguiente formulario. Nuestro objetivo es responder a todas las consultas en 24 horas.\t\t\t\t\t\t\t\n                          \t<\/div>\n\t\t\t\t\t\t<\/div>\n                    \n\n\t\t\t\t\t\t<div class=\"wrap\">\n\t\t\t\t\t\t\t<div class=\"infor\">\n\t\t\t\t\t\t\t\t<ul>\n\t\t\t\t\t\t\t\t\n\t\t\t\t\t\t\t\t\t<li class=\"wow fadeInUpSmall\">\n\t\t\t\t\t\t\t\t\t\t<div class=\"item\">\n\t\t\t\t\t\t\t\t\t\t\t<div class=\"icon\">\n\t\t\t\t    \t\t\t\t\t\t\t<img decoding=\"async\"  src=\"https:\/\/www.pkcell.com\/wp-content\/uploads\/icon19.png\">\n\t\t\t\t    \t\t\t\t\t\t<\/div>\n\t\t\t\t    \t\t\t\t\t\t<div class=\"size18 text\">\n\t\t\t\t    \t\t\t\t\t\t\t<div class=\"t1\">\n\t\t\t\t    \t\t\t\t\t\t\t\tCorreo electr\u00f3nico\n\t\t\t\t    \t\t\t\t\t\t\t<\/div>\n\t\t\t\t    \t\t\t\t\t\t\t<div class=\"t2\">\n\t\t\t\t\t\t\t\t\t\t\t\t\tinfo@pkcell.com\n\t\t\t\t    \t\t\t\t\t\t\t<\/div>\n\t\t\t\t    \t\t\t\t\t\t<\/div>\n\t\t\t\t\t\t\t\t\t\t<\/div>\n\t\t\t\t\t\t\t\t\t<\/li>\n\t\t\t\t\t\t\t\t\t<li class=\"wow fadeInUpSmall\">\n\t\t\t\t\t\t\t\t\t\t<div class=\"item\">\n\t\t\t\t\t\t\t\t\t\t\t<div class=\"icon\">\n\t\t\t\t    \t\t\t\t\t\t\t<img decoding=\"async\"  src=\"https:\/\/www.pkcell.com\/wp-content\/uploads\/icon20.png\">\n\t\t\t\t    \t\t\t\t\t\t<\/div>\n\t\t\t\t    \t\t\t\t\t\t<div class=\"size18 text\">\n\t\t\t\t    \t\t\t\t\t\t\t<div class=\"t1\">\n\t\t\t\t    \t\t\t\t\t\t\t\tDirecci\u00f3n de la empresa\n\t\t\t\t    \t\t\t\t\t\t\t<\/div>\n\t\t\t\t    \t\t\t\t\t\t\t<div class=\"t2\">\n\t\t\t\t\t\t\t\t\t\t\t\t\t9th Floor , Block B, Hongrongyuan North Station Center, No. 328, Mintang Road, Longhua District, Shenzhen,China,518110\n\t\t\t\t    \t\t\t\t\t\t\t<\/div>\n\t\t\t\t    \t\t\t\t\t\t<\/div>\n\t\t\t\t\t\t\t\t\t\t<\/div>\n\t\t\t\t\t\t\t\t\t<\/li>\n\t\t\t\t\t\t\t\t<\/ul>\n\t\t\t\t\t\t\t<\/div>\n\t\t\t\t\t\t\t<div class=\"formBox\">\n                              \t\n<div class=\"wpcf7 no-js\" id=\"wpcf7-f345-o1\" lang=\"en-US\" dir=\"ltr\" data-wpcf7-id=\"345\">\n<div class=\"screen-reader-response\"><p role=\"status\" aria-live=\"polite\" aria-atomic=\"true\"><\/p> <ul><\/ul><\/div>\n<form action=\"\/es\/wp-json\/wp\/v2\/pages\/29#wpcf7-f345-o1\" method=\"post\" class=\"wpcf7-form init\" aria-label=\"Formulario de contacto\" novalidate=\"novalidate\" data-status=\"init\" data-trp-original-action=\"\/es\/wp-json\/wp\/v2\/pages\/29#wpcf7-f345-o1\">\n<fieldset class=\"hidden-fields-container\"><input type=\"hidden\" name=\"_wpcf7\" value=\"345\" \/><input type=\"hidden\" name=\"_wpcf7_version\" value=\"6.1.5\" \/><input type=\"hidden\" name=\"_wpcf7_locale\" value=\"en_US\" \/><input type=\"hidden\" name=\"_wpcf7_unit_tag\" value=\"wpcf7-f345-o1\" \/><input type=\"hidden\" name=\"_wpcf7_container_post\" value=\"0\" \/><input type=\"hidden\" name=\"_wpcf7_posted_data_hash\" value=\"\" \/><input type=\"hidden\" name=\"_wpcf7_recaptcha_response\" value=\"\" \/>\n<\/fieldset>\n<div class=\"inputLi wow fadeInUpSmall\">\n\t<p><span class=\"wpcf7-form-control-wrap\" data-name=\"Name\"><input size=\"40\" maxlength=\"400\" class=\"wpcf7-form-control wpcf7-text wpcf7-validates-as-required size18\" aria-required=\"true\" aria-invalid=\"false\" placeholder=\"Nombre\" value=\"\" type=\"text\" name=\"Name\" \/><\/span>\n\t<\/p>\n<\/div>\n<div class=\"inputLi wow fadeInUpSmall\">\n\t<p><span class=\"wpcf7-form-control-wrap\" data-name=\"Email\"><input size=\"40\" maxlength=\"400\" class=\"wpcf7-form-control wpcf7-email wpcf7-validates-as-required wpcf7-text wpcf7-validates-as-email size18\" aria-required=\"true\" aria-invalid=\"false\" placeholder=\"Correo electr\u00f3nico\" value=\"\" type=\"email\" name=\"Email\" \/><\/span>\n\t<\/p>\n<\/div>\n<div class=\"inputLi wow fadeInUpSmall\">\n\t<p><span class=\"wpcf7-form-control-wrap\" data-name=\"WhatsAppTelPhone\"><input size=\"40\" maxlength=\"400\" class=\"wpcf7-form-control wpcf7-tel wpcf7-text wpcf7-validates-as-tel size18\" aria-invalid=\"false\" placeholder=\"WhatsApp(Con c\u00f3digo de pa\u00eds)\" value=\"\" type=\"tel\" name=\"WhatsAppTelPhone\" \/><\/span>\n\t<\/p>\n<\/div>\n<div class=\"inputLi wow fadeInUpSmall\">\n\t<p><span class=\"wpcf7-form-control-wrap\" data-name=\"Company\"><input size=\"40\" maxlength=\"400\" class=\"wpcf7-form-control wpcf7-text size18\" aria-invalid=\"false\" placeholder=\"Empresa\" value=\"\" type=\"text\" name=\"Company\" \/><\/span>\n\t<\/p>\n<\/div>\n<div class=\"textareaLi wow fadeInUpSmall\">\n\t<p><span class=\"wpcf7-form-control-wrap\" data-name=\"Message\"><textarea cols=\"40\" rows=\"10\" maxlength=\"2000\" class=\"wpcf7-form-control wpcf7-textarea wpcf7-validates-as-required size18\" aria-required=\"true\" aria-invalid=\"false\" placeholder=\"Mensaje\" name=\"Message\"><\/textarea><\/span>\n\t<\/p>\n<\/div>\n<div class=\"inputBtn wow fadeInUpSmall\">\n\t<p><input class=\"wpcf7-form-control wpcf7-submit has-spinner size18\" type=\"submit\" value=\"SOLICITAR PRESUPUESTO\" \/>\n\t<\/p>\n<\/div><div class=\"wpcf7-response-output\" aria-hidden=\"true\"><\/div>\n<input type=\"hidden\" name=\"trp-form-language\" value=\"es\"\/><\/form>\n<\/div>\n\n\t\t\t\t\t\t\t<\/div>\n\t\t\t\t\t\t<\/div>\n\t\t\t\t\t<\/div>\n\t\t\t\t<\/div>\n\t\t\t<\/div>\n<!-- end Contact Submit Form -->\t\t\t\t<\/div>\n\t\t\t\t<\/div>\n\t\t\t\t<\/div>\n\t\t\t\t<\/div>","protected":false},"excerpt":{"rendered":"<p>Home &#8211; Discover &#8211; Quality Control At PKCELL, every battery undergoes rigorous testing at each stage of production, ensuring superior performance and safety. In the field of battery manufacturing, quality control is a key link in ensuring product safety and performance. PKCELL adopt a series of meticulous inspection processes, from raw material warehousing to finished [&hellip;]<\/p>\n","protected":false},"author":7,"featured_media":0,"parent":0,"menu_order":0,"comment_status":"closed","ping_status":"closed","template":"","meta":{"_acf_changed":false,"footnotes":""},"class_list":["post-29","page","type-page","status-publish","hentry"],"acf":[],"_links":{"self":[{"href":"https:\/\/www.pkcell.com\/es\/wp-json\/wp\/v2\/pages\/29","targetHints":{"allow":["GET"]}}],"collection":[{"href":"https:\/\/www.pkcell.com\/es\/wp-json\/wp\/v2\/pages"}],"about":[{"href":"https:\/\/www.pkcell.com\/es\/wp-json\/wp\/v2\/types\/page"}],"author":[{"embeddable":true,"href":"https:\/\/www.pkcell.com\/es\/wp-json\/wp\/v2\/users\/7"}],"replies":[{"embeddable":true,"href":"https:\/\/www.pkcell.com\/es\/wp-json\/wp\/v2\/comments?post=29"}],"version-history":[{"count":0,"href":"https:\/\/www.pkcell.com\/es\/wp-json\/wp\/v2\/pages\/29\/revisions"}],"wp:attachment":[{"href":"https:\/\/www.pkcell.com\/es\/wp-json\/wp\/v2\/media?parent=29"}],"curies":[{"name":"wp","href":"https:\/\/api.w.org\/{rel}","templated":true}]}}