{"id":51750,"date":"2025-09-05T14:59:09","date_gmt":"2025-09-05T06:59:09","guid":{"rendered":"https:\/\/www.pkcell.com\/?page_id=51750"},"modified":"2025-09-05T14:59:11","modified_gmt":"2025-09-05T06:59:11","slug":"emergency-light","status":"publish","type":"page","link":"https:\/\/www.pkcell.com\/es\/solutions\/emergency-light\/","title":{"rendered":"Emergency Light"},"content":{"rendered":"<div data-elementor-type=\"wp-page\" data-elementor-id=\"51750\" class=\"elementor elementor-51750\" data-elementor-post-type=\"page\">\n\t\t\t\t<div class=\"elementor-element elementor-element-4708afa maincontent e-con-full e-flex e-con e-parent\" data-id=\"4708afa\" data-element_type=\"container\" data-e-type=\"container\">\n\t\t\t\t<div class=\"elementor-element elementor-element-225c8f5 elementor-widget elementor-widget-ucaddon_breadcrumb\" data-id=\"225c8f5\" data-element_type=\"widget\" data-e-type=\"widget\" data-widget_type=\"ucaddon_breadcrumb.default\">\n\t\t\t\t<div class=\"elementor-widget-container\">\n\t\t\t\t\t\n<!-- start Breadcrumb -->\n\n<div class=\"breadcrumb\">\n  <div class=\"maincontainer\">\n    <div class=\"box\">\n      <a href=\"\/es\/\">Inicio<\/a>\n      <span> - <\/span>\n\n\n<a href=\"\/es\/soluciones\/\" class=\"\">Soluciones<\/a>\n\n\n<span> - <\/span>\n\n\n<a href=\"https:\/\/www.pkcell.com\/es\/solutions\/emergency-light\/\" class=\"on\">Emergency Light<\/a>\n\n\n\n    <\/div>\n  <\/div>\n<\/div>\n<!-- end Breadcrumb -->\t\t\t\t<\/div>\n\t\t\t\t<\/div>\n\t\t\t\t<div class=\"elementor-element elementor-element-6ea9592 elementor-widget elementor-widget-ucaddon_solution_introduction\" data-id=\"6ea9592\" data-element_type=\"widget\" data-e-type=\"widget\" data-widget_type=\"ucaddon_solution_introduction.default\">\n\t\t\t\t<div class=\"elementor-widget-container\">\n\t\t\t\t\t\n<!-- start Solution Introduction -->\n\n<div class=\"padt40 padb100 SolutionIntroduction\">\n  <div class=\"maincontainer\">\n    <div class=\"current_title\">\n      <h3 class=\"size42 wow fadeInUpSmall\">\n        Emergency Light\n      <\/h3>\n    <\/div>\n    <div class=\"box\">\n      <div class=\"imgbox wow fadeInUpSmall\">\n        <img decoding=\"async\" src=\"https:\/\/www.pkcell.com\/wp-content\/uploads\/Emergency-Light-Battery1.png\"\/>\n      <\/div>\n      <div class=\"textbox\">\n        <div class=\"size30 t1 wow fadeInUpSmall\">\n          Introducci\u00f3n de la soluci\u00f3n\n        <\/div>\n        <div class=\"size18 t2 wow fadeInUpSmall\">\n          Emergency lights are essential safety devices, providing reliable illumination during power outages, natural disasters, and critical emergencies. Their ability to function instantly and consistently can make a significant difference in ensuring safety and preventing accidents. Dependable battery power is at the core of this performance. PKCELL offers tailored battery solutions for emergency lighting, including 18650 lithium cells with PCB and wire, AA alkaline batteries, and 9V alkaline batteries. These options deliver long-lasting energy, rapid response, and stable performance, ensuring that emergency lights remain ready whenever they are needed.\n        <\/div>\n        <div class=\"current-btn white contactbtns wow fadeInUpSmall\">\n          <a href=\"#Quote_Form\">\n            <i><\/i>P\u00f3ngase en contacto con nosotros\n          <\/a>\n        <\/div>\n      <\/div>\n    <\/div>\n  <\/div>\n<\/div>\n<!-- end Solution Introduction -->\t\t\t\t<\/div>\n\t\t\t\t<\/div>\n\t\t<div class=\"elementor-element elementor-element-183e15b e-flex e-con-boxed e-con e-child\" data-id=\"183e15b\" data-element_type=\"container\" data-e-type=\"container\">\n\t\t\t\t\t<div class=\"e-con-inner\">\n\t\t<div class=\"elementor-element elementor-element-2098811 e-con-full e-flex e-con e-child\" data-id=\"2098811\" data-element_type=\"container\" data-e-type=\"container\" data-settings=\"{&quot;background_background&quot;:&quot;classic&quot;}\">\n\t\t\t\t<div class=\"elementor-element elementor-element-3c6f2d0 elementor-widget elementor-widget-heading\" data-id=\"3c6f2d0\" data-element_type=\"widget\" data-e-type=\"widget\" data-widget_type=\"heading.default\">\n\t\t\t\t<div class=\"elementor-widget-container\">\n\t\t\t\t\t<h2 class=\"elementor-heading-title elementor-size-default\">Challenges Faced by Emergency Light Batteries<\/h2>\t\t\t\t<\/div>\n\t\t\t\t<\/div>\n\t\t\t\t<div class=\"elementor-element elementor-element-78e49a0 elementor-widget elementor-widget-text-editor\" data-id=\"78e49a0\" data-element_type=\"widget\" data-e-type=\"widget\" data-widget_type=\"text-editor.default\">\n\t\t\t\t<div class=\"elementor-widget-container\">\n\t\t\t\t\t\t\t\t\t<p><span style=\"font-size: 1em;\"><b>Emergency Lights<\/b>\u00a0<\/span><strong>face several common battery-related issues:<\/strong><\/p><p>\u00a0<\/p><p data-start=\"1155\" data-end=\"1351\"><strong data-start=\"1155\" data-end=\"1217\">1. Insufficient battery life : <\/strong>Emergency lights must work during critical moments; short-lived batteries increase maintenance costs and risk system downtime.<\/p><p data-start=\"1155\" data-end=\"1351\">\u00a0<\/p><p data-start=\"1356\" data-end=\"1519\"><strong data-start=\"1356\" data-end=\"1393\">2. Leakage: <\/strong>Low-quality batteries may leak, corroding circuits and compromising the device\u2019s ability to illuminate in emergencies.<\/p><p data-start=\"1356\" data-end=\"1519\">\u00a0<\/p><p data-start=\"1524\" data-end=\"1690\"><strong data-start=\"1524\" data-end=\"1563\">3. Installation errors or poor contact: <\/strong>Improper installation, such as reversed polarity or loose contacts, can prevent the light from functioning when needed.<\/p><p data-start=\"1524\" data-end=\"1690\">\u00a0<\/p><p data-start=\"1524\" data-end=\"1690\"><strong data-start=\"1695\" data-end=\"1731\">4. Slow current response at startup: <\/strong>Emergency lights require immediate power to illuminate; batteries with slow response can cause delayed activation.<\/p><p data-start=\"1524\" data-end=\"1690\">\u00a0<\/p><p><strong data-start=\"1858\" data-end=\"1909\">5. Performance instability in extreme temperatures: <\/strong>Emergency lighting often operates in high or low temperatures. Batteries that cannot tolerate extremes risk unreliable power output.<\/p>\t\t\t\t\t\t\t\t<\/div>\n\t\t\t\t<\/div>\n\t\t\t\t<\/div>\n\t\t\t\t\t<\/div>\n\t\t\t\t<\/div>\n\t\t<div class=\"elementor-element elementor-element-bb61661 e-flex e-con-boxed e-con e-child\" data-id=\"bb61661\" data-element_type=\"container\" data-e-type=\"container\">\n\t\t\t\t\t<div class=\"e-con-inner\">\n\t\t<div class=\"elementor-element elementor-element-a935c79 e-con-full e-flex e-con e-child\" data-id=\"a935c79\" data-element_type=\"container\" data-e-type=\"container\" data-settings=\"{&quot;background_background&quot;:&quot;classic&quot;}\">\n\t\t\t\t<div class=\"elementor-element elementor-element-8f7bf53 elementor-widget elementor-widget-heading\" data-id=\"8f7bf53\" data-element_type=\"widget\" data-e-type=\"widget\" data-widget_type=\"heading.default\">\n\t\t\t\t<div class=\"elementor-widget-container\">\n\t\t\t\t\t<h2 class=\"elementor-heading-title elementor-size-default\">Soluciones de PKCELL a estos retos<\/h2>\t\t\t\t<\/div>\n\t\t\t\t<\/div>\n\t\t\t\t<div class=\"elementor-element elementor-element-813f194 elementor-widget elementor-widget-text-editor\" data-id=\"813f194\" data-element_type=\"widget\" data-e-type=\"widget\" data-widget_type=\"text-editor.default\">\n\t\t\t\t<div class=\"elementor-widget-container\">\n\t\t\t\t\t\t\t\t\t<p data-start=\"179\" data-end=\"341\"><strong>PKCELL provides reliable solutions to address these challenges with our 18650 lithium cells with PCB and wire, AA alkaline batteries, and 9V alkaline batteries:<\/strong><\/p><p data-start=\"179\" data-end=\"341\">\u00a0<\/p><p><strong data-start=\"515\" data-end=\"555\">1. High Capacity and Long Service Life:<\/strong> The 18650 lithium cell offers high energy density for extended backup time, while AA and 9V alkaline options provide stable power with a 10-year shelf life and long-lasting reliability.<\/p><p>\u00a0<\/p><p data-start=\"748\" data-end=\"1010\"><strong data-start=\"748\" data-end=\"780\">2. Protecci\u00f3n superior contra fugas:<\/strong> With advanced sealing technology, insulating gaskets, and nickel-plated steel shells, PKCELL batteries deliver excellent anti-leak performance, ensuring the safety of emergency lighting devices even during long standby periods.<\/p><p data-start=\"748\" data-end=\"1010\">\u00a0<\/p><p data-start=\"1015\" data-end=\"1230\"><strong data-start=\"1015\" data-end=\"1038\">3. Guaranteed Quality:<\/strong> Manufactured on advanced production lines with 52 process controls, 102 assembly steps, and 22 finished product tests, PKCELL batteries ensure consistent performance and dependable quality.<\/p><p data-start=\"1015\" data-end=\"1230\">\u00a0<\/p><p data-start=\"1235\" data-end=\"1446\"><strong data-start=\"1235\" data-end=\"1269\">4. Low Self-Discharge Technology:<\/strong> Featuring low internal resistance and minimal self-discharge, PKCELL batteries maintain charge over extended standby times, ensuring lights activate instantly in emergencies.<\/p><p data-start=\"1235\" data-end=\"1446\">\u00a0<\/p><p data-start=\"1451\" data-end=\"1646\"><strong data-start=\"1451\" data-end=\"1483\">5. Wide Temperature Resistance:<\/strong> PKCELL batteries perform reliably in extreme environments, ensuring dependable power in all climates and conditions.<\/p>\t\t\t\t\t\t\t\t<\/div>\n\t\t\t\t<\/div>\n\t\t\t\t<\/div>\n\t\t\t\t\t<\/div>\n\t\t\t\t<\/div>\n\t\t\t\t<div class=\"elementor-element elementor-element-922bec3 elementor-widget elementor-widget-ucaddon_advertisement\" data-id=\"922bec3\" data-element_type=\"widget\" data-e-type=\"widget\" data-widget_type=\"ucaddon_advertisement.default\">\n\t\t\t\t<div class=\"elementor-widget-container\">\n\t\t\t\t\t\n<!-- start Advertisement -->\n\n<div class=\"advertisement\">\n  <div class=\"bgbox\">\n    <div class=\"pImg\" style=\"background-image: url(https:\/\/www.pkcell.com\/wp-content\/uploads\/img105.jpg);\"><\/div>\n    <div class=\"mImg\" style=\"background-image: url(https:\/\/www.pkcell.com\/wp-content\/uploads\/img104.jpg);\"><\/div>\n  <\/div>\n  <div class=\"maincontainer box\">\n    <div class=\"textbox\">\n      <div class=\"current_title white\">\n        <h3 class=\"size42 wow fadeInUpSmall\">\n          Pilas alcalinas constantes PKCELL\n        <\/h3>\n        <div class=\"size18 text wow fadeInUpSmall\">\n          P\u00f3ngase en contacto con nosotros hoy mismo para hablar de sus necesidades de bater\u00edas para cerraduras de puertas inteligentes o para explorar nuestras soluciones de bater\u00edas personalizadas.\n        <\/div>\n      <\/div>\n      <div class=\"btns wow fadeInUpSmall\">\n        <a class=\"size20\" href=\"https:\/\/www.pkcell.com\/es\/productos\/\">\n          OBTENGA UNA MUESTRA GRATUITA\n        <\/a>\n      <\/div>\n    <\/div>\n    <div class=\"imgbox wow fadeInUpSmall\">\n      <img decoding=\"async\"  src=\"https:\/\/www.pkcell.com\/wp-content\/uploads\/img107.png\"\/>\n    <\/div>\n  <\/div>\n<\/div>\n<!-- end Advertisement -->\t\t\t\t<\/div>\n\t\t\t\t<\/div>\n\t\t\t\t<div class=\"elementor-element elementor-element-84c11c4 elementor-widget elementor-widget-ucaddon_customer_reviews\" data-id=\"84c11c4\" data-element_type=\"widget\" data-e-type=\"widget\" data-widget_type=\"ucaddon_customer_reviews.default\">\n\t\t\t\t<div class=\"elementor-widget-container\">\n\t\t\t\t\t\n<!-- start Customer Reviews -->\n\n<div class=\"padt110 padb136 customer-reviews\">\n  <div class=\"maincontainer\">\n    <div class=\"current_title center\">\n      <h3 class=\"size42 wow fadeInUpSmall\">\n        Opiniones de los clientes\n      <\/h3>\n      <div class=\"size18 text wow fadeInUpSmall\">\n        Descubra c\u00f3mo utilizan las bater\u00edas Pkcell para mejorar la eficiencia, aumentar la autonom\u00eda de los dispositivos e impulsar el crecimiento de su negocio.\n      <\/div>\n    <\/div>\n  <\/div>\n  <div class=\"box wow fadeInUpSmall\">\n    <div class=\"swiper\">\n      <div class=\"swiper-wrapper\">\n        <div class=\"swiper-slide\">\n          <div class=\"item\">\n            <div class=\"info\">\n              <div class=\"icon\">\n                <img decoding=\"async\" src=\"https:\/\/www.pkcell.com\/wp-content\/uploads\/1-5-e1724417281477.png\"\/>\n              <\/div>\n              <div class=\"text\">\n                <div class=\"size20 t1\">\n                  <span class=\"size24\">\n                    Sarah Wilson\n                  <\/span>\n                  Especialista en adquisiciones\n                <\/div>\n                <div class=\"size18 t2\">\n                  Honeywell\n                <\/div>\n              <\/div>\n            <\/div>\n            <div class=\"textbox\">\n              <div class=\"size20 t1\">\n                Pilas de litio primarias para dispositivos de seguridad\n              <\/div>\n              <div class=\"size18 t2\">\n                Las bater\u00edas de litio primarias de Pkcell ofrecen una gran fiabilidad y una larga vida \u00fatil, lo que resulta ideal para nuestros productos de seguridad. Su equipo de ventas es eficiente y profesional, y su log\u00edstica y entrega son siempre puntuales. Estamos muy satisfechos con los productos y servicios de Pkcell, y seguiremos eligiendo sus bater\u00edas\".\n              <\/div>\n            <\/div>\n          <\/div>\n        <\/div>\n<div class=\"swiper-slide\">\n          <div class=\"item\">\n            <div class=\"info\">\n              <div class=\"icon\">\n                <img decoding=\"async\" src=\"https:\/\/www.pkcell.com\/wp-content\/uploads\/300-e1724418794359.jpg\"\/>\n              <\/div>\n              <div class=\"text\">\n                <div class=\"size20 t1\">\n                  <span class=\"size24\">\n                    Emily Johnson\n                  <\/span>\n                  Director de I+D\n                <\/div>\n                <div class=\"size18 t2\">\n                  LG\n                <\/div>\n              <\/div>\n            <\/div>\n            <div class=\"textbox\">\n              <div class=\"size20 t1\">\n                Bater\u00edas de litio personalizadas\n              <\/div>\n              <div class=\"size18 t2\">\n                Las bater\u00edas de iones de litio de Pkcell tienen la alta densidad energ\u00e9tica y la larga vida \u00fatil que exige nuestro proyecto. Su equipo t\u00e9cnico nos proporcion\u00f3 un apoyo excelente, ayud\u00e1ndonos a integrar perfectamente las bater\u00edas en nuestro sistema. Esperamos seguir colaborando con Pkcell a largo plazo.\n              <\/div>\n            <\/div>\n          <\/div>\n        <\/div>\n<div class=\"swiper-slide\">\n          <div class=\"item\">\n            <div class=\"info\">\n              <div class=\"icon\">\n                <img decoding=\"async\" src=\"https:\/\/www.pkcell.com\/wp-content\/uploads\/img47.jpg\"\/>\n              <\/div>\n              <div class=\"text\">\n                <div class=\"size20 t1\">\n                  <span class=\"size24\">\n                    John Smith\n                  <\/span>\n                  Director de compras\n                <\/div>\n                <div class=\"size18 t2\">\n                  Walmart\n                <\/div>\n              <\/div>\n            <\/div>\n            <div class=\"textbox\">\n              <div class=\"size20 t1\">\n                Pilas alcalinas para diversos aparatos electr\u00f3nicos de consumo\n              <\/div>\n              <div class=\"size18 t2\">\n                Las pilas alcalinas de Pkcell ofrecen un rendimiento constante a un precio razonable, y su entrega es siempre puntual. Su equipo de ventas es profesional y receptivo, y siempre atiende nuestras necesidades con prontitud. Estamos muy satisfechos con esta colaboraci\u00f3n\n              <\/div>\n            <\/div>\n          <\/div>\n        <\/div>\n\n      <\/div>\n      <div class=\"swiper-button-next general-btn\"><\/div>\n      <div class=\"swiper-button-prev general-btn\"><\/div>\n    <\/div>\n  <\/div>\n<\/div>\n<!-- end Customer Reviews -->\t\t\t\t<\/div>\n\t\t\t\t<\/div>\n\t\t\t\t<div class=\"elementor-element elementor-element-06c4bd1 elementor-widget elementor-widget-ucaddon_text_left_banner_2\" data-id=\"06c4bd1\" data-element_type=\"widget\" data-e-type=\"widget\" data-widget_type=\"ucaddon_text_left_banner_2.default\">\n\t\t\t\t<div class=\"elementor-widget-container\">\n\t\t\t\t\t\n<!-- start Text Left Banner 2 -->\n\n<div class=\"odmoem-section\">\n  <div class=\"imgbox\">\n    <img decoding=\"async\" src=\"https:\/\/www.pkcell.com\/wp-content\/uploads\/img10.jpg\">\n  <\/div>\n  <div class=\"box\">\n    <div class=\"textbox\">\n      <div class=\"size42 t1 wow fadeInUpSmall\">\n        ODM\/OEM\n      <\/div>\n      <div class=\"size18 t2 wow fadeInUpSmall\">\n        Ofrecemos servicios integrales de OEM, que incluyen el dise\u00f1o, la producci\u00f3n y la personalizaci\u00f3n de la marca de bater\u00edas y paquetes de bater\u00edas. As\u00f3ciese con Pkcell para combinar su marca con la tecnolog\u00eda de bater\u00edas m\u00e1s fiable del mercado.\n      <\/div>\n      <div class=\"current-btn blue wow fadeInUpSmall\">\n        <a href=\"https:\/\/www.pkcell.com\/es\/oem\/\" class=\"size16\">\n          <i><\/i>M\u00e1s informaci\u00f3n\n        <\/a>\n      <\/div>\n    <\/div>\n  <\/div>\n<\/div>\n<!-- end Text Left Banner 2 -->\t\t\t\t<\/div>\n\t\t\t\t<\/div>\n\t\t\t\t<div class=\"elementor-element elementor-element-cb931bd elementor-widget elementor-widget-ucaddon_column_blocks_2\" data-id=\"cb931bd\" data-element_type=\"widget\" data-e-type=\"widget\" data-widget_type=\"ucaddon_column_blocks_2.default\">\n\t\t\t\t<div class=\"elementor-widget-container\">\n\t\t\t\t\t\n<!-- start Column Blocks 2 -->\n\n<div class=\"padt110 general_section\">\n  <div class=\"maincontainer\">\n    <ul>\n      <li class=\"wow fadeInUpSmall\">\n  <a href=\"https:\/\/www.pkcell.com\/es\/oem\/\">\n    <div class=\"imgbox\">\n      <img decoding=\"async\" src=\"https:\/\/www.pkcell.com\/wp-content\/uploads\/img48.jpg\">\n    <\/div>\n    <div class=\"textbox\">\n      <div class=\"size30 t1\">\n        Servicio\n      <\/div>\n      <div class=\"size18 t2\">\n        El cliente primero es nuestro compromiso. Ofrecemos un completo servicio de asistencia t\u00e9cnica y...\n      <\/div>\n      <div class=\"icon\"><\/div>\n    <\/div>\n  <\/a>\n<\/li>\n<li class=\"wow fadeInUpSmall\">\n  <a href=\"\/es\/acerca-de\/\">\n    <div class=\"imgbox\">\n      <img decoding=\"async\" src=\"https:\/\/www.pkcell.com\/wp-content\/uploads\/img49.jpg\">\n    <\/div>\n    <div class=\"textbox\">\n      <div class=\"size30 t1\">\n        Qui\u00e9nes somos\n      <\/div>\n      <div class=\"size18 t2\">\n        Shenzhen Pkcell Battery Co, Ltd, fundada en 1998, es un fabricante profesional de bater\u00edas de m\u00e1s de 20 a\u00f1os. \n      <\/div>\n      <div class=\"icon\"><\/div>\n    <\/div>\n  <\/a>\n<\/li>\n \n    <\/ul>\n  <\/div>\n<\/div>\n<!-- end Column Blocks 2 -->\t\t\t\t<\/div>\n\t\t\t\t<\/div>\n\t\t\t\t<div class=\"elementor-element elementor-element-a428c3d elementor-widget elementor-widget-menu-anchor\" data-id=\"a428c3d\" data-element_type=\"widget\" data-e-type=\"widget\" data-widget_type=\"menu-anchor.default\">\n\t\t\t\t<div class=\"elementor-widget-container\">\n\t\t\t\t\t\t\t<div class=\"elementor-menu-anchor\" id=\"Quote_Form\"><\/div>\n\t\t\t\t\t\t<\/div>\n\t\t\t\t<\/div>\n\t\t\t\t<div class=\"elementor-element elementor-element-22e8a3d elementor-widget elementor-widget-ucaddon_contact_submit_form\" data-id=\"22e8a3d\" data-element_type=\"widget\" data-e-type=\"widget\" data-widget_type=\"ucaddon_contact_submit_form.default\">\n\t\t\t\t<div class=\"elementor-widget-container\">\n\t\t\t\t\t\n<!-- start Contact Submit Form -->\n\n<div class=\"padb136 Get_in_Touch\">\n\t\t\t\t<div class=\"maincontainer\">\n\t\t\t\t\t<div class=\"box\">\n\t\t\t\t\t\t<div class=\"current_title center\">\n\t\t\t\t\t\t\t<h3 class=\"size42 wow fadeInUpSmall\">\n\t\t\t\t\t\t\t\tSolicitar PRESUPUESTO\n\t\t\t\t\t\t\t<\/h3>\n\t\t\t\t\t\t\t<div class=\"size20 text wow fadeInUpSmall\">\n\t\t\t\t\t\t\t\tPuede ponerse en contacto con nosotros por tel\u00e9fono, correo electr\u00f3nico o rellenando el siguiente formulario. Nuestro objetivo es responder a todas las consultas en 24 horas.\t\t\t\t\t\t\t\n                          \t<\/div>\n\t\t\t\t\t\t<\/div>\n                    \n\n\t\t\t\t\t\t<div class=\"wrap\">\n\t\t\t\t\t\t\t<div class=\"infor\">\n\t\t\t\t\t\t\t\t<ul>\n\t\t\t\t\t\t\t\t\n\t\t\t\t\t\t\t\t\t<li class=\"wow fadeInUpSmall\">\n\t\t\t\t\t\t\t\t\t\t<div class=\"item\">\n\t\t\t\t\t\t\t\t\t\t\t<div class=\"icon\">\n\t\t\t\t    \t\t\t\t\t\t\t<img decoding=\"async\"  src=\"https:\/\/www.pkcell.com\/wp-content\/uploads\/icon19.png\">\n\t\t\t\t    \t\t\t\t\t\t<\/div>\n\t\t\t\t    \t\t\t\t\t\t<div class=\"size18 text\">\n\t\t\t\t    \t\t\t\t\t\t\t<div class=\"t1\">\n\t\t\t\t    \t\t\t\t\t\t\t\tCorreo electr\u00f3nico\n\t\t\t\t    \t\t\t\t\t\t\t<\/div>\n\t\t\t\t    \t\t\t\t\t\t\t<div class=\"t2\">\n\t\t\t\t\t\t\t\t\t\t\t\t\tinfo@pkcell.com\n\t\t\t\t    \t\t\t\t\t\t\t<\/div>\n\t\t\t\t    \t\t\t\t\t\t<\/div>\n\t\t\t\t\t\t\t\t\t\t<\/div>\n\t\t\t\t\t\t\t\t\t<\/li>\n\t\t\t\t\t\t\t\t\t<li class=\"wow fadeInUpSmall\">\n\t\t\t\t\t\t\t\t\t\t<div class=\"item\">\n\t\t\t\t\t\t\t\t\t\t\t<div class=\"icon\">\n\t\t\t\t    \t\t\t\t\t\t\t<img decoding=\"async\"  src=\"https:\/\/www.pkcell.com\/wp-content\/uploads\/icon20.png\">\n\t\t\t\t    \t\t\t\t\t\t<\/div>\n\t\t\t\t    \t\t\t\t\t\t<div class=\"size18 text\">\n\t\t\t\t    \t\t\t\t\t\t\t<div class=\"t1\">\n\t\t\t\t    \t\t\t\t\t\t\t\tDirecci\u00f3n de la empresa\n\t\t\t\t    \t\t\t\t\t\t\t<\/div>\n\t\t\t\t    \t\t\t\t\t\t\t<div class=\"t2\">\n\t\t\t\t\t\t\t\t\t\t\t\t\t9th Floor , Block B, Hongrongyuan North Station Center, No. 328, Mintang Road, Longhua District, Shenzhen,China,518110\n\t\t\t\t    \t\t\t\t\t\t\t<\/div>\n\t\t\t\t    \t\t\t\t\t\t<\/div>\n\t\t\t\t\t\t\t\t\t\t<\/div>\n\t\t\t\t\t\t\t\t\t<\/li>\n\t\t\t\t\t\t\t\t<\/ul>\n\t\t\t\t\t\t\t<\/div>\n\t\t\t\t\t\t\t<div class=\"formBox\">\n                              \t\n<div class=\"wpcf7 no-js\" id=\"wpcf7-f345-o1\" lang=\"en-US\" dir=\"ltr\" data-wpcf7-id=\"345\">\n<div class=\"screen-reader-response\"><p role=\"status\" aria-live=\"polite\" aria-atomic=\"true\"><\/p> <ul><\/ul><\/div>\n<form action=\"\/es\/wp-json\/wp\/v2\/pages\/51750#wpcf7-f345-o1\" method=\"post\" class=\"wpcf7-form init\" aria-label=\"Formulario de contacto\" novalidate=\"novalidate\" data-status=\"init\" data-trp-original-action=\"\/es\/wp-json\/wp\/v2\/pages\/51750#wpcf7-f345-o1\">\n<fieldset class=\"hidden-fields-container\"><input type=\"hidden\" name=\"_wpcf7\" value=\"345\" \/><input type=\"hidden\" name=\"_wpcf7_version\" value=\"6.1.5\" \/><input type=\"hidden\" name=\"_wpcf7_locale\" value=\"en_US\" \/><input type=\"hidden\" name=\"_wpcf7_unit_tag\" value=\"wpcf7-f345-o1\" \/><input type=\"hidden\" name=\"_wpcf7_container_post\" value=\"0\" \/><input type=\"hidden\" name=\"_wpcf7_posted_data_hash\" value=\"\" \/><input type=\"hidden\" name=\"_wpcf7_recaptcha_response\" value=\"\" \/>\n<\/fieldset>\n<div class=\"inputLi wow fadeInUpSmall\">\n\t<p><span class=\"wpcf7-form-control-wrap\" data-name=\"Name\"><input size=\"40\" maxlength=\"400\" class=\"wpcf7-form-control wpcf7-text wpcf7-validates-as-required size18\" aria-required=\"true\" aria-invalid=\"false\" placeholder=\"Nombre\" value=\"\" type=\"text\" name=\"Name\" \/><\/span>\n\t<\/p>\n<\/div>\n<div class=\"inputLi wow fadeInUpSmall\">\n\t<p><span class=\"wpcf7-form-control-wrap\" data-name=\"Email\"><input size=\"40\" maxlength=\"400\" class=\"wpcf7-form-control wpcf7-email wpcf7-validates-as-required wpcf7-text wpcf7-validates-as-email size18\" aria-required=\"true\" aria-invalid=\"false\" placeholder=\"Correo electr\u00f3nico\" value=\"\" type=\"email\" name=\"Email\" \/><\/span>\n\t<\/p>\n<\/div>\n<div class=\"inputLi wow fadeInUpSmall\">\n\t<p><span class=\"wpcf7-form-control-wrap\" data-name=\"WhatsAppTelPhone\"><input size=\"40\" maxlength=\"400\" class=\"wpcf7-form-control wpcf7-tel wpcf7-text wpcf7-validates-as-tel size18\" aria-invalid=\"false\" placeholder=\"WhatsApp(Con c\u00f3digo de pa\u00eds)\" value=\"\" type=\"tel\" name=\"WhatsAppTelPhone\" \/><\/span>\n\t<\/p>\n<\/div>\n<div class=\"inputLi wow fadeInUpSmall\">\n\t<p><span class=\"wpcf7-form-control-wrap\" data-name=\"Company\"><input size=\"40\" maxlength=\"400\" class=\"wpcf7-form-control wpcf7-text size18\" aria-invalid=\"false\" placeholder=\"Empresa\" value=\"\" type=\"text\" name=\"Company\" \/><\/span>\n\t<\/p>\n<\/div>\n<div class=\"textareaLi wow fadeInUpSmall\">\n\t<p><span class=\"wpcf7-form-control-wrap\" data-name=\"Message\"><textarea cols=\"40\" rows=\"10\" maxlength=\"2000\" class=\"wpcf7-form-control wpcf7-textarea wpcf7-validates-as-required size18\" aria-required=\"true\" aria-invalid=\"false\" placeholder=\"Mensaje\" name=\"Message\"><\/textarea><\/span>\n\t<\/p>\n<\/div>\n<div class=\"inputBtn wow fadeInUpSmall\">\n\t<p><input class=\"wpcf7-form-control wpcf7-submit has-spinner size18\" type=\"submit\" value=\"SOLICITAR PRESUPUESTO\" \/>\n\t<\/p>\n<\/div><div class=\"wpcf7-response-output\" aria-hidden=\"true\"><\/div>\n<input type=\"hidden\" name=\"trp-form-language\" value=\"es\"\/><\/form>\n<\/div>\n\n\t\t\t\t\t\t\t<\/div>\n\t\t\t\t\t\t<\/div>\n\t\t\t\t\t<\/div>\n\t\t\t\t<\/div>\n\t\t\t<\/div>\n<!-- end Contact Submit Form -->\t\t\t\t<\/div>\n\t\t\t\t<\/div>\n\t\t\t\t<\/div>\n\t\t\t\t<\/div>","protected":false},"excerpt":{"rendered":"<p>Home &#8211; Solutions &#8211; Emergency Light Solution introduction Emergency lights are essential safety devices, providing reliable illumination during power outages, natural disasters, and critical emergencies. Their ability to function instantly and consistently can make a significant difference in ensuring safety and preventing accidents. Dependable battery power is at the core of this performance. PKCELL offers [&hellip;]<\/p>\n","protected":false},"author":7,"featured_media":0,"parent":7,"menu_order":0,"comment_status":"closed","ping_status":"closed","template":"","meta":{"_acf_changed":false,"footnotes":""},"class_list":["post-51750","page","type-page","status-publish","hentry"],"acf":[],"_links":{"self":[{"href":"https:\/\/www.pkcell.com\/es\/wp-json\/wp\/v2\/pages\/51750","targetHints":{"allow":["GET"]}}],"collection":[{"href":"https:\/\/www.pkcell.com\/es\/wp-json\/wp\/v2\/pages"}],"about":[{"href":"https:\/\/www.pkcell.com\/es\/wp-json\/wp\/v2\/types\/page"}],"author":[{"embeddable":true,"href":"https:\/\/www.pkcell.com\/es\/wp-json\/wp\/v2\/users\/7"}],"replies":[{"embeddable":true,"href":"https:\/\/www.pkcell.com\/es\/wp-json\/wp\/v2\/comments?post=51750"}],"version-history":[{"count":0,"href":"https:\/\/www.pkcell.com\/es\/wp-json\/wp\/v2\/pages\/51750\/revisions"}],"up":[{"embeddable":true,"href":"https:\/\/www.pkcell.com\/es\/wp-json\/wp\/v2\/pages\/7"}],"wp:attachment":[{"href":"https:\/\/www.pkcell.com\/es\/wp-json\/wp\/v2\/media?parent=51750"}],"curies":[{"name":"wp","href":"https:\/\/api.w.org\/{rel}","templated":true}]}}