{"id":7,"date":"2024-07-09T15:49:04","date_gmt":"2024-07-09T07:49:04","guid":{"rendered":"https:\/\/www.pkcell.com\/?page_id=7"},"modified":"2025-11-24T18:46:11","modified_gmt":"2025-11-24T10:46:11","slug":"soluciones","status":"publish","type":"page","link":"https:\/\/www.pkcell.com\/es\/solutions\/","title":{"rendered":"Soluciones"},"content":{"rendered":"<div data-elementor-type=\"wp-page\" data-elementor-id=\"7\" class=\"elementor elementor-7\" data-elementor-post-type=\"page\">\n\t\t\t\t<div class=\"elementor-element elementor-element-199f852 maincontent e-con-full e-flex e-con e-parent\" data-id=\"199f852\" data-element_type=\"container\" data-e-type=\"container\">\n\t\t\t\t<div class=\"elementor-element elementor-element-55d0b64 elementor-widget elementor-widget-ucaddon_breadcrumb\" data-id=\"55d0b64\" data-element_type=\"widget\" data-e-type=\"widget\" data-widget_type=\"ucaddon_breadcrumb.default\">\n\t\t\t\t<div class=\"elementor-widget-container\">\n\t\t\t\t\t\n<!-- start Breadcrumb -->\n\n<div class=\"breadcrumb\">\n  <div class=\"maincontainer\">\n    <div class=\"box\">\n      <a href=\"\/es\/\">Inicio<\/a>\n      <span> - <\/span>\n\n\n<a href=\"https:\/\/www.pkcell.com\/es\/solutions\/\" class=\"on\">Soluciones<\/a>\n\n\n\n    <\/div>\n  <\/div>\n<\/div>\n<!-- end Breadcrumb -->\t\t\t\t<\/div>\n\t\t\t\t<\/div>\n\t\t\t\t<div class=\"elementor-element elementor-element-0a24028 elementor-widget elementor-widget-ucaddon_page_introduce_title\" data-id=\"0a24028\" data-element_type=\"widget\" data-e-type=\"widget\" data-widget_type=\"ucaddon_page_introduce_title.default\">\n\t\t\t\t<div class=\"elementor-widget-container\">\n\t\t\t\t\t\n<!-- start Page Introduce Title -->\n\n<div class=\"padt40 padb40 introduce w8\">\n  <div class=\"maincontainer\" style=\"background-image\">\n    <div class=\"current_title\">\n      <h1 class=\"size42 wow fadeInUpSmall\">\n                \tSoluciones\n              <\/h1>\n      <div class=\"size18 text wow fadeInUpSmall\">\n        Nuestras soluciones se centran en la innovaci\u00f3n y la sostenibilidad, garantizando que cada producto equilibre el m\u00e1ximo rendimiento con el m\u00ednimo impacto medioambiental. Tanto si sus necesidades son de alto voltaje, alta capacidad, alta tasa de descarga, larga vida \u00fatil o carga r\u00e1pida, Pkcell puede ofrecerle respuestas personalizadas.\n      <\/div>\n    <\/div>\n  <\/div>\n<\/div>\n<!-- end Page Introduce Title -->\t\t\t\t<\/div>\n\t\t\t\t<\/div>\n\t\t\t\t<div class=\"elementor-element elementor-element-76294df elementor-widget elementor-widget-ucaddon_solution_list\" data-id=\"76294df\" data-element_type=\"widget\" data-e-type=\"widget\" data-widget_type=\"ucaddon_solution_list.default\">\n\t\t\t\t<div class=\"elementor-widget-container\">\n\t\t\t\t\t\n<!-- start Solution List -->\n\n<div class=\"solutionlist\">\n  <div class=\"item wow fadeInUpSmall\">\n    <a href=\"https:\/\/www.pkcell.com\/es\/soluciones\/life-electronics\/\">\n      <div class=\"imgbox\">\n        <img decoding=\"async\" src=\"https:\/\/www.pkcell.com\/wp-content\/uploads\/img50.jpg\"\/>\n      <\/div>\n      <div class=\"textbox\">\n        <div class=\"size30 t1\">\n          Electr\u00f3nica de consumo\n        <\/div>\n        <div class=\"size18 t2\">\n          La soluci\u00f3n de cerradura de puerta inteligente es una soluci\u00f3n de cerradura de puerta basada en inteligencia artificial y tecnolog\u00eda de Internet de las Cosas. Utiliza tecnolog\u00edas como sensores de alta precisi\u00f3n, algoritmos de contrase\u00f1as y sistemas de control remoto para lograr una gesti\u00f3n segura, c\u00f3moda y eficiente de las cerraduras de puertas. La soluci\u00f3n incluye tres partes: equipo de cerradura de puerta inteligente, plataforma de gesti\u00f3n y servicio de atenci\u00f3n al cliente.\n        <\/div>\n        <div class=\"btns\">\n        <\/div>\n      <\/div>\n    <\/a>\n  <\/div>\n<div class=\"item wow fadeInUpSmall\">\n    <a href=\"https:\/\/www.pkcell.com\/es\/soluciones\/dispositivo-medico-a-domicilio\/\">\n      <div class=\"imgbox\">\n        <img decoding=\"async\" src=\"https:\/\/www.pkcell.com\/wp-content\/uploads\/img52.jpg\"\/>\n      <\/div>\n      <div class=\"textbox\">\n        <div class=\"size30 t1\">\n          M\u00e9dico\n        <\/div>\n        <div class=\"size18 t2\">\n          Los dispositivos m\u00e9dicos dom\u00e9sticos, como tensi\u00f3metros, pulsiox\u00edmetros, medidores de colesterol y medidores de \u00e1cido \u00farico, desempe\u00f1an un papel crucial en el control de enfermedades cr\u00f3nicas y la promoci\u00f3n del bienestar general. Una bater\u00eda fiable es esencial para obtener lecturas precisas y un rendimiento constante. Las pilas PKCELL AA y AAA son las fuentes de energ\u00eda perfectas para estos dispositivos cr\u00edticos, ya que proporcionan la energ\u00eda necesaria para mantener su funcionalidad y precisi\u00f3n.\n        <\/div>\n        <div class=\"btns\">\n        <\/div>\n      <\/div>\n    <\/a>\n  <\/div>\n<div class=\"item wow fadeInUpSmall\">\n    <a href=\"https:\/\/www.pkcell.com\/es\/soluciones\/dispositivo-domestico-inteligente\/\">\n      <div class=\"imgbox\">\n        <img decoding=\"async\" src=\"https:\/\/www.pkcell.com\/wp-content\/uploads\/2-6.jpg\"\/>\n      <\/div>\n      <div class=\"textbox\">\n        <div class=\"size30 t1\">\n          Dispositivo dom\u00e9stico inteligente\n        <\/div>\n        <div class=\"size18 t2\">\n          En el sector del hogar inteligente, en r\u00e1pida evoluci\u00f3n, dispositivos como aspiradoras rob\u00f3ticas, aspiradoras inteligentes, fregonas rob\u00f3ticas, altavoces inteligentes, c\u00e1maras inteligentes y proyectores inal\u00e1mbricos se est\u00e1n convirtiendo en partes esenciales de la vida moderna. Sin embargo, el rendimiento y la longevidad de estos dispositivos dependen en gran medida de la calidad y las capacidades de sus bater\u00edas.\n        <\/div>\n        <div class=\"btns\">\n        <\/div>\n      <\/div>\n    <\/a>\n  <\/div>\n<div class=\"item wow fadeInUpSmall\">\n    <a href=\"https:\/\/www.pkcell.com\/es\/soluciones\/emergency-light\/\">\n      <div class=\"imgbox\">\n        <img decoding=\"async\" src=\"https:\/\/www.pkcell.com\/wp-content\/uploads\/emergency-light-1.jpg\"\/>\n      <\/div>\n      <div class=\"textbox\">\n        <div class=\"size30 t1\">\n          Emergency Light\n        <\/div>\n        <div class=\"size18 t2\">\n          Emergency lights are essential safety devices, providing reliable illumination during power outages, natural disasters, and critical emergencies. Their ability to function instantly and consistently can make a significant difference in ensuring safety and preventing accidents. Dependable battery power is at the core of this performance. PKCELL offers tailored battery solutions for emergency lighting, including 18650 lithium cells with PCB and wire, AA alkaline batteries, and 9V alkaline batteries. These options deliver long-lasting energy, rapid response, and stable performance, ensuring that emergency lights remain ready whenever they are needed.\n        <\/div>\n        <div class=\"btns\">\n        <\/div>\n      <\/div>\n    <\/a>\n  <\/div>\n<div class=\"item wow fadeInUpSmall\">\n    <a href=\"\">\n      <div class=\"imgbox\">\n        <img decoding=\"async\" src=\"https:\/\/www.pkcell.com\/wp-content\/uploads\/img50.jpg\"\/>\n      <\/div>\n      <div class=\"textbox\">\n        <div class=\"size30 t1\">\n          Electr\u00f3nica de consumo\n        <\/div>\n        <div class=\"size18 t2\">\n          La soluci\u00f3n de cerradura de puerta inteligente es una soluci\u00f3n de cerradura de puerta basada en\ninteligencia artificial y la tecnolog\u00eda del Internet de las Cosas.\nUtiliza tecnolog\u00edas como sensores de alta precisi\u00f3n, algoritmos de contrase\u00f1a\ny sistemas de control remoto para lograr una gesti\u00f3n segura\nuna gesti\u00f3n segura, c\u00f3moda y eficiente de las cerraduras de las puertas...\n        <\/div>\n        <div class=\"btns\">\n        <\/div>\n      <\/div>\n    <\/a>\n  <\/div>\n \n<\/div>\n<!-- end Solution List -->\t\t\t\t<\/div>\n\t\t\t\t<\/div>\n\t\t\t\t<div class=\"elementor-element elementor-element-0011e86 elementor-widget elementor-widget-ucaddon_column_blocks\" data-id=\"0011e86\" data-element_type=\"widget\" data-e-type=\"widget\" data-widget_type=\"ucaddon_column_blocks.default\">\n\t\t\t\t<div class=\"elementor-widget-container\">\n\t\t\t\t\t\n<!-- start Column Blocks -->\n\n<div class=\"padt110 other_section\">\n  <div class=\"maincontainer\">\n    <ul>\n      <li class=\"wow fadeInUpSmall\">\n        <a href=\"https:\/\/www.pkcell.com\/es\/contacto\/\">\n          <div class=\"imgbox\">\n            <img decoding=\"async\" src=\"https:\/\/www.pkcell.com\/wp-content\/uploads\/img53.jpg\">\n          <\/div>\n          <div class=\"textbox\">\n            <div class=\"size30 t1\">\n              Servicio\n            <\/div>\n            <div class=\"size18 t2\">\n              El cliente primero es nuestro compromiso. Ofrecemos un completo servicio de asistencia t\u00e9cnica y atenci\u00f3n al cliente para asegurarnos de que recibe la mejor orientaci\u00f3n en cada paso de su elecci\u00f3n. Nos comprometemos a ofrecerle soluciones las 24 horas del d\u00eda y a proporcionarle muestras en un plazo de 7 d\u00edas.\n            <\/div>\n            <div class=\"current-btn white\">\n              <span class=\"size18\">\n                <i><\/i>M\u00e1s informaci\u00f3n\n              <\/span>\n            <\/div>\n          <\/div>\n        <\/a>\n      <\/li>\n<li class=\"wow fadeInUpSmall\">\n        <a href=\"\/es\/acerca-de\/\">\n          <div class=\"imgbox\">\n            <img decoding=\"async\" src=\"https:\/\/www.pkcell.com\/wp-content\/uploads\/img54.jpg\">\n          <\/div>\n          <div class=\"textbox\">\n            <div class=\"size30 t1\">\n              Qui\u00e9nes somos\n            <\/div>\n            <div class=\"size18 t2\">\n              Conozca la historia, la visi\u00f3n y el compromiso con el futuro de Pkcell.\nNos comprometemos a convertirnos en l\u00edderes en tecnolog\u00eda de bater\u00edas para crear un futuro mejor para nuestros clientes y el planeta.\n            <\/div>\n            <div class=\"current-btn white\">\n              <span class=\"size18\">\n                <i><\/i>M\u00e1s informaci\u00f3n\n              <\/span>\n            <\/div>\n          <\/div>\n        <\/a>\n      <\/li>\n\n    <\/ul>\n  <\/div>\n<\/div>\n<!-- end Column Blocks -->\t\t\t\t<\/div>\n\t\t\t\t<\/div>\n\t\t\t\t<div class=\"elementor-element elementor-element-42e8ee1 padt80 elementor-widget elementor-widget-ucaddon_contact_submit_form\" data-id=\"42e8ee1\" data-element_type=\"widget\" data-e-type=\"widget\" data-widget_type=\"ucaddon_contact_submit_form.default\">\n\t\t\t\t<div class=\"elementor-widget-container\">\n\t\t\t\t\t\n<!-- start Contact Submit Form -->\n\n<div class=\"padb136 Get_in_Touch\">\n\t\t\t\t<div class=\"maincontainer\">\n\t\t\t\t\t<div class=\"box\">\n\t\t\t\t\t\t<div class=\"current_title center\">\n\t\t\t\t\t\t\t<h3 class=\"size42 wow fadeInUpSmall\">\n\t\t\t\t\t\t\t\tSOLICITAR PRESUPUESTO\n\t\t\t\t\t\t\t<\/h3>\n\t\t\t\t\t\t\t<div class=\"size20 text wow fadeInUpSmall\">\n\t\t\t\t\t\t\t\tPuede ponerse en contacto con nosotros por tel\u00e9fono, correo electr\u00f3nico o rellenando el siguiente formulario. Nuestro objetivo es responder a todas las consultas en 24 horas.\t\t\t\t\t\t\t\n                          \t<\/div>\n\t\t\t\t\t\t<\/div>\n                    \n\n\t\t\t\t\t\t<div class=\"wrap\">\n\t\t\t\t\t\t\t<div class=\"infor\">\n\t\t\t\t\t\t\t\t<ul>\n\t\t\t\t\t\t\t\t\n\t\t\t\t\t\t\t\t\t<li class=\"wow fadeInUpSmall\">\n\t\t\t\t\t\t\t\t\t\t<div class=\"item\">\n\t\t\t\t\t\t\t\t\t\t\t<div class=\"icon\">\n\t\t\t\t    \t\t\t\t\t\t\t<img decoding=\"async\"  src=\"https:\/\/www.pkcell.com\/wp-content\/uploads\/icon19.png\">\n\t\t\t\t    \t\t\t\t\t\t<\/div>\n\t\t\t\t    \t\t\t\t\t\t<div class=\"size18 text\">\n\t\t\t\t    \t\t\t\t\t\t\t<div class=\"t1\">\n\t\t\t\t    \t\t\t\t\t\t\t\tCorreo electr\u00f3nico\n\t\t\t\t    \t\t\t\t\t\t\t<\/div>\n\t\t\t\t    \t\t\t\t\t\t\t<div class=\"t2\">\n\t\t\t\t\t\t\t\t\t\t\t\t\tinfo@pkcell.com\n\t\t\t\t    \t\t\t\t\t\t\t<\/div>\n\t\t\t\t    \t\t\t\t\t\t<\/div>\n\t\t\t\t\t\t\t\t\t\t<\/div>\n\t\t\t\t\t\t\t\t\t<\/li>\n\t\t\t\t\t\t\t\t\t<li class=\"wow fadeInUpSmall\">\n\t\t\t\t\t\t\t\t\t\t<div class=\"item\">\n\t\t\t\t\t\t\t\t\t\t\t<div class=\"icon\">\n\t\t\t\t    \t\t\t\t\t\t\t<img decoding=\"async\"  src=\"https:\/\/www.pkcell.com\/wp-content\/uploads\/icon20.png\">\n\t\t\t\t    \t\t\t\t\t\t<\/div>\n\t\t\t\t    \t\t\t\t\t\t<div class=\"size18 text\">\n\t\t\t\t    \t\t\t\t\t\t\t<div class=\"t1\">\n\t\t\t\t    \t\t\t\t\t\t\t\tDirecci\u00f3n de la empresa\n\t\t\t\t    \t\t\t\t\t\t\t<\/div>\n\t\t\t\t    \t\t\t\t\t\t\t<div class=\"t2\">\n\t\t\t\t\t\t\t\t\t\t\t\t\t9th Floor , Block B, Hongrongyuan North Station Center, No. 328, Mintang Road, Longhua District, Shenzhen,China,518110\n\t\t\t\t    \t\t\t\t\t\t\t<\/div>\n\t\t\t\t    \t\t\t\t\t\t<\/div>\n\t\t\t\t\t\t\t\t\t\t<\/div>\n\t\t\t\t\t\t\t\t\t<\/li>\n\t\t\t\t\t\t\t\t<\/ul>\n\t\t\t\t\t\t\t<\/div>\n\t\t\t\t\t\t\t<div class=\"formBox\">\n                              \t\n<div class=\"wpcf7 no-js\" id=\"wpcf7-f345-o1\" lang=\"en-US\" dir=\"ltr\" data-wpcf7-id=\"345\">\n<div class=\"screen-reader-response\"><p role=\"status\" aria-live=\"polite\" aria-atomic=\"true\"><\/p> <ul><\/ul><\/div>\n<form action=\"\/es\/wp-json\/wp\/v2\/pages\/7#wpcf7-f345-o1\" method=\"post\" class=\"wpcf7-form init\" aria-label=\"Formulario de contacto\" novalidate=\"novalidate\" data-status=\"init\" data-trp-original-action=\"\/es\/wp-json\/wp\/v2\/pages\/7#wpcf7-f345-o1\">\n<fieldset class=\"hidden-fields-container\"><input type=\"hidden\" name=\"_wpcf7\" value=\"345\" \/><input type=\"hidden\" name=\"_wpcf7_version\" value=\"6.1.5\" \/><input type=\"hidden\" name=\"_wpcf7_locale\" value=\"en_US\" \/><input type=\"hidden\" name=\"_wpcf7_unit_tag\" value=\"wpcf7-f345-o1\" \/><input type=\"hidden\" name=\"_wpcf7_container_post\" value=\"0\" \/><input type=\"hidden\" name=\"_wpcf7_posted_data_hash\" value=\"\" \/><input type=\"hidden\" name=\"_wpcf7_recaptcha_response\" value=\"\" \/>\n<\/fieldset>\n<div class=\"inputLi wow fadeInUpSmall\">\n\t<p><span class=\"wpcf7-form-control-wrap\" data-name=\"Name\"><input size=\"40\" maxlength=\"400\" class=\"wpcf7-form-control wpcf7-text wpcf7-validates-as-required size18\" aria-required=\"true\" aria-invalid=\"false\" placeholder=\"Nombre\" value=\"\" type=\"text\" name=\"Name\" \/><\/span>\n\t<\/p>\n<\/div>\n<div class=\"inputLi wow fadeInUpSmall\">\n\t<p><span class=\"wpcf7-form-control-wrap\" data-name=\"Email\"><input size=\"40\" maxlength=\"400\" class=\"wpcf7-form-control wpcf7-email wpcf7-validates-as-required wpcf7-text wpcf7-validates-as-email size18\" aria-required=\"true\" aria-invalid=\"false\" placeholder=\"Correo electr\u00f3nico\" value=\"\" type=\"email\" name=\"Email\" \/><\/span>\n\t<\/p>\n<\/div>\n<div class=\"inputLi wow fadeInUpSmall\">\n\t<p><span class=\"wpcf7-form-control-wrap\" data-name=\"WhatsAppTelPhone\"><input size=\"40\" maxlength=\"400\" class=\"wpcf7-form-control wpcf7-tel wpcf7-text wpcf7-validates-as-tel size18\" aria-invalid=\"false\" placeholder=\"WhatsApp(Con c\u00f3digo de pa\u00eds)\" value=\"\" type=\"tel\" name=\"WhatsAppTelPhone\" \/><\/span>\n\t<\/p>\n<\/div>\n<div class=\"inputLi wow fadeInUpSmall\">\n\t<p><span class=\"wpcf7-form-control-wrap\" data-name=\"Company\"><input size=\"40\" maxlength=\"400\" class=\"wpcf7-form-control wpcf7-text size18\" aria-invalid=\"false\" placeholder=\"Empresa\" value=\"\" type=\"text\" name=\"Company\" \/><\/span>\n\t<\/p>\n<\/div>\n<div class=\"textareaLi wow fadeInUpSmall\">\n\t<p><span class=\"wpcf7-form-control-wrap\" data-name=\"Message\"><textarea cols=\"40\" rows=\"10\" maxlength=\"2000\" class=\"wpcf7-form-control wpcf7-textarea wpcf7-validates-as-required size18\" aria-required=\"true\" aria-invalid=\"false\" placeholder=\"Mensaje\" name=\"Message\"><\/textarea><\/span>\n\t<\/p>\n<\/div>\n<div class=\"inputBtn wow fadeInUpSmall\">\n\t<p><input class=\"wpcf7-form-control wpcf7-submit has-spinner size18\" type=\"submit\" value=\"SOLICITAR PRESUPUESTO\" \/>\n\t<\/p>\n<\/div><div class=\"wpcf7-response-output\" aria-hidden=\"true\"><\/div>\n<input type=\"hidden\" name=\"trp-form-language\" value=\"es\"\/><\/form>\n<\/div>\n\n\t\t\t\t\t\t\t<\/div>\n\t\t\t\t\t\t<\/div>\n\t\t\t\t\t<\/div>\n\t\t\t\t<\/div>\n\t\t\t<\/div>\n<!-- end Contact Submit Form -->\t\t\t\t<\/div>\n\t\t\t\t<\/div>\n\t\t\t\t<\/div>\n\t\t\t\t<\/div>","protected":false},"excerpt":{"rendered":"<p>Home &#8211; Solutions Our solutions focus on innovation and sustainability, ensuring every product balances maximum performance with minimal environmental impact. Whether your needs are high voltage, high capacity, high discharge rate, long life or fast charging, Pkcell can provide customized answers. Life Electronics The smart door lock solution is a door lock solution based on [&hellip;]<\/p>\n","protected":false},"author":7,"featured_media":0,"parent":0,"menu_order":0,"comment_status":"closed","ping_status":"closed","template":"","meta":{"_acf_changed":false,"footnotes":""},"class_list":["post-7","page","type-page","status-publish","hentry"],"acf":[],"_links":{"self":[{"href":"https:\/\/www.pkcell.com\/es\/wp-json\/wp\/v2\/pages\/7","targetHints":{"allow":["GET"]}}],"collection":[{"href":"https:\/\/www.pkcell.com\/es\/wp-json\/wp\/v2\/pages"}],"about":[{"href":"https:\/\/www.pkcell.com\/es\/wp-json\/wp\/v2\/types\/page"}],"author":[{"embeddable":true,"href":"https:\/\/www.pkcell.com\/es\/wp-json\/wp\/v2\/users\/7"}],"replies":[{"embeddable":true,"href":"https:\/\/www.pkcell.com\/es\/wp-json\/wp\/v2\/comments?post=7"}],"version-history":[{"count":0,"href":"https:\/\/www.pkcell.com\/es\/wp-json\/wp\/v2\/pages\/7\/revisions"}],"wp:attachment":[{"href":"https:\/\/www.pkcell.com\/es\/wp-json\/wp\/v2\/media?parent=7"}],"curies":[{"name":"wp","href":"https:\/\/api.w.org\/{rel}","templated":true}]}}