{"id":13,"date":"2024-07-09T15:51:33","date_gmt":"2024-07-09T07:51:33","guid":{"rendered":"https:\/\/www.pkcell.com\/?page_id=13"},"modified":"2025-02-05T09:47:57","modified_gmt":"2025-02-05T01:47:57","slug":"oem","status":"publish","type":"page","link":"https:\/\/www.pkcell.com\/fr\/oem\/","title":{"rendered":"OEM"},"content":{"rendered":"<div data-elementor-type=\"wp-page\" data-elementor-id=\"13\" class=\"elementor elementor-13\" data-elementor-post-type=\"page\">\n\t\t\t\t<div class=\"elementor-element elementor-element-0f2930f maincontent e-con-full e-flex e-con e-parent\" data-id=\"0f2930f\" data-element_type=\"container\" data-e-type=\"container\">\n\t\t\t\t<div class=\"elementor-element elementor-element-5f3c2b3 elementor-widget elementor-widget-ucaddon_breadcrumb\" data-id=\"5f3c2b3\" data-element_type=\"widget\" data-e-type=\"widget\" data-widget_type=\"ucaddon_breadcrumb.default\">\n\t\t\t\t<div class=\"elementor-widget-container\">\n\t\t\t\t\t\n<!-- start Breadcrumb -->\n\n<div class=\"breadcrumb\">\n  <div class=\"maincontainer\">\n    <div class=\"box\">\n      <a href=\"\/fr\/\">Accueil<\/a>\n      <span> - <\/span>\n\n\n<a href=\"https:\/\/www.pkcell.com\/fr\/oem\/\" class=\"on\">OEM<\/a>\n\n\n\n    <\/div>\n  <\/div>\n<\/div>\n<!-- end Breadcrumb -->\t\t\t\t<\/div>\n\t\t\t\t<\/div>\n\t\t\t\t<div class=\"elementor-element elementor-element-a69ac7e elementor-widget elementor-widget-ucaddon_page_introduce_title\" data-id=\"a69ac7e\" data-element_type=\"widget\" data-e-type=\"widget\" data-widget_type=\"ucaddon_page_introduce_title.default\">\n\t\t\t\t<div class=\"elementor-widget-container\">\n\t\t\t\t\t\n<!-- start Page Introduce Title -->\n\n<div class=\"padt40 padb40 introduce w8\">\n  <div class=\"maincontainer\" style=\"background-image\">\n    <div class=\"current_title\">\n      <h1 class=\"size42 wow fadeInUpSmall\">\n                \tOEM\/ODM\n              <\/h1>\n      <div class=\"size18 text wow fadeInUpSmall\">\n        Avec un service personnalis\u00e9 et \u00e0 valeur ajout\u00e9e, Pkcell offre une exp\u00e9rience unique.\n      <\/div>\n    <\/div>\n  <\/div>\n<\/div>\n<!-- end Page Introduce Title -->\t\t\t\t<\/div>\n\t\t\t\t<\/div>\n\t\t\t\t<div class=\"elementor-element elementor-element-1062f59 elementor-widget elementor-widget-ucaddon_text_left_banner\" data-id=\"1062f59\" data-element_type=\"widget\" data-e-type=\"widget\" data-widget_type=\"ucaddon_text_left_banner.default\">\n\t\t\t\t<div class=\"elementor-widget-container\">\n\t\t\t\t\t\n<!-- start Text Left Banner -->\n\n<div class=\"obanner other\">\n  <img decoding=\"async\" class=\"pImg\" src=\"https:\/\/www.pkcell.com\/wp-content\/uploads\/obanner3-768x280.jpg\">\n  <img decoding=\"async\" class=\"mImg\" src=\"https:\/\/www.pkcell.com\/wp-content\/uploads\/obanner3-m-768x653.jpg\">\n  <div class=\"maincontainer obanner-title\">\n    <div class=\"box wow fadeInUpSmall\">\n            <div class=\"size18 txt\">\n        Nous pouvons vous aider dans la conception, l'assemblage et la livraison. \n<br><br>\n<srong>OEM\/ODM Processus :<\/stong><br><br>\n1. Analyse de la demande <br>\n2. \u00c9valuation de la faisabilit\u00e9 et devis <br>\n3. Conception et d\u00e9veloppement <br>\n4. Production et test des \u00e9chantillons <br>\n5. Production de masse <br>\n6. Livraison et service apr\u00e8s-vente\n      <\/div>\n            <div class=\"current-btn white\">\n        <a href=\"#Quote_Form\">\n          <i><\/i>DEMANDER UN DEVIS\n        <\/a>\n      <\/div>\n          <\/div>\n  <\/div>\n<\/div>\n<!-- end Text Left Banner -->\t\t\t\t<\/div>\n\t\t\t\t<\/div>\n\t\t\t\t<div class=\"elementor-element elementor-element-7f0aaff elementor-widget elementor-widget-ucaddon_customization_process\" data-id=\"7f0aaff\" data-element_type=\"widget\" data-e-type=\"widget\" data-widget_type=\"ucaddon_customization_process.default\">\n\t\t\t\t<div class=\"elementor-widget-container\">\n\t\t\t\t\t\n<!-- start Customization Process -->\n\n<div class=\"padt90 padb136 process\">\n  <div class=\"maincontainer\">\n    <div class=\"current_title center wow fadeInUpSmall\">\n      <h3 class=\"size42\">\n        Processus de personnalisation de Pkcell\n      <\/h3>\n    <\/div>\n  <\/div>\n  <div class=\"box wow fadeInUpSmall\">\n    <div class=\"swiper\">\n      <div class=\"swiper-wrapper\">\n        <div class=\"swiper-slide\">\n  <div class=\"order\">\n    01\n  <\/div>\n  <div class=\"icon\">\n    <img decoding=\"async\" src=\"https:\/\/www.pkcell.com\/wp-content\/uploads\/icon49.png\"\/>\n  <\/div>\n  <div class=\"t1\">\n    Analyse de la demande\n  <\/div>\n  <div class=\"size18 t2\">\n    <p>Discutez de vos besoins sp\u00e9cifiques en mati\u00e8re de batteries.<\/p><p>\u00a0<\/p><ol><li><strong>Type de batterie<\/strong><\/li><li><strong>Technique <\/strong><strong>sp\u00e9cifications<\/strong><\/li><li><strong>Application <\/strong><strong>sc\u00e9narios<\/strong><\/li><li><strong>Exigences de performance<\/strong><\/li><li><strong>Budget et quantit\u00e9<\/strong><\/li><li><strong>Autres exigences particuli\u00e8res (par exemple, mat\u00e9riaux respectueux de l'environnement, certifications, etc.)<\/strong><\/li><\/ol>\n  <\/div>\n<\/div>\n<div class=\"swiper-slide\">\n  <div class=\"order\">\n    02\n  <\/div>\n  <div class=\"icon\">\n    <img decoding=\"async\" src=\"https:\/\/www.pkcell.com\/wp-content\/uploads\/icon50.png\"\/>\n  <\/div>\n  <div class=\"t1\">\n    \u00c9valuer la faisabilit\u00e9 \n  <\/div>\n  <div class=\"size18 t2\">\n    <p>Nous \u00e9valuons la faisabilit\u00e9 de votre besoin, y compris :<\/p><p>\u00a0<\/p><ol><li><strong>Capacit\u00e9s techniques<\/strong><\/li><li><strong>Capacit\u00e9 de production<\/strong><\/li><li><strong>Co\u00fbt<\/strong><\/li><\/ol>\n  <\/div>\n<\/div>\n<div class=\"swiper-slide\">\n  <div class=\"order\">\n    03\n  <\/div>\n  <div class=\"icon\">\n    <img decoding=\"async\" src=\"https:\/\/www.pkcell.com\/wp-content\/uploads\/icon49.png\"\/>\n  <\/div>\n  <div class=\"t1\">\n    Devis\n  <\/div>\n  <div class=\"size18 t2\">\n    <p>Nous vous fournirons un devis d\u00e9taill\u00e9, comprenant les \u00e9l\u00e9ments suivants<\/p><p>\u00a0<\/p><ol><li><strong>Prix unitaire<\/strong><\/li><li><strong>D\u00e9lai de livraison<\/strong><\/li><li><strong>Conditions de paiement<\/strong><\/li><li><strong>Autres conditions<\/strong><\/li><\/ol>\n  <\/div>\n<\/div>\n<div class=\"swiper-slide\">\n  <div class=\"order\">\n    04\n  <\/div>\n  <div class=\"icon\">\n    <img decoding=\"async\" src=\"https:\/\/www.pkcell.com\/wp-content\/uploads\/icon51.png\"\/>\n  <\/div>\n  <div class=\"t1\">\n    Conception et d\u00e9veloppement \n  <\/div>\n  <div class=\"size18 t2\">\n    <p>Nous concevrons et d\u00e9velopperons la batterie en fonction de vos exigences, notamment :<\/p><p>\u00a0<\/p><ol><li><strong>Conception de la structure de la batterie<\/strong><\/li><li><strong>Choix du mat\u00e9riau de la batterie<\/strong><\/li><li><strong>Conception du syst\u00e8me de gestion des b\u00e2timents<\/strong><\/li><li><strong>Production d'\u00e9chantillons<\/strong><\/li><\/ol>\n  <\/div>\n<\/div>\n<div class=\"swiper-slide\">\n  <div class=\"order\">\n    05\n  <\/div>\n  <div class=\"icon\">\n    <img decoding=\"async\" src=\"https:\/\/www.pkcell.com\/wp-content\/uploads\/icon52.png\"\/>\n  <\/div>\n  <div class=\"t1\">\n    Production et test d'\u00e9chantillons\n  <\/div>\n  <div class=\"size18 t2\">\n    Nous vous enverrons des \u00e9chantillons pour les tester et les valider afin de nous assurer qu'ils r\u00e9pondent \u00e0 vos exigences.\n  <\/div>\n<\/div>\n<div class=\"swiper-slide\">\n  <div class=\"order\">\n    06\n  <\/div>\n  <div class=\"icon\">\n    <img decoding=\"async\" src=\"https:\/\/www.pkcell.com\/wp-content\/uploads\/icon49.png\"\/>\n  <\/div>\n  <div class=\"t1\">\n    Production de masse\n  <\/div>\n  <div class=\"size18 t2\">\n    Si vous \u00eates satisfaits des \u00e9chantillons, nous commen\u00e7ons la production en s\u00e9rie.<br>\nNous mettrons en place un syst\u00e8me strict de contr\u00f4le de la qualit\u00e9 afin de garantir la coh\u00e9rence et la fiabilit\u00e9 des produits.\n  <\/div>\n<\/div>\n<div class=\"swiper-slide\">\n  <div class=\"order\">\n    07\n  <\/div>\n  <div class=\"icon\">\n    <img decoding=\"async\" src=\"https:\/\/www.pkcell.com\/wp-content\/uploads\/icon50.png\"\/>\n  <\/div>\n  <div class=\"t1\">\n    Livraison \n  <\/div>\n  <div class=\"size18 t2\">\n    Nous livrerons la batterie au port selon l'heure et la m\u00e9thode sp\u00e9cifi\u00e9es dans le contrat.\n  <\/div>\n<\/div>\n \n      <\/div>\n      <div class=\"swiper-pagination\"><\/div>\n    <\/div>\n  <\/div>\n<\/div>\n<!-- end Customization Process -->\t\t\t\t<\/div>\n\t\t\t\t<\/div>\n\t\t\t\t<div class=\"elementor-element elementor-element-6617d46 elementor-widget elementor-widget-image\" data-id=\"6617d46\" data-element_type=\"widget\" data-e-type=\"widget\" data-widget_type=\"image.default\">\n\t\t\t\t<div class=\"elementor-widget-container\">\n\t\t\t\t\t\t\t\t\t\t\t\t\t\t\t<img decoding=\"async\" width=\"1920\" height=\"800\" src=\"https:\/\/www.pkcell.com\/wp-content\/uploads\/report.jpg\" class=\"attachment-full size-full wp-image-3147\" alt=\"\" srcset=\"https:\/\/www.pkcell.com\/wp-content\/uploads\/report.jpg 1920w, https:\/\/www.pkcell.com\/wp-content\/uploads\/report-300x125.jpg 300w, https:\/\/www.pkcell.com\/wp-content\/uploads\/report-1024x427.jpg 1024w, https:\/\/www.pkcell.com\/wp-content\/uploads\/report-768x320.jpg 768w, https:\/\/www.pkcell.com\/wp-content\/uploads\/report-1536x640.jpg 1536w, https:\/\/www.pkcell.com\/wp-content\/uploads\/report-18x8.jpg 18w\" sizes=\"(max-width: 1920px) 100vw, 1920px\" \/>\t\t\t\t\t\t\t\t\t\t\t\t\t\t\t<\/div>\n\t\t\t\t<\/div>\n\t\t\t\t<div class=\"elementor-element elementor-element-5b6625a elementor-widget elementor-widget-ucaddon_case_display_carousel\" data-id=\"5b6625a\" data-element_type=\"widget\" data-e-type=\"widget\" data-widget_type=\"ucaddon_case_display_carousel.default\">\n\t\t\t\t<div class=\"elementor-widget-container\">\n\t\t\t\t\t\n<!-- start Case Display Carousel -->\n\n<div class=\"padt110 padb100 case-display\" style=\"background-image: url(https:\/\/www.pkcell.com\/wp-content\/uploads\/img41.jpg);\">\n  <div class=\"maincontainer\">\n    <div class=\"current_title center wow fadeInUpSmall\">\n      <h3 class=\"size42\">\n        Ligne de production\n      <\/h3>\n    <\/div>\n  <\/div>\n  <div class=\"box wow fadeInUpSmall\">\n    <div class=\"swiper\">\n      <div class=\"swiper-wrapper\">\n        <div class=\"swiper-slide\">\n  <a href=\"\">\n    <div class=\"imgbox\">\n      <img decoding=\"async\" src=\"https:\/\/www.pkcell.com\/wp-content\/uploads\/IMG_4908-scaled.jpg\"\/>\n    <\/div>\n    <div class=\"textbox\">\n      <span class=\"size24\">\n        \n      <\/span>\n    <\/div>\n  <\/a>\n<\/div>\n<div class=\"swiper-slide\">\n  <a href=\"\">\n    <div class=\"imgbox\">\n      <img decoding=\"async\" src=\"https:\/\/www.pkcell.com\/wp-content\/uploads\/2-6.png\"\/>\n    <\/div>\n    <div class=\"textbox\">\n      <span class=\"size24\">\n        \n      <\/span>\n    <\/div>\n  <\/a>\n<\/div>\n<div class=\"swiper-slide\">\n  <a href=\"\">\n    <div class=\"imgbox\">\n      <img decoding=\"async\" src=\"https:\/\/www.pkcell.com\/wp-content\/uploads\/1-7.png\"\/>\n    <\/div>\n    <div class=\"textbox\">\n      <span class=\"size24\">\n        \n      <\/span>\n    <\/div>\n  <\/a>\n<\/div>\n<div class=\"swiper-slide\">\n  <a href=\"\">\n    <div class=\"imgbox\">\n      <img decoding=\"async\" src=\"https:\/\/www.pkcell.com\/wp-content\/uploads\/IMG_4962-scaled.jpg\"\/>\n    <\/div>\n    <div class=\"textbox\">\n      <span class=\"size24\">\n        \n      <\/span>\n    <\/div>\n  <\/a>\n<\/div>\n<div class=\"swiper-slide\">\n  <a href=\"\">\n    <div class=\"imgbox\">\n      <img decoding=\"async\" src=\"https:\/\/www.pkcell.com\/wp-content\/uploads\/IMG_4909-scaled.jpg\"\/>\n    <\/div>\n    <div class=\"textbox\">\n      <span class=\"size24\">\n        \n      <\/span>\n    <\/div>\n  <\/a>\n<\/div>\n<div class=\"swiper-slide\">\n  <a href=\"\">\n    <div class=\"imgbox\">\n      <img decoding=\"async\" src=\"https:\/\/www.pkcell.com\/wp-content\/uploads\/IMG_4886-scaled.jpg\"\/>\n    <\/div>\n    <div class=\"textbox\">\n      <span class=\"size24\">\n        \n      <\/span>\n    <\/div>\n  <\/a>\n<\/div>\n<div class=\"swiper-slide\">\n  <a href=\"\">\n    <div class=\"imgbox\">\n      <img decoding=\"async\" src=\"https:\/\/www.pkcell.com\/wp-content\/uploads\/IMG_5128-scaled.jpg\"\/>\n    <\/div>\n    <div class=\"textbox\">\n      <span class=\"size24\">\n        \n      <\/span>\n    <\/div>\n  <\/a>\n<\/div>\n\n      <\/div>\n      <div class=\"swiper-button-next general-btn\"><\/div>\n      <div class=\"swiper-button-prev general-btn\"><\/div>\n    <\/div>\n  <\/div>\n<\/div>\n<!-- end Case Display Carousel -->\t\t\t\t<\/div>\n\t\t\t\t<\/div>\n\t\t\t\t<div class=\"elementor-element elementor-element-0246cd3 elementor-widget elementor-widget-menu-anchor\" data-id=\"0246cd3\" data-element_type=\"widget\" data-e-type=\"widget\" data-widget_type=\"menu-anchor.default\">\n\t\t\t\t<div class=\"elementor-widget-container\">\n\t\t\t\t\t\t\t<div class=\"elementor-menu-anchor\" id=\"Quote_Form\"><\/div>\n\t\t\t\t\t\t<\/div>\n\t\t\t\t<\/div>\n\t\t\t\t<div class=\"elementor-element elementor-element-5ea58c4 elementor-widget elementor-widget-ucaddon_contact_submit_form\" data-id=\"5ea58c4\" data-element_type=\"widget\" data-e-type=\"widget\" data-widget_type=\"ucaddon_contact_submit_form.default\">\n\t\t\t\t<div class=\"elementor-widget-container\">\n\t\t\t\t\t\n<!-- start Contact Submit Form -->\n\n<div class=\"padb136 Get_in_Touch\">\n\t\t\t\t<div class=\"maincontainer\">\n\t\t\t\t\t<div class=\"box\">\n\t\t\t\t\t\t<div class=\"current_title center\">\n\t\t\t\t\t\t\t<h3 class=\"size42 wow fadeInUpSmall\">\n\t\t\t\t\t\t\t\tDEMANDER UN DEVIS\n\t\t\t\t\t\t\t<\/h3>\n\t\t\t\t\t\t\t<div class=\"size20 text wow fadeInUpSmall\">\n\t\t\t\t\t\t\t\tVous pouvez nous joindre par t\u00e9l\u00e9phone, par courrier \u00e9lectronique ou en remplissant le formulaire de contact ci-dessous. Nous nous effor\u00e7ons de r\u00e9pondre \u00e0 toutes les demandes dans les 24 heures.\t\t\t\t\t\t\t\n                          \t<\/div>\n\t\t\t\t\t\t<\/div>\n                    \n\n\t\t\t\t\t\t<div class=\"wrap\">\n\t\t\t\t\t\t\t<div class=\"infor\">\n\t\t\t\t\t\t\t\t<ul>\n\t\t\t\t\t\t\t\t\n\t\t\t\t\t\t\t\t\t<li class=\"wow fadeInUpSmall\">\n\t\t\t\t\t\t\t\t\t\t<div class=\"item\">\n\t\t\t\t\t\t\t\t\t\t\t<div class=\"icon\">\n\t\t\t\t    \t\t\t\t\t\t\t<img decoding=\"async\"  src=\"https:\/\/www.pkcell.com\/wp-content\/uploads\/icon19.png\">\n\t\t\t\t    \t\t\t\t\t\t<\/div>\n\t\t\t\t    \t\t\t\t\t\t<div class=\"size18 text\">\n\t\t\t\t    \t\t\t\t\t\t\t<div class=\"t1\">\n\t\t\t\t    \t\t\t\t\t\t\t\tCourrier \u00e9lectronique\n\t\t\t\t    \t\t\t\t\t\t\t<\/div>\n\t\t\t\t    \t\t\t\t\t\t\t<div class=\"t2\">\n\t\t\t\t\t\t\t\t\t\t\t\t\tinfo@pkcell.com\n\t\t\t\t    \t\t\t\t\t\t\t<\/div>\n\t\t\t\t    \t\t\t\t\t\t<\/div>\n\t\t\t\t\t\t\t\t\t\t<\/div>\n\t\t\t\t\t\t\t\t\t<\/li>\n\t\t\t\t\t\t\t\t\t<li class=\"wow fadeInUpSmall\">\n\t\t\t\t\t\t\t\t\t\t<div class=\"item\">\n\t\t\t\t\t\t\t\t\t\t\t<div class=\"icon\">\n\t\t\t\t    \t\t\t\t\t\t\t<img decoding=\"async\"  src=\"https:\/\/www.pkcell.com\/wp-content\/uploads\/icon20.png\">\n\t\t\t\t    \t\t\t\t\t\t<\/div>\n\t\t\t\t    \t\t\t\t\t\t<div class=\"size18 text\">\n\t\t\t\t    \t\t\t\t\t\t\t<div class=\"t1\">\n\t\t\t\t    \t\t\t\t\t\t\t\tAdresse de l'entreprise\n\t\t\t\t    \t\t\t\t\t\t\t<\/div>\n\t\t\t\t    \t\t\t\t\t\t\t<div class=\"t2\">\n\t\t\t\t\t\t\t\t\t\t\t\t\t9th Floor , Block B, Hongrongyuan North Station Center, No. 328, Mintang Road, Longhua District, Shenzhen,China,518110\n\t\t\t\t    \t\t\t\t\t\t\t<\/div>\n\t\t\t\t    \t\t\t\t\t\t<\/div>\n\t\t\t\t\t\t\t\t\t\t<\/div>\n\t\t\t\t\t\t\t\t\t<\/li>\n\t\t\t\t\t\t\t\t<\/ul>\n\t\t\t\t\t\t\t<\/div>\n\t\t\t\t\t\t\t<div class=\"formBox\">\n                              \t\n<div class=\"wpcf7 no-js\" id=\"wpcf7-f345-o1\" lang=\"en-US\" dir=\"ltr\" data-wpcf7-id=\"345\">\n<div class=\"screen-reader-response\"><p role=\"status\" aria-live=\"polite\" aria-atomic=\"true\"><\/p> <ul><\/ul><\/div>\n<form action=\"\/fr\/wp-json\/wp\/v2\/pages\/13#wpcf7-f345-o1\" method=\"post\" class=\"wpcf7-form init\" aria-label=\"Formulaire de contact\" novalidate=\"novalidate\" data-status=\"init\" data-trp-original-action=\"\/fr\/wp-json\/wp\/v2\/pages\/13#wpcf7-f345-o1\">\n<fieldset class=\"hidden-fields-container\"><input type=\"hidden\" name=\"_wpcf7\" value=\"345\" \/><input type=\"hidden\" name=\"_wpcf7_version\" value=\"6.1.5\" \/><input type=\"hidden\" name=\"_wpcf7_locale\" value=\"en_US\" \/><input type=\"hidden\" name=\"_wpcf7_unit_tag\" value=\"wpcf7-f345-o1\" \/><input type=\"hidden\" name=\"_wpcf7_container_post\" value=\"0\" \/><input type=\"hidden\" name=\"_wpcf7_posted_data_hash\" value=\"\" \/><input type=\"hidden\" name=\"_wpcf7_recaptcha_response\" value=\"\" \/>\n<\/fieldset>\n<div class=\"inputLi wow fadeInUpSmall\">\n\t<p><span class=\"wpcf7-form-control-wrap\" data-name=\"Name\"><input size=\"40\" maxlength=\"400\" class=\"wpcf7-form-control wpcf7-text wpcf7-validates-as-required size18\" aria-required=\"true\" aria-invalid=\"false\" placeholder=\"Nom*\" value=\"\" type=\"text\" name=\"Name\" \/><\/span>\n\t<\/p>\n<\/div>\n<div class=\"inputLi wow fadeInUpSmall\">\n\t<p><span class=\"wpcf7-form-control-wrap\" data-name=\"Email\"><input size=\"40\" maxlength=\"400\" class=\"wpcf7-form-control wpcf7-email wpcf7-validates-as-required wpcf7-text wpcf7-validates-as-email size18\" aria-required=\"true\" aria-invalid=\"false\" placeholder=\"Courriel*\" value=\"\" type=\"email\" name=\"Email\" \/><\/span>\n\t<\/p>\n<\/div>\n<div class=\"inputLi wow fadeInUpSmall\">\n\t<p><span class=\"wpcf7-form-control-wrap\" data-name=\"WhatsAppTelPhone\"><input size=\"40\" maxlength=\"400\" class=\"wpcf7-form-control wpcf7-tel wpcf7-text wpcf7-validates-as-tel size18\" aria-invalid=\"false\" placeholder=\"WhatsApp (avec code pays)\" value=\"\" type=\"tel\" name=\"WhatsAppTelPhone\" \/><\/span>\n\t<\/p>\n<\/div>\n<div class=\"inputLi wow fadeInUpSmall\">\n\t<p><span class=\"wpcf7-form-control-wrap\" data-name=\"Company\"><input size=\"40\" maxlength=\"400\" class=\"wpcf7-form-control wpcf7-text size18\" aria-invalid=\"false\" placeholder=\"Entreprise\" value=\"\" type=\"text\" name=\"Company\" \/><\/span>\n\t<\/p>\n<\/div>\n<div class=\"textareaLi wow fadeInUpSmall\">\n\t<p><span class=\"wpcf7-form-control-wrap\" data-name=\"Message\"><textarea cols=\"40\" rows=\"10\" maxlength=\"2000\" class=\"wpcf7-form-control wpcf7-textarea wpcf7-validates-as-required size18\" aria-required=\"true\" aria-invalid=\"false\" placeholder=\"Message*\" name=\"Message\"><\/textarea><\/span>\n\t<\/p>\n<\/div>\n<div class=\"inputBtn wow fadeInUpSmall\">\n\t<p><input class=\"wpcf7-form-control wpcf7-submit has-spinner size18\" type=\"submit\" value=\"DEMANDER UN DEVIS\" \/>\n\t<\/p>\n<\/div><div class=\"wpcf7-response-output\" aria-hidden=\"true\"><\/div>\n<input type=\"hidden\" name=\"trp-form-language\" value=\"fr\"\/><\/form>\n<\/div>\n\n\t\t\t\t\t\t\t<\/div>\n\t\t\t\t\t\t<\/div>\n\t\t\t\t\t<\/div>\n\t\t\t\t<\/div>\n\t\t\t<\/div>\n<!-- end Contact Submit Form -->\t\t\t\t<\/div>\n\t\t\t\t<\/div>\n\t\t\t\t<\/div>\n\t\t\t\t<\/div>","protected":false},"excerpt":{"rendered":"<p>Home &#8211; OEM\/ODM With a customized and value-added service, Pkcell offer a one-of-a-kind experience. We can help you with design, assembly, and delivery. OEM\/ODM Process: 1. Demand Analysis 2. Feasibility Assessment and Quotation 3. Design and Development 4. Sample Production and Testing 5. Mass Production 6. Delivery and After-Sales Service GET A QUOTE Pkcell Customization [&hellip;]<\/p>\n","protected":false},"author":7,"featured_media":0,"parent":0,"menu_order":0,"comment_status":"closed","ping_status":"closed","template":"","meta":{"_acf_changed":false,"footnotes":""},"class_list":["post-13","page","type-page","status-publish","hentry"],"acf":[],"_links":{"self":[{"href":"https:\/\/www.pkcell.com\/fr\/wp-json\/wp\/v2\/pages\/13","targetHints":{"allow":["GET"]}}],"collection":[{"href":"https:\/\/www.pkcell.com\/fr\/wp-json\/wp\/v2\/pages"}],"about":[{"href":"https:\/\/www.pkcell.com\/fr\/wp-json\/wp\/v2\/types\/page"}],"author":[{"embeddable":true,"href":"https:\/\/www.pkcell.com\/fr\/wp-json\/wp\/v2\/users\/7"}],"replies":[{"embeddable":true,"href":"https:\/\/www.pkcell.com\/fr\/wp-json\/wp\/v2\/comments?post=13"}],"version-history":[{"count":0,"href":"https:\/\/www.pkcell.com\/fr\/wp-json\/wp\/v2\/pages\/13\/revisions"}],"wp:attachment":[{"href":"https:\/\/www.pkcell.com\/fr\/wp-json\/wp\/v2\/media?parent=13"}],"curies":[{"name":"wp","href":"https:\/\/api.w.org\/{rel}","templated":true}]}}