{"id":19,"date":"2024-07-09T15:54:03","date_gmt":"2024-07-09T07:54:03","guid":{"rendered":"https:\/\/www.pkcell.com\/?page_id=19"},"modified":"2025-04-02T08:58:17","modified_gmt":"2025-04-02T00:58:17","slug":"distributeur","status":"publish","type":"page","link":"https:\/\/www.pkcell.com\/fr\/distributor\/","title":{"rendered":"Distributeur"},"content":{"rendered":"<div data-elementor-type=\"wp-page\" data-elementor-id=\"19\" class=\"elementor elementor-19\" data-elementor-post-type=\"page\">\n\t\t\t\t<div class=\"elementor-element elementor-element-231b1d5 maincontent e-con-full e-flex e-con e-parent\" data-id=\"231b1d5\" data-element_type=\"container\" data-e-type=\"container\">\n\t\t\t\t<div class=\"elementor-element elementor-element-083a401 elementor-widget elementor-widget-ucaddon_breadcrumb\" data-id=\"083a401\" data-element_type=\"widget\" data-e-type=\"widget\" data-widget_type=\"ucaddon_breadcrumb.default\">\n\t\t\t\t<div class=\"elementor-widget-container\">\n\t\t\t\t\t\n<!-- start Breadcrumb -->\n\n<div class=\"breadcrumb\">\n  <div class=\"maincontainer\">\n    <div class=\"box\">\n      <a href=\"\/fr\/\">Accueil<\/a>\n      <span> - <\/span>\n\n\n<a href=\"\" class=\"\">Commerce de gros<\/a>\n\n\n<span> - <\/span>\n\n\n<a href=\"https:\/\/www.pkcell.com\/fr\/distributor\/\" class=\"on\">Distributeur<\/a>\n\n\n\n    <\/div>\n  <\/div>\n<\/div>\n<!-- end Breadcrumb -->\t\t\t\t<\/div>\n\t\t\t\t<\/div>\n\t\t\t\t<div class=\"elementor-element elementor-element-f4c4dfb elementor-widget elementor-widget-ucaddon_page_introduce_title\" data-id=\"f4c4dfb\" data-element_type=\"widget\" data-e-type=\"widget\" data-widget_type=\"ucaddon_page_introduce_title.default\">\n\t\t\t\t<div class=\"elementor-widget-container\">\n\t\t\t\t\t\n<!-- start Page Introduce Title -->\n\n<div class=\"padt40 padb40 introduce w8\">\n  <div class=\"maincontainer\" style=\"background-image\">\n    <div class=\"current_title\">\n      <h1 class=\"size42 wow fadeInUpSmall\">\n                \tD\u00e9veloppez votre activit\u00e9 gr\u00e2ce au r\u00e9seau mondial de Pkcell\n              <\/h1>\n      <div class=\"size18 text wow fadeInUpSmall\">\n        Rejoignez notre r\u00e9seau mondial de distributeurs et ouvrez de nouvelles perspectives de croissance et de r\u00e9ussite pour votre entreprise.\n\n<br>Avec une solide r\u00e9putation et une pr\u00e9sence \u00e9tablie sur le march\u00e9 mondial, les piles Pkcell sont reconnues pour leur valeur et leurs performances, ce qui vous permet de p\u00e9n\u00e9trer plus facilement de nouveaux march\u00e9s.\n      <\/div>\n    <\/div>\n  <\/div>\n<\/div>\n<!-- end Page Introduce Title -->\t\t\t\t<\/div>\n\t\t\t\t<\/div>\n\t\t\t\t<div class=\"elementor-element elementor-element-0e855fe elementor-widget elementor-widget-ucaddon_text_left_banner\" data-id=\"0e855fe\" data-element_type=\"widget\" data-e-type=\"widget\" data-widget_type=\"ucaddon_text_left_banner.default\">\n\t\t\t\t<div class=\"elementor-widget-container\">\n\t\t\t\t\t\n<!-- start Text Left Banner -->\n\n<div class=\"obanner\">\n  <img decoding=\"async\" class=\"pImg\" src=\"https:\/\/www.pkcell.com\/wp-content\/uploads\/\u63e1\u624b-cover-768x280.jpg\">\n  <img decoding=\"async\" class=\"mImg\" src=\"https:\/\/www.pkcell.com\/wp-content\/uploads\/2-4-768x653.jpg\">\n  <div class=\"maincontainer obanner-title\">\n    <div class=\"box wow fadeInUpSmall\">\n              <h2 class=\"size42\">\n          En savoir plus sur nos produits et services\uff01\n        <\/h2>\n            <div class=\"size18 txt\">\n        Le client d'abord, c'est notre engagement. Nous fournissons une assistance technique compl\u00e8te et un service \u00e0 la client\u00e8le pour garantir que vous recevez les meilleurs conseils \u00e0 chaque \u00e9tape de votre choix. Nous nous engageons \u00e0 fournir des solutions 24 heures sur 24 et des \u00e9chantillons dans les 7 jours !\n      <\/div>\n            <div class=\"current-btn white\">\n        <a href=\"#Quote_Form\">\n          <i><\/i>DEMANDER UN DEVIS\n        <\/a>\n      <\/div>\n          <\/div>\n  <\/div>\n<\/div>\n<!-- end Text Left Banner -->\t\t\t\t<\/div>\n\t\t\t\t<\/div>\n\t\t\t\t<div class=\"elementor-element elementor-element-217066f elementor-widget elementor-widget-ucaddon_distributor_benefits_carousel\" data-id=\"217066f\" data-element_type=\"widget\" data-e-type=\"widget\" data-widget_type=\"ucaddon_distributor_benefits_carousel.default\">\n\t\t\t\t<div class=\"elementor-widget-container\">\n\t\t\t\t\t\n<!-- start Distributor Benefits Carousel -->\n\n<div class=\"padt80 padb100 distributor_benefits\">\n  <div class=\"maincontainer\">\n    <div class=\"current_title center\">\n      <h2 class=\"size42 wow fadeInUpSmall\">\n        Pourquoi devenir partenaire de Pkcell ?\n      <\/h2>\n    <\/div>\n    <div class=\"box\">\n      <div class=\"swiper mySwiper1 wow fadeInUpSmall\">\n        <div class=\"swiper-wrapper\">\n          <div class=\"swiper-slide\">\n  <div class=\"item\">\n    <div class=\"icon\">\n      <img decoding=\"async\" class=\"ic1\" src=\"https:\/\/www.pkcell.com\/wp-content\/uploads\/icon30.png\"\/>\n      <img decoding=\"async\" class=\"ic2\" src=\"https:\/\/www.pkcell.com\/wp-content\/uploads\/icon30a.png\"\/>\n    <\/div>\n    <div class=\"txt\">\n      Haute qualit\u00e9 et fiabilit\u00e9\n    <\/div>\n  <\/div>\n<\/div>\n<div class=\"swiper-slide\">\n  <div class=\"item\">\n    <div class=\"icon\">\n      <img decoding=\"async\" class=\"ic1\" src=\"https:\/\/www.pkcell.com\/wp-content\/uploads\/icon31.png\"\/>\n      <img decoding=\"async\" class=\"ic2\" src=\"https:\/\/www.pkcell.com\/wp-content\/uploads\/icon31a.png\"\/>\n    <\/div>\n    <div class=\"txt\">\n      Une grande notori\u00e9t\u00e9 de la marque\n    <\/div>\n  <\/div>\n<\/div>\n<div class=\"swiper-slide\">\n  <div class=\"item\">\n    <div class=\"icon\">\n      <img decoding=\"async\" class=\"ic1\" src=\"https:\/\/www.pkcell.com\/wp-content\/uploads\/icon32.png\"\/>\n      <img decoding=\"async\" class=\"ic2\" src=\"https:\/\/www.pkcell.com\/wp-content\/uploads\/icon32a.png\"\/>\n    <\/div>\n    <div class=\"txt\">\n      Rentabilit\u00e9 \u00e9lev\u00e9e\n    <\/div>\n  <\/div>\n<\/div>\n<div class=\"swiper-slide\">\n  <div class=\"item\">\n    <div class=\"icon\">\n      <img decoding=\"async\" class=\"ic1\" src=\"https:\/\/www.pkcell.com\/wp-content\/uploads\/icon33.png\"\/>\n      <img decoding=\"async\" class=\"ic2\" src=\"https:\/\/www.pkcell.com\/wp-content\/uploads\/icon33a.png\"\/>\n    <\/div>\n    <div class=\"txt\">\n      Profit prot\u00e9g\u00e9\n    <\/div>\n  <\/div>\n<\/div>\n<div class=\"swiper-slide\">\n  <div class=\"item\">\n    <div class=\"icon\">\n      <img decoding=\"async\" class=\"ic1\" src=\"https:\/\/www.pkcell.com\/wp-content\/uploads\/icon34.png\"\/>\n      <img decoding=\"async\" class=\"ic2\" src=\"https:\/\/www.pkcell.com\/wp-content\/uploads\/icon34a.png\"\/>\n    <\/div>\n    <div class=\"txt\">\n      Soutien complet\n    <\/div>\n  <\/div>\n<\/div>\n \n        <\/div>\n      <\/div>\n      <div class=\"swiper mySwiper2 wow fadeInUpSmall\">\n        <div class=\"swiper-wrapper\">\n          <div class=\"swiper-slide\">\n   <div class=\"item\">\n     <div class=\"textbox\">\n       <div class=\"text\">\n         <div class=\"icon\">\n           <img decoding=\"async\" src=\"https:\/\/www.pkcell.com\/wp-content\/uploads\/icon30.png\"\/>\n         <\/div>\n         <div class=\"size30 t1\">\n           Processus strict de contr\u00f4le de la qualit\u00e9\n         <\/div>\n         <div class=\"size18 t2\">\n           Toutes les piles pkcell ont pass\u00e9 <strong>KC, UL, MSDS, CB, UN38.3, certificat PSE<\/strong>. En outre, les piles Pkcell sont soumises \u00e0 52 contr\u00f4les de processus, 102 proc\u00e9dures d'assemblage et 22 tests de produits finis, ce qui garantit une qualit\u00e9 et une fiabilit\u00e9 de premier ordre.\n         <\/div>\n       <\/div>\n     <\/div>\n     <div class=\"imgbox\">\n       <img decoding=\"async\" src=\"https:\/\/www.pkcell.com\/wp-content\/uploads\/\u8d28\u91cf\u68c0\u6d4b-1.jpg\"\/>\n     <\/div>\n   <\/div>\n<\/div>\n<div class=\"swiper-slide\">\n   <div class=\"item\">\n     <div class=\"textbox\">\n       <div class=\"text\">\n         <div class=\"icon\">\n           <img decoding=\"async\" src=\"https:\/\/www.pkcell.com\/wp-content\/uploads\/icon31.png\"\/>\n         <\/div>\n         <div class=\"size30 t1\">\n           Une grande notori\u00e9t\u00e9 de la marque\n         <\/div>\n         <div class=\"size18 t2\">\n           Avec plus de 20 ans d'exp\u00e9rience, les batteries pkcell ont \u00e9t\u00e9 export\u00e9es dans plus de 100 pays. Nous avons \u00e9tabli une forte pr\u00e9sence mondiale et une r\u00e9putation d'excellence. Les clients du monde entier font confiance \u00e0 nos piles, y compris les grands d\u00e9taillants comme Walmart. \n         <\/div>\n       <\/div>\n     <\/div>\n     <div class=\"imgbox\">\n       <img decoding=\"async\" src=\"https:\/\/www.pkcell.com\/wp-content\/uploads\/walmart-1.jpg\"\/>\n     <\/div>\n   <\/div>\n<\/div>\n<div class=\"swiper-slide\">\n   <div class=\"item\">\n     <div class=\"textbox\">\n       <div class=\"text\">\n         <div class=\"icon\">\n           <img decoding=\"async\" src=\"https:\/\/www.pkcell.com\/wp-content\/uploads\/icon32.png\"\/>\n         <\/div>\n         <div class=\"size30 t1\">\n           Rentabilit\u00e9 \u00e9lev\u00e9e\n         <\/div>\n         <div class=\"size18 t2\">\n           Nous proposons des prix comp\u00e9titifs et des structures de remise exclusives, garantissant des marges b\u00e9n\u00e9ficiaires saines pour votre entreprise. Notre faible investissement initial et notre mod\u00e8le commercial \u00e0 volume \u00e9lev\u00e9 et \u00e0 faible marge font des piles Pkcell une option attrayante pour les entreprises.\n         <\/div>\n       <\/div>\n     <\/div>\n     <div class=\"imgbox\">\n       <img decoding=\"async\" src=\"https:\/\/www.pkcell.com\/wp-content\/uploads\/Profit.jpg\"\/>\n     <\/div>\n   <\/div>\n<\/div>\n<div class=\"swiper-slide\">\n   <div class=\"item\">\n     <div class=\"textbox\">\n       <div class=\"text\">\n         <div class=\"icon\">\n           <img decoding=\"async\" src=\"https:\/\/www.pkcell.com\/wp-content\/uploads\/icon33.png\"\/>\n         <\/div>\n         <div class=\"size30 t1\">\n           Profit prot\u00e9g\u00e9\n         <\/div>\n         <div class=\"size18 t2\">\n           Pkcell s'engage \u00e0 prot\u00e9ger les avantages de ses distributeurs. Notre politique de protection des clients finaux garantit que nous ne vendons pas directement aux utilisateurs finaux, ce qui pr\u00e9serve votre part de march\u00e9. \n         <\/div>\n       <\/div>\n     <\/div>\n     <div class=\"imgbox\">\n       <img decoding=\"async\" src=\"https:\/\/www.pkcell.com\/wp-content\/uploads\/protect-interest.jpg\"\/>\n     <\/div>\n   <\/div>\n<\/div>\n<div class=\"swiper-slide\">\n   <div class=\"item\">\n     <div class=\"textbox\">\n       <div class=\"text\">\n         <div class=\"icon\">\n           <img decoding=\"async\" src=\"https:\/\/www.pkcell.com\/wp-content\/uploads\/icon34.png\"\/>\n         <\/div>\n         <div class=\"size30 t1\">\n           Soutien complet\n         <\/div>\n         <div class=\"size18 t2\">\n           Nous fournissons des services complets de soutien au march\u00e9, y compris la strat\u00e9gie et le mat\u00e9riel de marketing. Nous proposons \u00e9galement une formation approfondie sur les produits et une assistance technique permanente afin que vous et votre \u00e9quipe disposiez des connaissances n\u00e9cessaires pour servir efficacement vos clients.\n         <\/div>\n       <\/div>\n     <\/div>\n     <div class=\"imgbox\">\n       <img decoding=\"async\" src=\"https:\/\/www.pkcell.com\/wp-content\/uploads\/support.jpg\"\/>\n     <\/div>\n   <\/div>\n<\/div>\n\n        <\/div>\n      <\/div>\n    <\/div>\n  <\/div>\n<\/div>\n<!-- end Distributor Benefits Carousel -->\t\t\t\t<\/div>\n\t\t\t\t<\/div>\n\t\t\t\t<div class=\"elementor-element elementor-element-95af915 elementor-widget elementor-widget-ucaddon_distributor_network\" data-id=\"95af915\" data-element_type=\"widget\" data-e-type=\"widget\" data-widget_type=\"ucaddon_distributor_network.default\">\n\t\t\t\t<div class=\"elementor-widget-container\">\n\t\t\t\t\t\n<!-- start Distributor Network -->\n\n<div class=\"padt90 distributor_network\" style=\"background-image: url(https:\/\/www.pkcell.com\/wp-content\/uploads\/img26.png);\">\n  <div class=\"maincontainer\">\n    <div class=\"current_title center\">\n      <h2 class=\"size42 wow fadeInUpSmall\">\n        R\u00e9seau mondial de distributeurs\n      <\/h2>\n      <div class=\"size18 text wow fadeInUpSmall\">\n        Notre partenariat avec les clients revendeurs remonte \u00e0 plus de dix ans et nous disposons actuellement d'un r\u00e9seau de revendeurs et d'agents dans plus de 60 pays \u00e0 travers le monde, et ce nombre continue de cro\u00eetre r\u00e9guli\u00e8rement \n      <\/div>\n    <\/div>\n    <div class=\"box wow fadeInUpSmall\">\n      <img decoding=\"async\" src=\"https:\/\/www.pkcell.com\/wp-content\/uploads\/img27.png\"\/>\n    <\/div>\n  <\/div>\n<\/div>\n<!-- end Distributor Network -->\t\t\t\t<\/div>\n\t\t\t\t<\/div>\n\t\t\t\t<div class=\"elementor-element elementor-element-7686061 elementor-widget elementor-widget-menu-anchor\" data-id=\"7686061\" data-element_type=\"widget\" data-e-type=\"widget\" data-widget_type=\"menu-anchor.default\">\n\t\t\t\t<div class=\"elementor-widget-container\">\n\t\t\t\t\t\t\t<div class=\"elementor-menu-anchor\" id=\"Quote_Form\"><\/div>\n\t\t\t\t\t\t<\/div>\n\t\t\t\t<\/div>\n\t\t\t\t<div class=\"elementor-element elementor-element-ea8ec1a elementor-widget elementor-widget-ucaddon_contact_submit_form\" data-id=\"ea8ec1a\" data-element_type=\"widget\" data-e-type=\"widget\" data-widget_type=\"ucaddon_contact_submit_form.default\">\n\t\t\t\t<div class=\"elementor-widget-container\">\n\t\t\t\t\t\n<!-- start Contact Submit Form -->\n\n<div class=\"padb136 Get_in_Touch\">\n\t\t\t\t<div class=\"maincontainer\">\n\t\t\t\t\t<div class=\"box\">\n\t\t\t\t\t\t<div class=\"current_title center\">\n\t\t\t\t\t\t\t<h3 class=\"size42 wow fadeInUpSmall\">\n\t\t\t\t\t\t\t\tDEMANDER UN DEVIS\n\t\t\t\t\t\t\t<\/h3>\n\t\t\t\t\t\t\t<div class=\"size20 text wow fadeInUpSmall\">\n\t\t\t\t\t\t\t\tVous pouvez nous joindre par t\u00e9l\u00e9phone, par courrier \u00e9lectronique ou en remplissant le formulaire de contact ci-dessous. Nous nous effor\u00e7ons de r\u00e9pondre \u00e0 toutes les demandes dans les 24 heures.\t\t\t\t\t\t\t\n                          \t<\/div>\n\t\t\t\t\t\t<\/div>\n                    \n\n\t\t\t\t\t\t<div class=\"wrap\">\n\t\t\t\t\t\t\t<div class=\"infor\">\n\t\t\t\t\t\t\t\t<ul>\n\t\t\t\t\t\t\t\t\n\t\t\t\t\t\t\t\t\t<li class=\"wow fadeInUpSmall\">\n\t\t\t\t\t\t\t\t\t\t<div class=\"item\">\n\t\t\t\t\t\t\t\t\t\t\t<div class=\"icon\">\n\t\t\t\t    \t\t\t\t\t\t\t<img decoding=\"async\"  src=\"https:\/\/www.pkcell.com\/wp-content\/uploads\/icon19.png\">\n\t\t\t\t    \t\t\t\t\t\t<\/div>\n\t\t\t\t    \t\t\t\t\t\t<div class=\"size18 text\">\n\t\t\t\t    \t\t\t\t\t\t\t<div class=\"t1\">\n\t\t\t\t    \t\t\t\t\t\t\t\tCourrier \u00e9lectronique\n\t\t\t\t    \t\t\t\t\t\t\t<\/div>\n\t\t\t\t    \t\t\t\t\t\t\t<div class=\"t2\">\n\t\t\t\t\t\t\t\t\t\t\t\t\tinfo@pkcell.com\n\t\t\t\t    \t\t\t\t\t\t\t<\/div>\n\t\t\t\t    \t\t\t\t\t\t<\/div>\n\t\t\t\t\t\t\t\t\t\t<\/div>\n\t\t\t\t\t\t\t\t\t<\/li>\n\t\t\t\t\t\t\t\t\t<li class=\"wow fadeInUpSmall\">\n\t\t\t\t\t\t\t\t\t\t<div class=\"item\">\n\t\t\t\t\t\t\t\t\t\t\t<div class=\"icon\">\n\t\t\t\t    \t\t\t\t\t\t\t<img decoding=\"async\"  src=\"https:\/\/www.pkcell.com\/wp-content\/uploads\/icon20.png\">\n\t\t\t\t    \t\t\t\t\t\t<\/div>\n\t\t\t\t    \t\t\t\t\t\t<div class=\"size18 text\">\n\t\t\t\t    \t\t\t\t\t\t\t<div class=\"t1\">\n\t\t\t\t    \t\t\t\t\t\t\t\tAdresse de l'entreprise\n\t\t\t\t    \t\t\t\t\t\t\t<\/div>\n\t\t\t\t    \t\t\t\t\t\t\t<div class=\"t2\">\n\t\t\t\t\t\t\t\t\t\t\t\t\t9th Floor , Block B, Hongrongyuan North Station Center, No. 328, Mintang Road, Longhua District, Shenzhen,China,518110\n\t\t\t\t    \t\t\t\t\t\t\t<\/div>\n\t\t\t\t    \t\t\t\t\t\t<\/div>\n\t\t\t\t\t\t\t\t\t\t<\/div>\n\t\t\t\t\t\t\t\t\t<\/li>\n\t\t\t\t\t\t\t\t<\/ul>\n\t\t\t\t\t\t\t<\/div>\n\t\t\t\t\t\t\t<div class=\"formBox\">\n                              \t\n<div class=\"wpcf7 no-js\" id=\"wpcf7-f345-o1\" lang=\"en-US\" dir=\"ltr\" data-wpcf7-id=\"345\">\n<div class=\"screen-reader-response\"><p role=\"status\" aria-live=\"polite\" aria-atomic=\"true\"><\/p> <ul><\/ul><\/div>\n<form action=\"\/fr\/wp-json\/wp\/v2\/pages\/19#wpcf7-f345-o1\" method=\"post\" class=\"wpcf7-form init\" aria-label=\"Formulaire de contact\" novalidate=\"novalidate\" data-status=\"init\" data-trp-original-action=\"\/fr\/wp-json\/wp\/v2\/pages\/19#wpcf7-f345-o1\">\n<fieldset class=\"hidden-fields-container\"><input type=\"hidden\" name=\"_wpcf7\" value=\"345\" \/><input type=\"hidden\" name=\"_wpcf7_version\" value=\"6.1.5\" \/><input type=\"hidden\" name=\"_wpcf7_locale\" value=\"en_US\" \/><input type=\"hidden\" name=\"_wpcf7_unit_tag\" value=\"wpcf7-f345-o1\" \/><input type=\"hidden\" name=\"_wpcf7_container_post\" value=\"0\" \/><input type=\"hidden\" name=\"_wpcf7_posted_data_hash\" value=\"\" \/><input type=\"hidden\" name=\"_wpcf7_recaptcha_response\" value=\"\" \/>\n<\/fieldset>\n<div class=\"inputLi wow fadeInUpSmall\">\n\t<p><span class=\"wpcf7-form-control-wrap\" data-name=\"Name\"><input size=\"40\" maxlength=\"400\" class=\"wpcf7-form-control wpcf7-text wpcf7-validates-as-required size18\" aria-required=\"true\" aria-invalid=\"false\" placeholder=\"Nom*\" value=\"\" type=\"text\" name=\"Name\" \/><\/span>\n\t<\/p>\n<\/div>\n<div class=\"inputLi wow fadeInUpSmall\">\n\t<p><span class=\"wpcf7-form-control-wrap\" data-name=\"Email\"><input size=\"40\" maxlength=\"400\" class=\"wpcf7-form-control wpcf7-email wpcf7-validates-as-required wpcf7-text wpcf7-validates-as-email size18\" aria-required=\"true\" aria-invalid=\"false\" placeholder=\"Courriel*\" value=\"\" type=\"email\" name=\"Email\" \/><\/span>\n\t<\/p>\n<\/div>\n<div class=\"inputLi wow fadeInUpSmall\">\n\t<p><span class=\"wpcf7-form-control-wrap\" data-name=\"WhatsAppTelPhone\"><input size=\"40\" maxlength=\"400\" class=\"wpcf7-form-control wpcf7-tel wpcf7-text wpcf7-validates-as-tel size18\" aria-invalid=\"false\" placeholder=\"WhatsApp (avec code pays)\" value=\"\" type=\"tel\" name=\"WhatsAppTelPhone\" \/><\/span>\n\t<\/p>\n<\/div>\n<div class=\"inputLi wow fadeInUpSmall\">\n\t<p><span class=\"wpcf7-form-control-wrap\" data-name=\"Company\"><input size=\"40\" maxlength=\"400\" class=\"wpcf7-form-control wpcf7-text size18\" aria-invalid=\"false\" placeholder=\"Entreprise\" value=\"\" type=\"text\" name=\"Company\" \/><\/span>\n\t<\/p>\n<\/div>\n<div class=\"textareaLi wow fadeInUpSmall\">\n\t<p><span class=\"wpcf7-form-control-wrap\" data-name=\"Message\"><textarea cols=\"40\" rows=\"10\" maxlength=\"2000\" class=\"wpcf7-form-control wpcf7-textarea wpcf7-validates-as-required size18\" aria-required=\"true\" aria-invalid=\"false\" placeholder=\"Message*\" name=\"Message\"><\/textarea><\/span>\n\t<\/p>\n<\/div>\n<div class=\"inputBtn wow fadeInUpSmall\">\n\t<p><input class=\"wpcf7-form-control wpcf7-submit has-spinner size18\" type=\"submit\" value=\"DEMANDER UN DEVIS\" \/>\n\t<\/p>\n<\/div><div class=\"wpcf7-response-output\" aria-hidden=\"true\"><\/div>\n<input type=\"hidden\" name=\"trp-form-language\" value=\"fr\"\/><\/form>\n<\/div>\n\n\t\t\t\t\t\t\t<\/div>\n\t\t\t\t\t\t<\/div>\n\t\t\t\t\t<\/div>\n\t\t\t\t<\/div>\n\t\t\t<\/div>\n<!-- end Contact Submit Form -->\t\t\t\t<\/div>\n\t\t\t\t<\/div>\n\t\t\t\t<\/div>\n\t\t\t\t<\/div>","protected":false},"excerpt":{"rendered":"<p>Home &#8211; Wholesale &#8211; Expand Your Business with Pkcell&#8217;s Global Network Join our global network of distributors and unlock new opportunities for your business growth and success. With a strong reputation and established presence in the global market, Pkcell batteries are recognized for our value and performance, making it easier for you to penetrate new [&hellip;]<\/p>\n","protected":false},"author":7,"featured_media":0,"parent":0,"menu_order":0,"comment_status":"closed","ping_status":"closed","template":"","meta":{"_acf_changed":false,"footnotes":""},"class_list":["post-19","page","type-page","status-publish","hentry"],"acf":[],"_links":{"self":[{"href":"https:\/\/www.pkcell.com\/fr\/wp-json\/wp\/v2\/pages\/19","targetHints":{"allow":["GET"]}}],"collection":[{"href":"https:\/\/www.pkcell.com\/fr\/wp-json\/wp\/v2\/pages"}],"about":[{"href":"https:\/\/www.pkcell.com\/fr\/wp-json\/wp\/v2\/types\/page"}],"author":[{"embeddable":true,"href":"https:\/\/www.pkcell.com\/fr\/wp-json\/wp\/v2\/users\/7"}],"replies":[{"embeddable":true,"href":"https:\/\/www.pkcell.com\/fr\/wp-json\/wp\/v2\/comments?post=19"}],"version-history":[{"count":0,"href":"https:\/\/www.pkcell.com\/fr\/wp-json\/wp\/v2\/pages\/19\/revisions"}],"wp:attachment":[{"href":"https:\/\/www.pkcell.com\/fr\/wp-json\/wp\/v2\/media?parent=19"}],"curies":[{"name":"wp","href":"https:\/\/api.w.org\/{rel}","templated":true}]}}