{"id":51750,"date":"2025-09-05T14:59:09","date_gmt":"2025-09-05T06:59:09","guid":{"rendered":"https:\/\/www.pkcell.com\/?page_id=51750"},"modified":"2025-09-05T14:59:11","modified_gmt":"2025-09-05T06:59:11","slug":"emergency-light","status":"publish","type":"page","link":"https:\/\/www.pkcell.com\/fr\/solutions\/emergency-light\/","title":{"rendered":"Emergency Light"},"content":{"rendered":"<div data-elementor-type=\"wp-page\" data-elementor-id=\"51750\" class=\"elementor elementor-51750\" data-elementor-post-type=\"page\">\n\t\t\t\t<div class=\"elementor-element elementor-element-4708afa maincontent e-con-full e-flex e-con e-parent\" data-id=\"4708afa\" data-element_type=\"container\" data-e-type=\"container\">\n\t\t\t\t<div class=\"elementor-element elementor-element-225c8f5 elementor-widget elementor-widget-ucaddon_breadcrumb\" data-id=\"225c8f5\" data-element_type=\"widget\" data-e-type=\"widget\" data-widget_type=\"ucaddon_breadcrumb.default\">\n\t\t\t\t<div class=\"elementor-widget-container\">\n\t\t\t\t\t\n<!-- start Breadcrumb -->\n\n<div class=\"breadcrumb\">\n  <div class=\"maincontainer\">\n    <div class=\"box\">\n      <a href=\"\/fr\/\">Accueil<\/a>\n      <span> - <\/span>\n\n\n<a href=\"\/fr\/solutions\/\" class=\"\">Solutions<\/a>\n\n\n<span> - <\/span>\n\n\n<a href=\"https:\/\/www.pkcell.com\/fr\/solutions\/emergency-light\/\" class=\"on\">Emergency Light<\/a>\n\n\n\n    <\/div>\n  <\/div>\n<\/div>\n<!-- end Breadcrumb -->\t\t\t\t<\/div>\n\t\t\t\t<\/div>\n\t\t\t\t<div class=\"elementor-element elementor-element-6ea9592 elementor-widget elementor-widget-ucaddon_solution_introduction\" data-id=\"6ea9592\" data-element_type=\"widget\" data-e-type=\"widget\" data-widget_type=\"ucaddon_solution_introduction.default\">\n\t\t\t\t<div class=\"elementor-widget-container\">\n\t\t\t\t\t\n<!-- start Solution Introduction -->\n\n<div class=\"padt40 padb100 SolutionIntroduction\">\n  <div class=\"maincontainer\">\n    <div class=\"current_title\">\n      <h3 class=\"size42 wow fadeInUpSmall\">\n        Emergency Light\n      <\/h3>\n    <\/div>\n    <div class=\"box\">\n      <div class=\"imgbox wow fadeInUpSmall\">\n        <img decoding=\"async\" src=\"https:\/\/www.pkcell.com\/wp-content\/uploads\/Emergency-Light-Battery1.png\"\/>\n      <\/div>\n      <div class=\"textbox\">\n        <div class=\"size30 t1 wow fadeInUpSmall\">\n          Introduction de la solution\n        <\/div>\n        <div class=\"size18 t2 wow fadeInUpSmall\">\n          Emergency lights are essential safety devices, providing reliable illumination during power outages, natural disasters, and critical emergencies. Their ability to function instantly and consistently can make a significant difference in ensuring safety and preventing accidents. Dependable battery power is at the core of this performance. PKCELL offers tailored battery solutions for emergency lighting, including 18650 lithium cells with PCB and wire, AA alkaline batteries, and 9V alkaline batteries. These options deliver long-lasting energy, rapid response, and stable performance, ensuring that emergency lights remain ready whenever they are needed.\n        <\/div>\n        <div class=\"current-btn white contactbtns wow fadeInUpSmall\">\n          <a href=\"#Quote_Form\">\n            <i><\/i>Contactez nous\n          <\/a>\n        <\/div>\n      <\/div>\n    <\/div>\n  <\/div>\n<\/div>\n<!-- end Solution Introduction -->\t\t\t\t<\/div>\n\t\t\t\t<\/div>\n\t\t<div class=\"elementor-element elementor-element-183e15b e-flex e-con-boxed e-con e-child\" data-id=\"183e15b\" data-element_type=\"container\" data-e-type=\"container\">\n\t\t\t\t\t<div class=\"e-con-inner\">\n\t\t<div class=\"elementor-element elementor-element-2098811 e-con-full e-flex e-con e-child\" data-id=\"2098811\" data-element_type=\"container\" data-e-type=\"container\" data-settings=\"{&quot;background_background&quot;:&quot;classic&quot;}\">\n\t\t\t\t<div class=\"elementor-element elementor-element-3c6f2d0 elementor-widget elementor-widget-heading\" data-id=\"3c6f2d0\" data-element_type=\"widget\" data-e-type=\"widget\" data-widget_type=\"heading.default\">\n\t\t\t\t<div class=\"elementor-widget-container\">\n\t\t\t\t\t<h2 class=\"elementor-heading-title elementor-size-default\">Challenges Faced by Emergency Light Batteries<\/h2>\t\t\t\t<\/div>\n\t\t\t\t<\/div>\n\t\t\t\t<div class=\"elementor-element elementor-element-78e49a0 elementor-widget elementor-widget-text-editor\" data-id=\"78e49a0\" data-element_type=\"widget\" data-e-type=\"widget\" data-widget_type=\"text-editor.default\">\n\t\t\t\t<div class=\"elementor-widget-container\">\n\t\t\t\t\t\t\t\t\t<p><span style=\"font-size: 1em;\"><b>Emergency Lights<\/b>\u00a0<\/span><strong>face several common battery-related issues:<\/strong><\/p><p>\u00a0<\/p><p data-start=\"1155\" data-end=\"1351\"><strong data-start=\"1155\" data-end=\"1217\">1. Insufficient battery life : <\/strong>Emergency lights must work during critical moments; short-lived batteries increase maintenance costs and risk system downtime.<\/p><p data-start=\"1155\" data-end=\"1351\">\u00a0<\/p><p data-start=\"1356\" data-end=\"1519\"><strong data-start=\"1356\" data-end=\"1393\">2. Leakage: <\/strong>Low-quality batteries may leak, corroding circuits and compromising the device\u2019s ability to illuminate in emergencies.<\/p><p data-start=\"1356\" data-end=\"1519\">\u00a0<\/p><p data-start=\"1524\" data-end=\"1690\"><strong data-start=\"1524\" data-end=\"1563\">3. Installation errors or poor contact: <\/strong>Improper installation, such as reversed polarity or loose contacts, can prevent the light from functioning when needed.<\/p><p data-start=\"1524\" data-end=\"1690\">\u00a0<\/p><p data-start=\"1524\" data-end=\"1690\"><strong data-start=\"1695\" data-end=\"1731\">4. Slow current response at startup: <\/strong>Emergency lights require immediate power to illuminate; batteries with slow response can cause delayed activation.<\/p><p data-start=\"1524\" data-end=\"1690\">\u00a0<\/p><p><strong data-start=\"1858\" data-end=\"1909\">5. Performance instability in extreme temperatures: <\/strong>Emergency lighting often operates in high or low temperatures. Batteries that cannot tolerate extremes risk unreliable power output.<\/p>\t\t\t\t\t\t\t\t<\/div>\n\t\t\t\t<\/div>\n\t\t\t\t<\/div>\n\t\t\t\t\t<\/div>\n\t\t\t\t<\/div>\n\t\t<div class=\"elementor-element elementor-element-bb61661 e-flex e-con-boxed e-con e-child\" data-id=\"bb61661\" data-element_type=\"container\" data-e-type=\"container\">\n\t\t\t\t\t<div class=\"e-con-inner\">\n\t\t<div class=\"elementor-element elementor-element-a935c79 e-con-full e-flex e-con e-child\" data-id=\"a935c79\" data-element_type=\"container\" data-e-type=\"container\" data-settings=\"{&quot;background_background&quot;:&quot;classic&quot;}\">\n\t\t\t\t<div class=\"elementor-element elementor-element-8f7bf53 elementor-widget elementor-widget-heading\" data-id=\"8f7bf53\" data-element_type=\"widget\" data-e-type=\"widget\" data-widget_type=\"heading.default\">\n\t\t\t\t<div class=\"elementor-widget-container\">\n\t\t\t\t\t<h2 class=\"elementor-heading-title elementor-size-default\">Les solutions de PKCELL \u00e0 ces d\u00e9fis<\/h2>\t\t\t\t<\/div>\n\t\t\t\t<\/div>\n\t\t\t\t<div class=\"elementor-element elementor-element-813f194 elementor-widget elementor-widget-text-editor\" data-id=\"813f194\" data-element_type=\"widget\" data-e-type=\"widget\" data-widget_type=\"text-editor.default\">\n\t\t\t\t<div class=\"elementor-widget-container\">\n\t\t\t\t\t\t\t\t\t<p data-start=\"179\" data-end=\"341\"><strong>PKCELL provides reliable solutions to address these challenges with our 18650 lithium cells with PCB and wire, AA alkaline batteries, and 9V alkaline batteries:<\/strong><\/p><p data-start=\"179\" data-end=\"341\">\u00a0<\/p><p><strong data-start=\"515\" data-end=\"555\">1. High Capacity and Long Service Life:<\/strong> The 18650 lithium cell offers high energy density for extended backup time, while AA and 9V alkaline options provide stable power with a 10-year shelf life and long-lasting reliability.<\/p><p>\u00a0<\/p><p data-start=\"748\" data-end=\"1010\"><strong data-start=\"748\" data-end=\"780\">2. Protection sup\u00e9rieure contre les fuites :<\/strong> With advanced sealing technology, insulating gaskets, and nickel-plated steel shells, PKCELL batteries deliver excellent anti-leak performance, ensuring the safety of emergency lighting devices even during long standby periods.<\/p><p data-start=\"748\" data-end=\"1010\">\u00a0<\/p><p data-start=\"1015\" data-end=\"1230\"><strong data-start=\"1015\" data-end=\"1038\">3. Guaranteed Quality:<\/strong> Manufactured on advanced production lines with 52 process controls, 102 assembly steps, and 22 finished product tests, PKCELL batteries ensure consistent performance and dependable quality.<\/p><p data-start=\"1015\" data-end=\"1230\">\u00a0<\/p><p data-start=\"1235\" data-end=\"1446\"><strong data-start=\"1235\" data-end=\"1269\">4. Low Self-Discharge Technology:<\/strong> Featuring low internal resistance and minimal self-discharge, PKCELL batteries maintain charge over extended standby times, ensuring lights activate instantly in emergencies.<\/p><p data-start=\"1235\" data-end=\"1446\">\u00a0<\/p><p data-start=\"1451\" data-end=\"1646\"><strong data-start=\"1451\" data-end=\"1483\">5. Wide Temperature Resistance:<\/strong> PKCELL batteries perform reliably in extreme environments, ensuring dependable power in all climates and conditions.<\/p>\t\t\t\t\t\t\t\t<\/div>\n\t\t\t\t<\/div>\n\t\t\t\t<\/div>\n\t\t\t\t\t<\/div>\n\t\t\t\t<\/div>\n\t\t\t\t<div class=\"elementor-element elementor-element-922bec3 elementor-widget elementor-widget-ucaddon_advertisement\" data-id=\"922bec3\" data-element_type=\"widget\" data-e-type=\"widget\" data-widget_type=\"ucaddon_advertisement.default\">\n\t\t\t\t<div class=\"elementor-widget-container\">\n\t\t\t\t\t\n<!-- start Advertisement -->\n\n<div class=\"advertisement\">\n  <div class=\"bgbox\">\n    <div class=\"pImg\" style=\"background-image: url(https:\/\/www.pkcell.com\/wp-content\/uploads\/img105.jpg);\"><\/div>\n    <div class=\"mImg\" style=\"background-image: url(https:\/\/www.pkcell.com\/wp-content\/uploads\/img104.jpg);\"><\/div>\n  <\/div>\n  <div class=\"maincontainer box\">\n    <div class=\"textbox\">\n      <div class=\"current_title white\">\n        <h3 class=\"size42 wow fadeInUpSmall\">\n          PKCELL Piles alcalines constantes\n        <\/h3>\n        <div class=\"size18 text wow fadeInUpSmall\">\n          Contactez-nous d\u00e8s aujourd'hui pour discuter de vos besoins en mati\u00e8re de piles pour serrures de portes intelligentes ou pour d\u00e9couvrir nos solutions de piles personnalis\u00e9es.\n        <\/div>\n      <\/div>\n      <div class=\"btns wow fadeInUpSmall\">\n        <a class=\"size20\" href=\"https:\/\/www.pkcell.com\/fr\/produits\/\">\n          OBTENIR UN \u00c9CHANTILLON GRATUIT\n        <\/a>\n      <\/div>\n    <\/div>\n    <div class=\"imgbox wow fadeInUpSmall\">\n      <img decoding=\"async\"  src=\"https:\/\/www.pkcell.com\/wp-content\/uploads\/img107.png\"\/>\n    <\/div>\n  <\/div>\n<\/div>\n<!-- end Advertisement -->\t\t\t\t<\/div>\n\t\t\t\t<\/div>\n\t\t\t\t<div class=\"elementor-element elementor-element-84c11c4 elementor-widget elementor-widget-ucaddon_customer_reviews\" data-id=\"84c11c4\" data-element_type=\"widget\" data-e-type=\"widget\" data-widget_type=\"ucaddon_customer_reviews.default\">\n\t\t\t\t<div class=\"elementor-widget-container\">\n\t\t\t\t\t\n<!-- start Customer Reviews -->\n\n<div class=\"padt110 padb136 customer-reviews\">\n  <div class=\"maincontainer\">\n    <div class=\"current_title center\">\n      <h3 class=\"size42 wow fadeInUpSmall\">\n        Avis des clients\n      <\/h3>\n      <div class=\"size18 text wow fadeInUpSmall\">\n        D\u00e9couvrez comment ils utilisent les batteries Pkcell pour am\u00e9liorer l'efficacit\u00e9, augmenter la dur\u00e9e de fonctionnement des appareils et stimuler la croissance de l'entreprise.\n      <\/div>\n    <\/div>\n  <\/div>\n  <div class=\"box wow fadeInUpSmall\">\n    <div class=\"swiper\">\n      <div class=\"swiper-wrapper\">\n        <div class=\"swiper-slide\">\n          <div class=\"item\">\n            <div class=\"info\">\n              <div class=\"icon\">\n                <img decoding=\"async\" src=\"https:\/\/www.pkcell.com\/wp-content\/uploads\/1-5-e1724417281477.png\"\/>\n              <\/div>\n              <div class=\"text\">\n                <div class=\"size20 t1\">\n                  <span class=\"size24\">\n                    Sarah Wilson\n                  <\/span>\n                  Sp\u00e9cialiste des march\u00e9s publics\n                <\/div>\n                <div class=\"size18 t2\">\n                  Honeywell\n                <\/div>\n              <\/div>\n            <\/div>\n            <div class=\"textbox\">\n              <div class=\"size20 t1\">\n                Piles primaires au lithium pour les dispositifs de s\u00e9curit\u00e9\n              <\/div>\n              <div class=\"size18 t2\">\n                Les piles primaires au lithium de Pkcell offrent une grande fiabilit\u00e9 et une longue dur\u00e9e de conservation, ce qui est id\u00e9al pour nos produits de s\u00e9curit\u00e9. L'\u00e9quipe de vente est efficace et professionnelle, et la logistique et les livraisons sont toujours effectu\u00e9es dans les d\u00e9lais. Nous sommes extr\u00eamement satisfaits des produits et des services de Pkcell, et nous continuerons \u00e0 choisir ses piles.\n              <\/div>\n            <\/div>\n          <\/div>\n        <\/div>\n<div class=\"swiper-slide\">\n          <div class=\"item\">\n            <div class=\"info\">\n              <div class=\"icon\">\n                <img decoding=\"async\" src=\"https:\/\/www.pkcell.com\/wp-content\/uploads\/300-e1724418794359.jpg\"\/>\n              <\/div>\n              <div class=\"text\">\n                <div class=\"size20 t1\">\n                  <span class=\"size24\">\n                    Emily Johnson\n                  <\/span>\n                  Directeur R&amp;D\n                <\/div>\n                <div class=\"size18 t2\">\n                  LG\n                <\/div>\n              <\/div>\n            <\/div>\n            <div class=\"textbox\">\n              <div class=\"size20 t1\">\n                Packs de piles au lithium sur mesure\n              <\/div>\n              <div class=\"size18 t2\">\n                Les batteries lithium-ion de Pkcell ont une densit\u00e9 \u00e9nerg\u00e9tique \u00e9lev\u00e9e et une longue dur\u00e9e de vie que notre projet exige. L'\u00e9quipe technique de Pkcell a fourni une excellente assistance, nous aidant \u00e0 int\u00e9grer parfaitement les batteries dans notre syst\u00e8me. Nous nous r\u00e9jouissons de notre partenariat \u00e0 long terme avec Pkcell.\n              <\/div>\n            <\/div>\n          <\/div>\n        <\/div>\n<div class=\"swiper-slide\">\n          <div class=\"item\">\n            <div class=\"info\">\n              <div class=\"icon\">\n                <img decoding=\"async\" src=\"https:\/\/www.pkcell.com\/wp-content\/uploads\/img47.jpg\"\/>\n              <\/div>\n              <div class=\"text\">\n                <div class=\"size20 t1\">\n                  <span class=\"size24\">\n                    John Smith\n                  <\/span>\n                  Responsable des achats\n                <\/div>\n                <div class=\"size18 t2\">\n                  Walmart\n                <\/div>\n              <\/div>\n            <\/div>\n            <div class=\"textbox\">\n              <div class=\"size20 t1\">\n                Piles alcalines pour divers appareils \u00e9lectroniques grand public\n              <\/div>\n              <div class=\"size18 t2\">\n                Les piles alcalines de Pkcell offrent des performances constantes \u00e0 un prix raisonnable, et leur livraison est toujours ponctuelle. Leur \u00e9quipe de vente est professionnelle et r\u00e9active, et r\u00e9pond toujours rapidement \u00e0 nos besoins. Nous sommes tr\u00e8s satisfaits de ce partenariat\n              <\/div>\n            <\/div>\n          <\/div>\n        <\/div>\n\n      <\/div>\n      <div class=\"swiper-button-next general-btn\"><\/div>\n      <div class=\"swiper-button-prev general-btn\"><\/div>\n    <\/div>\n  <\/div>\n<\/div>\n<!-- end Customer Reviews -->\t\t\t\t<\/div>\n\t\t\t\t<\/div>\n\t\t\t\t<div class=\"elementor-element elementor-element-06c4bd1 elementor-widget elementor-widget-ucaddon_text_left_banner_2\" data-id=\"06c4bd1\" data-element_type=\"widget\" data-e-type=\"widget\" data-widget_type=\"ucaddon_text_left_banner_2.default\">\n\t\t\t\t<div class=\"elementor-widget-container\">\n\t\t\t\t\t\n<!-- start Text Left Banner 2 -->\n\n<div class=\"odmoem-section\">\n  <div class=\"imgbox\">\n    <img decoding=\"async\" src=\"https:\/\/www.pkcell.com\/wp-content\/uploads\/img10.jpg\">\n  <\/div>\n  <div class=\"box\">\n    <div class=\"textbox\">\n      <div class=\"size42 t1 wow fadeInUpSmall\">\n        ODM\/OEM\n      <\/div>\n      <div class=\"size18 t2 wow fadeInUpSmall\">\n        Nous fournissons des services OEM complets, y compris la conception, la production et la personnalisation de marques de batteries et de blocs-batteries. Associez votre marque \u00e0 la technologie de batterie la plus fiable du march\u00e9 en vous associant \u00e0 Pkcell.\n      <\/div>\n      <div class=\"current-btn blue wow fadeInUpSmall\">\n        <a href=\"https:\/\/www.pkcell.com\/fr\/oem\/\" class=\"size16\">\n          <i><\/i>En savoir plus\n        <\/a>\n      <\/div>\n    <\/div>\n  <\/div>\n<\/div>\n<!-- end Text Left Banner 2 -->\t\t\t\t<\/div>\n\t\t\t\t<\/div>\n\t\t\t\t<div class=\"elementor-element elementor-element-cb931bd elementor-widget elementor-widget-ucaddon_column_blocks_2\" data-id=\"cb931bd\" data-element_type=\"widget\" data-e-type=\"widget\" data-widget_type=\"ucaddon_column_blocks_2.default\">\n\t\t\t\t<div class=\"elementor-widget-container\">\n\t\t\t\t\t\n<!-- start Column Blocks 2 -->\n\n<div class=\"padt110 general_section\">\n  <div class=\"maincontainer\">\n    <ul>\n      <li class=\"wow fadeInUpSmall\">\n  <a href=\"https:\/\/www.pkcell.com\/fr\/oem\/\">\n    <div class=\"imgbox\">\n      <img decoding=\"async\" src=\"https:\/\/www.pkcell.com\/wp-content\/uploads\/img48.jpg\">\n    <\/div>\n    <div class=\"textbox\">\n      <div class=\"size30 t1\">\n        Service\n      <\/div>\n      <div class=\"size18 t2\">\n        Le client d'abord est notre engagement. Nous fournissons une assistance technique compl\u00e8te et...\n      <\/div>\n      <div class=\"icon\"><\/div>\n    <\/div>\n  <\/a>\n<\/li>\n<li class=\"wow fadeInUpSmall\">\n  <a href=\"\/fr\/a-propos-de\/\">\n    <div class=\"imgbox\">\n      <img decoding=\"async\" src=\"https:\/\/www.pkcell.com\/wp-content\/uploads\/img49.jpg\">\n    <\/div>\n    <div class=\"textbox\">\n      <div class=\"size30 t1\">\n        A propos de nous\n      <\/div>\n      <div class=\"size18 t2\">\n        Shenzhen Pkcell Battery Co. Ltd, fond\u00e9e en 1998, est un fabricant professionnel de batteries depuis plus de 20 ans. \n      <\/div>\n      <div class=\"icon\"><\/div>\n    <\/div>\n  <\/a>\n<\/li>\n \n    <\/ul>\n  <\/div>\n<\/div>\n<!-- end Column Blocks 2 -->\t\t\t\t<\/div>\n\t\t\t\t<\/div>\n\t\t\t\t<div class=\"elementor-element elementor-element-a428c3d elementor-widget elementor-widget-menu-anchor\" data-id=\"a428c3d\" data-element_type=\"widget\" data-e-type=\"widget\" data-widget_type=\"menu-anchor.default\">\n\t\t\t\t<div class=\"elementor-widget-container\">\n\t\t\t\t\t\t\t<div class=\"elementor-menu-anchor\" id=\"Quote_Form\"><\/div>\n\t\t\t\t\t\t<\/div>\n\t\t\t\t<\/div>\n\t\t\t\t<div class=\"elementor-element elementor-element-22e8a3d elementor-widget elementor-widget-ucaddon_contact_submit_form\" data-id=\"22e8a3d\" data-element_type=\"widget\" data-e-type=\"widget\" data-widget_type=\"ucaddon_contact_submit_form.default\">\n\t\t\t\t<div class=\"elementor-widget-container\">\n\t\t\t\t\t\n<!-- start Contact Submit Form -->\n\n<div class=\"padb136 Get_in_Touch\">\n\t\t\t\t<div class=\"maincontainer\">\n\t\t\t\t\t<div class=\"box\">\n\t\t\t\t\t\t<div class=\"current_title center\">\n\t\t\t\t\t\t\t<h3 class=\"size42 wow fadeInUpSmall\">\n\t\t\t\t\t\t\t\tObtenir un devis\n\t\t\t\t\t\t\t<\/h3>\n\t\t\t\t\t\t\t<div class=\"size20 text wow fadeInUpSmall\">\n\t\t\t\t\t\t\t\tVous pouvez nous joindre par t\u00e9l\u00e9phone, par courrier \u00e9lectronique ou en remplissant le formulaire de contact ci-dessous. Nous nous effor\u00e7ons de r\u00e9pondre \u00e0 toutes les demandes dans les 24 heures.\t\t\t\t\t\t\t\n                          \t<\/div>\n\t\t\t\t\t\t<\/div>\n                    \n\n\t\t\t\t\t\t<div class=\"wrap\">\n\t\t\t\t\t\t\t<div class=\"infor\">\n\t\t\t\t\t\t\t\t<ul>\n\t\t\t\t\t\t\t\t\n\t\t\t\t\t\t\t\t\t<li class=\"wow fadeInUpSmall\">\n\t\t\t\t\t\t\t\t\t\t<div class=\"item\">\n\t\t\t\t\t\t\t\t\t\t\t<div class=\"icon\">\n\t\t\t\t    \t\t\t\t\t\t\t<img decoding=\"async\"  src=\"https:\/\/www.pkcell.com\/wp-content\/uploads\/icon19.png\">\n\t\t\t\t    \t\t\t\t\t\t<\/div>\n\t\t\t\t    \t\t\t\t\t\t<div class=\"size18 text\">\n\t\t\t\t    \t\t\t\t\t\t\t<div class=\"t1\">\n\t\t\t\t    \t\t\t\t\t\t\t\tCourrier \u00e9lectronique\n\t\t\t\t    \t\t\t\t\t\t\t<\/div>\n\t\t\t\t    \t\t\t\t\t\t\t<div class=\"t2\">\n\t\t\t\t\t\t\t\t\t\t\t\t\tinfo@pkcell.com\n\t\t\t\t    \t\t\t\t\t\t\t<\/div>\n\t\t\t\t    \t\t\t\t\t\t<\/div>\n\t\t\t\t\t\t\t\t\t\t<\/div>\n\t\t\t\t\t\t\t\t\t<\/li>\n\t\t\t\t\t\t\t\t\t<li class=\"wow fadeInUpSmall\">\n\t\t\t\t\t\t\t\t\t\t<div class=\"item\">\n\t\t\t\t\t\t\t\t\t\t\t<div class=\"icon\">\n\t\t\t\t    \t\t\t\t\t\t\t<img decoding=\"async\"  src=\"https:\/\/www.pkcell.com\/wp-content\/uploads\/icon20.png\">\n\t\t\t\t    \t\t\t\t\t\t<\/div>\n\t\t\t\t    \t\t\t\t\t\t<div class=\"size18 text\">\n\t\t\t\t    \t\t\t\t\t\t\t<div class=\"t1\">\n\t\t\t\t    \t\t\t\t\t\t\t\tAdresse de l'entreprise\n\t\t\t\t    \t\t\t\t\t\t\t<\/div>\n\t\t\t\t    \t\t\t\t\t\t\t<div class=\"t2\">\n\t\t\t\t\t\t\t\t\t\t\t\t\t9th Floor , Block B, Hongrongyuan North Station Center, No. 328, Mintang Road, Longhua District, Shenzhen,China,518110\n\t\t\t\t    \t\t\t\t\t\t\t<\/div>\n\t\t\t\t    \t\t\t\t\t\t<\/div>\n\t\t\t\t\t\t\t\t\t\t<\/div>\n\t\t\t\t\t\t\t\t\t<\/li>\n\t\t\t\t\t\t\t\t<\/ul>\n\t\t\t\t\t\t\t<\/div>\n\t\t\t\t\t\t\t<div class=\"formBox\">\n                              \t\n<div class=\"wpcf7 no-js\" id=\"wpcf7-f345-o1\" lang=\"en-US\" dir=\"ltr\" data-wpcf7-id=\"345\">\n<div class=\"screen-reader-response\"><p role=\"status\" aria-live=\"polite\" aria-atomic=\"true\"><\/p> <ul><\/ul><\/div>\n<form action=\"\/fr\/wp-json\/wp\/v2\/pages\/51750#wpcf7-f345-o1\" method=\"post\" class=\"wpcf7-form init\" aria-label=\"Formulaire de contact\" novalidate=\"novalidate\" data-status=\"init\" data-trp-original-action=\"\/fr\/wp-json\/wp\/v2\/pages\/51750#wpcf7-f345-o1\">\n<fieldset class=\"hidden-fields-container\"><input type=\"hidden\" name=\"_wpcf7\" value=\"345\" \/><input type=\"hidden\" name=\"_wpcf7_version\" value=\"6.1.5\" \/><input type=\"hidden\" name=\"_wpcf7_locale\" value=\"en_US\" \/><input type=\"hidden\" name=\"_wpcf7_unit_tag\" value=\"wpcf7-f345-o1\" \/><input type=\"hidden\" name=\"_wpcf7_container_post\" value=\"0\" \/><input type=\"hidden\" name=\"_wpcf7_posted_data_hash\" value=\"\" \/><input type=\"hidden\" name=\"_wpcf7_recaptcha_response\" value=\"\" \/>\n<\/fieldset>\n<div class=\"inputLi wow fadeInUpSmall\">\n\t<p><span class=\"wpcf7-form-control-wrap\" data-name=\"Name\"><input size=\"40\" maxlength=\"400\" class=\"wpcf7-form-control wpcf7-text wpcf7-validates-as-required size18\" aria-required=\"true\" aria-invalid=\"false\" placeholder=\"Nom*\" value=\"\" type=\"text\" name=\"Name\" \/><\/span>\n\t<\/p>\n<\/div>\n<div class=\"inputLi wow fadeInUpSmall\">\n\t<p><span class=\"wpcf7-form-control-wrap\" data-name=\"Email\"><input size=\"40\" maxlength=\"400\" class=\"wpcf7-form-control wpcf7-email wpcf7-validates-as-required wpcf7-text wpcf7-validates-as-email size18\" aria-required=\"true\" aria-invalid=\"false\" placeholder=\"Courriel*\" value=\"\" type=\"email\" name=\"Email\" \/><\/span>\n\t<\/p>\n<\/div>\n<div class=\"inputLi wow fadeInUpSmall\">\n\t<p><span class=\"wpcf7-form-control-wrap\" data-name=\"WhatsAppTelPhone\"><input size=\"40\" maxlength=\"400\" class=\"wpcf7-form-control wpcf7-tel wpcf7-text wpcf7-validates-as-tel size18\" aria-invalid=\"false\" placeholder=\"WhatsApp (avec code pays)\" value=\"\" type=\"tel\" name=\"WhatsAppTelPhone\" \/><\/span>\n\t<\/p>\n<\/div>\n<div class=\"inputLi wow fadeInUpSmall\">\n\t<p><span class=\"wpcf7-form-control-wrap\" data-name=\"Company\"><input size=\"40\" maxlength=\"400\" class=\"wpcf7-form-control wpcf7-text size18\" aria-invalid=\"false\" placeholder=\"Entreprise\" value=\"\" type=\"text\" name=\"Company\" \/><\/span>\n\t<\/p>\n<\/div>\n<div class=\"textareaLi wow fadeInUpSmall\">\n\t<p><span class=\"wpcf7-form-control-wrap\" data-name=\"Message\"><textarea cols=\"40\" rows=\"10\" maxlength=\"2000\" class=\"wpcf7-form-control wpcf7-textarea wpcf7-validates-as-required size18\" aria-required=\"true\" aria-invalid=\"false\" placeholder=\"Message*\" name=\"Message\"><\/textarea><\/span>\n\t<\/p>\n<\/div>\n<div class=\"inputBtn wow fadeInUpSmall\">\n\t<p><input class=\"wpcf7-form-control wpcf7-submit has-spinner size18\" type=\"submit\" value=\"DEMANDER UN DEVIS\" \/>\n\t<\/p>\n<\/div><div class=\"wpcf7-response-output\" aria-hidden=\"true\"><\/div>\n<input type=\"hidden\" name=\"trp-form-language\" value=\"fr\"\/><\/form>\n<\/div>\n\n\t\t\t\t\t\t\t<\/div>\n\t\t\t\t\t\t<\/div>\n\t\t\t\t\t<\/div>\n\t\t\t\t<\/div>\n\t\t\t<\/div>\n<!-- end Contact Submit Form -->\t\t\t\t<\/div>\n\t\t\t\t<\/div>\n\t\t\t\t<\/div>\n\t\t\t\t<\/div>","protected":false},"excerpt":{"rendered":"<p>Home &#8211; Solutions &#8211; Emergency Light Solution introduction Emergency lights are essential safety devices, providing reliable illumination during power outages, natural disasters, and critical emergencies. Their ability to function instantly and consistently can make a significant difference in ensuring safety and preventing accidents. Dependable battery power is at the core of this performance. PKCELL offers [&hellip;]<\/p>\n","protected":false},"author":7,"featured_media":0,"parent":7,"menu_order":0,"comment_status":"closed","ping_status":"closed","template":"","meta":{"_acf_changed":false,"footnotes":""},"class_list":["post-51750","page","type-page","status-publish","hentry"],"acf":[],"_links":{"self":[{"href":"https:\/\/www.pkcell.com\/fr\/wp-json\/wp\/v2\/pages\/51750","targetHints":{"allow":["GET"]}}],"collection":[{"href":"https:\/\/www.pkcell.com\/fr\/wp-json\/wp\/v2\/pages"}],"about":[{"href":"https:\/\/www.pkcell.com\/fr\/wp-json\/wp\/v2\/types\/page"}],"author":[{"embeddable":true,"href":"https:\/\/www.pkcell.com\/fr\/wp-json\/wp\/v2\/users\/7"}],"replies":[{"embeddable":true,"href":"https:\/\/www.pkcell.com\/fr\/wp-json\/wp\/v2\/comments?post=51750"}],"version-history":[{"count":0,"href":"https:\/\/www.pkcell.com\/fr\/wp-json\/wp\/v2\/pages\/51750\/revisions"}],"up":[{"embeddable":true,"href":"https:\/\/www.pkcell.com\/fr\/wp-json\/wp\/v2\/pages\/7"}],"wp:attachment":[{"href":"https:\/\/www.pkcell.com\/fr\/wp-json\/wp\/v2\/media?parent=51750"}],"curies":[{"name":"wp","href":"https:\/\/api.w.org\/{rel}","templated":true}]}}