{"id":360,"date":"2024-07-17T16:23:15","date_gmt":"2024-07-17T08:23:15","guid":{"rendered":"https:\/\/www.pkcell.com\/?post_type=product&#038;p=360"},"modified":"2026-01-21T15:10:48","modified_gmt":"2026-01-21T07:10:48","slug":"batterie-lr6-aa","status":"publish","type":"product","link":"https:\/\/www.pkcell.com\/fr\/product\/lr6-aa-battery\/","title":{"rendered":"Pile AA \/ LR6"},"content":{"rendered":"<ul>\n<li><strong>Dur\u00e9e de conservation : 10 ans<\/strong><\/li>\n<li><strong>\u00c9tanch\u00e9it\u00e9, anti-corrosion<\/strong><\/li>\n<li><strong>Hg\/Pb\/Cd Libre<\/strong><\/li>\n<li><strong>Convient pour les lampes de poche, les radios, etc.<\/strong><\/li>\n<li><strong>Faible MOQ, support OEM<\/strong><\/li>\n<\/ul>","protected":false},"featured_media":2071,"parent":0,"menu_order":0,"template":"","meta":{"_acf_changed":true},"product-category":[14],"product-size":[73],"retail-country":[33,35,32,29],"class_list":["post-360","product","type-product","status-publish","has-post-thumbnail","hentry","product-category-alkaline-battery","product-size-aa","retail-country-ae","retail-country-sg","retail-country-uk","retail-country-us"],"acf":[],"_links":{"self":[{"href":"https:\/\/www.pkcell.com\/fr\/wp-json\/wp\/v2\/product\/360","targetHints":{"allow":["GET"]}}],"collection":[{"href":"https:\/\/www.pkcell.com\/fr\/wp-json\/wp\/v2\/product"}],"about":[{"href":"https:\/\/www.pkcell.com\/fr\/wp-json\/wp\/v2\/types\/product"}],"wp:featuredmedia":[{"embeddable":true,"href":"https:\/\/www.pkcell.com\/fr\/wp-json\/wp\/v2\/media\/2071"}],"wp:attachment":[{"href":"https:\/\/www.pkcell.com\/fr\/wp-json\/wp\/v2\/media?parent=360"}],"wp:term":[{"taxonomy":"product-category","embeddable":true,"href":"https:\/\/www.pkcell.com\/fr\/wp-json\/wp\/v2\/product-category?post=360"},{"taxonomy":"product-size","embeddable":true,"href":"https:\/\/www.pkcell.com\/fr\/wp-json\/wp\/v2\/product-size?post=360"},{"taxonomy":"retail-country","embeddable":true,"href":"https:\/\/www.pkcell.com\/fr\/wp-json\/wp\/v2\/retail-country?post=360"}],"curies":[{"name":"wp","href":"https:\/\/api.w.org\/{rel}","templated":true}]}}