{"id":362,"date":"2024-07-17T16:24:53","date_gmt":"2024-07-17T08:24:53","guid":{"rendered":"https:\/\/www.pkcell.com\/?post_type=product&#038;p=362"},"modified":"2026-01-19T11:14:44","modified_gmt":"2026-01-19T03:14:44","slug":"batterie-c-lr14","status":"publish","type":"product","link":"https:\/\/www.pkcell.com\/fr\/product\/c-lr14-battery\/","title":{"rendered":"C \/ LR14 Pile"},"content":{"rendered":"<ul>\n<li><strong>Dur\u00e9e de conservation : 10 ans<\/strong><\/li>\n<li><strong>\u00c9tanch\u00e9it\u00e9, anti-corrosion<\/strong><\/li>\n<li><strong>Hg\/Pb\/Cd Libre<\/strong><\/li>\n<li><strong>Convient pour les lampes de poche, les radios, etc.<\/strong><\/li>\n<li><strong>Faible MOQ, support OEM<\/strong><\/li>\n<\/ul>","protected":false},"featured_media":2039,"parent":0,"menu_order":0,"template":"","meta":{"_acf_changed":true},"product-category":[14],"product-size":[75],"retail-country":[33,30,36,79,78,80,31,34,35,32,29],"class_list":["post-362","product","type-product","status-publish","has-post-thumbnail","hentry","product-category-alkaline-battery","product-size-c","retail-country-ae","retail-country-ca","retail-country-de","retail-country-es","retail-country-fr","retail-country-it","retail-country-jp","retail-country-sa","retail-country-sg","retail-country-uk","retail-country-us"],"acf":[],"_links":{"self":[{"href":"https:\/\/www.pkcell.com\/fr\/wp-json\/wp\/v2\/product\/362","targetHints":{"allow":["GET"]}}],"collection":[{"href":"https:\/\/www.pkcell.com\/fr\/wp-json\/wp\/v2\/product"}],"about":[{"href":"https:\/\/www.pkcell.com\/fr\/wp-json\/wp\/v2\/types\/product"}],"wp:featuredmedia":[{"embeddable":true,"href":"https:\/\/www.pkcell.com\/fr\/wp-json\/wp\/v2\/media\/2039"}],"wp:attachment":[{"href":"https:\/\/www.pkcell.com\/fr\/wp-json\/wp\/v2\/media?parent=362"}],"wp:term":[{"taxonomy":"product-category","embeddable":true,"href":"https:\/\/www.pkcell.com\/fr\/wp-json\/wp\/v2\/product-category?post=362"},{"taxonomy":"product-size","embeddable":true,"href":"https:\/\/www.pkcell.com\/fr\/wp-json\/wp\/v2\/product-size?post=362"},{"taxonomy":"retail-country","embeddable":true,"href":"https:\/\/www.pkcell.com\/fr\/wp-json\/wp\/v2\/retail-country?post=362"}],"curies":[{"name":"wp","href":"https:\/\/api.w.org\/{rel}","templated":true}]}}