{"id":19,"date":"2024-07-09T15:54:03","date_gmt":"2024-07-09T07:54:03","guid":{"rendered":"https:\/\/www.pkcell.com\/?page_id=19"},"modified":"2025-04-02T08:58:17","modified_gmt":"2025-04-02T00:58:17","slug":"dystrybutor","status":"publish","type":"page","link":"https:\/\/www.pkcell.com\/pl\/distributor\/","title":{"rendered":"Dystrybutor"},"content":{"rendered":"<div data-elementor-type=\"wp-page\" data-elementor-id=\"19\" class=\"elementor elementor-19\" data-elementor-post-type=\"page\">\n\t\t\t\t<div class=\"elementor-element elementor-element-231b1d5 maincontent e-con-full e-flex e-con e-parent\" data-id=\"231b1d5\" data-element_type=\"container\" data-e-type=\"container\">\n\t\t\t\t<div class=\"elementor-element elementor-element-083a401 elementor-widget elementor-widget-ucaddon_breadcrumb\" data-id=\"083a401\" data-element_type=\"widget\" data-e-type=\"widget\" data-widget_type=\"ucaddon_breadcrumb.default\">\n\t\t\t\t<div class=\"elementor-widget-container\">\n\t\t\t\t\t\n<!-- start Breadcrumb -->\n\n<div class=\"breadcrumb\">\n  <div class=\"maincontainer\">\n    <div class=\"box\">\n      <a href=\"\/pl\/\">Strona g\u0142\u00f3wna<\/a>\n      <span> - <\/span>\n\n\n<a href=\"\" class=\"\">Sprzeda\u017c hurtowa<\/a>\n\n\n<span> - <\/span>\n\n\n<a href=\"https:\/\/www.pkcell.com\/pl\/distributor\/\" class=\"on\">Dystrybutor<\/a>\n\n\n\n    <\/div>\n  <\/div>\n<\/div>\n<!-- end Breadcrumb -->\t\t\t\t<\/div>\n\t\t\t\t<\/div>\n\t\t\t\t<div class=\"elementor-element elementor-element-f4c4dfb elementor-widget elementor-widget-ucaddon_page_introduce_title\" data-id=\"f4c4dfb\" data-element_type=\"widget\" data-e-type=\"widget\" data-widget_type=\"ucaddon_page_introduce_title.default\">\n\t\t\t\t<div class=\"elementor-widget-container\">\n\t\t\t\t\t\n<!-- start Page Introduce Title -->\n\n<div class=\"padt40 padb40 introduce w8\">\n  <div class=\"maincontainer\" style=\"background-image\">\n    <div class=\"current_title\">\n      <h1 class=\"size42 wow fadeInUpSmall\">\n                \tRozwi\u0144 swoj\u0105 dzia\u0142alno\u015b\u0107 dzi\u0119ki globalnej sieci Pkcell\n              <\/h1>\n      <div class=\"size18 text wow fadeInUpSmall\">\n        Do\u0142\u0105cz do naszej globalnej sieci dystrybutor\u00f3w i odblokuj nowe mo\u017cliwo\u015bci rozwoju i sukcesu swojej firmy.\n\n<br>Dzi\u0119ki silnej reputacji i ugruntowanej obecno\u015bci na rynku globalnym, akumulatory Pkcell s\u0105 uznawane za warto\u015bciowe i wydajne, co u\u0142atwia penetracj\u0119 nowych rynk\u00f3w.\n      <\/div>\n    <\/div>\n  <\/div>\n<\/div>\n<!-- end Page Introduce Title -->\t\t\t\t<\/div>\n\t\t\t\t<\/div>\n\t\t\t\t<div class=\"elementor-element elementor-element-0e855fe elementor-widget elementor-widget-ucaddon_text_left_banner\" data-id=\"0e855fe\" data-element_type=\"widget\" data-e-type=\"widget\" data-widget_type=\"ucaddon_text_left_banner.default\">\n\t\t\t\t<div class=\"elementor-widget-container\">\n\t\t\t\t\t\n<!-- start Text Left Banner -->\n\n<div class=\"obanner\">\n  <img decoding=\"async\" class=\"pImg\" src=\"https:\/\/www.pkcell.com\/wp-content\/uploads\/\u63e1\u624b-cover-768x280.jpg\">\n  <img decoding=\"async\" class=\"mImg\" src=\"https:\/\/www.pkcell.com\/wp-content\/uploads\/2-4-768x653.jpg\">\n  <div class=\"maincontainer obanner-title\">\n    <div class=\"box wow fadeInUpSmall\">\n              <h2 class=\"size42\">\n          Dowiedz si\u0119 wi\u0119cej o naszych produktach i us\u0142ugach\uff01\n        <\/h2>\n            <div class=\"size18 txt\">\n        Klient jest dla nas najwa\u017cniejszy. Zapewniamy kompleksowe wsparcie techniczne i obs\u0142ug\u0119 klienta, aby zapewni\u0107 najlepsze wskaz\u00f3wki na ka\u017cdym etapie wyboru. Obiecujemy dostarcza\u0107 rozwi\u0105zania 24 godziny na dob\u0119 i dostarcza\u0107 pr\u00f3bki w ci\u0105gu 7 dni!\n      <\/div>\n            <div class=\"current-btn white\">\n        <a href=\"#Quote_Form\">\n          <i><\/i>POBIERZ OFERT\u0118\n        <\/a>\n      <\/div>\n          <\/div>\n  <\/div>\n<\/div>\n<!-- end Text Left Banner -->\t\t\t\t<\/div>\n\t\t\t\t<\/div>\n\t\t\t\t<div class=\"elementor-element elementor-element-217066f elementor-widget elementor-widget-ucaddon_distributor_benefits_carousel\" data-id=\"217066f\" data-element_type=\"widget\" data-e-type=\"widget\" data-widget_type=\"ucaddon_distributor_benefits_carousel.default\">\n\t\t\t\t<div class=\"elementor-widget-container\">\n\t\t\t\t\t\n<!-- start Distributor Benefits Carousel -->\n\n<div class=\"padt80 padb100 distributor_benefits\">\n  <div class=\"maincontainer\">\n    <div class=\"current_title center\">\n      <h2 class=\"size42 wow fadeInUpSmall\">\n        Dlaczego warto wsp\u00f3\u0142pracowa\u0107 z Pkcell?\n      <\/h2>\n    <\/div>\n    <div class=\"box\">\n      <div class=\"swiper mySwiper1 wow fadeInUpSmall\">\n        <div class=\"swiper-wrapper\">\n          <div class=\"swiper-slide\">\n  <div class=\"item\">\n    <div class=\"icon\">\n      <img decoding=\"async\" class=\"ic1\" src=\"https:\/\/www.pkcell.com\/wp-content\/uploads\/icon30.png\"\/>\n      <img decoding=\"async\" class=\"ic2\" src=\"https:\/\/www.pkcell.com\/wp-content\/uploads\/icon30a.png\"\/>\n    <\/div>\n    <div class=\"txt\">\n      Wysoka jako\u015b\u0107 i niezawodno\u015b\u0107\n    <\/div>\n  <\/div>\n<\/div>\n<div class=\"swiper-slide\">\n  <div class=\"item\">\n    <div class=\"icon\">\n      <img decoding=\"async\" class=\"ic1\" src=\"https:\/\/www.pkcell.com\/wp-content\/uploads\/icon31.png\"\/>\n      <img decoding=\"async\" class=\"ic2\" src=\"https:\/\/www.pkcell.com\/wp-content\/uploads\/icon31a.png\"\/>\n    <\/div>\n    <div class=\"txt\">\n      Szeroka \u015bwiadomo\u015b\u0107 marki\n    <\/div>\n  <\/div>\n<\/div>\n<div class=\"swiper-slide\">\n  <div class=\"item\">\n    <div class=\"icon\">\n      <img decoding=\"async\" class=\"ic1\" src=\"https:\/\/www.pkcell.com\/wp-content\/uploads\/icon32.png\"\/>\n      <img decoding=\"async\" class=\"ic2\" src=\"https:\/\/www.pkcell.com\/wp-content\/uploads\/icon32a.png\"\/>\n    <\/div>\n    <div class=\"txt\">\n      Wysoka rentowno\u015b\u0107\n    <\/div>\n  <\/div>\n<\/div>\n<div class=\"swiper-slide\">\n  <div class=\"item\">\n    <div class=\"icon\">\n      <img decoding=\"async\" class=\"ic1\" src=\"https:\/\/www.pkcell.com\/wp-content\/uploads\/icon33.png\"\/>\n      <img decoding=\"async\" class=\"ic2\" src=\"https:\/\/www.pkcell.com\/wp-content\/uploads\/icon33a.png\"\/>\n    <\/div>\n    <div class=\"txt\">\n      Chroniony zysk\n    <\/div>\n  <\/div>\n<\/div>\n<div class=\"swiper-slide\">\n  <div class=\"item\">\n    <div class=\"icon\">\n      <img decoding=\"async\" class=\"ic1\" src=\"https:\/\/www.pkcell.com\/wp-content\/uploads\/icon34.png\"\/>\n      <img decoding=\"async\" class=\"ic2\" src=\"https:\/\/www.pkcell.com\/wp-content\/uploads\/icon34a.png\"\/>\n    <\/div>\n    <div class=\"txt\">\n      Kompleksowe wsparcie\n    <\/div>\n  <\/div>\n<\/div>\n \n        <\/div>\n      <\/div>\n      <div class=\"swiper mySwiper2 wow fadeInUpSmall\">\n        <div class=\"swiper-wrapper\">\n          <div class=\"swiper-slide\">\n   <div class=\"item\">\n     <div class=\"textbox\">\n       <div class=\"text\">\n         <div class=\"icon\">\n           <img decoding=\"async\" src=\"https:\/\/www.pkcell.com\/wp-content\/uploads\/icon30.png\"\/>\n         <\/div>\n         <div class=\"size30 t1\">\n           \u015acis\u0142y proces kontroli jako\u015bci\n         <\/div>\n         <div class=\"size18 t2\">\n           Wszystkie baterie pkcell przesz\u0142y <strong>KC, UL, MSDS, CB, UN38.3, certyfikat PSE<\/strong>. Ponadto akumulatory Pkcell przechodz\u0105 52 kontrole procesu, 102 procedury monta\u017cu i 22 testy gotowego produktu, zapewniaj\u0105c najwy\u017csz\u0105 jako\u015b\u0107 i niezawodno\u015b\u0107.\n         <\/div>\n       <\/div>\n     <\/div>\n     <div class=\"imgbox\">\n       <img decoding=\"async\" src=\"https:\/\/www.pkcell.com\/wp-content\/uploads\/\u8d28\u91cf\u68c0\u6d4b-1.jpg\"\/>\n     <\/div>\n   <\/div>\n<\/div>\n<div class=\"swiper-slide\">\n   <div class=\"item\">\n     <div class=\"textbox\">\n       <div class=\"text\">\n         <div class=\"icon\">\n           <img decoding=\"async\" src=\"https:\/\/www.pkcell.com\/wp-content\/uploads\/icon31.png\"\/>\n         <\/div>\n         <div class=\"size30 t1\">\n           Szeroka \u015bwiadomo\u015b\u0107 marki\n         <\/div>\n         <div class=\"size18 t2\">\n           Dzi\u0119ki ponad 20-letniemu do\u015bwiadczeniu, pkcell bateery zosta\u0142y wyeksportowane do ponad 100 kraj\u00f3w. zbudowali\u015bmy siln\u0105 globaln\u0105 obecno\u015b\u0107 i reputacj\u0119 doskona\u0142o\u015bci. Nasze baterie ciesz\u0105 si\u0119 zaufaniem klient\u00f3w na ca\u0142ym \u015bwiecie, w tym najwi\u0119kszych detalist\u00f3w, takich jak Walmart. \n         <\/div>\n       <\/div>\n     <\/div>\n     <div class=\"imgbox\">\n       <img decoding=\"async\" src=\"https:\/\/www.pkcell.com\/wp-content\/uploads\/walmart-1.jpg\"\/>\n     <\/div>\n   <\/div>\n<\/div>\n<div class=\"swiper-slide\">\n   <div class=\"item\">\n     <div class=\"textbox\">\n       <div class=\"text\">\n         <div class=\"icon\">\n           <img decoding=\"async\" src=\"https:\/\/www.pkcell.com\/wp-content\/uploads\/icon32.png\"\/>\n         <\/div>\n         <div class=\"size30 t1\">\n           Wysoka rentowno\u015b\u0107\n         <\/div>\n         <div class=\"size18 t2\">\n           Oferujemy konkurencyjne ceny i ekskluzywne struktury rabatowe, zapewniaj\u0105c zdrowe mar\u017ce zysku dla Twojej firmy. Nasza niska inwestycja pocz\u0105tkowa i model biznesowy o du\u017cej obj\u0119to\u015bci i niskiej mar\u017cy sprawiaj\u0105, \u017ce baterie Pkcell s\u0105 atrakcyjn\u0105 opcj\u0105 dla firm.\n         <\/div>\n       <\/div>\n     <\/div>\n     <div class=\"imgbox\">\n       <img decoding=\"async\" src=\"https:\/\/www.pkcell.com\/wp-content\/uploads\/Profit.jpg\"\/>\n     <\/div>\n   <\/div>\n<\/div>\n<div class=\"swiper-slide\">\n   <div class=\"item\">\n     <div class=\"textbox\">\n       <div class=\"text\">\n         <div class=\"icon\">\n           <img decoding=\"async\" src=\"https:\/\/www.pkcell.com\/wp-content\/uploads\/icon33.png\"\/>\n         <\/div>\n         <div class=\"size30 t1\">\n           Chroniony zysk\n         <\/div>\n         <div class=\"size18 t2\">\n           Pkcell zobowi\u0105zuje si\u0119 do ochrony korzy\u015bci naszych dystrybutor\u00f3w. Nasza polityka ochrony klienta ko\u0144cowego gwarantuje, \u017ce nie sprzedajemy bezpo\u015brednio u\u017cytkownikom ko\u0144cowym, chroni\u0105c udzia\u0142 w rynku. \n         <\/div>\n       <\/div>\n     <\/div>\n     <div class=\"imgbox\">\n       <img decoding=\"async\" src=\"https:\/\/www.pkcell.com\/wp-content\/uploads\/protect-interest.jpg\"\/>\n     <\/div>\n   <\/div>\n<\/div>\n<div class=\"swiper-slide\">\n   <div class=\"item\">\n     <div class=\"textbox\">\n       <div class=\"text\">\n         <div class=\"icon\">\n           <img decoding=\"async\" src=\"https:\/\/www.pkcell.com\/wp-content\/uploads\/icon34.png\"\/>\n         <\/div>\n         <div class=\"size30 t1\">\n           Kompleksowe wsparcie\n         <\/div>\n         <div class=\"size18 t2\">\n           Zapewniamy kompleksowe us\u0142ugi wsparcia rynkowego, w tym strategi\u0119 marketingow\u0105 i materia\u0142y marketingowe. Oferujemy r\u00f3wnie\u017c dog\u0142\u0119bne szkolenia produktowe i bie\u017c\u0105ce wsparcie techniczne, aby zapewni\u0107, \u017ce Ty i Tw\u00f3j zesp\u00f3\u0142 jeste\u015bcie wyposa\u017ceni w wiedz\u0119 umo\u017cliwiaj\u0105c\u0105 skuteczn\u0105 obs\u0142ug\u0119 klient\u00f3w.\n         <\/div>\n       <\/div>\n     <\/div>\n     <div class=\"imgbox\">\n       <img decoding=\"async\" src=\"https:\/\/www.pkcell.com\/wp-content\/uploads\/support.jpg\"\/>\n     <\/div>\n   <\/div>\n<\/div>\n\n        <\/div>\n      <\/div>\n    <\/div>\n  <\/div>\n<\/div>\n<!-- end Distributor Benefits Carousel -->\t\t\t\t<\/div>\n\t\t\t\t<\/div>\n\t\t\t\t<div class=\"elementor-element elementor-element-95af915 elementor-widget elementor-widget-ucaddon_distributor_network\" data-id=\"95af915\" data-element_type=\"widget\" data-e-type=\"widget\" data-widget_type=\"ucaddon_distributor_network.default\">\n\t\t\t\t<div class=\"elementor-widget-container\">\n\t\t\t\t\t\n<!-- start Distributor Network -->\n\n<div class=\"padt90 distributor_network\" style=\"background-image: url(https:\/\/www.pkcell.com\/wp-content\/uploads\/img26.png);\">\n  <div class=\"maincontainer\">\n    <div class=\"current_title center\">\n      <h2 class=\"size42 wow fadeInUpSmall\">\n        Globalna sie\u0107 dealer\u00f3w\n      <\/h2>\n      <div class=\"size18 text wow fadeInUpSmall\">\n        Nasze partnerstwo z klientami dealer\u00f3w ma ponad dziesi\u0119cioletni\u0105 histori\u0119, a obecnie posiadamy sie\u0107 dealer\u00f3w i agent\u00f3w w ponad 60 krajach na ca\u0142ym \u015bwiecie, a liczba ta stale ro\u015bnie \n      <\/div>\n    <\/div>\n    <div class=\"box wow fadeInUpSmall\">\n      <img decoding=\"async\" src=\"https:\/\/www.pkcell.com\/wp-content\/uploads\/img27.png\"\/>\n    <\/div>\n  <\/div>\n<\/div>\n<!-- end Distributor Network -->\t\t\t\t<\/div>\n\t\t\t\t<\/div>\n\t\t\t\t<div class=\"elementor-element elementor-element-7686061 elementor-widget elementor-widget-menu-anchor\" data-id=\"7686061\" data-element_type=\"widget\" data-e-type=\"widget\" data-widget_type=\"menu-anchor.default\">\n\t\t\t\t<div class=\"elementor-widget-container\">\n\t\t\t\t\t\t\t<div class=\"elementor-menu-anchor\" id=\"Quote_Form\"><\/div>\n\t\t\t\t\t\t<\/div>\n\t\t\t\t<\/div>\n\t\t\t\t<div class=\"elementor-element elementor-element-ea8ec1a elementor-widget elementor-widget-ucaddon_contact_submit_form\" data-id=\"ea8ec1a\" data-element_type=\"widget\" data-e-type=\"widget\" data-widget_type=\"ucaddon_contact_submit_form.default\">\n\t\t\t\t<div class=\"elementor-widget-container\">\n\t\t\t\t\t\n<!-- start Contact Submit Form -->\n\n<div class=\"padb136 Get_in_Touch\">\n\t\t\t\t<div class=\"maincontainer\">\n\t\t\t\t\t<div class=\"box\">\n\t\t\t\t\t\t<div class=\"current_title center\">\n\t\t\t\t\t\t\t<h3 class=\"size42 wow fadeInUpSmall\">\n\t\t\t\t\t\t\t\tPOBIERZ OFERT\u0118\n\t\t\t\t\t\t\t<\/h3>\n\t\t\t\t\t\t\t<div class=\"size20 text wow fadeInUpSmall\">\n\t\t\t\t\t\t\t\tMo\u017cesz skontaktowa\u0107 si\u0119 z nami telefonicznie, e-mailem lub wype\u0142niaj\u0105c poni\u017cszy formularz kontaktowy. Staramy si\u0119 odpowiada\u0107 na wszystkie zapytania w ci\u0105gu 24 godzin.\t\t\t\t\t\t\t\n                          \t<\/div>\n\t\t\t\t\t\t<\/div>\n                    \n\n\t\t\t\t\t\t<div class=\"wrap\">\n\t\t\t\t\t\t\t<div class=\"infor\">\n\t\t\t\t\t\t\t\t<ul>\n\t\t\t\t\t\t\t\t\n\t\t\t\t\t\t\t\t\t<li class=\"wow fadeInUpSmall\">\n\t\t\t\t\t\t\t\t\t\t<div class=\"item\">\n\t\t\t\t\t\t\t\t\t\t\t<div class=\"icon\">\n\t\t\t\t    \t\t\t\t\t\t\t<img decoding=\"async\"  src=\"https:\/\/www.pkcell.com\/wp-content\/uploads\/icon19.png\">\n\t\t\t\t    \t\t\t\t\t\t<\/div>\n\t\t\t\t    \t\t\t\t\t\t<div class=\"size18 text\">\n\t\t\t\t    \t\t\t\t\t\t\t<div class=\"t1\">\n\t\t\t\t    \t\t\t\t\t\t\t\tE-mail\n\t\t\t\t    \t\t\t\t\t\t\t<\/div>\n\t\t\t\t    \t\t\t\t\t\t\t<div class=\"t2\">\n\t\t\t\t\t\t\t\t\t\t\t\t\tinfo@pkcell.com\n\t\t\t\t    \t\t\t\t\t\t\t<\/div>\n\t\t\t\t    \t\t\t\t\t\t<\/div>\n\t\t\t\t\t\t\t\t\t\t<\/div>\n\t\t\t\t\t\t\t\t\t<\/li>\n\t\t\t\t\t\t\t\t\t<li class=\"wow fadeInUpSmall\">\n\t\t\t\t\t\t\t\t\t\t<div class=\"item\">\n\t\t\t\t\t\t\t\t\t\t\t<div class=\"icon\">\n\t\t\t\t    \t\t\t\t\t\t\t<img decoding=\"async\"  src=\"https:\/\/www.pkcell.com\/wp-content\/uploads\/icon20.png\">\n\t\t\t\t    \t\t\t\t\t\t<\/div>\n\t\t\t\t    \t\t\t\t\t\t<div class=\"size18 text\">\n\t\t\t\t    \t\t\t\t\t\t\t<div class=\"t1\">\n\t\t\t\t    \t\t\t\t\t\t\t\tAdres firmy\n\t\t\t\t    \t\t\t\t\t\t\t<\/div>\n\t\t\t\t    \t\t\t\t\t\t\t<div class=\"t2\">\n\t\t\t\t\t\t\t\t\t\t\t\t\t9. pi\u0119tro, blok B, Hongrongyuan North Station Center, nr 328, Mintang Road, Longhua District, Shenzhen, Chiny, 518110\n\t\t\t\t    \t\t\t\t\t\t\t<\/div>\n\t\t\t\t    \t\t\t\t\t\t<\/div>\n\t\t\t\t\t\t\t\t\t\t<\/div>\n\t\t\t\t\t\t\t\t\t<\/li>\n\t\t\t\t\t\t\t\t<\/ul>\n\t\t\t\t\t\t\t<\/div>\n\t\t\t\t\t\t\t<div class=\"formBox\">\n                              \t\n<div class=\"wpcf7 no-js\" id=\"wpcf7-f345-o1\" lang=\"en-US\" dir=\"ltr\" data-wpcf7-id=\"345\">\n<div class=\"screen-reader-response\"><p role=\"status\" aria-live=\"polite\" aria-atomic=\"true\"><\/p> <ul><\/ul><\/div>\n<form action=\"\/pl\/wp-json\/wp\/v2\/pages\/19#wpcf7-f345-o1\" method=\"post\" class=\"wpcf7-form init\" aria-label=\"Formularz kontaktowy\" novalidate=\"novalidate\" data-status=\"init\" data-trp-original-action=\"\/pl\/wp-json\/wp\/v2\/pages\/19#wpcf7-f345-o1\">\n<fieldset class=\"hidden-fields-container\"><input type=\"hidden\" name=\"_wpcf7\" value=\"345\" \/><input type=\"hidden\" name=\"_wpcf7_version\" value=\"6.1.5\" \/><input type=\"hidden\" name=\"_wpcf7_locale\" value=\"en_US\" \/><input type=\"hidden\" name=\"_wpcf7_unit_tag\" value=\"wpcf7-f345-o1\" \/><input type=\"hidden\" name=\"_wpcf7_container_post\" value=\"0\" \/><input type=\"hidden\" name=\"_wpcf7_posted_data_hash\" value=\"\" \/><input type=\"hidden\" name=\"_wpcf7_recaptcha_response\" value=\"\" \/>\n<\/fieldset>\n<div class=\"inputLi wow fadeInUpSmall\">\n\t<p><span class=\"wpcf7-form-control-wrap\" data-name=\"Name\"><input size=\"40\" maxlength=\"400\" class=\"wpcf7-form-control wpcf7-text wpcf7-validates-as-required size18\" aria-required=\"true\" aria-invalid=\"false\" placeholder=\"Nazwa*\" value=\"\" type=\"text\" name=\"Name\" \/><\/span>\n\t<\/p>\n<\/div>\n<div class=\"inputLi wow fadeInUpSmall\">\n\t<p><span class=\"wpcf7-form-control-wrap\" data-name=\"Email\"><input size=\"40\" maxlength=\"400\" class=\"wpcf7-form-control wpcf7-email wpcf7-validates-as-required wpcf7-text wpcf7-validates-as-email size18\" aria-required=\"true\" aria-invalid=\"false\" placeholder=\"E-mail*\" value=\"\" type=\"email\" name=\"Email\" \/><\/span>\n\t<\/p>\n<\/div>\n<div class=\"inputLi wow fadeInUpSmall\">\n\t<p><span class=\"wpcf7-form-control-wrap\" data-name=\"WhatsAppTelPhone\"><input size=\"40\" maxlength=\"400\" class=\"wpcf7-form-control wpcf7-tel wpcf7-text wpcf7-validates-as-tel size18\" aria-invalid=\"false\" placeholder=\"WhatsApp (z kodem kraju)\" value=\"\" type=\"tel\" name=\"WhatsAppTelPhone\" \/><\/span>\n\t<\/p>\n<\/div>\n<div class=\"inputLi wow fadeInUpSmall\">\n\t<p><span class=\"wpcf7-form-control-wrap\" data-name=\"Company\"><input size=\"40\" maxlength=\"400\" class=\"wpcf7-form-control wpcf7-text size18\" aria-invalid=\"false\" placeholder=\"Firma\" value=\"\" type=\"text\" name=\"Company\" \/><\/span>\n\t<\/p>\n<\/div>\n<div class=\"textareaLi wow fadeInUpSmall\">\n\t<p><span class=\"wpcf7-form-control-wrap\" data-name=\"Message\"><textarea cols=\"40\" rows=\"10\" maxlength=\"2000\" class=\"wpcf7-form-control wpcf7-textarea wpcf7-validates-as-required size18\" aria-required=\"true\" aria-invalid=\"false\" placeholder=\"Wiadomo\u015b\u0107*\" name=\"Message\"><\/textarea><\/span>\n\t<\/p>\n<\/div>\n<div class=\"inputBtn wow fadeInUpSmall\">\n\t<p><input class=\"wpcf7-form-control wpcf7-submit has-spinner size18\" type=\"submit\" value=\"POBIERZ OFERT\u0118\" \/>\n\t<\/p>\n<\/div><div class=\"wpcf7-response-output\" aria-hidden=\"true\"><\/div>\n<input type=\"hidden\" name=\"trp-form-language\" value=\"pl\"\/><\/form>\n<\/div>\n\n\t\t\t\t\t\t\t<\/div>\n\t\t\t\t\t\t<\/div>\n\t\t\t\t\t<\/div>\n\t\t\t\t<\/div>\n\t\t\t<\/div>\n<!-- end Contact Submit Form -->\t\t\t\t<\/div>\n\t\t\t\t<\/div>\n\t\t\t\t<\/div>\n\t\t\t\t<\/div>","protected":false},"excerpt":{"rendered":"<p>Home &#8211; Wholesale &#8211; Expand Your Business with Pkcell&#8217;s Global Network Join our global network of distributors and unlock new opportunities for your business growth and success. With a strong reputation and established presence in the global market, Pkcell batteries are recognized for our value and performance, making it easier for you to penetrate new [&hellip;]<\/p>\n","protected":false},"author":7,"featured_media":0,"parent":0,"menu_order":0,"comment_status":"closed","ping_status":"closed","template":"","meta":{"_acf_changed":false,"footnotes":""},"class_list":["post-19","page","type-page","status-publish","hentry"],"acf":[],"_links":{"self":[{"href":"https:\/\/www.pkcell.com\/pl\/wp-json\/wp\/v2\/pages\/19","targetHints":{"allow":["GET"]}}],"collection":[{"href":"https:\/\/www.pkcell.com\/pl\/wp-json\/wp\/v2\/pages"}],"about":[{"href":"https:\/\/www.pkcell.com\/pl\/wp-json\/wp\/v2\/types\/page"}],"author":[{"embeddable":true,"href":"https:\/\/www.pkcell.com\/pl\/wp-json\/wp\/v2\/users\/7"}],"replies":[{"embeddable":true,"href":"https:\/\/www.pkcell.com\/pl\/wp-json\/wp\/v2\/comments?post=19"}],"version-history":[{"count":0,"href":"https:\/\/www.pkcell.com\/pl\/wp-json\/wp\/v2\/pages\/19\/revisions"}],"wp:attachment":[{"href":"https:\/\/www.pkcell.com\/pl\/wp-json\/wp\/v2\/media?parent=19"}],"curies":[{"name":"wp","href":"https:\/\/api.w.org\/{rel}","templated":true}]}}