{"id":21,"date":"2024-07-09T15:54:44","date_gmt":"2024-07-09T07:54:44","guid":{"rendered":"https:\/\/www.pkcell.com\/?page_id=21"},"modified":"2024-09-05T11:33:54","modified_gmt":"2024-09-05T03:33:54","slug":"o","status":"publish","type":"page","link":"https:\/\/www.pkcell.com\/pl\/about\/","title":{"rendered":"O"},"content":{"rendered":"<div data-elementor-type=\"wp-page\" data-elementor-id=\"21\" class=\"elementor elementor-21\" data-elementor-post-type=\"page\">\n\t\t\t\t<div class=\"elementor-element elementor-element-efe7fca maincontent e-con-full e-flex e-con e-parent\" data-id=\"efe7fca\" data-element_type=\"container\" data-e-type=\"container\">\n\t\t\t\t<div class=\"elementor-element elementor-element-cb41b18 elementor-widget elementor-widget-ucaddon_breadcrumb\" data-id=\"cb41b18\" data-element_type=\"widget\" data-e-type=\"widget\" data-widget_type=\"ucaddon_breadcrumb.default\">\n\t\t\t\t<div class=\"elementor-widget-container\">\n\t\t\t\t\t\n<!-- start Breadcrumb -->\n\n<div class=\"breadcrumb\">\n  <div class=\"maincontainer\">\n    <div class=\"box\">\n      <a href=\"\/pl\/\">Strona g\u0142\u00f3wna<\/a>\n      <span> - <\/span>\n\n\n<a href=\"#\" class=\"\">Odkryj<\/a>\n\n\n<span> - <\/span>\n\n\n<a href=\"https:\/\/www.pkcell.com\/pl\/about\/\" class=\"on\">O<\/a>\n\n\n\n    <\/div>\n  <\/div>\n<\/div>\n<!-- end Breadcrumb -->\t\t\t\t<\/div>\n\t\t\t\t<\/div>\n\t\t\t\t<div class=\"elementor-element elementor-element-5407211 elementor-widget elementor-widget-ucaddon_about_introduction\" data-id=\"5407211\" data-element_type=\"widget\" data-e-type=\"widget\" data-widget_type=\"ucaddon_about_introduction.default\">\n\t\t\t\t<div class=\"elementor-widget-container\">\n\t\t\t\t\t\n<!-- start About Introduction -->\n\n<div class=\"padt40 padb40 about\">\n  <div class=\"pkcell wow fadeInRight\">\n    <img decoding=\"async\" src=\"https:\/\/www.pkcell.com\/wp-content\/uploads\/img15.png\"\/>\n  <\/div>\n  <div class=\"maincontainer\">\n    <div class=\"current_title\">\n      <h3 class=\"size42 wow fadeInUpSmall\">\n        Pkcell: Zaufany globalny partner w dziedzinie akumulator\u00f3w\n      <\/h3>\n      <div class=\"size18 text wow fadeInUpSmall\">\n        Firma Pkcell, za\u0142o\u017cona w 1998 roku, jest wiod\u0105cym chi\u0144skim producentem akumulator\u00f3w specjalizuj\u0105cym si\u0119 w niezawodnych i innowacyjnych rozwi\u0105zaniach energetycznych. <br>Z zaawansowanym <span style=\"color:#043d82; font-weight:bold;\">28,000 \u33a1<\/span> obiekt i zesp\u00f3\u0142 <span style=\"color:#043d82; font-weight:bold;\">50+<\/span> dedykowanych ekspert\u00f3w ds. bada\u0144 i rozwoju, <br>Eksportowali\u015bmy wysokiej jako\u015bci akumulatory do klient\u00f3w w ponad <span style=\"color:#043d82; font-weight:bold;\">100+<\/span> kraje.\n\n      <\/div>\n    <\/div>\n    <div class=\"box\">\n      <div class=\"imgbox wow fadeInUpSmall\">\n        <img decoding=\"async\" src=\"https:\/\/www.pkcell.com\/wp-content\/uploads\/factory-scaled.jpg\"\/>\n      <\/div>\n      <div class=\"size18 textbox wow fadeInUpSmall\">\n        <h3><strong>Nasze do\u015bwiadczenie:<\/strong><\/h3>\n<br>\n<p>Oferujemy szerok\u0105 gam\u0119 akumulator\u00f3w, w tym <strong>baterie alkaliczne, w\u0119glowo-cynkowe, guzikowe, Li-SOCl2, Li-MnO2, akumulatory NiMH\/NiCd, baterie litowo-jonowe i zestawy baterii. <\/strong>Nasze rozwi\u0105zania zasilaj\u0105 r\u00f3\u017cne bran\u017ce, od bezpiecze\u0144stwa i urz\u0105dze\u0144 medycznych po inteligentne domy i elektronik\u0119 u\u017cytkow\u0105.<\/p>\n<br>\n<h3><strong>Dlaczego warto wybra\u0107 Pkcell:<\/strong><\/h3>\n<br>\n<ul>\n    <li>\n        <b>1. Udokumentowane osi\u0105gni\u0119cia:<\/b> Ponad 20 lat do\u015bwiadczenia i baza lojalnych klient\u00f3w, w tym <b>Walmart<\/b> i inne globalne marki.\n    <\/li>\n<br>\n    <li>\n        <b>2. Zapewnienie jako\u015bci:<\/b> IEC, CE, <b>RoHS<\/b>i certyfikat 98\/101\/WE, zapewniaj\u0105c najwy\u017cszy poziom bezpiecze\u0144stwa i wydajno\u015bci.\n    <\/li><br>\n    <li>\n        <b>3. Innowacyjno\u015b\u0107 i personalizacja:<\/b> Dedykowany zesp\u00f3\u0142 badawczo-rozwojowy sk\u0142adaj\u0105cy si\u0119 z ponad 30 in\u017cynier\u00f3w, oferuj\u0105cy dostosowane rozwi\u0105zania i <b>OEM\/ODM<\/b> us\u0142ugi spe\u0142niaj\u0105ce Twoje unikalne potrzeby.\n    <\/li><br>\n    <li>\n        <b>4. Podej\u015bcie zorientowane na klienta:<\/b> Zaanga\u017cowany w dostarczanie \"zielonych, przyjaznych dla \u015brodowiska i op\u0142acalnych\" nowych produkt\u00f3w energetycznych oraz wyj\u0105tkowej obs\u0142ugi klienta.\n    <\/li>\n<\/ul>\n      <\/div>\n    <\/div>\n    <div class=\"wrap\">\n      <ul>\n        <li class=\"wow fadeInUpSmall\">\n  <div class=\"size60\">\n    <span class=\"timer\">28000<\/span>\u33a1  <\/div>\n  <div class=\"size24\">\n    Magazyn\n  <\/div>\n<\/li>\n<li class=\"wow fadeInUpSmall\">\n  <div class=\"size60\">\n    <span class=\"timer\">50<\/span>+  <\/div>\n  <div class=\"size24\">\n    Certyfikaty\n  <\/div>\n<\/li>\n<li class=\"wow fadeInUpSmall\">\n  <div class=\"size60\">\n    <span class=\"timer\">100<\/span>+  <\/div>\n  <div class=\"size24\">\n    Kraje eksportowane\n  <\/div>\n<\/li>\n<li class=\"wow fadeInUpSmall\">\n  <div class=\"size60\">\n    <span class=\"timer\">50<\/span>+  <\/div>\n  <div class=\"size24\">\n    Eksperci ds. bada\u0144 i rozwoju\n  <\/div>\n<\/li>\n\n      <\/ul>\n    <\/div>\n  <\/div>\n<\/div>\n<!-- end About Introduction -->\t\t\t\t<\/div>\n\t\t\t\t<\/div>\n\t\t\t\t<\/div>\n\t\t<div class=\"elementor-element elementor-element-c19241a e-con-full padt80 about_factory e-flex e-con e-child\" data-id=\"c19241a\" data-element_type=\"container\" data-e-type=\"container\">\n\t\t<div class=\"elementor-element elementor-element-e1fb547 e-con-full maincontainer e-flex e-con e-child\" data-id=\"e1fb547\" data-element_type=\"container\" data-e-type=\"container\">\n\t\t\t\t<div class=\"elementor-element elementor-element-ddf607f elementor-widget elementor-widget-ucaddon_dual_heading\" data-id=\"ddf607f\" data-element_type=\"widget\" data-e-type=\"widget\" data-widget_type=\"ucaddon_dual_heading.default\">\n\t\t\t\t<div class=\"elementor-widget-container\">\n\t\t\t\t\t\n<!-- start Dual Heading -->\n\n<div class=\"current_title center\">\n  <h3 class=\"size42 wow fadeInUpSmall\">\n    Nasza fabryka\n  <\/h3>\n  <div class=\"size18 text wow fadeInUpSmall\">\n    Odkryj nasze wydajne linie produkcyjne i poznaj doskona\u0142e po\u0142\u0105czenie jako\u015bci i innowacyjno\u015bci\n  <\/div>\n<\/div>\n<!-- end Dual Heading -->\t\t\t\t<\/div>\n\t\t\t\t<\/div>\n\t\t\t\t<div class=\"elementor-element elementor-element-df36b3c box wow fadeInUpSmall elementor-widget elementor-widget-video\" data-id=\"df36b3c\" data-element_type=\"widget\" data-e-type=\"widget\" data-settings=\"{&quot;youtube_url&quot;:&quot;https:\\\/\\\/www.youtube.com\\\/watch?v=RfZKjyJVpvQ&quot;,&quot;image_overlay&quot;:{&quot;url&quot;:&quot;https:\\\/\\\/www.pkcell.com\\\/wp-content\\\/uploads\\\/\\u751f\\u4ea7\\u673a\\u5668-1-scaled.jpg&quot;,&quot;id&quot;:3142,&quot;size&quot;:&quot;&quot;,&quot;alt&quot;:&quot;&quot;,&quot;source&quot;:&quot;library&quot;},&quot;lightbox&quot;:&quot;yes&quot;,&quot;show_image_overlay&quot;:&quot;yes&quot;,&quot;video_type&quot;:&quot;youtube&quot;,&quot;controls&quot;:&quot;yes&quot;}\" data-widget_type=\"video.default\">\n\t\t\t\t<div class=\"elementor-widget-container\">\n\t\t\t\t\t\t\t<div class=\"elementor-wrapper elementor-open-lightbox\">\n\t\t\t\t\t\t\t<div class=\"elementor-custom-embed-image-overlay\" data-elementor-open-lightbox=\"yes\" data-elementor-lightbox=\"{&quot;type&quot;:&quot;video&quot;,&quot;videoType&quot;:&quot;youtube&quot;,&quot;url&quot;:&quot;https:\\\/\\\/www.youtube.com\\\/embed\\\/RfZKjyJVpvQ?feature=oembed&amp;start&amp;end&amp;wmode=opaque&amp;loop=0&amp;controls=1&amp;mute=0&amp;rel=0&amp;cc_load_policy=0&quot;,&quot;autoplay&quot;:&quot;&quot;,&quot;modalOptions&quot;:{&quot;id&quot;:&quot;elementor-lightbox-df36b3c&quot;,&quot;entranceAnimation&quot;:&quot;&quot;,&quot;entranceAnimation_tablet&quot;:&quot;&quot;,&quot;entranceAnimation_mobile&quot;:&quot;&quot;,&quot;videoAspectRatio&quot;:&quot;219&quot;}}\" data-e-action-hash=\"#elementor-action%3Aaction%3Dlightbox%26settings%3DeyJ0eXBlIjoidmlkZW8iLCJ2aWRlb1R5cGUiOiJ5b3V0dWJlIiwidXJsIjoiaHR0cHM6XC9cL3d3dy55b3V0dWJlLmNvbVwvZW1iZWRcL1JmWktqeUpWcHZRP2ZlYXR1cmU9b2VtYmVkJnN0YXJ0JmVuZCZ3bW9kZT1vcGFxdWUmbG9vcD0wJmNvbnRyb2xzPTEmbXV0ZT0wJnJlbD0wJmNjX2xvYWRfcG9saWN5PTAiLCJhdXRvcGxheSI6IiIsIm1vZGFsT3B0aW9ucyI6eyJpZCI6ImVsZW1lbnRvci1saWdodGJveC1kZjM2YjNjIiwiZW50cmFuY2VBbmltYXRpb24iOiIiLCJlbnRyYW5jZUFuaW1hdGlvbl90YWJsZXQiOiIiLCJlbnRyYW5jZUFuaW1hdGlvbl9tb2JpbGUiOiIiLCJ2aWRlb0FzcGVjdFJhdGlvIjoiMjE5In19\">\n\t\t\t\t\t\t\t\t\t\t\t<img fetchpriority=\"high\" decoding=\"async\" width=\"2560\" height=\"1696\" src=\"https:\/\/www.pkcell.com\/wp-content\/uploads\/\u751f\u4ea7\u673a\u5668-1-scaled.jpg\" class=\"attachment-full size-full wp-image-3142\" alt=\"battery manufacture\" srcset=\"https:\/\/www.pkcell.com\/wp-content\/uploads\/\u751f\u4ea7\u673a\u5668-1-scaled.jpg 2560w, https:\/\/www.pkcell.com\/wp-content\/uploads\/\u751f\u4ea7\u673a\u5668-1-300x199.jpg 300w, https:\/\/www.pkcell.com\/wp-content\/uploads\/\u751f\u4ea7\u673a\u5668-1-1024x678.jpg 1024w, https:\/\/www.pkcell.com\/wp-content\/uploads\/\u751f\u4ea7\u673a\u5668-1-768x509.jpg 768w, https:\/\/www.pkcell.com\/wp-content\/uploads\/\u751f\u4ea7\u673a\u5668-1-1536x1017.jpg 1536w, https:\/\/www.pkcell.com\/wp-content\/uploads\/\u751f\u4ea7\u673a\u5668-1-2048x1357.jpg 2048w, https:\/\/www.pkcell.com\/wp-content\/uploads\/\u751f\u4ea7\u673a\u5668-1-18x12.jpg 18w\" sizes=\"(max-width: 2560px) 100vw, 2560px\" \/>\t\t\t\t\t\t\t\t\t\t\t\t\t\t\t\t<div class=\"elementor-custom-embed-play\" role=\"button\" aria-label=\"Lire la vid\u00e9o\" tabindex=\"0\" data-no-translation-aria-label=\"\">\n\t\t\t\t\t\t\t<svg aria-hidden=\"true\" class=\"e-font-icon-svg e-eicon-play\" viewbox=\"0 0 1000 1000\" xmlns=\"http:\/\/www.w3.org\/2000\/svg\"><path d=\"M838 162C746 71 633 25 500 25 371 25 258 71 163 162 71 254 25 367 25 500 25 633 71 746 163 837 254 929 367 979 500 979 633 979 746 933 838 837 929 746 975 633 975 500 975 367 929 254 838 162M808 192C892 279 933 379 933 500 933 621 892 725 808 808 725 892 621 938 500 938 379 938 279 896 196 808 113 725 67 621 67 500 67 379 108 279 196 192 279 108 383 62 500 62 621 62 721 108 808 192M438 392V642L642 517 438 392Z\"><\/path><\/svg>\t\t\t\t\t\t<\/div>\n\t\t\t\t\t\t\t\t\t<\/div>\n\t\t\t\t\t<\/div>\n\t\t\t\t\t\t<\/div>\n\t\t\t\t<\/div>\n\t\t\t\t<\/div>\n\t\t\t\t<\/div>\n\t\t<div class=\"elementor-element elementor-element-3c08e94 e-flex e-con-boxed e-con e-parent\" data-id=\"3c08e94\" data-element_type=\"container\" data-e-type=\"container\">\n\t\t\t\t\t<div class=\"e-con-inner\">\n\t\t\t\t<div class=\"elementor-element elementor-element-1c395ba elementor-widget elementor-widget-image\" data-id=\"1c395ba\" data-element_type=\"widget\" data-e-type=\"widget\" data-widget_type=\"image.default\">\n\t\t\t\t<div class=\"elementor-widget-container\">\n\t\t\t\t\t\t\t\t\t\t\t\t\t\t\t<img decoding=\"async\" width=\"1920\" height=\"800\" src=\"https:\/\/www.pkcell.com\/wp-content\/uploads\/report.jpg\" class=\"attachment-full size-full wp-image-3147\" alt=\"\" srcset=\"https:\/\/www.pkcell.com\/wp-content\/uploads\/report.jpg 1920w, https:\/\/www.pkcell.com\/wp-content\/uploads\/report-300x125.jpg 300w, https:\/\/www.pkcell.com\/wp-content\/uploads\/report-1024x427.jpg 1024w, https:\/\/www.pkcell.com\/wp-content\/uploads\/report-768x320.jpg 768w, https:\/\/www.pkcell.com\/wp-content\/uploads\/report-1536x640.jpg 1536w, https:\/\/www.pkcell.com\/wp-content\/uploads\/report-18x8.jpg 18w\" sizes=\"(max-width: 1920px) 100vw, 1920px\" \/>\t\t\t\t\t\t\t\t\t\t\t\t\t\t\t<\/div>\n\t\t\t\t<\/div>\n\t\t\t\t\t<\/div>\n\t\t\t\t<\/div>\n\t\t<div class=\"elementor-element elementor-element-b144cf4 e-con-full e-flex e-con e-parent\" data-id=\"b144cf4\" data-element_type=\"container\" data-e-type=\"container\">\n\t\t\t\t<div class=\"elementor-element elementor-element-b8a4e7b elementor-widget elementor-widget-ucaddon_history_timeline\" data-id=\"b8a4e7b\" data-element_type=\"widget\" data-e-type=\"widget\" data-widget_type=\"ucaddon_history_timeline.default\">\n\t\t\t\t<div class=\"elementor-widget-container\">\n\t\t\t\t\t\n<!-- start History Timeline -->\n\n<div class=\"padt136 padb90 about_history\">\n  <div class=\"current_title\">\n    <div class=\"maincontainer\">\n      <h3 class=\"size42 wow fadeInUpSmall\">Historia firmy<\/h3>\n    <\/div>\n  <\/div>\n  <div class=\"box\">\n    <div class=\"maincontainer wow fadeInUpSmall\">\n      <div class=\"mySwiper2 slider\">\n        <div class=\"slide\">\n  <div class=\"size24 year\">\n    1998\n  <\/div>\n  <div class=\"size30 text\">\n    Firma za\u0142o\u017cona w Shenzhen\n  <\/div>\n<\/div>\n<div class=\"slide\">\n  <div class=\"size24 year\">\n    2003\n  <\/div>\n  <div class=\"size30 text\">\n    Tworzenie marki PKCELL\n  <\/div>\n<\/div>\n<div class=\"slide\">\n  <div class=\"size24 year\">\n    2006\n  <\/div>\n  <div class=\"size30 text\">\n    Uznany przez ISO9001\n  <\/div>\n<\/div>\n<div class=\"slide\">\n  <div class=\"size24 year\">\n    2012\n  <\/div>\n  <div class=\"size30 text\">\n    Od\u015bwie\u017cenie marki i rekrutacja globalnego dystrybutora\n  <\/div>\n<\/div>\n<div class=\"slide\">\n  <div class=\"size24 year\">\n    2016\n  <\/div>\n  <div class=\"size30 text\">\n    Utworzenie zagranicznego oddzia\u0142u firmy w <br>USA i Kanada\n  <\/div>\n<\/div>\n<div class=\"slide\">\n  <div class=\"size24 year\">\n    2020\n  <\/div>\n  <div class=\"size30 text\">\n    Modernizacja technologii zapobiegaj\u0105cej wyciekom\n  <\/div>\n<\/div>\n<div class=\"slide\">\n  <div class=\"size24 year\">\n    2021\n  <\/div>\n  <div class=\"size30 text\">\n    Roczna sprzeda\u017c si\u0119ga 30 milion\u00f3w dolar\u00f3w\n  <\/div>\n<\/div>\n<div class=\"slide\">\n  <div class=\"size24 year\">\n    2023\n  <\/div>\n  <div class=\"size30 text\">\n    Rozwijaj\u0105cy si\u0119 rynek magazynowania energii\n  <\/div>\n<\/div>\n\n      <\/div>\n    <\/div>\n    <div class=\"imgbox wow fadeInUpSmall\">\n      <div class=\"mySwiper1\">\n        <ul>\n          <li>\n  <img decoding=\"async\" src=\"https:\/\/www.pkcell.com\/wp-content\/uploads\/\u516c\u53f8\u80cc\u666f.jpg\" alt=\"\"\/>\n<\/li>\n<li>\n  <img decoding=\"async\" src=\"https:\/\/www.pkcell.com\/wp-content\/uploads\/\u516c\u53f8\u80cc\u666f.jpg\" alt=\"\"\/>\n<\/li>\n<li>\n  <img decoding=\"async\" src=\"https:\/\/www.pkcell.com\/wp-content\/uploads\/\u516c\u53f8\u80cc\u666f.jpg\" alt=\"\"\/>\n<\/li>\n<li>\n  <img decoding=\"async\" src=\"https:\/\/www.pkcell.com\/wp-content\/uploads\/\u516c\u53f8\u80cc\u666f.jpg\" alt=\"\"\/>\n<\/li>\n<li>\n  <img decoding=\"async\" src=\"https:\/\/www.pkcell.com\/wp-content\/uploads\/\u516c\u53f8\u80cc\u666f.jpg\" alt=\"\"\/>\n<\/li>\n<li>\n  <img decoding=\"async\" src=\"https:\/\/www.pkcell.com\/wp-content\/uploads\/\u516c\u53f8\u80cc\u666f.jpg\" alt=\"\"\/>\n<\/li>\n<li>\n  <img decoding=\"async\" src=\"https:\/\/www.pkcell.com\/wp-content\/uploads\/\u516c\u53f8\u80cc\u666f.jpg\" alt=\"\"\/>\n<\/li>\n<li>\n  <img decoding=\"async\" src=\"https:\/\/www.pkcell.com\/wp-content\/uploads\/\u516c\u53f8\u80cc\u666f.jpg\" alt=\"\"\/>\n<\/li>\n\n        <\/ul>\n      <\/div>\n    <\/div>\n  <\/div>\n<\/div>\n<!-- end History Timeline -->\t\t\t\t<\/div>\n\t\t\t\t<\/div>\n\t\t\t\t<\/div>\n\t\t<div class=\"elementor-element elementor-element-a7a71e4 e-con-full e-flex e-con e-parent\" data-id=\"a7a71e4\" data-element_type=\"container\" data-e-type=\"container\">\n\t\t\t\t<div class=\"elementor-element elementor-element-da88fd1 elementor-widget elementor-widget-ucaddon_about_vision\" data-id=\"da88fd1\" data-element_type=\"widget\" data-e-type=\"widget\" data-widget_type=\"ucaddon_about_vision.default\">\n\t\t\t\t<div class=\"elementor-widget-container\">\n\t\t\t\t\t\n<!-- start About Vision -->\n\n<div class=\"padt90 about_vision\">\n  <div class=\"maincontainer\">\n    <div class=\"box\">\n      <div class=\"textbox\">\n        <div class=\"size42 t1 wow fadeInUpSmall\">Wizja firmy<\/div>\n        <div class=\"size30 t2 wow fadeInUpSmall\">\n          Sta\u0107 si\u0119 wiod\u0105c\u0105 na \u015bwiecie mark\u0105 akumulator\u00f3w na du\u017c\u0105 skal\u0119.<br>\nStaramy si\u0119 by\u0107 zaufanym partnerem dla naszych klient\u00f3w, dostarczaj\u0105c niezawodne rozwi\u0105zania energetyczne, kt\u00f3re spe\u0142niaj\u0105 ich zmieniaj\u0105ce si\u0119 potrzeby.\n\n        <\/div>\n      <\/div>\n      <div class=\"imgbox wow fadeInUpSmall\">\n        <img decoding=\"async\" src=\"https:\/\/www.pkcell.com\/wp-content\/uploads\/product-banner.png\" alt=\"\" \/>\n      <\/div>\n    <\/div>\n  <\/div>\n<\/div>\n<!-- end About Vision -->\t\t\t\t<\/div>\n\t\t\t\t<\/div>\n\t\t\t\t<\/div>\n\t\t<div class=\"elementor-element elementor-element-fd2b05f e-con-full e-flex e-con e-parent\" data-id=\"fd2b05f\" data-element_type=\"container\" data-e-type=\"container\">\n\t\t\t\t<div class=\"elementor-element elementor-element-aec41a0 elementor-widget elementor-widget-ucaddon_column_blocks_2\" data-id=\"aec41a0\" data-element_type=\"widget\" data-e-type=\"widget\" data-widget_type=\"ucaddon_column_blocks_2.default\">\n\t\t\t\t<div class=\"elementor-widget-container\">\n\t\t\t\t\t\n<!-- start Column Blocks 2 -->\n\n<div class=\"padt110 general_section\">\n  <div class=\"maincontainer\">\n    <ul>\n      <li class=\"wow fadeInUpSmall\">\n  <a href=\"https:\/\/www.pkcell.com\/pl\/dystrybutor\/\">\n    <div class=\"imgbox\">\n      <img decoding=\"async\" src=\"https:\/\/www.pkcell.com\/wp-content\/uploads\/img20.jpg\">\n    <\/div>\n    <div class=\"textbox\">\n      <div class=\"size30 t1\">\n        Zosta\u0144 dealerem\n      <\/div>\n      <div class=\"size18 t2\">\n        Do\u0142\u0105cz do Pkcell, rozwijaj si\u0119 z nasz\u0105 globaln\u0105 sieci\u0105 dealer\u00f3w i rozwijaj sw\u00f3j biznes!\n      <\/div>\n      <div class=\"icon\"><\/div>\n    <\/div>\n  <\/a>\n<\/li>\n<li class=\"wow fadeInUpSmall\">\n  <a href=\"https:\/\/www.pkcell.com\/pl\/oem\/\">\n    <div class=\"imgbox\">\n      <img decoding=\"async\" src=\"https:\/\/www.pkcell.com\/wp-content\/uploads\/img21.jpg\">\n    <\/div>\n    <div class=\"textbox\">\n      <div class=\"size30 t1\">\n        OEM\/ODM\n      <\/div>\n      <div class=\"size18 t2\">\n        Dzi\u0119ki dostosowaniu i us\u0142ugom o warto\u015bci dodanej, Pkcell oferuje wyj\u0105tkowe do\u015bwiadczenie.\n      <\/div>\n      <div class=\"icon\"><\/div>\n    <\/div>\n  <\/a>\n<\/li>\n \n    <\/ul>\n  <\/div>\n<\/div>\n<!-- end Column Blocks 2 -->\t\t\t\t<\/div>\n\t\t\t\t<\/div>\n\t\t\t\t<div class=\"elementor-element elementor-element-2400077 elementor-widget elementor-widget-ucaddon_contact_submit_form\" data-id=\"2400077\" data-element_type=\"widget\" data-e-type=\"widget\" data-widget_type=\"ucaddon_contact_submit_form.default\">\n\t\t\t\t<div class=\"elementor-widget-container\">\n\t\t\t\t\t\n<!-- start Contact Submit Form -->\n\n<div class=\"padb136 Get_in_Touch\">\n\t\t\t\t<div class=\"maincontainer\">\n\t\t\t\t\t<div class=\"box\">\n\t\t\t\t\t\t<div class=\"current_title center\">\n\t\t\t\t\t\t\t<h3 class=\"size42 wow fadeInUpSmall\">\n\t\t\t\t\t\t\t\tPOBIERZ OFERT\u0118\n\t\t\t\t\t\t\t<\/h3>\n\t\t\t\t\t\t\t<div class=\"size20 text wow fadeInUpSmall\">\n\t\t\t\t\t\t\t\tMo\u017cesz skontaktowa\u0107 si\u0119 z nami telefonicznie, e-mailem lub wype\u0142niaj\u0105c poni\u017cszy formularz kontaktowy. Staramy si\u0119 odpowiada\u0107 na wszystkie zapytania w ci\u0105gu 24 godzin.\t\t\t\t\t\t\t\n                          \t<\/div>\n\t\t\t\t\t\t<\/div>\n                    \n\n\t\t\t\t\t\t<div class=\"wrap\">\n\t\t\t\t\t\t\t<div class=\"infor\">\n\t\t\t\t\t\t\t\t<ul>\n\t\t\t\t\t\t\t\t\n\t\t\t\t\t\t\t\t\t<li class=\"wow fadeInUpSmall\">\n\t\t\t\t\t\t\t\t\t\t<div class=\"item\">\n\t\t\t\t\t\t\t\t\t\t\t<div class=\"icon\">\n\t\t\t\t    \t\t\t\t\t\t\t<img decoding=\"async\"  src=\"https:\/\/www.pkcell.com\/wp-content\/uploads\/icon19.png\">\n\t\t\t\t    \t\t\t\t\t\t<\/div>\n\t\t\t\t    \t\t\t\t\t\t<div class=\"size18 text\">\n\t\t\t\t    \t\t\t\t\t\t\t<div class=\"t1\">\n\t\t\t\t    \t\t\t\t\t\t\t\tE-mail\n\t\t\t\t    \t\t\t\t\t\t\t<\/div>\n\t\t\t\t    \t\t\t\t\t\t\t<div class=\"t2\">\n\t\t\t\t\t\t\t\t\t\t\t\t\tinfo@pkcell.com\n\t\t\t\t    \t\t\t\t\t\t\t<\/div>\n\t\t\t\t    \t\t\t\t\t\t<\/div>\n\t\t\t\t\t\t\t\t\t\t<\/div>\n\t\t\t\t\t\t\t\t\t<\/li>\n\t\t\t\t\t\t\t\t\t<li class=\"wow fadeInUpSmall\">\n\t\t\t\t\t\t\t\t\t\t<div class=\"item\">\n\t\t\t\t\t\t\t\t\t\t\t<div class=\"icon\">\n\t\t\t\t    \t\t\t\t\t\t\t<img decoding=\"async\"  src=\"https:\/\/www.pkcell.com\/wp-content\/uploads\/icon20.png\">\n\t\t\t\t    \t\t\t\t\t\t<\/div>\n\t\t\t\t    \t\t\t\t\t\t<div class=\"size18 text\">\n\t\t\t\t    \t\t\t\t\t\t\t<div class=\"t1\">\n\t\t\t\t    \t\t\t\t\t\t\t\tAdres firmy\n\t\t\t\t    \t\t\t\t\t\t\t<\/div>\n\t\t\t\t    \t\t\t\t\t\t\t<div class=\"t2\">\n\t\t\t\t\t\t\t\t\t\t\t\t\t9. pi\u0119tro, blok B, Hongrongyuan North Station Center, nr 328, Mintang Road, Longhua District, Shenzhen, Chiny, 518110\n\t\t\t\t    \t\t\t\t\t\t\t<\/div>\n\t\t\t\t    \t\t\t\t\t\t<\/div>\n\t\t\t\t\t\t\t\t\t\t<\/div>\n\t\t\t\t\t\t\t\t\t<\/li>\n\t\t\t\t\t\t\t\t<\/ul>\n\t\t\t\t\t\t\t<\/div>\n\t\t\t\t\t\t\t<div class=\"formBox\">\n                              \t\n<div class=\"wpcf7 no-js\" id=\"wpcf7-f345-o1\" lang=\"en-US\" dir=\"ltr\" data-wpcf7-id=\"345\">\n<div class=\"screen-reader-response\"><p role=\"status\" aria-live=\"polite\" aria-atomic=\"true\"><\/p> <ul><\/ul><\/div>\n<form action=\"\/pl\/wp-json\/wp\/v2\/pages\/21#wpcf7-f345-o1\" method=\"post\" class=\"wpcf7-form init\" aria-label=\"Formularz kontaktowy\" novalidate=\"novalidate\" data-status=\"init\" data-trp-original-action=\"\/pl\/wp-json\/wp\/v2\/pages\/21#wpcf7-f345-o1\">\n<fieldset class=\"hidden-fields-container\"><input type=\"hidden\" name=\"_wpcf7\" value=\"345\" \/><input type=\"hidden\" name=\"_wpcf7_version\" value=\"6.1.5\" \/><input type=\"hidden\" name=\"_wpcf7_locale\" value=\"en_US\" \/><input type=\"hidden\" name=\"_wpcf7_unit_tag\" value=\"wpcf7-f345-o1\" \/><input type=\"hidden\" name=\"_wpcf7_container_post\" value=\"0\" \/><input type=\"hidden\" name=\"_wpcf7_posted_data_hash\" value=\"\" \/><input type=\"hidden\" name=\"_wpcf7_recaptcha_response\" value=\"\" \/>\n<\/fieldset>\n<div class=\"inputLi wow fadeInUpSmall\">\n\t<p><span class=\"wpcf7-form-control-wrap\" data-name=\"Name\"><input size=\"40\" maxlength=\"400\" class=\"wpcf7-form-control wpcf7-text wpcf7-validates-as-required size18\" aria-required=\"true\" aria-invalid=\"false\" placeholder=\"Nazwa*\" value=\"\" type=\"text\" name=\"Name\" \/><\/span>\n\t<\/p>\n<\/div>\n<div class=\"inputLi wow fadeInUpSmall\">\n\t<p><span class=\"wpcf7-form-control-wrap\" data-name=\"Email\"><input size=\"40\" maxlength=\"400\" class=\"wpcf7-form-control wpcf7-email wpcf7-validates-as-required wpcf7-text wpcf7-validates-as-email size18\" aria-required=\"true\" aria-invalid=\"false\" placeholder=\"E-mail*\" value=\"\" type=\"email\" name=\"Email\" \/><\/span>\n\t<\/p>\n<\/div>\n<div class=\"inputLi wow fadeInUpSmall\">\n\t<p><span class=\"wpcf7-form-control-wrap\" data-name=\"WhatsAppTelPhone\"><input size=\"40\" maxlength=\"400\" class=\"wpcf7-form-control wpcf7-tel wpcf7-text wpcf7-validates-as-tel size18\" aria-invalid=\"false\" placeholder=\"WhatsApp (z kodem kraju)\" value=\"\" type=\"tel\" name=\"WhatsAppTelPhone\" \/><\/span>\n\t<\/p>\n<\/div>\n<div class=\"inputLi wow fadeInUpSmall\">\n\t<p><span class=\"wpcf7-form-control-wrap\" data-name=\"Company\"><input size=\"40\" maxlength=\"400\" class=\"wpcf7-form-control wpcf7-text size18\" aria-invalid=\"false\" placeholder=\"Firma\" value=\"\" type=\"text\" name=\"Company\" \/><\/span>\n\t<\/p>\n<\/div>\n<div class=\"textareaLi wow fadeInUpSmall\">\n\t<p><span class=\"wpcf7-form-control-wrap\" data-name=\"Message\"><textarea cols=\"40\" rows=\"10\" maxlength=\"2000\" class=\"wpcf7-form-control wpcf7-textarea wpcf7-validates-as-required size18\" aria-required=\"true\" aria-invalid=\"false\" placeholder=\"Wiadomo\u015b\u0107*\" name=\"Message\"><\/textarea><\/span>\n\t<\/p>\n<\/div>\n<div class=\"inputBtn wow fadeInUpSmall\">\n\t<p><input class=\"wpcf7-form-control wpcf7-submit has-spinner size18\" type=\"submit\" value=\"POBIERZ OFERT\u0118\" \/>\n\t<\/p>\n<\/div><div class=\"wpcf7-response-output\" aria-hidden=\"true\"><\/div>\n<input type=\"hidden\" name=\"trp-form-language\" value=\"pl\"\/><\/form>\n<\/div>\n\n\t\t\t\t\t\t\t<\/div>\n\t\t\t\t\t\t<\/div>\n\t\t\t\t\t<\/div>\n\t\t\t\t<\/div>\n\t\t\t<\/div>\n<!-- end Contact Submit Form -->\t\t\t\t<\/div>\n\t\t\t\t<\/div>\n\t\t\t\t<\/div>\n\t\t\t\t<\/div>","protected":false},"excerpt":{"rendered":"<p>Home &#8211; Discover &#8211; Pkcell: Your Trusted Global Battery Partner Pkcell, established in 1998, is a leading Chinese battery manufacturer specializing in reliable and innovative power solutions. With an advanced 28,000 \u33a1 facility and a team of 50+ dedicated R&amp;D experts, We have exported high-quality batteries to customers in over 100+ countries. Our Expertise: &nbsp; [&hellip;]<\/p>\n","protected":false},"author":7,"featured_media":0,"parent":0,"menu_order":0,"comment_status":"closed","ping_status":"closed","template":"","meta":{"_acf_changed":false,"footnotes":""},"class_list":["post-21","page","type-page","status-publish","hentry"],"acf":[],"_links":{"self":[{"href":"https:\/\/www.pkcell.com\/pl\/wp-json\/wp\/v2\/pages\/21","targetHints":{"allow":["GET"]}}],"collection":[{"href":"https:\/\/www.pkcell.com\/pl\/wp-json\/wp\/v2\/pages"}],"about":[{"href":"https:\/\/www.pkcell.com\/pl\/wp-json\/wp\/v2\/types\/page"}],"author":[{"embeddable":true,"href":"https:\/\/www.pkcell.com\/pl\/wp-json\/wp\/v2\/users\/7"}],"replies":[{"embeddable":true,"href":"https:\/\/www.pkcell.com\/pl\/wp-json\/wp\/v2\/comments?post=21"}],"version-history":[{"count":0,"href":"https:\/\/www.pkcell.com\/pl\/wp-json\/wp\/v2\/pages\/21\/revisions"}],"wp:attachment":[{"href":"https:\/\/www.pkcell.com\/pl\/wp-json\/wp\/v2\/media?parent=21"}],"curies":[{"name":"wp","href":"https:\/\/api.w.org\/{rel}","templated":true}]}}