{"id":29,"date":"2024-07-09T15:55:32","date_gmt":"2024-07-09T07:55:32","guid":{"rendered":"https:\/\/www.pkcell.com\/?page_id=29"},"modified":"2025-11-24T18:40:40","modified_gmt":"2025-11-24T10:40:40","slug":"kontrola-jakosci","status":"publish","type":"page","link":"https:\/\/www.pkcell.com\/pl\/quality-control\/","title":{"rendered":"Kontrola jako\u015bci"},"content":{"rendered":"<div data-elementor-type=\"wp-page\" data-elementor-id=\"29\" class=\"elementor elementor-29\" data-elementor-post-type=\"page\">\n\t\t\t\t<div class=\"elementor-element elementor-element-7e9ce26 e-con-full maincontent e-flex e-con e-parent\" data-id=\"7e9ce26\" data-element_type=\"container\" data-e-type=\"container\">\n\t\t\t\t<div class=\"elementor-element elementor-element-4b7c31a elementor-widget elementor-widget-ucaddon_breadcrumb\" data-id=\"4b7c31a\" data-element_type=\"widget\" data-e-type=\"widget\" data-widget_type=\"ucaddon_breadcrumb.default\">\n\t\t\t\t<div class=\"elementor-widget-container\">\n\t\t\t\t\t\n<!-- start Breadcrumb -->\n\n<div class=\"breadcrumb\">\n  <div class=\"maincontainer\">\n    <div class=\"box\">\n      <a href=\"\/pl\/\">Strona g\u0142\u00f3wna<\/a>\n      <span> - <\/span>\n\n\n<a href=\"#\" class=\"\">Odkryj<\/a>\n\n\n<span> - <\/span>\n\n\n<a href=\"https:\/\/www.pkcell.com\/pl\/quality-control\/\" class=\"on\">Kontrola jako\u015bci<\/a>\n\n\n\n    <\/div>\n  <\/div>\n<\/div>\n<!-- end Breadcrumb -->\t\t\t\t<\/div>\n\t\t\t\t<\/div>\n\t\t\t\t<div class=\"elementor-element elementor-element-9551514 elementor-widget elementor-widget-ucaddon_page_introduce_title\" data-id=\"9551514\" data-element_type=\"widget\" data-e-type=\"widget\" data-widget_type=\"ucaddon_page_introduce_title.default\">\n\t\t\t\t<div class=\"elementor-widget-container\">\n\t\t\t\t\t\n<!-- start Page Introduce Title -->\n\n<div class=\"padt40 padb40 introduce w8\">\n  <div class=\"maincontainer\" style=\"background-image\">\n    <div class=\"current_title\">\n      <h1 class=\"size42 wow fadeInUpSmall\">\n                \tKontrola jako\u015bci\n              <\/h1>\n      <div class=\"size18 text wow fadeInUpSmall\">\n        W PKCELL ka\u017cda bateria przechodzi rygorystyczne testy na ka\u017cdym etapie produkcji, zapewniaj\u0105c najwy\u017csz\u0105 wydajno\u015b\u0107 i bezpiecze\u0144stwo.\n      <\/div>\n    <\/div>\n  <\/div>\n<\/div>\n<!-- end Page Introduce Title -->\t\t\t\t<\/div>\n\t\t\t\t<\/div>\n\t\t\t\t<div class=\"elementor-element elementor-element-85b46d9 elementor-widget elementor-widget-ucaddon_text_left_banner\" data-id=\"85b46d9\" data-element_type=\"widget\" data-e-type=\"widget\" data-widget_type=\"ucaddon_text_left_banner.default\">\n\t\t\t\t<div class=\"elementor-widget-container\">\n\t\t\t\t\t\n<!-- start Text Left Banner -->\n\n<div class=\"obanner other\">\n  <img decoding=\"async\" class=\"pImg\" src=\"https:\/\/www.pkcell.com\/wp-content\/uploads\/obanner4-768x280.jpg\">\n  <img decoding=\"async\" class=\"mImg\" src=\"https:\/\/www.pkcell.com\/wp-content\/uploads\/obanner4-m-768x653.jpg\">\n  <div class=\"maincontainer obanner-title\">\n    <div class=\"box wow fadeInUpSmall\">\n            <div class=\"size18 txt\">\n        W dziedzinie produkcji akumulator\u00f3w kontrola jako\u015bci jest kluczowym ogniwem zapewniaj\u0105cym bezpiecze\u0144stwo i wydajno\u015b\u0107 produktu. PKCELL stosuje szereg drobiazgowych proces\u00f3w kontroli, od magazynowania surowc\u00f3w po wysy\u0142k\u0119 gotowego produktu, a ka\u017cdy etap jest \u015bci\u015ble monitorowany. Dzi\u0119ki zaawansowanej technologii produkcji i automatyzacji sprz\u0119tu, w po\u0142\u0105czeniu z kompleksowym systemem identyfikowalno\u015bci, mo\u017cemy szybko zlokalizowa\u0107 i rozwi\u0105za\u0107 wszelkie problemy zwi\u0105zane z jako\u015bci\u0105. Jeste\u015bmy zaanga\u017cowani w spe\u0142nianie wysokich standard\u00f3w potrzeb globalnych klient\u00f3w i dostarczanie bezpiecznych i niezawodnych produkt\u00f3w akumulatorowych poprzez ci\u0105g\u0142e zarz\u0105dzanie jako\u015bci\u0105 i innowacje.\n      <\/div>\n            <div class=\"current-btn white\">\n        <a href=\"\/pl\/skontaktuj-sie-z-nami\/\">\n          <i><\/i>Skontaktuj si\u0119 z nami\n        <\/a>\n      <\/div>\n          <\/div>\n  <\/div>\n<\/div>\n<!-- end Text Left Banner -->\t\t\t\t<\/div>\n\t\t\t\t<\/div>\n\t\t\t\t<div class=\"elementor-element elementor-element-66e95e5 elementor-widget elementor-widget-ucaddon_quality_control_process\" data-id=\"66e95e5\" data-element_type=\"widget\" data-e-type=\"widget\" data-widget_type=\"ucaddon_quality_control_process.default\">\n\t\t\t\t<div class=\"elementor-widget-container\">\n\t\t\t\t\t\n<!-- start Quality Control Process -->\n<style>\/* widget: Quality Control Process *\/\n\n.control-process .box .mySwiper2 .swiper-slide {\n\theight: auto;\n}\n\n<\/style>\n\n<div class=\"padt90 padb40 control-process\">\n  <div class=\"maincontainer\">\n    <div class=\"current_title center\">\n      <h3 class=\"size42 wow fadeInUpSmall\">\n        Proces kontroli jako\u015bci akumulator\u00f3w\n      <\/h3>\n      <div class=\"size18 text wow fadeInUpSmall\">\n        D\u0105\u017cymy do ci\u0105g\u0142ej optymalizacji wydajno\u015bci produkt\u00f3w i standard\u00f3w bezpiecze\u0144stwa poprzez precyzyjne procesy kontroli jako\u015bci, aby spe\u0142nia\u0107 wysokie standardy globalnych klient\u00f3w.\n      <\/div>\n    <\/div>\n    <div class=\"box\">\n      <div class=\"w1\">\n        <div class=\"swiper mySwiper2 wow fadeInUpSmall\">\n          <div class=\"swiper-wrapper\">\n            <div class=\"swiper-slide\">\n  <div class=\"imgbox\">\n    <img decoding=\"async\" src=\"https:\/\/www.pkcell.com\/wp-content\/uploads\/raw-material-of-AA-carbon-battery.webp\"\/>\n  <\/div>\n  <div class=\"textbox\">\n    <div class=\"subtit\" data-swiper-parallax=\"-1000\">\n      <h3 class=\"size24\">\n        Surowiec<br \/>kontrola\n      <\/h3>\n      <div class=\"icon\">\n        <img decoding=\"async\" src=\"https:\/\/www.pkcell.com\/wp-content\/uploads\/icon53a.png\"\/>\n      <\/div>\n    <\/div> \n    <ul>\n      <li data-swiper-parallax=\"-1500\">\n        <div class=\"size20 t1\">\n          Cel\n        <\/div>\n        <div class=\"size18 t2\">\n          Zapewnienie, \u017ce wszystkie surowce spe\u0142niaj\u0105 wymagane specyfikacje przed rozpocz\u0119ciem procesu produkcyjnego.\n\n        <\/div>\n      <\/li>\n      <li data-swiper-parallax=\"-2000\">\n        <div class=\"size20 t1\">\n          Krok\n        <\/div>\n        <div class=\"size18 t2\">\n          1.Przeprowadzenie test\u00f3w pr\u00f3bkowania na dodatnim i ujemnym akumulatorze <br \/>\n          materia\u0142y elektrodowe, separatory, elektrolity i inne surowce.<br \/>\n          2.Sprawdzi\u0107 w\u0142a\u015bciwo\u015bci fizyczne i chemiczne, w tym czysto\u015b\u0107 i stabilno\u015b\u0107.<br \/>\n          3. Materia\u0142y niezgodne musz\u0105 zosta\u0107 zwr\u00f3cone do dostawcy.\n        <\/div>\n      <\/li>\n    <\/ul>\n  <\/div>\n<\/div>\n<div class=\"swiper-slide\">\n  <div class=\"imgbox\">\n    <img decoding=\"async\" src=\"https:\/\/www.pkcell.com\/wp-content\/uploads\/procedure-of-li-on-battery.webp\"\/>\n  <\/div>\n  <div class=\"textbox\">\n    <div class=\"subtit\" data-swiper-parallax=\"-1000\">\n      <h3 class=\"size24\">\n        Kontrola jako\u015bci w trakcie procesu\n      <\/h3>\n      <div class=\"icon\">\n        <img decoding=\"async\" src=\"https:\/\/www.pkcell.com\/wp-content\/uploads\/icon54a.png\"\/>\n      <\/div>\n    <\/div> \n    <ul>\n      <li data-swiper-parallax=\"-1500\">\n        <div class=\"size20 t1\">\n          Cel\n        <\/div>\n        <div class=\"size18 t2\">\n          Monitorowanie i kontrolowanie procesu produkcji w celu zapobiegania wadom i zapewnienia sp\u00f3jno\u015bci produktu.\n\n        <\/div>\n      <\/li>\n      <li data-swiper-parallax=\"-2000\">\n        <div class=\"size20 t1\">\n          Krok\n        <\/div>\n        <div class=\"size18 t2\">\n          1. Wdro\u017cenie monitorowania w czasie rzeczywistym i kontroli jako\u015bci na ka\u017cdym etapie produkcji (mieszanie, powlekanie, nawijanie, monta\u017c itp.).<br>\n2. Kontrolowanie parametr\u00f3w procesu, warunk\u00f3w sprz\u0119towych oraz wydajno\u015bci i wygl\u0105du p\u00f3\u0142produkt\u00f3w.<br>\n3. Niezw\u0142oczne identyfikowanie i korygowanie wszelkich odchyle\u0144 od standard\u00f3w.\n        <\/div>\n      <\/li>\n    <\/ul>\n  <\/div>\n<\/div>\n<div class=\"swiper-slide\">\n  <div class=\"imgbox\">\n    <img decoding=\"async\" src=\"https:\/\/www.pkcell.com\/wp-content\/uploads\/finish-production-of-battery-in-manyfacture2.webp\"\/>\n  <\/div>\n  <div class=\"textbox\">\n    <div class=\"subtit\" data-swiper-parallax=\"-1000\">\n      <h3 class=\"size24\">\n        Zako\u0144czono testowanie baterii\n      <\/h3>\n      <div class=\"icon\">\n        <img decoding=\"async\" src=\"https:\/\/www.pkcell.com\/wp-content\/uploads\/icon55a.png\"\/>\n      <\/div>\n    <\/div> \n    <ul>\n      <li data-swiper-parallax=\"-1500\">\n        <div class=\"size20 t1\">\n          Cel\n        <\/div>\n        <div class=\"size18 t2\">\n          Weryfikacja, czy gotowe akumulatory spe\u0142niaj\u0105 wymagania projektowe i normy bezpiecze\u0144stwa.\n        <\/div>\n      <\/li>\n      <li data-swiper-parallax=\"-2000\">\n        <div class=\"size20 t1\">\n          Krok\n        <\/div>\n        <div class=\"size18 t2\">\n          Przeprowadzanie kompleksowych test\u00f3w wydajno\u015bci gotowych akumulator\u00f3w, w tym test\u00f3w pojemno\u015bci, napi\u0119cia, rezystancji wewn\u0119trznej, szybko\u015bci samoroz\u0142adowania, \u017cywotno\u015bci cyklicznej, ochrony przed prze\u0142adowaniem\/ nadmiernym roz\u0142adowaniem, ochrony przed zwarciem, wydajno\u015bci w wysokich i niskich temperaturach, test\u00f3w wibracji, wstrz\u0105s\u00f3w i upadk\u00f3w.\n        <\/div>\n      <\/li>\n    <\/ul>\n  <\/div>\n<\/div>\n<div class=\"swiper-slide\">\n  <div class=\"imgbox\">\n    <img decoding=\"async\" src=\"https:\/\/www.pkcell.com\/wp-content\/uploads\/rechageacble-checking.webp\"\/>\n  <\/div>\n  <div class=\"textbox\">\n    <div class=\"subtit\" data-swiper-parallax=\"-1000\">\n      <h3 class=\"size24\">\n        Testy starzenia\n      <\/h3>\n      <div class=\"icon\">\n        <img decoding=\"async\" src=\"https:\/\/www.pkcell.com\/wp-content\/uploads\/icon56a.png\"\/>\n      <\/div>\n    <\/div> \n    <ul>\n      <li data-swiper-parallax=\"-1500\">\n        <div class=\"size20 t1\">\n          Cel\n        <\/div>\n        <div class=\"size18 t2\">\n          Ocena d\u0142ugoterminowej stabilno\u015bci i niezawodno\u015bci poprzez symulacj\u0119 rzeczywistych warunk\u00f3w starzenia.\n        <\/div>\n      <\/li>\n      <li data-swiper-parallax=\"-2000\">\n        <div class=\"size20 t1\">\n          Krok\n        <\/div>\n        <div class=\"size18 t2\">\n          1. Podda\u0107 pr\u00f3bk\u0119 gotowych akumulator\u00f3w d\u0142ugotrwa\u0142ym testom starzenia w przyspieszonych warunkach (wysoka temperatura, wysoka wilgotno\u015b\u0107 itp.). <br>\n2. Ocena wydajno\u015bci i degradacji baterii w czasie.\n        <\/div>\n      <\/li>\n    <\/ul>\n  <\/div>\n<\/div>\n<div class=\"swiper-slide\">\n  <div class=\"imgbox\">\n    <img decoding=\"async\" src=\"https:\/\/www.pkcell.com\/wp-content\/uploads\/battery-packing-instore.webp\"\/>\n  <\/div>\n  <div class=\"textbox\">\n    <div class=\"subtit\" data-swiper-parallax=\"-1000\">\n      <h3 class=\"size24\">\n        Kontrola ko\u0144cowa <br>i wysy\u0142ka\n      <\/h3>\n      <div class=\"icon\">\n        <img decoding=\"async\" src=\"https:\/\/www.pkcell.com\/wp-content\/uploads\/icon57a.png\"\/>\n      <\/div>\n    <\/div> \n    <ul>\n      <li data-swiper-parallax=\"-1500\">\n        <div class=\"size20 t1\">\n          Cel\n        <\/div>\n        <div class=\"size18 t2\">\n          Zapewnienie, \u017ce tylko produkty spe\u0142niaj\u0105ce wszystkie standardy jako\u015bci i bezpiecze\u0144stwa s\u0105 wysy\u0142ane do klient\u00f3w oraz \u017ce s\u0105 one prawid\u0142owo pakowane i wysy\u0142ane, aby zapobiec uszkodzeniom podczas transportu.\n        <\/div>\n      <\/li>\n      <li data-swiper-parallax=\"-2000\">\n        <div class=\"size20 t1\">\n          Krok\n        <\/div>\n        <div class=\"size18 t2\">\n          1. Przeprowadzi\u0107 ko\u0144cow\u0105 kontrol\u0119 wzrokow\u0105 gotowych zestaw\u00f3w akumulator\u00f3w, aby sprawdzi\u0107, czy nie wyst\u0119puj\u0105 wady kosmetyczne lub uszkodzenia.<br>\n2. Przeprowadzenie losowego pobierania pr\u00f3bek i test\u00f3w funkcjonalnych w celu weryfikacji wydajno\u015bci i zgodno\u015bci z wymogami bezpiecze\u0144stwa.<br>\n3. Por\u00f3wnanie specyfikacji produktu z normami jako\u015bci i wymaganiami klienta.<br>\n4. Odrzucenie wszystkich zestaw\u00f3w baterii, kt\u00f3re nie spe\u0142niaj\u0105 kryteri\u00f3w.\n        <\/div>\n      <\/li>\n    <\/ul>\n  <\/div>\n<\/div>\n \n          <\/div>\n        <\/div>\n      <\/div>\n      <div class=\"w2\">\n        <div class=\"swiper mySwiper1 wow fadeInUpSmall\">\n          <div class=\"swiper-wrapper\">\n            <div class=\"swiper-slide\">\n  <div class=\"item\">\n    <div class=\"icon\">\n      <img decoding=\"async\" class=\"ic1\" src=\"https:\/\/www.pkcell.com\/wp-content\/uploads\/icon53.png\">\n      <img decoding=\"async\" class=\"ic2\" src=\"https:\/\/www.pkcell.com\/wp-content\/uploads\/icon53a.png\">\n    <\/div>\n    <div class=\"size18 txt\">\n      Kontrola surowc\u00f3w\n    <\/div>\n  <\/div>\n<\/div>\n<div class=\"swiper-slide\">\n  <div class=\"item\">\n    <div class=\"icon\">\n      <img decoding=\"async\" class=\"ic1\" src=\"https:\/\/www.pkcell.com\/wp-content\/uploads\/icon54.png\">\n      <img decoding=\"async\" class=\"ic2\" src=\"https:\/\/www.pkcell.com\/wp-content\/uploads\/icon54a.png\">\n    <\/div>\n    <div class=\"size18 txt\">\n      Monitorowanie procesu produkcji\n    <\/div>\n  <\/div>\n<\/div>\n<div class=\"swiper-slide\">\n  <div class=\"item\">\n    <div class=\"icon\">\n      <img decoding=\"async\" class=\"ic1\" src=\"https:\/\/www.pkcell.com\/wp-content\/uploads\/icon55.png\">\n      <img decoding=\"async\" class=\"ic2\" src=\"https:\/\/www.pkcell.com\/wp-content\/uploads\/icon55a.png\">\n    <\/div>\n    <div class=\"size18 txt\">\n      Zako\u0144czono testowanie baterii\n    <\/div>\n  <\/div>\n<\/div>\n<div class=\"swiper-slide\">\n  <div class=\"item\">\n    <div class=\"icon\">\n      <img decoding=\"async\" class=\"ic1\" src=\"https:\/\/www.pkcell.com\/wp-content\/uploads\/icon56.png\">\n      <img decoding=\"async\" class=\"ic2\" src=\"https:\/\/www.pkcell.com\/wp-content\/uploads\/icon56a.png\">\n    <\/div>\n    <div class=\"size18 txt\">\n      Testy starzenia\n    <\/div>\n  <\/div>\n<\/div>\n<div class=\"swiper-slide\">\n  <div class=\"item\">\n    <div class=\"icon\">\n      <img decoding=\"async\" class=\"ic1\" src=\"https:\/\/www.pkcell.com\/wp-content\/uploads\/icon57.png\">\n      <img decoding=\"async\" class=\"ic2\" src=\"https:\/\/www.pkcell.com\/wp-content\/uploads\/icon57a.png\">\n    <\/div>\n    <div class=\"size18 txt\">\n      Kontrola ko\u0144cowa i wysy\u0142ka\n    <\/div>\n  <\/div>\n<\/div>\n\n          <\/div>\n        <\/div>\n      <\/div>\n    <\/div>\n  <\/div>\n<\/div>\n<!-- end Quality Control Process -->\t\t\t\t<\/div>\n\t\t\t\t<\/div>\n\t\t\t\t<div class=\"elementor-element elementor-element-68ebe2f elementor-widget elementor-widget-ucaddon_contact_submit_form\" data-id=\"68ebe2f\" data-element_type=\"widget\" data-e-type=\"widget\" data-widget_type=\"ucaddon_contact_submit_form.default\">\n\t\t\t\t<div class=\"elementor-widget-container\">\n\t\t\t\t\t\n<!-- start Contact Submit Form -->\n\n<div class=\"padb136 Get_in_Touch\">\n\t\t\t\t<div class=\"maincontainer\">\n\t\t\t\t\t<div class=\"box\">\n\t\t\t\t\t\t<div class=\"current_title center\">\n\t\t\t\t\t\t\t<h3 class=\"size42 wow fadeInUpSmall\">\n\t\t\t\t\t\t\t\tSkontaktuj si\u0119 z nami\n\t\t\t\t\t\t\t<\/h3>\n\t\t\t\t\t\t\t<div class=\"size20 text wow fadeInUpSmall\">\n\t\t\t\t\t\t\t\tMo\u017cesz skontaktowa\u0107 si\u0119 z nami telefonicznie, e-mailem lub wype\u0142niaj\u0105c poni\u017cszy formularz kontaktowy. Staramy si\u0119 odpowiada\u0107 na wszystkie zapytania w ci\u0105gu 24 godzin.\t\t\t\t\t\t\t\n                          \t<\/div>\n\t\t\t\t\t\t<\/div>\n                    \n\n\t\t\t\t\t\t<div class=\"wrap\">\n\t\t\t\t\t\t\t<div class=\"infor\">\n\t\t\t\t\t\t\t\t<ul>\n\t\t\t\t\t\t\t\t\n\t\t\t\t\t\t\t\t\t<li class=\"wow fadeInUpSmall\">\n\t\t\t\t\t\t\t\t\t\t<div class=\"item\">\n\t\t\t\t\t\t\t\t\t\t\t<div class=\"icon\">\n\t\t\t\t    \t\t\t\t\t\t\t<img decoding=\"async\"  src=\"https:\/\/www.pkcell.com\/wp-content\/uploads\/icon19.png\">\n\t\t\t\t    \t\t\t\t\t\t<\/div>\n\t\t\t\t    \t\t\t\t\t\t<div class=\"size18 text\">\n\t\t\t\t    \t\t\t\t\t\t\t<div class=\"t1\">\n\t\t\t\t    \t\t\t\t\t\t\t\tE-mail\n\t\t\t\t    \t\t\t\t\t\t\t<\/div>\n\t\t\t\t    \t\t\t\t\t\t\t<div class=\"t2\">\n\t\t\t\t\t\t\t\t\t\t\t\t\tinfo@pkcell.com\n\t\t\t\t    \t\t\t\t\t\t\t<\/div>\n\t\t\t\t    \t\t\t\t\t\t<\/div>\n\t\t\t\t\t\t\t\t\t\t<\/div>\n\t\t\t\t\t\t\t\t\t<\/li>\n\t\t\t\t\t\t\t\t\t<li class=\"wow fadeInUpSmall\">\n\t\t\t\t\t\t\t\t\t\t<div class=\"item\">\n\t\t\t\t\t\t\t\t\t\t\t<div class=\"icon\">\n\t\t\t\t    \t\t\t\t\t\t\t<img decoding=\"async\"  src=\"https:\/\/www.pkcell.com\/wp-content\/uploads\/icon20.png\">\n\t\t\t\t    \t\t\t\t\t\t<\/div>\n\t\t\t\t    \t\t\t\t\t\t<div class=\"size18 text\">\n\t\t\t\t    \t\t\t\t\t\t\t<div class=\"t1\">\n\t\t\t\t    \t\t\t\t\t\t\t\tAdres firmy\n\t\t\t\t    \t\t\t\t\t\t\t<\/div>\n\t\t\t\t    \t\t\t\t\t\t\t<div class=\"t2\">\n\t\t\t\t\t\t\t\t\t\t\t\t\t9. pi\u0119tro, blok B, Hongrongyuan North Station Center, nr 328, Mintang Road, Longhua District, Shenzhen, Chiny, 518110\n\t\t\t\t    \t\t\t\t\t\t\t<\/div>\n\t\t\t\t    \t\t\t\t\t\t<\/div>\n\t\t\t\t\t\t\t\t\t\t<\/div>\n\t\t\t\t\t\t\t\t\t<\/li>\n\t\t\t\t\t\t\t\t<\/ul>\n\t\t\t\t\t\t\t<\/div>\n\t\t\t\t\t\t\t<div class=\"formBox\">\n                              \t\n<div class=\"wpcf7 no-js\" id=\"wpcf7-f345-o1\" lang=\"en-US\" dir=\"ltr\" data-wpcf7-id=\"345\">\n<div class=\"screen-reader-response\"><p role=\"status\" aria-live=\"polite\" aria-atomic=\"true\"><\/p> <ul><\/ul><\/div>\n<form action=\"\/pl\/wp-json\/wp\/v2\/pages\/29#wpcf7-f345-o1\" method=\"post\" class=\"wpcf7-form init\" aria-label=\"Formularz kontaktowy\" novalidate=\"novalidate\" data-status=\"init\" data-trp-original-action=\"\/pl\/wp-json\/wp\/v2\/pages\/29#wpcf7-f345-o1\">\n<fieldset class=\"hidden-fields-container\"><input type=\"hidden\" name=\"_wpcf7\" value=\"345\" \/><input type=\"hidden\" name=\"_wpcf7_version\" value=\"6.1.5\" \/><input type=\"hidden\" name=\"_wpcf7_locale\" value=\"en_US\" \/><input type=\"hidden\" name=\"_wpcf7_unit_tag\" value=\"wpcf7-f345-o1\" \/><input type=\"hidden\" name=\"_wpcf7_container_post\" value=\"0\" \/><input type=\"hidden\" name=\"_wpcf7_posted_data_hash\" value=\"\" \/><input type=\"hidden\" name=\"_wpcf7_recaptcha_response\" value=\"\" \/>\n<\/fieldset>\n<div class=\"inputLi wow fadeInUpSmall\">\n\t<p><span class=\"wpcf7-form-control-wrap\" data-name=\"Name\"><input size=\"40\" maxlength=\"400\" class=\"wpcf7-form-control wpcf7-text wpcf7-validates-as-required size18\" aria-required=\"true\" aria-invalid=\"false\" placeholder=\"Nazwa*\" value=\"\" type=\"text\" name=\"Name\" \/><\/span>\n\t<\/p>\n<\/div>\n<div class=\"inputLi wow fadeInUpSmall\">\n\t<p><span class=\"wpcf7-form-control-wrap\" data-name=\"Email\"><input size=\"40\" maxlength=\"400\" class=\"wpcf7-form-control wpcf7-email wpcf7-validates-as-required wpcf7-text wpcf7-validates-as-email size18\" aria-required=\"true\" aria-invalid=\"false\" placeholder=\"E-mail*\" value=\"\" type=\"email\" name=\"Email\" \/><\/span>\n\t<\/p>\n<\/div>\n<div class=\"inputLi wow fadeInUpSmall\">\n\t<p><span class=\"wpcf7-form-control-wrap\" data-name=\"WhatsAppTelPhone\"><input size=\"40\" maxlength=\"400\" class=\"wpcf7-form-control wpcf7-tel wpcf7-text wpcf7-validates-as-tel size18\" aria-invalid=\"false\" placeholder=\"WhatsApp (z kodem kraju)\" value=\"\" type=\"tel\" name=\"WhatsAppTelPhone\" \/><\/span>\n\t<\/p>\n<\/div>\n<div class=\"inputLi wow fadeInUpSmall\">\n\t<p><span class=\"wpcf7-form-control-wrap\" data-name=\"Company\"><input size=\"40\" maxlength=\"400\" class=\"wpcf7-form-control wpcf7-text size18\" aria-invalid=\"false\" placeholder=\"Firma\" value=\"\" type=\"text\" name=\"Company\" \/><\/span>\n\t<\/p>\n<\/div>\n<div class=\"textareaLi wow fadeInUpSmall\">\n\t<p><span class=\"wpcf7-form-control-wrap\" data-name=\"Message\"><textarea cols=\"40\" rows=\"10\" maxlength=\"2000\" class=\"wpcf7-form-control wpcf7-textarea wpcf7-validates-as-required size18\" aria-required=\"true\" aria-invalid=\"false\" placeholder=\"Wiadomo\u015b\u0107*\" name=\"Message\"><\/textarea><\/span>\n\t<\/p>\n<\/div>\n<div class=\"inputBtn wow fadeInUpSmall\">\n\t<p><input class=\"wpcf7-form-control wpcf7-submit has-spinner size18\" type=\"submit\" value=\"POBIERZ OFERT\u0118\" \/>\n\t<\/p>\n<\/div><div class=\"wpcf7-response-output\" aria-hidden=\"true\"><\/div>\n<input type=\"hidden\" name=\"trp-form-language\" value=\"pl\"\/><\/form>\n<\/div>\n\n\t\t\t\t\t\t\t<\/div>\n\t\t\t\t\t\t<\/div>\n\t\t\t\t\t<\/div>\n\t\t\t\t<\/div>\n\t\t\t<\/div>\n<!-- end Contact Submit Form -->\t\t\t\t<\/div>\n\t\t\t\t<\/div>\n\t\t\t\t<\/div>\n\t\t\t\t<\/div>","protected":false},"excerpt":{"rendered":"<p>Home &#8211; Discover &#8211; Quality Control At PKCELL, every battery undergoes rigorous testing at each stage of production, ensuring superior performance and safety. In the field of battery manufacturing, quality control is a key link in ensuring product safety and performance. PKCELL adopt a series of meticulous inspection processes, from raw material warehousing to finished [&hellip;]<\/p>\n","protected":false},"author":7,"featured_media":0,"parent":0,"menu_order":0,"comment_status":"closed","ping_status":"closed","template":"","meta":{"_acf_changed":false,"footnotes":""},"class_list":["post-29","page","type-page","status-publish","hentry"],"acf":[],"_links":{"self":[{"href":"https:\/\/www.pkcell.com\/pl\/wp-json\/wp\/v2\/pages\/29","targetHints":{"allow":["GET"]}}],"collection":[{"href":"https:\/\/www.pkcell.com\/pl\/wp-json\/wp\/v2\/pages"}],"about":[{"href":"https:\/\/www.pkcell.com\/pl\/wp-json\/wp\/v2\/types\/page"}],"author":[{"embeddable":true,"href":"https:\/\/www.pkcell.com\/pl\/wp-json\/wp\/v2\/users\/7"}],"replies":[{"embeddable":true,"href":"https:\/\/www.pkcell.com\/pl\/wp-json\/wp\/v2\/comments?post=29"}],"version-history":[{"count":0,"href":"https:\/\/www.pkcell.com\/pl\/wp-json\/wp\/v2\/pages\/29\/revisions"}],"wp:attachment":[{"href":"https:\/\/www.pkcell.com\/pl\/wp-json\/wp\/v2\/media?parent=29"}],"curies":[{"name":"wp","href":"https:\/\/api.w.org\/{rel}","templated":true}]}}