{"id":7,"date":"2024-07-09T15:49:04","date_gmt":"2024-07-09T07:49:04","guid":{"rendered":"https:\/\/www.pkcell.com\/?page_id=7"},"modified":"2025-11-24T18:46:11","modified_gmt":"2025-11-24T10:46:11","slug":"rozwiazania","status":"publish","type":"page","link":"https:\/\/www.pkcell.com\/pl\/solutions\/","title":{"rendered":"Rozwi\u0105zania"},"content":{"rendered":"<div data-elementor-type=\"wp-page\" data-elementor-id=\"7\" class=\"elementor elementor-7\" data-elementor-post-type=\"page\">\n\t\t\t\t<div class=\"elementor-element elementor-element-199f852 maincontent e-con-full e-flex e-con e-parent\" data-id=\"199f852\" data-element_type=\"container\" data-e-type=\"container\">\n\t\t\t\t<div class=\"elementor-element elementor-element-55d0b64 elementor-widget elementor-widget-ucaddon_breadcrumb\" data-id=\"55d0b64\" data-element_type=\"widget\" data-e-type=\"widget\" data-widget_type=\"ucaddon_breadcrumb.default\">\n\t\t\t\t<div class=\"elementor-widget-container\">\n\t\t\t\t\t\n<!-- start Breadcrumb -->\n\n<div class=\"breadcrumb\">\n  <div class=\"maincontainer\">\n    <div class=\"box\">\n      <a href=\"\/pl\/\">Strona g\u0142\u00f3wna<\/a>\n      <span> - <\/span>\n\n\n<a href=\"https:\/\/www.pkcell.com\/pl\/solutions\/\" class=\"on\">Rozwi\u0105zania<\/a>\n\n\n\n    <\/div>\n  <\/div>\n<\/div>\n<!-- end Breadcrumb -->\t\t\t\t<\/div>\n\t\t\t\t<\/div>\n\t\t\t\t<div class=\"elementor-element elementor-element-0a24028 elementor-widget elementor-widget-ucaddon_page_introduce_title\" data-id=\"0a24028\" data-element_type=\"widget\" data-e-type=\"widget\" data-widget_type=\"ucaddon_page_introduce_title.default\">\n\t\t\t\t<div class=\"elementor-widget-container\">\n\t\t\t\t\t\n<!-- start Page Introduce Title -->\n\n<div class=\"padt40 padb40 introduce w8\">\n  <div class=\"maincontainer\" style=\"background-image\">\n    <div class=\"current_title\">\n      <h1 class=\"size42 wow fadeInUpSmall\">\n                \tRozwi\u0105zania\n              <\/h1>\n      <div class=\"size18 text wow fadeInUpSmall\">\n        Nasze rozwi\u0105zania koncentruj\u0105 si\u0119 na innowacyjno\u015bci i zr\u00f3wnowa\u017conym rozwoju, zapewniaj\u0105c, \u017ce ka\u017cdy produkt r\u00f3wnowa\u017cy maksymaln\u0105 wydajno\u015b\u0107 przy minimalnym wp\u0142ywie na \u015brodowisko. Niezale\u017cnie od tego, czy potrzebujesz wysokiego napi\u0119cia, du\u017cej pojemno\u015bci, wysokiego wsp\u00f3\u0142czynnika roz\u0142adowania, d\u0142ugiej \u017cywotno\u015bci czy szybkiego \u0142adowania, Pkcell mo\u017ce dostarczy\u0107 dostosowane odpowiedzi.\n      <\/div>\n    <\/div>\n  <\/div>\n<\/div>\n<!-- end Page Introduce Title -->\t\t\t\t<\/div>\n\t\t\t\t<\/div>\n\t\t\t\t<div class=\"elementor-element elementor-element-76294df elementor-widget elementor-widget-ucaddon_solution_list\" data-id=\"76294df\" data-element_type=\"widget\" data-e-type=\"widget\" data-widget_type=\"ucaddon_solution_list.default\">\n\t\t\t\t<div class=\"elementor-widget-container\">\n\t\t\t\t\t\n<!-- start Solution List -->\n\n<div class=\"solutionlist\">\n  <div class=\"item wow fadeInUpSmall\">\n    <a href=\"https:\/\/www.pkcell.com\/pl\/rozwiazania\/elektronika-zycia\/\">\n      <div class=\"imgbox\">\n        <img decoding=\"async\" src=\"https:\/\/www.pkcell.com\/wp-content\/uploads\/img50.jpg\"\/>\n      <\/div>\n      <div class=\"textbox\">\n        <div class=\"size30 t1\">\n          Life Electronics\n        <\/div>\n        <div class=\"size18 t2\">\n          Inteligentny zamek do drzwi to rozwi\u0105zanie oparte na sztucznej inteligencji i technologii Internetu rzeczy. Wykorzystuje technologie takie jak precyzyjne czujniki, algorytmy hase\u0142 i systemy zdalnego sterowania, aby zapewni\u0107 bezpieczne, wygodne i wydajne zarz\u0105dzanie zamkami do drzwi. Rozwi\u0105zanie sk\u0142ada si\u0119 z trzech cz\u0119\u015bci: inteligentnego zamka do drzwi, platformy zarz\u0105dzania i obs\u0142ugi klienta.\n        <\/div>\n        <div class=\"btns\">\n        <\/div>\n      <\/div>\n    <\/a>\n  <\/div>\n<div class=\"item wow fadeInUpSmall\">\n    <a href=\"https:\/\/www.pkcell.com\/pl\/rozwiazania\/domowe-urzadzenie-medyczne\/\">\n      <div class=\"imgbox\">\n        <img decoding=\"async\" src=\"https:\/\/www.pkcell.com\/wp-content\/uploads\/img52.jpg\"\/>\n      <\/div>\n      <div class=\"textbox\">\n        <div class=\"size30 t1\">\n          Medyczny\n        <\/div>\n        <div class=\"size18 t2\">\n          Domowe urz\u0105dzenia medyczne, takie jak ci\u015bnieniomierze, pulsoksymetry, mierniki poziomu cholesterolu i kwasu moczowego, odgrywaj\u0105 kluczow\u0105 rol\u0119 w leczeniu chor\u00f3b przewlek\u0142ych i promowaniu og\u00f3lnego dobrego samopoczucia. Niezawodne zasilanie bateryjne jest niezb\u0119dne dla dok\u0142adnych odczyt\u00f3w i sta\u0142ej wydajno\u015bci. Baterie PKCELL AA i AAA s\u0105 doskona\u0142ym \u017ar\u00f3d\u0142em zasilania dla tych krytycznych urz\u0105dze\u0144, zapewniaj\u0105c niezb\u0119dn\u0105 energi\u0119 do utrzymania ich funkcjonalno\u015bci i precyzji\n        <\/div>\n        <div class=\"btns\">\n        <\/div>\n      <\/div>\n    <\/a>\n  <\/div>\n<div class=\"item wow fadeInUpSmall\">\n    <a href=\"https:\/\/www.pkcell.com\/pl\/rozwiazania\/inteligentne-urzadzenie-domowe\/\">\n      <div class=\"imgbox\">\n        <img decoding=\"async\" src=\"https:\/\/www.pkcell.com\/wp-content\/uploads\/2-6.jpg\"\/>\n      <\/div>\n      <div class=\"textbox\">\n        <div class=\"size30 t1\">\n          Urz\u0105dzenie inteligentnego domu\n        <\/div>\n        <div class=\"size18 t2\">\n          W szybko rozwijaj\u0105cym si\u0119 sektorze inteligentnych dom\u00f3w, urz\u0105dzenia takie jak zrobotyzowane odkurzacze, inteligentne odkurzacze, zrobotyzowane mopy, inteligentne g\u0142o\u015bniki, inteligentne kamery i bezprzewodowe projektory staj\u0105 si\u0119 istotnymi elementami nowoczesnego \u017cycia. Jednak wydajno\u015b\u0107 i trwa\u0142o\u015b\u0107 tych urz\u0105dze\u0144 w du\u017cej mierze zale\u017cy od jako\u015bci i mo\u017cliwo\u015bci ich baterii.\n        <\/div>\n        <div class=\"btns\">\n        <\/div>\n      <\/div>\n    <\/a>\n  <\/div>\n<div class=\"item wow fadeInUpSmall\">\n    <a href=\"https:\/\/www.pkcell.com\/pl\/rozwiazania\/emergency-light\/\">\n      <div class=\"imgbox\">\n        <img decoding=\"async\" src=\"https:\/\/www.pkcell.com\/wp-content\/uploads\/emergency-light-1.jpg\"\/>\n      <\/div>\n      <div class=\"textbox\">\n        <div class=\"size30 t1\">\n          Emergency Light\n        <\/div>\n        <div class=\"size18 t2\">\n          Emergency lights are essential safety devices, providing reliable illumination during power outages, natural disasters, and critical emergencies. Their ability to function instantly and consistently can make a significant difference in ensuring safety and preventing accidents. Dependable battery power is at the core of this performance. PKCELL offers tailored battery solutions for emergency lighting, including 18650 lithium cells with PCB and wire, AA alkaline batteries, and 9V alkaline batteries. These options deliver long-lasting energy, rapid response, and stable performance, ensuring that emergency lights remain ready whenever they are needed.\n        <\/div>\n        <div class=\"btns\">\n        <\/div>\n      <\/div>\n    <\/a>\n  <\/div>\n<div class=\"item wow fadeInUpSmall\">\n    <a href=\"\">\n      <div class=\"imgbox\">\n        <img decoding=\"async\" src=\"https:\/\/www.pkcell.com\/wp-content\/uploads\/img50.jpg\"\/>\n      <\/div>\n      <div class=\"textbox\">\n        <div class=\"size30 t1\">\n          Life Electronics\n        <\/div>\n        <div class=\"size18 t2\">\n          The smart door lock solution is a door lock solution based on \nartificial intelligence and Internet of Things technology. \nIt uses technologies such as high-precision sensors, password \nalgorithms, and remote control systems to achieve safe, \nconvenient and efficient management of door locks...\n        <\/div>\n        <div class=\"btns\">\n        <\/div>\n      <\/div>\n    <\/a>\n  <\/div>\n \n<\/div>\n<!-- end Solution List -->\t\t\t\t<\/div>\n\t\t\t\t<\/div>\n\t\t\t\t<div class=\"elementor-element elementor-element-0011e86 elementor-widget elementor-widget-ucaddon_column_blocks\" data-id=\"0011e86\" data-element_type=\"widget\" data-e-type=\"widget\" data-widget_type=\"ucaddon_column_blocks.default\">\n\t\t\t\t<div class=\"elementor-widget-container\">\n\t\t\t\t\t\n<!-- start Column Blocks -->\n\n<div class=\"padt110 other_section\">\n  <div class=\"maincontainer\">\n    <ul>\n      <li class=\"wow fadeInUpSmall\">\n        <a href=\"https:\/\/www.pkcell.com\/pl\/skontaktuj-sie-z-nami\/\">\n          <div class=\"imgbox\">\n            <img decoding=\"async\" src=\"https:\/\/www.pkcell.com\/wp-content\/uploads\/img53.jpg\">\n          <\/div>\n          <div class=\"textbox\">\n            <div class=\"size30 t1\">\n              Us\u0142uga\n            <\/div>\n            <div class=\"size18 t2\">\n              Klient jest dla nas najwa\u017cniejszy. Zapewniamy kompleksowe wsparcie techniczne i obs\u0142ug\u0119 klienta, aby zapewni\u0107 najlepsze wskaz\u00f3wki na ka\u017cdym etapie wyboru. Obiecujemy dostarcza\u0107 rozwi\u0105zania 24 godziny na dob\u0119 i dostarcza\u0107 pr\u00f3bki w ci\u0105gu 7 dni!\n            <\/div>\n            <div class=\"current-btn white\">\n              <span class=\"size18\">\n                <i><\/i>Dowiedz si\u0119 wi\u0119cej\n              <\/span>\n            <\/div>\n          <\/div>\n        <\/a>\n      <\/li>\n<li class=\"wow fadeInUpSmall\">\n        <a href=\"\/pl\/o\/\">\n          <div class=\"imgbox\">\n            <img decoding=\"async\" src=\"https:\/\/www.pkcell.com\/wp-content\/uploads\/img54.jpg\">\n          <\/div>\n          <div class=\"textbox\">\n            <div class=\"size30 t1\">\n              O nas\n            <\/div>\n            <div class=\"size18 t2\">\n              Poznaj histori\u0119, wizj\u0119 i zaanga\u017cowanie firmy Pkcell w przysz\u0142o\u015b\u0107.\nD\u0105\u017cymy do tego, aby sta\u0107 si\u0119 liderem w technologii akumulator\u00f3w, aby stworzy\u0107 lepsz\u0105 przysz\u0142o\u015b\u0107 dla naszych klient\u00f3w i planety.\n            <\/div>\n            <div class=\"current-btn white\">\n              <span class=\"size18\">\n                <i><\/i>Dowiedz si\u0119 wi\u0119cej\n              <\/span>\n            <\/div>\n          <\/div>\n        <\/a>\n      <\/li>\n\n    <\/ul>\n  <\/div>\n<\/div>\n<!-- end Column Blocks -->\t\t\t\t<\/div>\n\t\t\t\t<\/div>\n\t\t\t\t<div class=\"elementor-element elementor-element-42e8ee1 padt80 elementor-widget elementor-widget-ucaddon_contact_submit_form\" data-id=\"42e8ee1\" data-element_type=\"widget\" data-e-type=\"widget\" data-widget_type=\"ucaddon_contact_submit_form.default\">\n\t\t\t\t<div class=\"elementor-widget-container\">\n\t\t\t\t\t\n<!-- start Contact Submit Form -->\n\n<div class=\"padb136 Get_in_Touch\">\n\t\t\t\t<div class=\"maincontainer\">\n\t\t\t\t\t<div class=\"box\">\n\t\t\t\t\t\t<div class=\"current_title center\">\n\t\t\t\t\t\t\t<h3 class=\"size42 wow fadeInUpSmall\">\n\t\t\t\t\t\t\t\tPOBIERZ OFERT\u0118\n\t\t\t\t\t\t\t<\/h3>\n\t\t\t\t\t\t\t<div class=\"size20 text wow fadeInUpSmall\">\n\t\t\t\t\t\t\t\tMo\u017cesz skontaktowa\u0107 si\u0119 z nami telefonicznie, e-mailem lub wype\u0142niaj\u0105c poni\u017cszy formularz kontaktowy. Staramy si\u0119 odpowiada\u0107 na wszystkie zapytania w ci\u0105gu 24 godzin.\t\t\t\t\t\t\t\n                          \t<\/div>\n\t\t\t\t\t\t<\/div>\n                    \n\n\t\t\t\t\t\t<div class=\"wrap\">\n\t\t\t\t\t\t\t<div class=\"infor\">\n\t\t\t\t\t\t\t\t<ul>\n\t\t\t\t\t\t\t\t\n\t\t\t\t\t\t\t\t\t<li class=\"wow fadeInUpSmall\">\n\t\t\t\t\t\t\t\t\t\t<div class=\"item\">\n\t\t\t\t\t\t\t\t\t\t\t<div class=\"icon\">\n\t\t\t\t    \t\t\t\t\t\t\t<img decoding=\"async\"  src=\"https:\/\/www.pkcell.com\/wp-content\/uploads\/icon19.png\">\n\t\t\t\t    \t\t\t\t\t\t<\/div>\n\t\t\t\t    \t\t\t\t\t\t<div class=\"size18 text\">\n\t\t\t\t    \t\t\t\t\t\t\t<div class=\"t1\">\n\t\t\t\t    \t\t\t\t\t\t\t\tE-mail\n\t\t\t\t    \t\t\t\t\t\t\t<\/div>\n\t\t\t\t    \t\t\t\t\t\t\t<div class=\"t2\">\n\t\t\t\t\t\t\t\t\t\t\t\t\tinfo@pkcell.com\n\t\t\t\t    \t\t\t\t\t\t\t<\/div>\n\t\t\t\t    \t\t\t\t\t\t<\/div>\n\t\t\t\t\t\t\t\t\t\t<\/div>\n\t\t\t\t\t\t\t\t\t<\/li>\n\t\t\t\t\t\t\t\t\t<li class=\"wow fadeInUpSmall\">\n\t\t\t\t\t\t\t\t\t\t<div class=\"item\">\n\t\t\t\t\t\t\t\t\t\t\t<div class=\"icon\">\n\t\t\t\t    \t\t\t\t\t\t\t<img decoding=\"async\"  src=\"https:\/\/www.pkcell.com\/wp-content\/uploads\/icon20.png\">\n\t\t\t\t    \t\t\t\t\t\t<\/div>\n\t\t\t\t    \t\t\t\t\t\t<div class=\"size18 text\">\n\t\t\t\t    \t\t\t\t\t\t\t<div class=\"t1\">\n\t\t\t\t    \t\t\t\t\t\t\t\tAdres firmy\n\t\t\t\t    \t\t\t\t\t\t\t<\/div>\n\t\t\t\t    \t\t\t\t\t\t\t<div class=\"t2\">\n\t\t\t\t\t\t\t\t\t\t\t\t\t9. pi\u0119tro, blok B, Hongrongyuan North Station Center, nr 328, Mintang Road, Longhua District, Shenzhen, Chiny, 518110\n\t\t\t\t    \t\t\t\t\t\t\t<\/div>\n\t\t\t\t    \t\t\t\t\t\t<\/div>\n\t\t\t\t\t\t\t\t\t\t<\/div>\n\t\t\t\t\t\t\t\t\t<\/li>\n\t\t\t\t\t\t\t\t<\/ul>\n\t\t\t\t\t\t\t<\/div>\n\t\t\t\t\t\t\t<div class=\"formBox\">\n                              \t\n<div class=\"wpcf7 no-js\" id=\"wpcf7-f345-o1\" lang=\"en-US\" dir=\"ltr\" data-wpcf7-id=\"345\">\n<div class=\"screen-reader-response\"><p role=\"status\" aria-live=\"polite\" aria-atomic=\"true\"><\/p> <ul><\/ul><\/div>\n<form action=\"\/pl\/wp-json\/wp\/v2\/pages\/7#wpcf7-f345-o1\" method=\"post\" class=\"wpcf7-form init\" aria-label=\"Formularz kontaktowy\" novalidate=\"novalidate\" data-status=\"init\" data-trp-original-action=\"\/pl\/wp-json\/wp\/v2\/pages\/7#wpcf7-f345-o1\">\n<fieldset class=\"hidden-fields-container\"><input type=\"hidden\" name=\"_wpcf7\" value=\"345\" \/><input type=\"hidden\" name=\"_wpcf7_version\" value=\"6.1.5\" \/><input type=\"hidden\" name=\"_wpcf7_locale\" value=\"en_US\" \/><input type=\"hidden\" name=\"_wpcf7_unit_tag\" value=\"wpcf7-f345-o1\" \/><input type=\"hidden\" name=\"_wpcf7_container_post\" value=\"0\" \/><input type=\"hidden\" name=\"_wpcf7_posted_data_hash\" value=\"\" \/><input type=\"hidden\" name=\"_wpcf7_recaptcha_response\" value=\"\" \/>\n<\/fieldset>\n<div class=\"inputLi wow fadeInUpSmall\">\n\t<p><span class=\"wpcf7-form-control-wrap\" data-name=\"Name\"><input size=\"40\" maxlength=\"400\" class=\"wpcf7-form-control wpcf7-text wpcf7-validates-as-required size18\" aria-required=\"true\" aria-invalid=\"false\" placeholder=\"Nazwa*\" value=\"\" type=\"text\" name=\"Name\" \/><\/span>\n\t<\/p>\n<\/div>\n<div class=\"inputLi wow fadeInUpSmall\">\n\t<p><span class=\"wpcf7-form-control-wrap\" data-name=\"Email\"><input size=\"40\" maxlength=\"400\" class=\"wpcf7-form-control wpcf7-email wpcf7-validates-as-required wpcf7-text wpcf7-validates-as-email size18\" aria-required=\"true\" aria-invalid=\"false\" placeholder=\"E-mail*\" value=\"\" type=\"email\" name=\"Email\" \/><\/span>\n\t<\/p>\n<\/div>\n<div class=\"inputLi wow fadeInUpSmall\">\n\t<p><span class=\"wpcf7-form-control-wrap\" data-name=\"WhatsAppTelPhone\"><input size=\"40\" maxlength=\"400\" class=\"wpcf7-form-control wpcf7-tel wpcf7-text wpcf7-validates-as-tel size18\" aria-invalid=\"false\" placeholder=\"WhatsApp (z kodem kraju)\" value=\"\" type=\"tel\" name=\"WhatsAppTelPhone\" \/><\/span>\n\t<\/p>\n<\/div>\n<div class=\"inputLi wow fadeInUpSmall\">\n\t<p><span class=\"wpcf7-form-control-wrap\" data-name=\"Company\"><input size=\"40\" maxlength=\"400\" class=\"wpcf7-form-control wpcf7-text size18\" aria-invalid=\"false\" placeholder=\"Firma\" value=\"\" type=\"text\" name=\"Company\" \/><\/span>\n\t<\/p>\n<\/div>\n<div class=\"textareaLi wow fadeInUpSmall\">\n\t<p><span class=\"wpcf7-form-control-wrap\" data-name=\"Message\"><textarea cols=\"40\" rows=\"10\" maxlength=\"2000\" class=\"wpcf7-form-control wpcf7-textarea wpcf7-validates-as-required size18\" aria-required=\"true\" aria-invalid=\"false\" placeholder=\"Wiadomo\u015b\u0107*\" name=\"Message\"><\/textarea><\/span>\n\t<\/p>\n<\/div>\n<div class=\"inputBtn wow fadeInUpSmall\">\n\t<p><input class=\"wpcf7-form-control wpcf7-submit has-spinner size18\" type=\"submit\" value=\"POBIERZ OFERT\u0118\" \/>\n\t<\/p>\n<\/div><div class=\"wpcf7-response-output\" aria-hidden=\"true\"><\/div>\n<input type=\"hidden\" name=\"trp-form-language\" value=\"pl\"\/><\/form>\n<\/div>\n\n\t\t\t\t\t\t\t<\/div>\n\t\t\t\t\t\t<\/div>\n\t\t\t\t\t<\/div>\n\t\t\t\t<\/div>\n\t\t\t<\/div>\n<!-- end Contact Submit Form -->\t\t\t\t<\/div>\n\t\t\t\t<\/div>\n\t\t\t\t<\/div>\n\t\t\t\t<\/div>","protected":false},"excerpt":{"rendered":"<p>Home &#8211; Solutions Our solutions focus on innovation and sustainability, ensuring every product balances maximum performance with minimal environmental impact. Whether your needs are high voltage, high capacity, high discharge rate, long life or fast charging, Pkcell can provide customized answers. Life Electronics The smart door lock solution is a door lock solution based on [&hellip;]<\/p>\n","protected":false},"author":7,"featured_media":0,"parent":0,"menu_order":0,"comment_status":"closed","ping_status":"closed","template":"","meta":{"_acf_changed":false,"footnotes":""},"class_list":["post-7","page","type-page","status-publish","hentry"],"acf":[],"_links":{"self":[{"href":"https:\/\/www.pkcell.com\/pl\/wp-json\/wp\/v2\/pages\/7","targetHints":{"allow":["GET"]}}],"collection":[{"href":"https:\/\/www.pkcell.com\/pl\/wp-json\/wp\/v2\/pages"}],"about":[{"href":"https:\/\/www.pkcell.com\/pl\/wp-json\/wp\/v2\/types\/page"}],"author":[{"embeddable":true,"href":"https:\/\/www.pkcell.com\/pl\/wp-json\/wp\/v2\/users\/7"}],"replies":[{"embeddable":true,"href":"https:\/\/www.pkcell.com\/pl\/wp-json\/wp\/v2\/comments?post=7"}],"version-history":[{"count":0,"href":"https:\/\/www.pkcell.com\/pl\/wp-json\/wp\/v2\/pages\/7\/revisions"}],"wp:attachment":[{"href":"https:\/\/www.pkcell.com\/pl\/wp-json\/wp\/v2\/media?parent=7"}],"curies":[{"name":"wp","href":"https:\/\/api.w.org\/{rel}","templated":true}]}}