{"id":10285,"date":"2024-09-13T10:03:40","date_gmt":"2024-09-13T02:03:40","guid":{"rendered":"https:\/\/www.pkcell.com\/?post_type=product&#038;p=10285"},"modified":"2024-09-13T11:22:30","modified_gmt":"2024-09-13T03:22:30","slug":"4-akumulatory-ni-mh-8-v","status":"publish","type":"product","link":"https:\/\/www.pkcell.com\/pl\/product\/4-8v-ni-mh-battery-pack\/","title":{"rendered":"Akumulator 4,8 V Ni-MH"},"content":{"rendered":"<p><strong>- Pojemno\u015b\u0107: <\/strong>Mo\u017cliwo\u015b\u0107 dostosowania<\/p>\n<p><strong>- Temperatura \u0142adowania: <\/strong>0~ 45\u00b0C<\/p>\n<p><strong>- Temperatura roz\u0142adowania: <\/strong>-20~ 55\u00b0C<\/p>\n<p><strong>- Cykl \u017cycia:<\/strong>\u00a0 500+ cykli<\/p>\n<p><strong>- CE, MSDS, UN38.3<\/strong><\/p>","protected":false},"featured_media":10289,"parent":0,"menu_order":0,"template":"","meta":{"_acf_changed":false},"product-category":[59],"product-size":[],"retail-country":[],"class_list":["post-10285","product","type-product","status-publish","has-post-thumbnail","hentry","product-category-ni-mh-battery-pack"],"acf":[],"_links":{"self":[{"href":"https:\/\/www.pkcell.com\/pl\/wp-json\/wp\/v2\/product\/10285","targetHints":{"allow":["GET"]}}],"collection":[{"href":"https:\/\/www.pkcell.com\/pl\/wp-json\/wp\/v2\/product"}],"about":[{"href":"https:\/\/www.pkcell.com\/pl\/wp-json\/wp\/v2\/types\/product"}],"wp:featuredmedia":[{"embeddable":true,"href":"https:\/\/www.pkcell.com\/pl\/wp-json\/wp\/v2\/media\/10289"}],"wp:attachment":[{"href":"https:\/\/www.pkcell.com\/pl\/wp-json\/wp\/v2\/media?parent=10285"}],"wp:term":[{"taxonomy":"product-category","embeddable":true,"href":"https:\/\/www.pkcell.com\/pl\/wp-json\/wp\/v2\/product-category?post=10285"},{"taxonomy":"product-size","embeddable":true,"href":"https:\/\/www.pkcell.com\/pl\/wp-json\/wp\/v2\/product-size?post=10285"},{"taxonomy":"retail-country","embeddable":true,"href":"https:\/\/www.pkcell.com\/pl\/wp-json\/wp\/v2\/retail-country?post=10285"}],"curies":[{"name":"wp","href":"https:\/\/api.w.org\/{rel}","templated":true}]}}