{"id":360,"date":"2024-07-17T16:23:15","date_gmt":"2024-07-17T08:23:15","guid":{"rendered":"https:\/\/www.pkcell.com\/?post_type=product&#038;p=360"},"modified":"2026-01-21T15:10:48","modified_gmt":"2026-01-21T07:10:48","slug":"akumulator-lr6-aa","status":"publish","type":"product","link":"https:\/\/www.pkcell.com\/pl\/product\/lr6-aa-battery\/","title":{"rendered":"Bateria AA \/ LR6"},"content":{"rendered":"<ul>\n<li><strong>Okres trwa\u0142o\u015bci: 10 lat<\/strong><\/li>\n<li><strong>Szczelno\u015b\u0107, odporno\u015b\u0107 na korozj\u0119<\/strong><\/li>\n<li><strong>Bez Hg\/Pb\/Cd<\/strong><\/li>\n<li><strong>Nadaje si\u0119 do latarki, radia itp.<\/strong><\/li>\n<li><strong>Niskie MOQ, wsparcie OEM<\/strong><\/li>\n<\/ul>","protected":false},"featured_media":2071,"parent":0,"menu_order":0,"template":"","meta":{"_acf_changed":true},"product-category":[14],"product-size":[73],"retail-country":[33,35,32,29],"class_list":["post-360","product","type-product","status-publish","has-post-thumbnail","hentry","product-category-alkaline-battery","product-size-aa","retail-country-ae","retail-country-sg","retail-country-uk","retail-country-us"],"acf":[],"_links":{"self":[{"href":"https:\/\/www.pkcell.com\/pl\/wp-json\/wp\/v2\/product\/360","targetHints":{"allow":["GET"]}}],"collection":[{"href":"https:\/\/www.pkcell.com\/pl\/wp-json\/wp\/v2\/product"}],"about":[{"href":"https:\/\/www.pkcell.com\/pl\/wp-json\/wp\/v2\/types\/product"}],"wp:featuredmedia":[{"embeddable":true,"href":"https:\/\/www.pkcell.com\/pl\/wp-json\/wp\/v2\/media\/2071"}],"wp:attachment":[{"href":"https:\/\/www.pkcell.com\/pl\/wp-json\/wp\/v2\/media?parent=360"}],"wp:term":[{"taxonomy":"product-category","embeddable":true,"href":"https:\/\/www.pkcell.com\/pl\/wp-json\/wp\/v2\/product-category?post=360"},{"taxonomy":"product-size","embeddable":true,"href":"https:\/\/www.pkcell.com\/pl\/wp-json\/wp\/v2\/product-size?post=360"},{"taxonomy":"retail-country","embeddable":true,"href":"https:\/\/www.pkcell.com\/pl\/wp-json\/wp\/v2\/retail-country?post=360"}],"curies":[{"name":"wp","href":"https:\/\/api.w.org\/{rel}","templated":true}]}}