{"id":36767,"date":"2025-07-14T14:57:19","date_gmt":"2025-07-14T06:57:19","guid":{"rendered":"https:\/\/www.pkcell.com\/?post_type=product&#038;p=36767"},"modified":"2026-01-23T11:09:23","modified_gmt":"2026-01-23T03:09:23","slug":"akumulator-litowy-usb-c-9v-1850mwh","status":"publish","type":"product","link":"https:\/\/www.pkcell.com\/pl\/product\/usb-c-lithium-rechargeable-battery-9v-1850mwh\/","title":{"rendered":"USB-C Lithium Rechargeable battery 9V 3700mWh"},"content":{"rendered":"<p><\/p>\n\n\n\n<ul class=\"wp-block-list\">\n<li><strong>Maksymalny sta\u0142y pr\u0105d \u0142adowania: 500 mA<\/strong><\/li>\n\n\n\n<li><strong>Maksymalny ci\u0105g\u0142y pr\u0105d roz\u0142adowania: 350 mA<\/strong><\/li>\n\n\n\n<li><strong>\u017bywotno\u015b\u0107: 300+<\/strong><\/li>\n\n\n\n<li><strong>Temperatura pracy: -20~60 \u00b0C<\/strong><\/li>\n<\/ul>","protected":false},"featured_media":40467,"parent":0,"menu_order":0,"template":"","meta":{"_acf_changed":true},"product-category":[92],"product-size":[76],"retail-country":[],"class_list":["post-36767","product","type-product","status-publish","has-post-thumbnail","hentry","product-category-usb-rechargeable-lithium-battery","product-size-9v"],"acf":[],"_links":{"self":[{"href":"https:\/\/www.pkcell.com\/pl\/wp-json\/wp\/v2\/product\/36767","targetHints":{"allow":["GET"]}}],"collection":[{"href":"https:\/\/www.pkcell.com\/pl\/wp-json\/wp\/v2\/product"}],"about":[{"href":"https:\/\/www.pkcell.com\/pl\/wp-json\/wp\/v2\/types\/product"}],"wp:featuredmedia":[{"embeddable":true,"href":"https:\/\/www.pkcell.com\/pl\/wp-json\/wp\/v2\/media\/40467"}],"wp:attachment":[{"href":"https:\/\/www.pkcell.com\/pl\/wp-json\/wp\/v2\/media?parent=36767"}],"wp:term":[{"taxonomy":"product-category","embeddable":true,"href":"https:\/\/www.pkcell.com\/pl\/wp-json\/wp\/v2\/product-category?post=36767"},{"taxonomy":"product-size","embeddable":true,"href":"https:\/\/www.pkcell.com\/pl\/wp-json\/wp\/v2\/product-size?post=36767"},{"taxonomy":"retail-country","embeddable":true,"href":"https:\/\/www.pkcell.com\/pl\/wp-json\/wp\/v2\/retail-country?post=36767"}],"curies":[{"name":"wp","href":"https:\/\/api.w.org\/{rel}","templated":true}]}}