{"id":1277,"date":"2024-07-31T14:30:47","date_gmt":"2024-07-31T06:30:47","guid":{"rendered":"https:\/\/www.pkcell.com\/?post_type=product&#038;p=1277"},"modified":"2025-03-19T11:22:38","modified_gmt":"2025-03-19T03:22:38","slug":"bateria-d-r20p","status":"publish","type":"product","link":"https:\/\/www.pkcell.com\/pt\/product\/d-r20p-battery\/","title":{"rendered":"Bateria D \/ R20P"},"content":{"rendered":"<ul>\n<li><strong>Prazo de validade: 3 anos<\/strong><\/li>\n<li><strong>\u00c0 prova de fugas, anti-corros\u00e3o<\/strong><\/li>\n<li><strong>Hg\/Pb\/Cd Isento<\/strong><\/li>\n<li><strong>Adequado para aparelhos de pot\u00eancia m\u00e9dia: lanterna, r\u00e1dio<\/strong><\/li>\n<li><strong>Baixo MOQ, suporte OEM<\/strong><\/li>\n<\/ul>","protected":false},"featured_media":2092,"parent":0,"menu_order":0,"template":"","meta":{"_acf_changed":true},"product-category":[16],"product-size":[77],"retail-country":[33,30,36,79,78,80,31,34,35,32,29],"class_list":["post-1277","product","type-product","status-publish","has-post-thumbnail","hentry","product-category-carbon-zinc-battery","product-size-d","retail-country-ae","retail-country-ca","retail-country-de","retail-country-es","retail-country-fr","retail-country-it","retail-country-jp","retail-country-sa","retail-country-sg","retail-country-uk","retail-country-us"],"acf":[],"_links":{"self":[{"href":"https:\/\/www.pkcell.com\/pt\/wp-json\/wp\/v2\/product\/1277","targetHints":{"allow":["GET"]}}],"collection":[{"href":"https:\/\/www.pkcell.com\/pt\/wp-json\/wp\/v2\/product"}],"about":[{"href":"https:\/\/www.pkcell.com\/pt\/wp-json\/wp\/v2\/types\/product"}],"wp:featuredmedia":[{"embeddable":true,"href":"https:\/\/www.pkcell.com\/pt\/wp-json\/wp\/v2\/media\/2092"}],"wp:attachment":[{"href":"https:\/\/www.pkcell.com\/pt\/wp-json\/wp\/v2\/media?parent=1277"}],"wp:term":[{"taxonomy":"product-category","embeddable":true,"href":"https:\/\/www.pkcell.com\/pt\/wp-json\/wp\/v2\/product-category?post=1277"},{"taxonomy":"product-size","embeddable":true,"href":"https:\/\/www.pkcell.com\/pt\/wp-json\/wp\/v2\/product-size?post=1277"},{"taxonomy":"retail-country","embeddable":true,"href":"https:\/\/www.pkcell.com\/pt\/wp-json\/wp\/v2\/retail-country?post=1277"}],"curies":[{"name":"wp","href":"https:\/\/api.w.org\/{rel}","templated":true}]}}