{"id":1391,"date":"2024-08-01T14:14:17","date_gmt":"2024-08-01T06:14:17","guid":{"rendered":"https:\/\/www.pkcell.com\/?post_type=product&#038;p=1391"},"modified":"2024-09-02T10:08:34","modified_gmt":"2024-09-02T02:08:34","slug":"bateria-2000mah-18650","status":"publish","type":"product","link":"https:\/\/www.pkcell.com\/pt\/product\/2000mah-18650-battery\/","title":{"rendered":"Bateria de 2000mAh 18650"},"content":{"rendered":"<p><strong>- Tens\u00e3o:<\/strong> \u00a03.7V<\/p>\n<p><strong>- Capacidade:<\/strong> \u00a02000mAh<\/p>\n<p><strong>- Auto-descarga:<\/strong>\u00a0 &lt;3% \/Ano<\/p>\n<p><strong>- Ciclo de vida:\u00a0<\/strong> 500<\/p>\n<p><strong>- Conce\u00e7\u00e3o \u00e0 prova de explos\u00e3o<\/strong><\/p>\n<p><strong>- CE\/MSDS\/UN38.3<\/strong><\/p>\n<p>&nbsp;<\/p>","protected":false},"featured_media":2169,"parent":0,"menu_order":0,"template":"","meta":{"_acf_changed":false},"product-category":[54,23],"product-size":[],"retail-country":[33,30,36,79,78,80,31,34,35,32,29],"class_list":["post-1391","product","type-product","status-publish","has-post-thumbnail","hentry","product-category-18650-lithium-ion-battery","product-category-rechargeable-batteries","retail-country-ae","retail-country-ca","retail-country-de","retail-country-es","retail-country-fr","retail-country-it","retail-country-jp","retail-country-sa","retail-country-sg","retail-country-uk","retail-country-us"],"acf":[],"_links":{"self":[{"href":"https:\/\/www.pkcell.com\/pt\/wp-json\/wp\/v2\/product\/1391","targetHints":{"allow":["GET"]}}],"collection":[{"href":"https:\/\/www.pkcell.com\/pt\/wp-json\/wp\/v2\/product"}],"about":[{"href":"https:\/\/www.pkcell.com\/pt\/wp-json\/wp\/v2\/types\/product"}],"wp:featuredmedia":[{"embeddable":true,"href":"https:\/\/www.pkcell.com\/pt\/wp-json\/wp\/v2\/media\/2169"}],"wp:attachment":[{"href":"https:\/\/www.pkcell.com\/pt\/wp-json\/wp\/v2\/media?parent=1391"}],"wp:term":[{"taxonomy":"product-category","embeddable":true,"href":"https:\/\/www.pkcell.com\/pt\/wp-json\/wp\/v2\/product-category?post=1391"},{"taxonomy":"product-size","embeddable":true,"href":"https:\/\/www.pkcell.com\/pt\/wp-json\/wp\/v2\/product-size?post=1391"},{"taxonomy":"retail-country","embeddable":true,"href":"https:\/\/www.pkcell.com\/pt\/wp-json\/wp\/v2\/retail-country?post=1391"}],"curies":[{"name":"wp","href":"https:\/\/api.w.org\/{rel}","templated":true}]}}